{"id":2605,"date":"2023-05-26T12:53:44","date_gmt":"2023-05-26T15:53:44","guid":{"rendered":"https:\/\/www.ufsm.br\/cursos\/graduacao\/cachoeira-do-sul\/engenharia-eletrica\/?page_id=2605"},"modified":"2023-05-26T12:53:45","modified_gmt":"2023-05-26T15:53:45","slug":"ajuste-de-matricula","status":"publish","type":"page","link":"https:\/\/www.ufsm.br\/cursos\/graduacao\/cachoeira-do-sul\/engenharia-eletrica\/ajuste-de-matricula","title":{"rendered":"Ajuste de Matr\u00edcula"},"content":{"rendered":"\n<p>H\u00e1 dois tipos de ajustes de matr\u00edcula na UFSM: virtual, pelo <a href=\"https:\/\/portal.ufsm.br\/aluno\/\">Portal do Aluno<\/a>, e presencial, na coordena\u00e7\u00e3o do curso. As possibilidades de ajuste s\u00e3o: exclus\u00e3o de disciplina solicitada, inclus\u00e3o de disciplina e trancamento parcial. Para ambas as a\u00e7\u00f5es de ajuste, existe prazo estabelecido no <a href=\"https:\/\/www.ufsm.br\/calendario\">Calend\u00e1rio Acad\u00eamico<\/a> vigente, o qual deve ser consultado e seguido rigorosamente.<\/p>\n\n\n\n<p><strong><a href=\"https:\/\/www.ufsm.br\/app\/uploads\/sites\/342\/2019\/06\/Guia_UFSM_2019_Finalizado_9MB-1.pdf\">Guia acad\u00eamico da UFSM<\/a><\/strong>\u00a0\u2013 P\u00e1gina 40 \u2013 item 5.9.<\/p>\n","protected":false},"excerpt":{"rendered":"<p>H\u00e1 dois tipos de ajustes de matr\u00edcula na UFSM: virtual, pelo Portal do Aluno, e presencial, na coordena\u00e7\u00e3o do curso. As possibilidades de ajuste s\u00e3o: exclus\u00e3o de disciplina solicitada, inclus\u00e3o de disciplina e trancamento parcial. Para ambas as a\u00e7\u00f5es de ajuste, existe prazo estabelecido no Calend\u00e1rio Acad\u00eamico vigente, o qual deve ser consultado e seguido [&hellip;]<\/p>\n","protected":false},"author":407,"featured_media":0,"parent":0,"menu_order":0,"comment_status":"closed","ping_status":"closed","template":"","meta":{"footnotes":""},"categories":[],"tags":[],"class_list":["post-2605","page","type-page","status-publish","hentry"],"acf":[],"_links":{"self":[{"href":"https:\/\/www.ufsm.br\/cursos\/graduacao\/cachoeira-do-sul\/engenharia-eletrica\/wp-json\/wp\/v2\/pages\/2605","targetHints":{"allow":["GET"]}}],"collection":[{"href":"https:\/\/www.ufsm.br\/cursos\/graduacao\/cachoeira-do-sul\/engenharia-eletrica\/wp-json\/wp\/v2\/pages"}],"about":[{"href":"https:\/\/www.ufsm.br\/cursos\/graduacao\/cachoeira-do-sul\/engenharia-eletrica\/wp-json\/wp\/v2\/types\/page"}],"author":[{"embeddable":true,"href":"https:\/\/www.ufsm.br\/cursos\/graduacao\/cachoeira-do-sul\/engenharia-eletrica\/wp-json\/wp\/v2\/users\/407"}],"replies":[{"embeddable":true,"href":"https:\/\/www.ufsm.br\/cursos\/graduacao\/cachoeira-do-sul\/engenharia-eletrica\/wp-json\/wp\/v2\/comments?post=2605"}],"version-history":[{"count":0,"href":"https:\/\/www.ufsm.br\/cursos\/graduacao\/cachoeira-do-sul\/engenharia-eletrica\/wp-json\/wp\/v2\/pages\/2605\/revisions"}],"wp:attachment":[{"href":"https:\/\/www.ufsm.br\/cursos\/graduacao\/cachoeira-do-sul\/engenharia-eletrica\/wp-json\/wp\/v2\/media?parent=2605"}],"wp:term":[{"taxonomy":"category","embeddable":true,"href":"https:\/\/www.ufsm.br\/cursos\/graduacao\/cachoeira-do-sul\/engenharia-eletrica\/wp-json\/wp\/v2\/categories?post=2605"},{"taxonomy":"post_tag","embeddable":true,"href":"https:\/\/www.ufsm.br\/cursos\/graduacao\/cachoeira-do-sul\/engenharia-eletrica\/wp-json\/wp\/v2\/tags?post=2605"}],"curies":[{"name":"wp","href":"https:\/\/api.w.org\/{rel}","templated":true}]}}