{"id":198,"date":"2019-04-08T17:23:34","date_gmt":"2019-04-08T20:23:34","guid":{"rendered":"https:\/\/www.ufsm.br\/cursos\/graduacao\/educacao-a-distancia\/computacao\/?page_id=198"},"modified":"2023-04-26T10:45:28","modified_gmt":"2023-04-26T13:45:28","slug":"polos-presenciais","status":"publish","type":"page","link":"https:\/\/www.ufsm.br\/cursos\/graduacao\/educacao-a-distancia\/computacao\/polos-presenciais","title":{"rendered":"Polos Presenciais"},"content":{"rendered":"\n<p>O <a href=\"http:\/\/www.capes.gov.br\/uab\/polos-uab\" target=\"_blank\" rel=\"noopener noreferrer\">Polo Presencial UAB<\/a> \u00e9 uma estrutura acad\u00eamica de apoio pedag\u00f3gico, tecnol\u00f3gico e administrativo para as atividades de ensino e aprendizagem dos cursos e programas de Educa\u00e7\u00e3o a Dist\u00e2ncia &#8211; EaD.\u00a0<\/p>\n<p>O curso de<strong> Licenciatura em Computa\u00e7\u00e3o <\/strong>atualmente ocorre nos seguintes polos:<\/p>\n<ul>\n<li>Cachoeira do Sul<\/li>\n<li>Constantina<\/li>\n<li>Jacuizinho<\/li>\n<li>Tio Hugo<\/li>\n<li>Tr\u00eas de Maio<\/li>\n<\/ul>\n","protected":false},"excerpt":{"rendered":"<p>O Polo Presencial UAB \u00e9 uma estrutura acad\u00eamica de apoio pedag\u00f3gico, tecnol\u00f3gico e administrativo para as atividades de ensino e aprendizagem dos cursos e programas de Educa\u00e7\u00e3o a Dist\u00e2ncia &#8211; EaD.\u00a0 O curso de Licenciatura em Computa\u00e7\u00e3o atualmente ocorre nos seguintes polos: Cachoeira do Sul Constantina Jacuizinho Tio Hugo Tr\u00eas de Maio<\/p>\n","protected":false},"author":262,"featured_media":0,"parent":0,"menu_order":0,"comment_status":"closed","ping_status":"closed","template":"","meta":{"footnotes":""},"categories":[],"tags":[],"class_list":["post-198","page","type-page","status-publish","hentry"],"acf":[],"_links":{"self":[{"href":"https:\/\/www.ufsm.br\/cursos\/graduacao\/educacao-a-distancia\/computacao\/wp-json\/wp\/v2\/pages\/198","targetHints":{"allow":["GET"]}}],"collection":[{"href":"https:\/\/www.ufsm.br\/cursos\/graduacao\/educacao-a-distancia\/computacao\/wp-json\/wp\/v2\/pages"}],"about":[{"href":"https:\/\/www.ufsm.br\/cursos\/graduacao\/educacao-a-distancia\/computacao\/wp-json\/wp\/v2\/types\/page"}],"author":[{"embeddable":true,"href":"https:\/\/www.ufsm.br\/cursos\/graduacao\/educacao-a-distancia\/computacao\/wp-json\/wp\/v2\/users\/262"}],"replies":[{"embeddable":true,"href":"https:\/\/www.ufsm.br\/cursos\/graduacao\/educacao-a-distancia\/computacao\/wp-json\/wp\/v2\/comments?post=198"}],"version-history":[{"count":0,"href":"https:\/\/www.ufsm.br\/cursos\/graduacao\/educacao-a-distancia\/computacao\/wp-json\/wp\/v2\/pages\/198\/revisions"}],"wp:attachment":[{"href":"https:\/\/www.ufsm.br\/cursos\/graduacao\/educacao-a-distancia\/computacao\/wp-json\/wp\/v2\/media?parent=198"}],"wp:term":[{"taxonomy":"category","embeddable":true,"href":"https:\/\/www.ufsm.br\/cursos\/graduacao\/educacao-a-distancia\/computacao\/wp-json\/wp\/v2\/categories?post=198"},{"taxonomy":"post_tag","embeddable":true,"href":"https:\/\/www.ufsm.br\/cursos\/graduacao\/educacao-a-distancia\/computacao\/wp-json\/wp\/v2\/tags?post=198"}],"curies":[{"name":"wp","href":"https:\/\/api.w.org\/{rel}","templated":true}]}}