{"id":214,"date":"2019-04-09T10:57:31","date_gmt":"2019-04-09T13:57:31","guid":{"rendered":"https:\/\/www.ufsm.br\/cursos\/graduacao\/educacao-a-distancia\/computacao\/?page_id=214"},"modified":"2023-04-26T10:42:23","modified_gmt":"2023-04-26T13:42:23","slug":"contatos","status":"publish","type":"page","link":"https:\/\/www.ufsm.br\/cursos\/graduacao\/educacao-a-distancia\/computacao\/contatos","title":{"rendered":"Contatos"},"content":{"rendered":"\t\t<div data-elementor-type=\"wp-post\" data-elementor-id=\"214\" class=\"elementor elementor-214\">\n\t\t\t\t\t\t<section class=\"elementor-section elementor-top-section elementor-element elementor-element-14c3cce2 elementor-section-boxed elementor-section-height-default elementor-section-height-default\" data-id=\"14c3cce2\" data-element_type=\"section\">\n\t\t\t\t\t\t<div class=\"elementor-container elementor-column-gap-default\">\n\t\t\t\t\t<div class=\"elementor-column elementor-col-100 elementor-top-column elementor-element elementor-element-704fdcfc\" data-id=\"704fdcfc\" data-element_type=\"column\">\n\t\t\t<div class=\"elementor-widget-wrap elementor-element-populated\">\n\t\t\t\t\t\t<div class=\"elementor-element elementor-element-7b091950 elementor-widget elementor-widget-text-editor\" data-id=\"7b091950\" data-element_type=\"widget\" data-widget_type=\"text-editor.default\">\n\t\t\t\t<div class=\"elementor-widget-container\">\n\t\t\t\t\t\t\t<p><!-- wp:tadv\/classic-paragraph --><\/p>\n<table style=\"border-collapse: collapse;width: 99.8236%;height: 403px\" border=\"1\">\n<tbody>\n<tr style=\"height: 24px\">\n<td style=\"width: 21.164%;height: 24px;text-align: center\"><b>Local<\/b><\/td>\n<td style=\"width: 23.6644%;height: 24px;text-align: center\"><strong>Telefone<\/strong><\/td>\n<td style=\"width: 22.3162%;height: 24px;text-align: center\"><strong>E-mail<\/strong><\/td>\n<td style=\"width: 32.679%;height: 24px;text-align: center\"><strong>Endere\u00e7o<\/strong><\/td>\n<\/tr>\n<tr style=\"height: 72px\">\n<td style=\"width: 21.164%;height: 72px;text-align: center\"><strong>Coordena\u00e7\u00e3o do Curso<\/strong><\/td>\n<td style=\"width: 23.6644%;height: 72px;text-align: center\"><span style=\"text-align: left\">(55) 3744&nbsp;0690<\/span>&nbsp;<\/td>\n<td style=\"width: 22.3162%;height: 72px;text-align: center\"><a style=\"background-color: #ffffff;text-align: left\" href=\"mailto:sidneirenato.silveira@gmail.com\">sidneirenato.silveira@gmail.com<\/a><\/td>\n<td style=\"width: 32.679%;height: 72px;text-align: center\">\n<p>Sala 80 &#8211; Bloco 6 &#8211; UFSM &#8211; Campus Frederico Westphalen\/RS<\/p>\n<\/td>\n<\/tr>\n<tr style=\"height: 72px\">\n<td style=\"width: 21.164%;height: 72px;text-align: center\">Polo de Cachoeira do Sul<\/td>\n<td style=\"width: 23.6644%;height: 72px;text-align: center\"><a style=\"color: #1a0dab;font-family: arial, sans-serif;font-size: 14px;text-align: left\" href=\"https:\/\/www.google.com\/search?q=polo+uab+cachoeira+do+sul&amp;rlz=1C1RUCY_pt-BRBR803BR803&amp;oq=polo+uab+cachoeira+do+sul&amp;aqs=chrome.0.0i355i512j46i175i199i512.4427j0j4&amp;sourceid=chrome&amp;ie=UTF-8#\" data-dtype=\"d3ph\" data-local-attribute=\"d3ph\" data-ved=\"2ahUKEwiH-9C61cf-AhU4qJUCHacbBpsQkAgoAHoECEcQAw\">(51) 3724-6007<\/a><\/td>\n<td style=\"width: 22.3162%;height: 72px;text-align: center\">\n<div>\n<div>uabcachoeira@gmail.com<\/div>\n<\/div>\n<\/td>\n<td style=\"width: 32.679%;height: 72px;text-align: center\"><span style=\"color: #202124;font-family: arial, sans-serif;font-size: 14px;text-align: left\">Av. J\u00falio de Castilhos, 342 &#8211; 2\u00ba piso &#8211; Centro, Cachoeira do Sul &#8211; RS<\/span><\/td>\n<\/tr>\n<tr style=\"height: 72px\">\n<td style=\"width: 21.164%;height: 72px;text-align: center\">Polo de Constantina<\/td>\n<td style=\"width: 23.6644%;height: 72px;text-align: center\">&nbsp;(54) 3363-8100<\/td>\n<td style=\"width: 22.3162%;height: 72px;text-align: center\">\n<div>\n<div>polouab.constantina@gmail.com<\/div>\n<\/div>\n<\/td>\n<td style=\"width: 32.679%;height: 72px;text-align: center\">Av. Jo\u00e3o Mafessoni, n\u00b0 483 Centro Constantina \u2013 RS<br><\/td>\n<\/tr>\n<tr style=\"height: 144px\">\n<td style=\"width: 21.164%;height: 67px;text-align: center\">Polo de Jacuizinho<\/td>\n<td style=\"width: 23.6644%;height: 67px;text-align: center\"><a data-dtype=\"d3ph\" data-local-attribute=\"d3ph\" href=\"https:\/\/www.google.com\/search?q=polo+uab+jacuizinho&amp;rlz=1C1RUCY_pt-BRBR803BR803&amp;oq=polo+uab+jacuizinho&amp;aqs=chrome..69i57j0i512.4988j0j4&amp;sourceid=chrome&amp;ie=UTF-8#\" data-ved=\"2ahUKEwim-IiC1sf-AhW7pZUCHZ8-ByEQkAgoAHoECDYQAw\" style=\"font-family: arial, sans-serif;font-size: 14px;text-align: left\">(55) 3629-1085<\/a>&nbsp;<\/td>\n<td style=\"width: 22.3162%;height: 67px;text-align: center\">\n<div>\n<div>&nbsp;<\/div>\n<\/div>\n<div>jacuizinho.08polo@gmail.com<\/div>\n<\/td>\n<td style=\"width: 32.679%;height: 67px;text-align: center\"><span style=\"font-family: arial, sans-serif;font-size: 14px;text-align: left\">Rua Romeu Tatsch &#8211; Centro, Jacuizinho &#8211; RS<\/span>&nbsp;<\/td>\n<\/tr>\n<tr style=\"height: 48px\">\n<td style=\"width: 21.164%;text-align: center;height: 48px\">Polo de Tio Hugo<\/td>\n<td style=\"width: 23.6644%;text-align: center;height: 48px\"><a data-dtype=\"d3ph\" data-local-attribute=\"d3ph\" href=\"https:\/\/www.google.com\/search?q=polo+uab+tio+hugo&amp;rlz=1C1RUCY_pt-BRBR803BR803&amp;sxsrf=APwXEdcZzP2h8m6_NGfql1w8PfPt5PSQnA%3A1682516398461&amp;ei=rilJZKbpG7vL1sQPn_2ciAI&amp;ved=0ahUKEwim-IiC1sf-AhW7pZUCHZ8-ByEQ4dUDCA8&amp;uact=5&amp;oq=polo+uab+tio+hugo&amp;gs_lcp=Cgxnd3Mtd2l6LXNlcnAQAzIGCAAQFhAeOggIABCABBCwAzoECCMQJzoFCAAQgAQ6CwguEIAEEMcBEK8BOgsILhCvARDHARCABDoWCC4QgAQQxwEQrwEQ3AQQ3gQQ4AQYAUoECEEYAVDkA1iHKGDnK2gBcAB4AIAByAGIAaEUkgEGMC4xNi4ymAEAoAEByAEBwAEB2gEGCAEQARgU&amp;sclient=gws-wiz-serp#\" data-ved=\"2ahUKEwjR6oyV1sf-AhWMrJUCHdlgDswQkAgoAHoECDgQAw\" style=\"font-family: arial, sans-serif;font-size: 14px;text-align: left\">(54) 3338-9254<\/a>&nbsp;<\/td>\n<td style=\"width: 22.3162%;text-align: center;height: 48px\">\n<div>\n<div>polouabth@hotmail.com&nbsp;<\/div>\n<\/div>\n<\/td>\n<td style=\"width: 32.679%;text-align: center;height: 48px\"><span style=\"font-family: arial, sans-serif;font-size: 14px;text-align: left\">Rua Louren\u00e7o Gaspar da Silva, Tio Hugo &#8211; RS<\/span><br><\/td>\n<\/tr>\n<tr style=\"height: 48px\">\n<td style=\"width: 21.164%;text-align: center;height: 48px\">Polo de Tr\u00eas de Maio<\/td>\n<td style=\"width: 23.6644%;text-align: center;height: 48px\"><span style=\"color: #2c3e50;font-family: 'Helvetica Neue', Helvetica, Arial, sans-serif;font-size: 14px;text-align: start\">(55) 35358877<\/span><\/td>\n<td style=\"width: 22.3162%;text-align: center;height: 48px\">\n<div>\n<div><span style=\"color: #2c3e50;font-family: 'Helvetica Neue', Helvetica, Arial, sans-serif;font-size: 14px;text-align: start\">polouabtresdemaio@gmail.com<\/span><\/div>\n<\/div>\n<div>&nbsp;<\/div>\n<\/td>\n<td style=\"width: 32.679%;text-align: center;height: 48px\"><span style=\"color: #2c3e50;font-family: 'Helvetica Neue', Helvetica, Arial, sans-serif;font-size: 14px;text-align: start\">Av. Ava\u00ed, esquina com a Rua Osvaldo Cruz<\/span><br style=\"color: #2c3e50;font-family: 'Helvetica Neue', Helvetica, Arial, sans-serif;font-size: 14px;text-align: start\"><span style=\"color: #2c3e50;font-family: 'Helvetica Neue', Helvetica, Arial, sans-serif;font-size: 14px;text-align: start\">Centro<\/span><br style=\"color: #2c3e50;font-family: 'Helvetica Neue', Helvetica, Arial, sans-serif;font-size: 14px;text-align: start\"><span style=\"color: #2c3e50;font-family: 'Helvetica Neue', Helvetica, Arial, sans-serif;font-size: 14px;text-align: start\">Tr\u00eas de Maio &#8211; RS<\/span>&nbsp;<\/td>\n<\/tr>\n<\/tbody>\n<\/table>\n<p><!-- \/wp:tadv\/classic-paragraph --><\/p>\t\t\t\t\t\t<\/div>\n\t\t\t\t<\/div>\n\t\t\t\t\t<\/div>\n\t\t<\/div>\n\t\t\t\t\t<\/div>\n\t\t<\/section>\n\t\t\t\t<\/div>\n\t\t","protected":false},"excerpt":{"rendered":"<p>Local Telefone E-mail Endere\u00e7o Coordena\u00e7\u00e3o do Curso (55) 3744&nbsp;0690&nbsp; sidneirenato.silveira@gmail.com Sala 80 &#8211; Bloco 6 &#8211; UFSM &#8211; Campus Frederico Westphalen\/RS Polo de Cachoeira do Sul (51) 3724-6007 uabcachoeira@gmail.com Av. J\u00falio de Castilhos, 342 &#8211; 2\u00ba piso &#8211; Centro, Cachoeira do Sul &#8211; RS Polo de Constantina &nbsp;(54) 3363-8100 polouab.constantina@gmail.com Av. Jo\u00e3o Mafessoni, n\u00b0 483 [&hellip;]<\/p>\n","protected":false},"author":262,"featured_media":0,"parent":0,"menu_order":0,"comment_status":"closed","ping_status":"closed","template":"","meta":{"footnotes":""},"categories":[],"tags":[],"class_list":["post-214","page","type-page","status-publish","hentry"],"acf":[],"_links":{"self":[{"href":"https:\/\/www.ufsm.br\/cursos\/graduacao\/educacao-a-distancia\/computacao\/wp-json\/wp\/v2\/pages\/214","targetHints":{"allow":["GET"]}}],"collection":[{"href":"https:\/\/www.ufsm.br\/cursos\/graduacao\/educacao-a-distancia\/computacao\/wp-json\/wp\/v2\/pages"}],"about":[{"href":"https:\/\/www.ufsm.br\/cursos\/graduacao\/educacao-a-distancia\/computacao\/wp-json\/wp\/v2\/types\/page"}],"author":[{"embeddable":true,"href":"https:\/\/www.ufsm.br\/cursos\/graduacao\/educacao-a-distancia\/computacao\/wp-json\/wp\/v2\/users\/262"}],"replies":[{"embeddable":true,"href":"https:\/\/www.ufsm.br\/cursos\/graduacao\/educacao-a-distancia\/computacao\/wp-json\/wp\/v2\/comments?post=214"}],"version-history":[{"count":0,"href":"https:\/\/www.ufsm.br\/cursos\/graduacao\/educacao-a-distancia\/computacao\/wp-json\/wp\/v2\/pages\/214\/revisions"}],"wp:attachment":[{"href":"https:\/\/www.ufsm.br\/cursos\/graduacao\/educacao-a-distancia\/computacao\/wp-json\/wp\/v2\/media?parent=214"}],"wp:term":[{"taxonomy":"category","embeddable":true,"href":"https:\/\/www.ufsm.br\/cursos\/graduacao\/educacao-a-distancia\/computacao\/wp-json\/wp\/v2\/categories?post=214"},{"taxonomy":"post_tag","embeddable":true,"href":"https:\/\/www.ufsm.br\/cursos\/graduacao\/educacao-a-distancia\/computacao\/wp-json\/wp\/v2\/tags?post=214"}],"curies":[{"name":"wp","href":"https:\/\/api.w.org\/{rel}","templated":true}]}}