{"id":185,"date":"2019-04-08T16:15:57","date_gmt":"2019-04-08T19:15:57","guid":{"rendered":"https:\/\/www.ufsm.br\/cursos\/graduacao\/educacao-a-distancia\/geografia\/?page_id=185"},"modified":"2022-09-15T11:37:59","modified_gmt":"2022-09-15T14:37:59","slug":"coordenacao-do-curso","status":"publish","type":"page","link":"https:\/\/www.ufsm.br\/cursos\/graduacao\/educacao-a-distancia\/geografia\/coordenacao-do-curso","title":{"rendered":"Coordena\u00e7\u00e3o do Curso"},"content":{"rendered":"\n<p>O<strong> Dr. Valmir Viera<\/strong> \u00e9 o coordenador do curso.<\/p>\n<p>A secretaria do curso est\u00e1 localizada na sala 211B, do Pr\u00e9dio 74 do Campus Sede da UFSM, em Santa Maria, RS.<\/p>\n<p>CONTATO: <br \/>Telefone: (55) 3220 8273 &#8211; R &#8211; 251<br \/>E-mail: <span id=\"cloak9705\"><a href=\"mailto:geoufsmuab@gmail.com\">geoufsmuab@gmail.com<\/a><\/span><\/p>\n","protected":false},"excerpt":{"rendered":"<p>O Dr. Valmir Viera \u00e9 o coordenador do curso. A secretaria do curso est\u00e1 localizada na sala 211B, do Pr\u00e9dio 74 do Campus Sede da UFSM, em Santa Maria, RS. CONTATO: Telefone: (55) 3220 8273 &#8211; R &#8211; 251E-mail: geoufsmuab@gmail.com<\/p>\n","protected":false},"author":262,"featured_media":0,"parent":0,"menu_order":0,"comment_status":"closed","ping_status":"closed","template":"","meta":{"footnotes":""},"categories":[],"tags":[],"class_list":["post-185","page","type-page","status-publish","hentry"],"acf":[],"_links":{"self":[{"href":"https:\/\/www.ufsm.br\/cursos\/graduacao\/educacao-a-distancia\/geografia\/wp-json\/wp\/v2\/pages\/185","targetHints":{"allow":["GET"]}}],"collection":[{"href":"https:\/\/www.ufsm.br\/cursos\/graduacao\/educacao-a-distancia\/geografia\/wp-json\/wp\/v2\/pages"}],"about":[{"href":"https:\/\/www.ufsm.br\/cursos\/graduacao\/educacao-a-distancia\/geografia\/wp-json\/wp\/v2\/types\/page"}],"author":[{"embeddable":true,"href":"https:\/\/www.ufsm.br\/cursos\/graduacao\/educacao-a-distancia\/geografia\/wp-json\/wp\/v2\/users\/262"}],"replies":[{"embeddable":true,"href":"https:\/\/www.ufsm.br\/cursos\/graduacao\/educacao-a-distancia\/geografia\/wp-json\/wp\/v2\/comments?post=185"}],"version-history":[{"count":0,"href":"https:\/\/www.ufsm.br\/cursos\/graduacao\/educacao-a-distancia\/geografia\/wp-json\/wp\/v2\/pages\/185\/revisions"}],"wp:attachment":[{"href":"https:\/\/www.ufsm.br\/cursos\/graduacao\/educacao-a-distancia\/geografia\/wp-json\/wp\/v2\/media?parent=185"}],"wp:term":[{"taxonomy":"category","embeddable":true,"href":"https:\/\/www.ufsm.br\/cursos\/graduacao\/educacao-a-distancia\/geografia\/wp-json\/wp\/v2\/categories?post=185"},{"taxonomy":"post_tag","embeddable":true,"href":"https:\/\/www.ufsm.br\/cursos\/graduacao\/educacao-a-distancia\/geografia\/wp-json\/wp\/v2\/tags?post=185"}],"curies":[{"name":"wp","href":"https:\/\/api.w.org\/{rel}","templated":true}]}}