{"id":191,"date":"2019-04-08T16:36:44","date_gmt":"2019-04-08T19:36:44","guid":{"rendered":"https:\/\/www.ufsm.br\/cursos\/graduacao\/educacao-a-distancia\/geografia\/?page_id=191"},"modified":"2023-05-22T10:20:19","modified_gmt":"2023-05-22T13:20:19","slug":"tutores-a-distancia","status":"publish","type":"page","link":"https:\/\/www.ufsm.br\/cursos\/graduacao\/educacao-a-distancia\/geografia\/tutores-a-distancia","title":{"rendered":"Tutores a Dist\u00e2ncia"},"content":{"rendered":"\t\t<div data-elementor-type=\"wp-post\" data-elementor-id=\"191\" class=\"elementor elementor-191\">\n\t\t\t\t\t\t<section class=\"elementor-section elementor-top-section elementor-element elementor-element-40a88e75 elementor-section-boxed elementor-section-height-default elementor-section-height-default\" data-id=\"40a88e75\" data-element_type=\"section\">\n\t\t\t\t\t\t<div class=\"elementor-container elementor-column-gap-default\">\n\t\t\t\t\t<div class=\"elementor-column elementor-col-100 elementor-top-column elementor-element elementor-element-2befc8b2\" data-id=\"2befc8b2\" data-element_type=\"column\">\n\t\t\t<div class=\"elementor-widget-wrap elementor-element-populated\">\n\t\t\t\t\t\t<div class=\"elementor-element elementor-element-350a71fb elementor-widget elementor-widget-text-editor\" data-id=\"350a71fb\" data-element_type=\"widget\" data-widget_type=\"text-editor.default\">\n\t\t\t\t<div class=\"elementor-widget-container\">\n\t\t\t\t\t\t\t<p><!-- wp:tadv\/classic-paragraph --><\/p>\n<p>Os tutores a dist\u00e2ncia s\u00e3o respons\u00e1veis pelo <strong>aux\u00edlio a dist\u00e2ncia<\/strong> dos alunos de determinada(s) disciplina(s) do curso.<\/p>\n<p>As principais atividades dos tutores a dist\u00e2ncia s\u00e3o:<\/p>\n<ol>\n<li>Mediar a comunica\u00e7\u00e3o de conte\u00fados entre o professor e o cursistas;<\/li>\n<li>Acompanhar as atividades discentes;<\/li>\n<li>Apoiar o professor da disciplina na cria\u00e7\u00e3o das atividades;<\/li>\n<li>Estabelecer contato com os alunos e mediar as atividades discentes;<\/li>\n<li>Colaborar com a coordena\u00e7\u00e3o do curso na avalia\u00e7\u00e3o dos estudantes;<\/li>\n<li>Participar das atividades de capacita\u00e7\u00e3o e atualiza\u00e7\u00e3o promovidas pela Institui\u00e7\u00e3o de Ensino;<\/li>\n<li>Elaborar relat\u00f3rios mensais de acompanhamento dos alunos;<\/li>\n<li>Participar do processo de avalia\u00e7\u00e3o da disciplina;<\/li>\n<li>Acessar o Ambiente Virtual de Aprendizagem e dar retorno \u00e0s solicita\u00e7\u00f5es dos cursistas;<\/li>\n<li>Apoiar as atividades presenciais e aplica\u00e7\u00f5es de avalia\u00e7\u00f5es.<\/li>\n<\/ol>\n<h6><strong>Lista de Tutores a Dist\u00e2ncia:<\/strong><\/h6>\n<ul>\n<li>D\u00e9bora Baratto<\/li><li>Ediane Viera<\/li><li>Janete Reis<\/li>\n<\/ul>\n<p><!-- \/wp:tadv\/classic-paragraph --><\/p>\t\t\t\t\t\t<\/div>\n\t\t\t\t<\/div>\n\t\t\t\t\t<\/div>\n\t\t<\/div>\n\t\t\t\t\t<\/div>\n\t\t<\/section>\n\t\t\t\t<\/div>\n\t\t","protected":false},"excerpt":{"rendered":"<p>Os tutores a dist\u00e2ncia s\u00e3o respons\u00e1veis pelo aux\u00edlio a dist\u00e2ncia dos alunos de determinada(s) disciplina(s) do curso. As principais atividades dos tutores a dist\u00e2ncia s\u00e3o: Mediar a comunica\u00e7\u00e3o de conte\u00fados entre o professor e o cursistas; Acompanhar as atividades discentes; Apoiar o professor da disciplina na cria\u00e7\u00e3o das atividades; Estabelecer contato com os alunos e [&hellip;]<\/p>\n","protected":false},"author":262,"featured_media":0,"parent":0,"menu_order":0,"comment_status":"closed","ping_status":"closed","template":"","meta":{"footnotes":""},"categories":[],"tags":[],"class_list":["post-191","page","type-page","status-publish","hentry"],"acf":[],"_links":{"self":[{"href":"https:\/\/www.ufsm.br\/cursos\/graduacao\/educacao-a-distancia\/geografia\/wp-json\/wp\/v2\/pages\/191","targetHints":{"allow":["GET"]}}],"collection":[{"href":"https:\/\/www.ufsm.br\/cursos\/graduacao\/educacao-a-distancia\/geografia\/wp-json\/wp\/v2\/pages"}],"about":[{"href":"https:\/\/www.ufsm.br\/cursos\/graduacao\/educacao-a-distancia\/geografia\/wp-json\/wp\/v2\/types\/page"}],"author":[{"embeddable":true,"href":"https:\/\/www.ufsm.br\/cursos\/graduacao\/educacao-a-distancia\/geografia\/wp-json\/wp\/v2\/users\/262"}],"replies":[{"embeddable":true,"href":"https:\/\/www.ufsm.br\/cursos\/graduacao\/educacao-a-distancia\/geografia\/wp-json\/wp\/v2\/comments?post=191"}],"version-history":[{"count":0,"href":"https:\/\/www.ufsm.br\/cursos\/graduacao\/educacao-a-distancia\/geografia\/wp-json\/wp\/v2\/pages\/191\/revisions"}],"wp:attachment":[{"href":"https:\/\/www.ufsm.br\/cursos\/graduacao\/educacao-a-distancia\/geografia\/wp-json\/wp\/v2\/media?parent=191"}],"wp:term":[{"taxonomy":"category","embeddable":true,"href":"https:\/\/www.ufsm.br\/cursos\/graduacao\/educacao-a-distancia\/geografia\/wp-json\/wp\/v2\/categories?post=191"},{"taxonomy":"post_tag","embeddable":true,"href":"https:\/\/www.ufsm.br\/cursos\/graduacao\/educacao-a-distancia\/geografia\/wp-json\/wp\/v2\/tags?post=191"}],"curies":[{"name":"wp","href":"https:\/\/api.w.org\/{rel}","templated":true}]}}