{"id":214,"date":"2019-04-09T10:57:31","date_gmt":"2019-04-09T13:57:31","guid":{"rendered":"https:\/\/www.ufsm.br\/cursos\/graduacao\/educacao-a-distancia\/geografia\/?page_id=214"},"modified":"2022-09-15T14:32:00","modified_gmt":"2022-09-15T17:32:00","slug":"contatos","status":"publish","type":"page","link":"https:\/\/www.ufsm.br\/cursos\/graduacao\/educacao-a-distancia\/geografia\/contatos","title":{"rendered":"Contatos"},"content":{"rendered":"\n<p>\u00a0<\/p>\n<table style=\"border-collapse: collapse;width: 99.8236%;height: 595px\" border=\"1\">\n<tbody>\n<tr style=\"height: 24px\">\n<td style=\"width: 19.1074%;height: 24px;text-align: center\"><b>Local<\/b><\/td>\n<td style=\"width: 25.721%;height: 24px;text-align: center\"><strong>Telefone<\/strong><\/td>\n<td style=\"width: 22.3162%;height: 24px;text-align: center\"><strong>E-mail<\/strong><\/td>\n<td style=\"width: 32.679%;height: 24px;text-align: center\"><strong>Endere\u00e7o<\/strong><\/td>\n<\/tr>\n<tr style=\"height: 72px\">\n<td style=\"width: 19.1074%;height: 72px;text-align: center\"><strong>Coordena\u00e7\u00e3o do Curso<\/strong><\/td>\n<td style=\"width: 25.721%;height: 72px;text-align: center\">(55) 3220 8273<\/td>\n<td style=\"width: 22.3162%;height: 72px;text-align: center\"><a href=\"mailto:geoufsmuab@gmail.com\">geoufsmuab@gmail.com<\/a><br \/><br \/><\/td>\n<td style=\"width: 32.679%;height: 72px;text-align: center\">\n<p>Pr\u00e9dio 74 \u2013 sala 211B \u2013 Cidade Universit\u00e1ria<br \/>Bairro Camobi<\/p>\n<\/td>\n<\/tr>\n<tr style=\"height: 72px\">\n<td style=\"width: 19.1074%;height: 72px;text-align: center\">Polo de Cruz Alta<\/td>\n<td style=\"width: 25.721%\" width=\"261\">\n<p>(55) 3322-6541 (55) 999587666<\/p>\n<\/td>\n<td style=\"width: 22.3162%;text-align: center\" width=\"360\"><a href=\"mailto:uabpolocruzalta@gmail.com\">uabpolocruzalta@gmail.com<\/a><\/td>\n<td style=\"width: 32.679%;text-align: center\" width=\"209\">Rua Guilherme Costa, 314<\/td>\n<\/tr>\n<tr style=\"height: 72px\">\n<td style=\"width: 19.1074%;height: 72px;text-align: center\">Polo de Herval<\/td>\n<td style=\"width: 25.721%\" width=\"261\">\n<p>(53) 32672900 r. 02\u00a0(53) 999048191<\/p>\n<\/td>\n<td style=\"width: 22.3162%\" width=\"360\">\n<p style=\"text-align: center\"><a href=\"mailto:polouabherval@gmail.com\">polouabherval@gmail.com\u00a0\u00a0\u00a0<\/a><\/p>\n<p><a href=\"mailto:polouabherval@gmail.com\"> valderespinto@gmeil.com<\/a><\/p>\n<\/td>\n<td style=\"width: 32.679%\" width=\"576\">Rua Jos\u00e9 Maria Davila, 336 &#8211; Centro, Herval\/RS<\/td>\n<\/tr>\n<tr style=\"height: 144px\">\n<td style=\"width: 19.1074%;height: 67px;text-align: center\">Polo de Jacuizinho<\/td>\n<td style=\"width: 25.721%\" width=\"261\">\n<p>(55) 36291085\u00a0\u00a0(55) 997074753<\/p>\n<\/td>\n<td style=\"width: 22.3162%;text-align: center\" width=\"360\"><a href=\"mailto:jacuizinho.08polo@gmail.com\">jacuizinho.08polo@gmail.com<\/a><\/td>\n<td style=\"width: 32.679%;text-align: center\" width=\"576\">\n<p>Rua Nelsinho Muratt, Travessa CIEP, n\u00ba 64, Centro, Jacuizinho. CEP 99457-000<\/p>\n<\/td>\n<\/tr>\n<tr>\n<td style=\"width: 19.1074%;text-align: center\">Polo de Ros\u00e1rio do Sul<\/td>\n<td style=\"width: 25.721%\" width=\"261\">(55) 32317364\u00a0 \u00a0(55) 999195534<\/td>\n<td style=\"width: 22.3162%;text-align: center\" width=\"360\"><a href=\"mailto:uabrosario@gmail.com\">uabrosario@gmail.com<\/a><\/td>\n<td style=\"width: 32.679%\" width=\"576\">Av. Rafael Gon\u00e7alves, 1113 A, Bairro Centen\u00e1rio.<\/td>\n<\/tr>\n<tr>\n<td style=\"width: 19.1074%;text-align: center\">Polo Sarandi<\/td>\n<td style=\"width: 25.721%\" width=\"261\">(54) 33611938\u00a0 (54) 991269116<\/td>\n<td style=\"width: 22.3162%;text-align: center\" width=\"360\"><a href=\"mailto:puuabs@gmail.com\">puuabs@gmail.com\u00a0\u00a0\u00a0\u00a0 elisabetedalpiva4@gmail.com<\/a><\/td>\n<td style=\"width: 32.679%\" width=\"576\">Av. Santa Gema &#8211; S\/N &#8211; Sarandi &#8211; RS<\/td>\n<\/tr>\n<tr>\n<td style=\"width: 19.1074%;text-align: center\">Polo Santo Ant\u00f4nio da Patrulha<\/td>\n<td style=\"width: 25.721%\" width=\"261\">(51) 36627214\u00a0 (51) 996456749<\/td>\n<td style=\"width: 22.3162%;text-align: center\" width=\"360\"><a href=\"mailto:polosap@polosap.com.br\">polosap@polosap.com.br<\/a><\/td>\n<td style=\"width: 32.679%;text-align: center\" width=\"576\">Rua Bar\u00e3o Ca\u00ed, 125 &#8211; Cidade Alta, Santo Ant\u00f4nio da Patrulha &#8211; RS.<\/td>\n<\/tr>\n<\/tbody>\n<\/table>\n<p>\u00a0<\/p>\n","protected":false},"excerpt":{"rendered":"<p>\u00a0 Local Telefone E-mail Endere\u00e7o Coordena\u00e7\u00e3o do Curso (55) 3220 8273 geoufsmuab@gmail.com Pr\u00e9dio 74 \u2013 sala 211B \u2013 Cidade Universit\u00e1riaBairro Camobi Polo de Cruz Alta (55) 3322-6541 (55) 999587666 uabpolocruzalta@gmail.com Rua Guilherme Costa, 314 Polo de Herval (53) 32672900 r. 02\u00a0(53) 999048191 polouabherval@gmail.com\u00a0\u00a0\u00a0 valderespinto@gmeil.com Rua Jos\u00e9 Maria Davila, 336 &#8211; Centro, Herval\/RS Polo de Jacuizinho [&hellip;]<\/p>\n","protected":false},"author":262,"featured_media":0,"parent":0,"menu_order":0,"comment_status":"closed","ping_status":"closed","template":"","meta":{"footnotes":""},"categories":[],"tags":[],"class_list":["post-214","page","type-page","status-publish","hentry"],"acf":[],"_links":{"self":[{"href":"https:\/\/www.ufsm.br\/cursos\/graduacao\/educacao-a-distancia\/geografia\/wp-json\/wp\/v2\/pages\/214","targetHints":{"allow":["GET"]}}],"collection":[{"href":"https:\/\/www.ufsm.br\/cursos\/graduacao\/educacao-a-distancia\/geografia\/wp-json\/wp\/v2\/pages"}],"about":[{"href":"https:\/\/www.ufsm.br\/cursos\/graduacao\/educacao-a-distancia\/geografia\/wp-json\/wp\/v2\/types\/page"}],"author":[{"embeddable":true,"href":"https:\/\/www.ufsm.br\/cursos\/graduacao\/educacao-a-distancia\/geografia\/wp-json\/wp\/v2\/users\/262"}],"replies":[{"embeddable":true,"href":"https:\/\/www.ufsm.br\/cursos\/graduacao\/educacao-a-distancia\/geografia\/wp-json\/wp\/v2\/comments?post=214"}],"version-history":[{"count":0,"href":"https:\/\/www.ufsm.br\/cursos\/graduacao\/educacao-a-distancia\/geografia\/wp-json\/wp\/v2\/pages\/214\/revisions"}],"wp:attachment":[{"href":"https:\/\/www.ufsm.br\/cursos\/graduacao\/educacao-a-distancia\/geografia\/wp-json\/wp\/v2\/media?parent=214"}],"wp:term":[{"taxonomy":"category","embeddable":true,"href":"https:\/\/www.ufsm.br\/cursos\/graduacao\/educacao-a-distancia\/geografia\/wp-json\/wp\/v2\/categories?post=214"},{"taxonomy":"post_tag","embeddable":true,"href":"https:\/\/www.ufsm.br\/cursos\/graduacao\/educacao-a-distancia\/geografia\/wp-json\/wp\/v2\/tags?post=214"}],"curies":[{"name":"wp","href":"https:\/\/api.w.org\/{rel}","templated":true}]}}