{"id":231,"date":"2019-04-16T14:37:56","date_gmt":"2019-04-16T17:37:56","guid":{"rendered":"https:\/\/www.ufsm.br\/cursos\/graduacao\/educacao-a-distancia\/geografia\/?page_id=231"},"modified":"2019-05-08T11:30:40","modified_gmt":"2019-05-08T14:30:40","slug":"editais-geografia","status":"publish","type":"page","link":"https:\/\/www.ufsm.br\/cursos\/graduacao\/educacao-a-distancia\/geografia\/editais-geografia","title":{"rendered":"Editais"},"content":{"rendered":"\t\t<div data-elementor-type=\"wp-post\" data-elementor-id=\"231\" class=\"elementor elementor-231\">\n\t\t\t\t\t\t<section class=\"elementor-section elementor-top-section elementor-element elementor-element-53dfbab elementor-section-boxed elementor-section-height-default elementor-section-height-default\" data-id=\"53dfbab\" data-element_type=\"section\">\n\t\t\t\t\t\t<div class=\"elementor-container elementor-column-gap-default\">\n\t\t\t\t\t<div class=\"elementor-column elementor-col-100 elementor-top-column elementor-element elementor-element-b5e0711\" data-id=\"b5e0711\" data-element_type=\"column\">\n\t\t\t<div class=\"elementor-widget-wrap elementor-element-populated\">\n\t\t\t\t\t\t<div class=\"elementor-element elementor-element-c111fc3 elementor-widget elementor-widget-wp-widget-ufsm_editais_widget\" data-id=\"c111fc3\" data-element_type=\"widget\" data-widget_type=\"wp-widget-ufsm_editais_widget.default\">\n\t\t\t\t<div class=\"elementor-widget-container\">\n\t\t\t<h2 class='titulo-conteudos'>Editais Geografia<\/h2><div class='row'>\n            <div class=\"col-lg-12 px-3 pb-3\">\n            \n                        \n            <a title=\"033\/2019 - Sele\u00e7\u00e3o de Tutor para atua\u00e7\u00e3o presencial - Licenciatura em Geografia\" href=\"https:\/\/www.ufsm.br\/pro-reitorias\/prograd\/cte\/editais\/033-2019\">\n                <span class=\"titulo-publicacao-widget\">033\/2019 - Sele\u00e7\u00e3o de Tutor para atua\u00e7\u00e3o presencial - Licenciatura em Geografia<\/span>\n                <br>\n            <\/a>\n\n                        \n                \n        <\/div>\n            <div class=\"col-lg-12 px-3 pb-3\">\n            \n                        \n            <a title=\"032\/2019 - Sele\u00e7\u00e3o de Tutor para atua\u00e7\u00e3o a dist\u00e2ncia - Licenciatura em Geografia\" href=\"https:\/\/www.ufsm.br\/pro-reitorias\/prograd\/cte\/editais\/032-2019\">\n                <span class=\"titulo-publicacao-widget\">032\/2019 - Sele\u00e7\u00e3o de Tutor para atua\u00e7\u00e3o a dist\u00e2ncia - Licenciatura em Geografia<\/span>\n                <br>\n            <\/a>\n\n                        \n                \n        <\/div>\n            <div class=\"col-lg-12 px-3 pb-3\">\n            \n                        \n            <a title=\"8\/2018 - Tutor Presencial - Geografia\" href=\"https:\/\/www.ufsm.br\/pro-reitorias\/prograd\/cte\/editais\/008-2018\">\n                <span class=\"titulo-publicacao-widget\">8\/2018 - Tutor Presencial - Geografia<\/span>\n                <br>\n            <\/a>\n\n                        \n                \n        <\/div>\n    <\/div>\n\t\t<\/div>\n\t\t\t\t<\/div>\n\t\t\t\t\t<\/div>\n\t\t<\/div>\n\t\t\t\t\t<\/div>\n\t\t<\/section>\n\t\t\t\t<\/div>\n\t\t","protected":false},"excerpt":{"rendered":"","protected":false},"author":324,"featured_media":0,"parent":0,"menu_order":0,"comment_status":"closed","ping_status":"closed","template":"","meta":{"footnotes":""},"categories":[],"tags":[],"class_list":["post-231","page","type-page","status-publish","hentry"],"acf":[],"_links":{"self":[{"href":"https:\/\/www.ufsm.br\/cursos\/graduacao\/educacao-a-distancia\/geografia\/wp-json\/wp\/v2\/pages\/231","targetHints":{"allow":["GET"]}}],"collection":[{"href":"https:\/\/www.ufsm.br\/cursos\/graduacao\/educacao-a-distancia\/geografia\/wp-json\/wp\/v2\/pages"}],"about":[{"href":"https:\/\/www.ufsm.br\/cursos\/graduacao\/educacao-a-distancia\/geografia\/wp-json\/wp\/v2\/types\/page"}],"author":[{"embeddable":true,"href":"https:\/\/www.ufsm.br\/cursos\/graduacao\/educacao-a-distancia\/geografia\/wp-json\/wp\/v2\/users\/324"}],"replies":[{"embeddable":true,"href":"https:\/\/www.ufsm.br\/cursos\/graduacao\/educacao-a-distancia\/geografia\/wp-json\/wp\/v2\/comments?post=231"}],"version-history":[{"count":0,"href":"https:\/\/www.ufsm.br\/cursos\/graduacao\/educacao-a-distancia\/geografia\/wp-json\/wp\/v2\/pages\/231\/revisions"}],"wp:attachment":[{"href":"https:\/\/www.ufsm.br\/cursos\/graduacao\/educacao-a-distancia\/geografia\/wp-json\/wp\/v2\/media?parent=231"}],"wp:term":[{"taxonomy":"category","embeddable":true,"href":"https:\/\/www.ufsm.br\/cursos\/graduacao\/educacao-a-distancia\/geografia\/wp-json\/wp\/v2\/categories?post=231"},{"taxonomy":"post_tag","embeddable":true,"href":"https:\/\/www.ufsm.br\/cursos\/graduacao\/educacao-a-distancia\/geografia\/wp-json\/wp\/v2\/tags?post=231"}],"curies":[{"name":"wp","href":"https:\/\/api.w.org\/{rel}","templated":true}]}}