{"id":237,"date":"2019-05-03T09:36:24","date_gmt":"2019-05-03T12:36:24","guid":{"rendered":"https:\/\/www.ufsm.br\/cursos\/graduacao\/educacao-a-distancia\/geografia\/?page_id=237"},"modified":"2019-05-23T10:39:33","modified_gmt":"2019-05-23T13:39:33","slug":"historia-do-curso","status":"publish","type":"page","link":"https:\/\/www.ufsm.br\/cursos\/graduacao\/educacao-a-distancia\/geografia\/historia-do-curso","title":{"rendered":"Hist\u00f3ria do Curso"},"content":{"rendered":"\n<p>Em 9 de agosto de 2005, o MEC, lan\u00e7ou o edital Pr\u00f3-licenciaturas.\u00a0O objetivo deste edital foi financiar projetos de cursos de gradua\u00e7\u00f5es a dist\u00e2ncia de licenciatura plena, para atender os professores da rede p\u00fablica estadual e municipal, que n\u00e3o possuem curso de licenciatura plena na \u00e1rea em que exercem a doc\u00eancia.<\/p>\n<p><img fetchpriority=\"high\" decoding=\"async\" class=\"wp-image-205 aligncenter\" src=\"https:\/\/www.ufsm.br\/cursos\/graduacao\/educacao-a-distancia\/geografia\/wp-content\/uploads\/sites\/632\/2019\/04\/boletim_criacao_curso_pro_licenciatura-224x300.jpg\" alt=\"\" width=\"246\" height=\"329\" srcset=\"https:\/\/www.ufsm.br\/app\/uploads\/sites\/632\/2019\/04\/boletim_criacao_curso_pro_licenciatura-224x300.jpg 224w, https:\/\/www.ufsm.br\/app\/uploads\/sites\/632\/2019\/04\/boletim_criacao_curso_pro_licenciatura.jpg 596w\" sizes=\"(max-width: 246px) 100vw, 246px\" \/><\/p>\n<p>\u00a0<\/p>\n<p>A UFSM ganhou quatro cursos de gradua\u00e7\u00e3o a dist\u00e2ncia a partir deste edital: <strong>Geografia<\/strong>, Letras &#8211; Portugu\u00eas, Letras \u2013 Espanhol e Matem\u00e1tica.<\/p>\n<p style=\"text-align: left\">Fonte: <a href=\"https:\/\/www.ufsm.br\/cursos\/graduacao\/educacao-a-distancia\/geografia\/wp-content\/uploads\/sites\/632\/2019\/04\/Boletim_23_12_05_n6.pdf\" target=\"_blank\" rel=\"noopener noreferrer\">Boletim Informativo EaD da UFSM<\/a><\/p>\n<p><span style=\"font-weight: 400\">O atual Curso de Licenciatura em Geografia a dist\u00e2ncia partiu da experi\u00eancia acumulada desde o ano de 2005, com a oferta do Curso de Gradua\u00e7\u00e3o de Licenciatura em Geografia a Dist\u00e2ncia, por meio do edital PROLIC II\/MEC, do qual resultou na Rede Ga\u00facha de Ensino Superior a Dist\u00e2ncia (REGESD) <\/span><a href=\"http:\/\/www.regesd.tche.br\/\"><span style=\"font-weight: 400\">http:\/\/www.regesd.tche.br\/<\/span><\/a><span style=\"font-weight: 400\">. Na \u00e9poca, este se inseriu em uma proposta maior de qualifica\u00e7\u00e3o de professores em servi\u00e7o, constru\u00edda no \u00e2mbito da REGESD, visando atender a Resolu\u00e7\u00e3o FNDE\/CD\/N\u00ba 34, de 9 de agosto de 2005. No \u00e2mbito das Institui\u00e7\u00f5es de Ensino Superior (IES), a REGESD esteve formada por oito institui\u00e7\u00f5es que se comprometeram a efetivar a parceria e concretizar seus objetivos sendo representadas por um Comit\u00ea Gestor, no qual tiveram assento todas as IES parceiras. Acredita-se que estas experi\u00eancias foram gratificantes a ponto de estimular a oferta do Curso de Licenciatura em Geografia a dist\u00e2ncia atrav\u00e9s da UAB, de onde surgiu a atual proposta de Curso e a respectiva oferta pela Universidade Federal de Santa Maria na modalidade EaD no ano de 2014. <\/span><\/p>\n<p><span style=\"font-weight: 400\">O Curso de Licenciatura em Geografia a dist\u00e2ncia foi ofertado a partir de pesquisa de demanda e da necessidade de forma\u00e7\u00e3o de professores de Geografia nas diferentes regi\u00f5es do estado do Rio Grande do Sul. Assim, a partir do edital de financiamento articulado pela CAPES no ano de 2013, o Curso, ap\u00f3s os tr\u00e2mites internos e aprova\u00e7\u00e3o nos Conselhos Superiores da UFSM, foi aprovado para ser ofertado em cinco Polos: Palmeira das Miss\u00f5es, Quara\u00ed, Santa Maria, Santa Vit\u00f3ria do Palmar e Santo Ant\u00f4nio da Patrulha. O processo seletivo vestibular foi organizado pela Comiss\u00e3o Permanente do Vestibular da UFSM (COPERVES) no final de 2013 (<\/span><a href=\"https:\/\/www.ufsm.br\/orgaos-suplementares\/nte\/ingresso-de-alunos\/\"><span style=\"font-weight: 400\">https:\/\/www.ufsm.br\/orgaos-suplementares\/nte\/ingresso-de-alunos\/<\/span><\/a><span style=\"font-weight: 400\">) e, a matr\u00edcula dos ingressantes foi realizada pelo Departamento de Registro e Controle Acad\u00eamico da UFSM (DERCA). O in\u00edcio das aulas ocorreu no primeiro semestre de 2014, obedecendo ao calend\u00e1rio letivo da UFSM que pode ser acessado em \u00a0<\/span><a href=\"https:\/\/www.ufsm.br\/calendario\/\"><span style=\"font-weight: 400\">https:\/\/www.ufsm.br\/calendario\/<\/span><\/a><span style=\"font-weight: 400\">. Ao final do ano de 2016 houve a conclus\u00e3o do Curso e a respectiva diploma\u00e7\u00e3o dos concluintes desses cinco Polos. ( <\/span><a href=\"https:\/\/ntetube.nte.ufsm.br\/v\/1517227351\"><span style=\"font-weight: 400\">https:\/\/ntetube.nte.ufsm.br\/v\/1517227351<\/span><\/a><span style=\"font-weight: 400\"> )<\/span><\/p>\n<p><span style=\"font-weight: 400\">No edital de financiamento articulado pela CAPES no ano de 2016, o Curso de Licenciatura em Geografia a dist\u00e2ncia candidatou-se para a oferta do Curso nos Polos de Tapejara, Tr\u00eas Passos, Sapiranga e Serafina Corr\u00eaa, ap\u00f3s orienta\u00e7\u00e3o do N\u00facleo de Tecnologia Educacional (NTE)<\/span> <a href=\"https:\/\/www.ufsm.br\/orgaos-suplementares\/nte\/\"><span style=\"font-weight: 400\">https:\/\/www.ufsm.br\/orgaos-suplementares\/nte\/<\/span><\/a><span style=\"font-weight: 400\"> que faz sistematicamente pesquisa de demanda por Cursos nos Polos\/UFSM\/UAB e orienta o direcionamento da oferta de Cursos. O processo seletivo foi organizado pela COPERVES (<\/span><a href=\"http:\/\/coperves.com.br\/\"><span style=\"font-weight: 400\">http:\/\/coperves.com.br\/<\/span><\/a><span style=\"font-weight: 400\">) no final do ano de 2016 (<\/span><a href=\"https:\/\/www.ufsm.br\/orgaos-suplementares\/nte\/ingresso-de-alunos\/\"><span style=\"font-weight: 400\">https:\/\/www.ufsm.br\/orgaos-suplementares\/nte\/ingresso-de-alunos\/<\/span><\/a><span style=\"font-weight: 400\">) e a matr\u00edcula dos ingressantes foi realizada pelo DERCA (<\/span><a href=\"https:\/\/www.ufsm.br\/orgaos-executivos\/derca\/\"><span style=\"font-weight: 400\">https:\/\/www.ufsm.br\/orgaos-executivos\/derca\/<\/span><\/a><span style=\"font-weight: 400\">) para inicio das aulas no primeiro semestre letivo de 2017, conforme o calend\u00e1rio acad\u00eamico da UFSM (<\/span><a href=\"https:\/\/www.ufsm.br\/calendario\/\"><span style=\"font-weight: 400\">https:\/\/www.ufsm.br\/calendario\/<\/span><\/a><span style=\"font-weight: 400\">). Ao final do ano de 2020 haver\u00e1 a conclus\u00e3o do Curso e a respectiva diploma\u00e7\u00e3o dos concluintes dessa atual oferta. Destaca-se que em face da demanda pelo Curso em diferentes regi\u00f5es do estado do Rio Grande do Sul, o Curso de Licenciatura em Geografia-EaD segue o modelo seriado e, a reoferta, para os mesmos Polos onde j\u00e1 aconteceu uma primeira oferta, depender\u00e1 sempre do resultado da demanda apresentada pela pesquisa realizada pelo NTE. O PPC do Curso est\u00e1 dispon\u00edvel em <\/span><a href=\"https:\/\/www.ufsm.br\/orgaos-suplementares\/nte\/projetos-pedagogicos-ead\/\"><span style=\"font-weight: 400\">https:\/\/www.ufsm.br\/orgaos-suplementares\/nte\/projetos-pedagogicos-ead\/<\/span><\/a> <a href=\"https:\/\/www.ufsm.br\/orgaos-suplementares\/nte\/cursos-ead\/\"><span style=\"font-weight: 400\">https:\/\/www.ufsm.br\/orgaos-suplementares\/nte\/cursos-ead\/<\/span><\/a><\/p>\n<p><span style=\"font-weight: 400\">A Universidade Federal de Santa Maria (UFSM), ao ofertar o curso de Geografia na modalidade a dist\u00e2ncia (EaD) pela Universidade Aberta do Brasil (UAB), vem ao encontro com as transforma\u00e7\u00f5es que atingem as mais diversas esferas da sociedade. A Universidade tem como uma das suas metas funcionar como um agente impulsionador da produ\u00e7\u00e3o de conhecimento e tecnologia, reorganiza\u00e7\u00e3o e amplia\u00e7\u00e3o daquelas j\u00e1 existentes, introdu\u00e7\u00e3o de novas tecnologias na condu\u00e7\u00e3o do processo de forma\u00e7\u00e3o. No caso espec\u00edfico do Curso de Gradua\u00e7\u00e3o de Licenciatura em Geografia a dist\u00e2ncia, incentiva-se a produ\u00e7\u00e3o do conhecimento mais consent\u00e2neo ao atual per\u00edodo t\u00e9cnico-cient\u00edfico-informacional que vivemos.<\/span><\/p>\n<p><span style=\"font-weight: 400\">A relev\u00e2ncia da Geogra\ufb01a no Ensino B\u00e1sico decorre do seu papel na sociedade. Entretanto, se observa uma crescente demanda por professores habilitados \u00e0 desenvolver as v\u00e1rias tem\u00e1ticas geogr\u00e1\ufb01cas. Ao professor de Geogra\ufb01a compete compreender a complexidade do real e suas m\u00faltiplas rela\u00e7\u00f5es no processo de transforma\u00e7\u00e3o contempor\u00e2neo por meio das categorias e conceitos espaciais, de maneira que ele possa, em sala de aula, levar o educando a re\ufb02etir sobre as interrela\u00e7\u00f5es de sua experi\u00eancia nas esferas local, nacional e internacional. <\/span><\/p>\n<p><span style=\"font-weight: 400\">\u00c9 necess\u00e1rio destacar a forma\u00e7\u00e3o em n\u00edvel superior como forma de ampliar, a um maior n\u00famero de pessoas, o acesso \u00e0 informa\u00e7\u00e3o e \u00e0 comunica\u00e7\u00e3o. Desta forma, a utiliza\u00e7\u00e3o do aparato tecnol\u00f3gico da Educa\u00e7\u00e3o a Dist\u00e2ncia (EaD) permite ampliar a capacidade de compartilhar conhecimento e informa\u00e7\u00e3o.<\/span><\/p>\n<p><span style=\"font-weight: 400\">Ressalta-se que a EaD insere-se em uma modalidade de ensino diferenciada. Utiliza-se de um aparato tecnol\u00f3gico na pr\u00e1tica docente, cuja metodologia decorre da inclus\u00e3o digital para suprir as necessidades de forma\u00e7\u00e3o te\u00f3rica, metodol\u00f3gica e pr\u00e1tica na atualiza\u00e7\u00e3o e quali\ufb01ca\u00e7\u00e3o dos docentes em Geogra\ufb01a. Neste sentido, destaca-se a import\u00e2ncia do compromisso com a forma\u00e7\u00e3o profissional para o exerc\u00edcio de uma educa\u00e7\u00e3o de qualidade nesta \u00e1rea do conhecimento, consolidando a fun\u00e7\u00e3o social das Institui\u00e7\u00f5es Superiores de Ensino P\u00fablico.<\/span><\/p>\n<p><span style=\"font-weight: 400\">Nesse sentido, acredita-se a oferta do<\/span><span style=\"font-weight: 400\"> Curso de Licenciatura em Geografia a dist\u00e2ncia (<\/span><a href=\"https:\/\/www.ufsm.br\/educacao-a-distancia\/\"><span style=\"font-weight: 400\">https:\/\/www.ufsm.br\/educacao-a-distancia\/<\/span><\/a><span style=\"font-weight: 400\">) assume importante relev\u00e2ncia social pois atende \u00e0 demandas espec\u00edficas que, al\u00e9m de geograficamente distribu\u00eddas pelo territ\u00f3rio ga\u00facho, atendem principalmen<\/span><span style=\"font-weight: 400\">te localidades distantes, onde n\u00e3o h\u00e1 a oferta de cursos presenciais e de forma\u00e7\u00e3o de professores em Geografia<\/span><span style=\"font-weight: 400\">. Ainda, entende-se que a<\/span><span style=\"font-weight: 400\"> relev\u00e2ncia da Geogra\ufb01a no Ensino B\u00e1sico decorre do seu papel na sociedade, existindo uma crescente demanda, nas v\u00e1rias regi\u00f5es do Estado, por professores habilitados a desenvolver as v\u00e1rias tem\u00e1ticas da geografia em um mundo cada vez mais globalizado. <\/span><\/p>\n<p><span style=\"font-weight: 400\">Neste contexto, acredita-se que o <\/span><span style=\"font-weight: 400\">Curso de Licenciatura em Geografia a dist\u00e2ncia contribui com a<\/span><span style=\"font-weight: 400\"> indispens\u00e1vel forma\u00e7\u00e3o geogr\u00e1fica, colocando o expertise da UFSM, tanto no que se refere a estrutura administrativa, quanto aos recursos humanos por ela disponibilizados para orientar conte\u00fados, procedimentos metodol\u00f3gicos e did\u00e1ticos necess\u00e1rios \u00e0 transmiss\u00e3o e produ\u00e7\u00e3o deste conhecimento, sempre na busca da forma\u00e7\u00e3o professores e de cidad\u00e3os respons\u00e1veis com pr\u00e1xis educativa. <\/span><\/p>\n<p><br \/><br \/><\/p>\n","protected":false},"excerpt":{"rendered":"<p>Em 9 de agosto de 2005, o MEC, lan\u00e7ou o edital Pr\u00f3-licenciaturas.\u00a0O objetivo deste edital foi financiar projetos de cursos de gradua\u00e7\u00f5es a dist\u00e2ncia de licenciatura plena, para atender os professores da rede p\u00fablica estadual e municipal, que n\u00e3o possuem curso de licenciatura plena na \u00e1rea em que exercem a doc\u00eancia. \u00a0 A UFSM ganhou [&hellip;]<\/p>\n","protected":false},"author":262,"featured_media":0,"parent":0,"menu_order":0,"comment_status":"closed","ping_status":"closed","template":"","meta":{"footnotes":""},"categories":[],"tags":[],"class_list":["post-237","page","type-page","status-publish","hentry"],"acf":[],"_links":{"self":[{"href":"https:\/\/www.ufsm.br\/cursos\/graduacao\/educacao-a-distancia\/geografia\/wp-json\/wp\/v2\/pages\/237","targetHints":{"allow":["GET"]}}],"collection":[{"href":"https:\/\/www.ufsm.br\/cursos\/graduacao\/educacao-a-distancia\/geografia\/wp-json\/wp\/v2\/pages"}],"about":[{"href":"https:\/\/www.ufsm.br\/cursos\/graduacao\/educacao-a-distancia\/geografia\/wp-json\/wp\/v2\/types\/page"}],"author":[{"embeddable":true,"href":"https:\/\/www.ufsm.br\/cursos\/graduacao\/educacao-a-distancia\/geografia\/wp-json\/wp\/v2\/users\/262"}],"replies":[{"embeddable":true,"href":"https:\/\/www.ufsm.br\/cursos\/graduacao\/educacao-a-distancia\/geografia\/wp-json\/wp\/v2\/comments?post=237"}],"version-history":[{"count":0,"href":"https:\/\/www.ufsm.br\/cursos\/graduacao\/educacao-a-distancia\/geografia\/wp-json\/wp\/v2\/pages\/237\/revisions"}],"wp:attachment":[{"href":"https:\/\/www.ufsm.br\/cursos\/graduacao\/educacao-a-distancia\/geografia\/wp-json\/wp\/v2\/media?parent=237"}],"wp:term":[{"taxonomy":"category","embeddable":true,"href":"https:\/\/www.ufsm.br\/cursos\/graduacao\/educacao-a-distancia\/geografia\/wp-json\/wp\/v2\/categories?post=237"},{"taxonomy":"post_tag","embeddable":true,"href":"https:\/\/www.ufsm.br\/cursos\/graduacao\/educacao-a-distancia\/geografia\/wp-json\/wp\/v2\/tags?post=237"}],"curies":[{"name":"wp","href":"https:\/\/api.w.org\/{rel}","templated":true}]}}