{"id":238,"date":"2019-05-03T09:41:21","date_gmt":"2019-05-03T12:41:21","guid":{"rendered":"https:\/\/www.ufsm.br\/cursos\/graduacao\/educacao-a-distancia\/geografia\/?page_id=238"},"modified":"2019-05-03T09:55:09","modified_gmt":"2019-05-03T12:55:09","slug":"resolucoes-da-ufsm","status":"publish","type":"page","link":"https:\/\/www.ufsm.br\/cursos\/graduacao\/educacao-a-distancia\/geografia\/resolucoes-da-ufsm","title":{"rendered":"Resolu\u00e7\u00f5es da UFSM"},"content":{"rendered":"\n<ul>\n<li>Guia Acad\u00eamico 2019 (<a href=\"https:\/\/www.ufsm.br\/pro-reitorias\/prograd\/wp-content\/uploads\/sites\/342\/2019\/04\/guia_academico_ufsm_2019.pdf\" target=\"_blank\" rel=\"noopener noreferrer\">Publicado conforme Resolu\u00e7\u00e3o 008\/1999<\/a>)<\/li>\n<li>C\u00f3digo de \u00c9tica Discente\u00a0<a href=\"https:\/\/portal.ufsm.br\/documentos\/publico\/documento.html?id=9979135\" target=\"_blank\" rel=\"noopener noreferrer\">(Resolu\u00e7\u00e3o 017\/2018)<\/a><\/li>\n<li>Recupera\u00e7\u00e3o de Disciplinas (<a href=\"https:\/\/portal.ufsm.br\/documentos\/publico\/documento.html?id=7331541\" target=\"_blank\" rel=\"noopener noreferrer\">Resolu\u00e7\u00e3o 032\/2015<\/a>)<\/li>\n<\/ul>\n<p>\u00a0<\/p>\n","protected":false},"excerpt":{"rendered":"<p>Guia Acad\u00eamico 2019 (Publicado conforme Resolu\u00e7\u00e3o 008\/1999) C\u00f3digo de \u00c9tica Discente\u00a0(Resolu\u00e7\u00e3o 017\/2018) Recupera\u00e7\u00e3o de Disciplinas (Resolu\u00e7\u00e3o 032\/2015) \u00a0<\/p>\n","protected":false},"author":262,"featured_media":0,"parent":0,"menu_order":0,"comment_status":"closed","ping_status":"closed","template":"","meta":{"footnotes":""},"categories":[],"tags":[],"class_list":["post-238","page","type-page","status-publish","hentry"],"acf":[],"_links":{"self":[{"href":"https:\/\/www.ufsm.br\/cursos\/graduacao\/educacao-a-distancia\/geografia\/wp-json\/wp\/v2\/pages\/238","targetHints":{"allow":["GET"]}}],"collection":[{"href":"https:\/\/www.ufsm.br\/cursos\/graduacao\/educacao-a-distancia\/geografia\/wp-json\/wp\/v2\/pages"}],"about":[{"href":"https:\/\/www.ufsm.br\/cursos\/graduacao\/educacao-a-distancia\/geografia\/wp-json\/wp\/v2\/types\/page"}],"author":[{"embeddable":true,"href":"https:\/\/www.ufsm.br\/cursos\/graduacao\/educacao-a-distancia\/geografia\/wp-json\/wp\/v2\/users\/262"}],"replies":[{"embeddable":true,"href":"https:\/\/www.ufsm.br\/cursos\/graduacao\/educacao-a-distancia\/geografia\/wp-json\/wp\/v2\/comments?post=238"}],"version-history":[{"count":0,"href":"https:\/\/www.ufsm.br\/cursos\/graduacao\/educacao-a-distancia\/geografia\/wp-json\/wp\/v2\/pages\/238\/revisions"}],"wp:attachment":[{"href":"https:\/\/www.ufsm.br\/cursos\/graduacao\/educacao-a-distancia\/geografia\/wp-json\/wp\/v2\/media?parent=238"}],"wp:term":[{"taxonomy":"category","embeddable":true,"href":"https:\/\/www.ufsm.br\/cursos\/graduacao\/educacao-a-distancia\/geografia\/wp-json\/wp\/v2\/categories?post=238"},{"taxonomy":"post_tag","embeddable":true,"href":"https:\/\/www.ufsm.br\/cursos\/graduacao\/educacao-a-distancia\/geografia\/wp-json\/wp\/v2\/tags?post=238"}],"curies":[{"name":"wp","href":"https:\/\/api.w.org\/{rel}","templated":true}]}}