{"id":293,"date":"2025-05-18T17:55:46","date_gmt":"2025-05-18T20:55:46","guid":{"rendered":"https:\/\/www.ufsm.br\/cursos\/graduacao\/educacao-a-distancia\/letras-espanhol\/?page_id=293"},"modified":"2025-05-19T12:37:29","modified_gmt":"2025-05-19T15:37:29","slug":"gestao-2025-2026","status":"publish","type":"page","link":"https:\/\/www.ufsm.br\/cursos\/graduacao\/educacao-a-distancia\/letras-espanhol\/gestao-2025-2026","title":{"rendered":"Gest\u00e3o 2025\/2026"},"content":{"rendered":"\n<ul>\n<li><a href=\"https:\/\/www.ufsm.br\/app\/uploads\/sites\/630\/2025\/05\/PORT_CAL_2025_026_Coordenadora-ICBF-1.pdf\">Portaria de nomea\u00e7\u00e3o da Coordena\u00e7\u00e3o<\/a><\/li>\n<li><a href=\"https:\/\/www.ufsm.br\/app\/uploads\/sites\/630\/2025\/05\/PORT_CAL_2025_039_CORDENADORA-SUBSTITUTA_-CFP.pdf\">Portaria de nomea\u00e7\u00e3o da Coordena\u00e7\u00e3o substituta<\/a><\/li>\n<li><a href=\"https:\/\/www.ufsm.br\/app\/uploads\/sites\/630\/2025\/05\/PORT_CAL_2025_053_NDE-EaD.pdf\">Portaria de nomea\u00e7\u00e3o do NDE<\/a><\/li>\n<li><a href=\"https:\/\/www.ufsm.br\/app\/uploads\/sites\/630\/2025\/05\/Portaria-do-COLEGIADO-EAD_PORT_CAL_2025_028.pdf\">Portaria de nomea\u00e7\u00e3o do Colegiado<\/a><\/li>\n<li><a href=\"https:\/\/www.ufsm.br\/app\/uploads\/sites\/630\/2025\/05\/Plano-de-Acoes-da-Coordenacao_Gestao-2025.2026-2.pdf\">Plano de a\u00e7\u00f5es da Coordena\u00e7\u00e3o<\/a><\/li>\n<\/ul>\n\n\n\n<p><\/p>\n","protected":false},"excerpt":{"rendered":"<p>Portaria de nomea\u00e7\u00e3o da Coordena\u00e7\u00e3o Portaria de nomea\u00e7\u00e3o da Coordena\u00e7\u00e3o substituta Portaria de nomea\u00e7\u00e3o do NDE Portaria de nomea\u00e7\u00e3o do Colegiado Plano de a\u00e7\u00f5es da Coordena\u00e7\u00e3o<\/p>\n","protected":false},"author":1197,"featured_media":0,"parent":0,"menu_order":0,"comment_status":"closed","ping_status":"closed","template":"","meta":{"footnotes":""},"categories":[],"tags":[],"class_list":["post-293","page","type-page","status-publish","hentry"],"acf":[],"_links":{"self":[{"href":"https:\/\/www.ufsm.br\/cursos\/graduacao\/educacao-a-distancia\/letras-espanhol\/wp-json\/wp\/v2\/pages\/293","targetHints":{"allow":["GET"]}}],"collection":[{"href":"https:\/\/www.ufsm.br\/cursos\/graduacao\/educacao-a-distancia\/letras-espanhol\/wp-json\/wp\/v2\/pages"}],"about":[{"href":"https:\/\/www.ufsm.br\/cursos\/graduacao\/educacao-a-distancia\/letras-espanhol\/wp-json\/wp\/v2\/types\/page"}],"author":[{"embeddable":true,"href":"https:\/\/www.ufsm.br\/cursos\/graduacao\/educacao-a-distancia\/letras-espanhol\/wp-json\/wp\/v2\/users\/1197"}],"replies":[{"embeddable":true,"href":"https:\/\/www.ufsm.br\/cursos\/graduacao\/educacao-a-distancia\/letras-espanhol\/wp-json\/wp\/v2\/comments?post=293"}],"version-history":[{"count":0,"href":"https:\/\/www.ufsm.br\/cursos\/graduacao\/educacao-a-distancia\/letras-espanhol\/wp-json\/wp\/v2\/pages\/293\/revisions"}],"wp:attachment":[{"href":"https:\/\/www.ufsm.br\/cursos\/graduacao\/educacao-a-distancia\/letras-espanhol\/wp-json\/wp\/v2\/media?parent=293"}],"wp:term":[{"taxonomy":"category","embeddable":true,"href":"https:\/\/www.ufsm.br\/cursos\/graduacao\/educacao-a-distancia\/letras-espanhol\/wp-json\/wp\/v2\/categories?post=293"},{"taxonomy":"post_tag","embeddable":true,"href":"https:\/\/www.ufsm.br\/cursos\/graduacao\/educacao-a-distancia\/letras-espanhol\/wp-json\/wp\/v2\/tags?post=293"}],"curies":[{"name":"wp","href":"https:\/\/api.w.org\/{rel}","templated":true}]}}