{"id":310,"date":"2025-05-19T12:26:56","date_gmt":"2025-05-19T15:26:56","guid":{"rendered":"https:\/\/www.ufsm.br\/cursos\/graduacao\/educacao-a-distancia\/letras-espanhol\/?page_id=310"},"modified":"2025-05-26T23:18:26","modified_gmt":"2025-05-27T02:18:26","slug":"polo-novo-hamburgo","status":"publish","type":"page","link":"https:\/\/www.ufsm.br\/cursos\/graduacao\/educacao-a-distancia\/letras-espanhol\/polo-novo-hamburgo","title":{"rendered":"Polo Novo Hamburgo"},"content":{"rendered":"\n<p style=\"text-align: justify\">Novo Hamburgo, munic\u00edpio estrat\u00e9gico a apenas 40 km de Porto Alegre, integrante do Vale Germ\u00e2nico e da Rota Rom\u00e2ntica, com f\u00e1cil acesso rodovi\u00e1rio e metrovi\u00e1rio ao aeroporto internacional, configura-se como um importante polo econ\u00f4mico, social, cultural e tur\u00edstico da regi\u00e3o metropolitana. Sede de um dos maiores parques de exposi\u00e7\u00f5es do estado (FENAC), a cidade sedia eventos de relev\u00e2ncia nacional e internacional, como a FIMEC (Feira Internacional de Couros, Produtos Qu\u00edmicos, Componentes, M\u00e1quinas e Equipamentos para Cal\u00e7ados e Curtumes) e a MOSTRATEC (Mostra Internacional de Ci\u00eancia e Tecnologia).<\/p>\n<p style=\"text-align: justify\">A presen\u00e7a de 21 escolas de ensino m\u00e9dio no munic\u00edpio e o crescente n\u00famero de alunos imigrantes de pa\u00edses hispanofalantes (atualmente 285 na rede municipal) evidenciam a demanda latente por profissionais com profici\u00eancia em espanhol. O Programa Movimentos e Viv\u00eancias na Educa\u00e7\u00e3o Integral (Move), que atende um grande n\u00famero de alunos da rede municipal, tamb\u00e9m identifica a necessidade de atividades que promovam a comunica\u00e7\u00e3o com essa parcela da comunidade escolar, como oficinas de ensino de espanhol para professores e funcion\u00e1rios. A oferta da Licenciatura em Letras Espanhol &#8211; Literaturas em Novo Hamburgo, portanto, alinha-se diretamente com a voca\u00e7\u00e3o internacional do munic\u00edpio, fortalecendo sua capacidade de intera\u00e7\u00e3o global nos \u00e2mbitos econ\u00f4mico, cultural e educacional, e atendendo a uma demanda espec\u00edfica e crescente da comunidade escolar local.<\/p>\n<p style=\"text-align: justify\"><span style=\"color: #333399\"><strong>Coordena\u00e7\u00e3o:<\/strong><\/span> Alessandra Preussler de Almeida<\/p>\n<p style=\"text-align: justify\"><span style=\"color: #333399\"><strong>Endere\u00e7o:<\/strong> <\/span>R. Davi Canabarro, 20 (7o andar) &#8211; Bairro Centro &#8211; CEP: 93510-020<\/p>\n<p><span style=\"color: #333399\"><strong>Hor\u00e1rio de funcionamento:<\/strong> <\/span>segunda \u00e0 sexta (9h &#8211; 11h30 e 13h &#8211; 17h). Atendimento noturno ou aos s\u00e1bados mediante agendamento.\u00a0<\/p>\n<p style=\"text-align: justify\"><span style=\"color: #333399\"><strong>Contato:<\/strong><\/span> polouab.nh@gmail.com<\/p>\n\n\n\n<figure class=\"wp-block-gallery has-nested-images columns-default is-cropped wp-block-gallery-1 is-layout-flex wp-block-gallery-is-layout-flex\">\n<figure class=\"wp-block-image size-large\"><img fetchpriority=\"high\" decoding=\"async\" width=\"895\" height=\"375\" data-id=\"388\" src=\"https:\/\/www.ufsm.br\/app\/uploads\/sites\/630\/2025\/05\/1-1.jpg\" alt=\"\" class=\"wp-image-388\" srcset=\"https:\/\/www.ufsm.br\/app\/uploads\/sites\/630\/2025\/05\/1-1.jpg 895w, https:\/\/www.ufsm.br\/app\/uploads\/sites\/630\/2025\/05\/1-1-300x126.jpg 300w, https:\/\/www.ufsm.br\/app\/uploads\/sites\/630\/2025\/05\/1-1-768x322.jpg 768w\" sizes=\"(max-width: 895px) 100vw, 895px\" \/><\/figure>\n\n\n\n<figure class=\"wp-block-image size-large\"><img decoding=\"async\" width=\"887\" height=\"430\" data-id=\"389\" src=\"https:\/\/www.ufsm.br\/app\/uploads\/sites\/630\/2025\/05\/2.jpg\" alt=\"\" class=\"wp-image-389\" srcset=\"https:\/\/www.ufsm.br\/app\/uploads\/sites\/630\/2025\/05\/2.jpg 887w, https:\/\/www.ufsm.br\/app\/uploads\/sites\/630\/2025\/05\/2-300x145.jpg 300w, https:\/\/www.ufsm.br\/app\/uploads\/sites\/630\/2025\/05\/2-768x372.jpg 768w\" sizes=\"(max-width: 887px) 100vw, 887px\" \/><\/figure>\n\n\n\n<figure class=\"wp-block-image size-large\"><img decoding=\"async\" width=\"916\" height=\"671\" data-id=\"390\" src=\"https:\/\/www.ufsm.br\/app\/uploads\/sites\/630\/2025\/05\/3.jpg\" alt=\"\" class=\"wp-image-390\" srcset=\"https:\/\/www.ufsm.br\/app\/uploads\/sites\/630\/2025\/05\/3.jpg 916w, https:\/\/www.ufsm.br\/app\/uploads\/sites\/630\/2025\/05\/3-300x220.jpg 300w, https:\/\/www.ufsm.br\/app\/uploads\/sites\/630\/2025\/05\/3-768x563.jpg 768w\" sizes=\"(max-width: 916px) 100vw, 916px\" \/><\/figure>\n<\/figure>\n","protected":false},"excerpt":{"rendered":"<p>Novo Hamburgo, munic\u00edpio estrat\u00e9gico a apenas 40 km de Porto Alegre, integrante do Vale Germ\u00e2nico e da Rota Rom\u00e2ntica, com f\u00e1cil acesso rodovi\u00e1rio e metrovi\u00e1rio ao aeroporto internacional, configura-se como um importante polo econ\u00f4mico, social, cultural e tur\u00edstico da regi\u00e3o metropolitana. Sede de um dos maiores parques de exposi\u00e7\u00f5es do estado (FENAC), a cidade sedia [&hellip;]<\/p>\n","protected":false},"author":1197,"featured_media":0,"parent":0,"menu_order":0,"comment_status":"closed","ping_status":"closed","template":"","meta":{"footnotes":""},"categories":[],"tags":[],"class_list":["post-310","page","type-page","status-publish","hentry"],"acf":[],"_links":{"self":[{"href":"https:\/\/www.ufsm.br\/cursos\/graduacao\/educacao-a-distancia\/letras-espanhol\/wp-json\/wp\/v2\/pages\/310","targetHints":{"allow":["GET"]}}],"collection":[{"href":"https:\/\/www.ufsm.br\/cursos\/graduacao\/educacao-a-distancia\/letras-espanhol\/wp-json\/wp\/v2\/pages"}],"about":[{"href":"https:\/\/www.ufsm.br\/cursos\/graduacao\/educacao-a-distancia\/letras-espanhol\/wp-json\/wp\/v2\/types\/page"}],"author":[{"embeddable":true,"href":"https:\/\/www.ufsm.br\/cursos\/graduacao\/educacao-a-distancia\/letras-espanhol\/wp-json\/wp\/v2\/users\/1197"}],"replies":[{"embeddable":true,"href":"https:\/\/www.ufsm.br\/cursos\/graduacao\/educacao-a-distancia\/letras-espanhol\/wp-json\/wp\/v2\/comments?post=310"}],"version-history":[{"count":0,"href":"https:\/\/www.ufsm.br\/cursos\/graduacao\/educacao-a-distancia\/letras-espanhol\/wp-json\/wp\/v2\/pages\/310\/revisions"}],"wp:attachment":[{"href":"https:\/\/www.ufsm.br\/cursos\/graduacao\/educacao-a-distancia\/letras-espanhol\/wp-json\/wp\/v2\/media?parent=310"}],"wp:term":[{"taxonomy":"category","embeddable":true,"href":"https:\/\/www.ufsm.br\/cursos\/graduacao\/educacao-a-distancia\/letras-espanhol\/wp-json\/wp\/v2\/categories?post=310"},{"taxonomy":"post_tag","embeddable":true,"href":"https:\/\/www.ufsm.br\/cursos\/graduacao\/educacao-a-distancia\/letras-espanhol\/wp-json\/wp\/v2\/tags?post=310"}],"curies":[{"name":"wp","href":"https:\/\/api.w.org\/{rel}","templated":true}]}}