{"id":373,"date":"2025-05-25T21:39:09","date_gmt":"2025-05-26T00:39:09","guid":{"rendered":"https:\/\/www.ufsm.br\/cursos\/graduacao\/educacao-a-distancia\/letras-espanhol\/?page_id=373"},"modified":"2025-05-25T21:39:10","modified_gmt":"2025-05-26T00:39:10","slug":"informacoes-gerais","status":"publish","type":"page","link":"https:\/\/www.ufsm.br\/cursos\/graduacao\/educacao-a-distancia\/letras-espanhol\/informacoes-gerais","title":{"rendered":"Sobre"},"content":{"rendered":"\n<p><\/p>\n<p>Em 9 de agosto de 2005, o MEC, lan\u00e7ou o edital Pr\u00f3-licenciaturas.\u00a0O objetivo deste edital foi financiar projetos de cursos de gradua\u00e7\u00f5es a dist\u00e2ncia de licenciatura plena, para atender os professores da rede p\u00fablica estadual e municipal, que n\u00e3o possuem curso de licenciatura plena na \u00e1rea em que exercem a doc\u00eancia.<\/p>\n<p><img fetchpriority=\"high\" decoding=\"async\" class=\"wp-image-205 aligncenter\" src=\"https:\/\/www.ufsm.br\/cursos\/graduacao\/educacao-a-distancia\/letras-espanhol\/wp-content\/uploads\/sites\/630\/2019\/04\/boletim_criacao_curso_pro_licenciatura-224x300.jpg\" alt=\"\" width=\"246\" height=\"329\" srcset=\"https:\/\/www.ufsm.br\/app\/uploads\/sites\/630\/2019\/04\/boletim_criacao_curso_pro_licenciatura-224x300.jpg 224w, https:\/\/www.ufsm.br\/app\/uploads\/sites\/630\/2019\/04\/boletim_criacao_curso_pro_licenciatura.jpg 596w\" sizes=\"(max-width: 246px) 100vw, 246px\" \/><\/p>\n<p>\u00a0<\/p>\n<p>A UFSM ganhou quatro cursos de gradua\u00e7\u00e3o a dist\u00e2ncia a partir deste edital: Geografia,Letras-Portugu\u00eas, <strong>Letras \u2013 Espanhol<\/strong> e Matem\u00e1tica.<\/p>\n<p>Fonte: <a href=\"https:\/\/www.ufsm.br\/cursos\/graduacao\/educacao-a-distancia\/letras-espanhol\/wp-content\/uploads\/sites\/630\/2019\/04\/Boletim_23_12_05_n6.pdf\" target=\"_blank\" rel=\"noopener noreferrer\">Boletim Informativo EaD da UFSM<\/a><br \/><br \/><\/p>\n<p>Em Maio de 2014, o curso de <strong>Letras-Espanhol EaD <\/strong>foi reconhecido pelo MEC, conforme <a href=\"https:\/\/www.ufsm.br\/cursos\/graduacao\/educacao-a-distancia\/letras-espanhol\/wp-content\/uploads\/sites\/630\/2019\/05\/Portaria-de-Reconhecimento-Letras-Espanhol-EAD-UAB.pdf\">Portaria 291\/2014.<\/a><\/p>\n<p>\u00a0<\/p>\n<p>\u00a0<\/p>\n<p><\/p>\n","protected":false},"excerpt":{"rendered":"","protected":false},"author":1197,"featured_media":0,"parent":0,"menu_order":0,"comment_status":"closed","ping_status":"closed","template":"","meta":{"footnotes":""},"categories":[],"tags":[],"class_list":["post-373","page","type-page","status-publish","hentry"],"acf":[],"_links":{"self":[{"href":"https:\/\/www.ufsm.br\/cursos\/graduacao\/educacao-a-distancia\/letras-espanhol\/wp-json\/wp\/v2\/pages\/373","targetHints":{"allow":["GET"]}}],"collection":[{"href":"https:\/\/www.ufsm.br\/cursos\/graduacao\/educacao-a-distancia\/letras-espanhol\/wp-json\/wp\/v2\/pages"}],"about":[{"href":"https:\/\/www.ufsm.br\/cursos\/graduacao\/educacao-a-distancia\/letras-espanhol\/wp-json\/wp\/v2\/types\/page"}],"author":[{"embeddable":true,"href":"https:\/\/www.ufsm.br\/cursos\/graduacao\/educacao-a-distancia\/letras-espanhol\/wp-json\/wp\/v2\/users\/1197"}],"replies":[{"embeddable":true,"href":"https:\/\/www.ufsm.br\/cursos\/graduacao\/educacao-a-distancia\/letras-espanhol\/wp-json\/wp\/v2\/comments?post=373"}],"version-history":[{"count":0,"href":"https:\/\/www.ufsm.br\/cursos\/graduacao\/educacao-a-distancia\/letras-espanhol\/wp-json\/wp\/v2\/pages\/373\/revisions"}],"wp:attachment":[{"href":"https:\/\/www.ufsm.br\/cursos\/graduacao\/educacao-a-distancia\/letras-espanhol\/wp-json\/wp\/v2\/media?parent=373"}],"wp:term":[{"taxonomy":"category","embeddable":true,"href":"https:\/\/www.ufsm.br\/cursos\/graduacao\/educacao-a-distancia\/letras-espanhol\/wp-json\/wp\/v2\/categories?post=373"},{"taxonomy":"post_tag","embeddable":true,"href":"https:\/\/www.ufsm.br\/cursos\/graduacao\/educacao-a-distancia\/letras-espanhol\/wp-json\/wp\/v2\/tags?post=373"}],"curies":[{"name":"wp","href":"https:\/\/api.w.org\/{rel}","templated":true}]}}