{"id":185,"date":"2019-04-08T16:15:57","date_gmt":"2019-04-08T19:15:57","guid":{"rendered":"https:\/\/www.ufsm.br\/cursos\/graduacao\/educacao-a-distancia\/pedagogia\/?page_id=185"},"modified":"2023-03-20T23:02:12","modified_gmt":"2023-03-21T02:02:12","slug":"coordenacao-do-curso","status":"publish","type":"page","link":"https:\/\/www.ufsm.br\/cursos\/graduacao\/educacao-a-distancia\/pedagogia\/coordenacao-do-curso","title":{"rendered":"Coordena\u00e7\u00e3o do Curso"},"content":{"rendered":"\t\t<div data-elementor-type=\"wp-page\" data-elementor-id=\"185\" class=\"elementor elementor-185\">\n\t\t\t\t\t\t<section class=\"elementor-section elementor-top-section elementor-element elementor-element-750b2361 elementor-section-boxed elementor-section-height-default elementor-section-height-default\" data-id=\"750b2361\" data-element_type=\"section\">\n\t\t\t\t\t\t<div class=\"elementor-container elementor-column-gap-default\">\n\t\t\t\t\t<div class=\"elementor-column elementor-col-100 elementor-top-column elementor-element elementor-element-740edff9\" data-id=\"740edff9\" data-element_type=\"column\">\n\t\t\t<div class=\"elementor-widget-wrap elementor-element-populated\">\n\t\t\t\t\t\t<div class=\"elementor-element elementor-element-f58ffe0 elementor-widget elementor-widget-text-editor\" data-id=\"f58ffe0\" data-element_type=\"widget\" data-widget_type=\"text-editor.default\">\n\t\t\t\t<div class=\"elementor-widget-container\">\n\t\t\t\t\t\t\t<p><!-- wp:tadv\/classic-paragraph --><\/p>\n<p>A Profa. Dra.\u00a0 <strong>Luciana Bagolin Zambon<\/strong>\u00a0\u00e9 a atual coordenadora do curso.<\/p>\n<p>A coordena\u00e7\u00e3o do curso est\u00e1 localizada na sala 214, do Pr\u00e9dio 16, Anexo B, do Centro de Educa\u00e7\u00e3o, do Campus Sede da UFSM, em Santa Maria, RS.<\/p>\n<p>CONTATO:<br \/>E-mail: <span id=\"cloak83123\"><a href=\"mailto:pedagogiaead@ufsm.br\">pedagogiaead@ufsm.br<\/a><\/span><\/p>\n<p><!-- \/wp:tadv\/classic-paragraph --><\/p>\t\t\t\t\t\t<\/div>\n\t\t\t\t<\/div>\n\t\t\t\t\t<\/div>\n\t\t<\/div>\n\t\t\t\t\t<\/div>\n\t\t<\/section>\n\t\t\t\t<\/div>\n\t\t","protected":false},"excerpt":{"rendered":"<p>A Profa. Dra.\u00a0 Luciana Bagolin Zambon\u00a0\u00e9 a atual coordenadora do curso. A coordena\u00e7\u00e3o do curso est\u00e1 localizada na sala 214, do Pr\u00e9dio 16, Anexo B, do Centro de Educa\u00e7\u00e3o, do Campus Sede da UFSM, em Santa Maria, RS. CONTATO:E-mail: pedagogiaead@ufsm.br<\/p>\n","protected":false},"author":262,"featured_media":0,"parent":0,"menu_order":0,"comment_status":"closed","ping_status":"closed","template":"","meta":{"footnotes":""},"categories":[],"tags":[],"class_list":["post-185","page","type-page","status-publish","hentry"],"acf":[],"_links":{"self":[{"href":"https:\/\/www.ufsm.br\/cursos\/graduacao\/educacao-a-distancia\/pedagogia\/wp-json\/wp\/v2\/pages\/185","targetHints":{"allow":["GET"]}}],"collection":[{"href":"https:\/\/www.ufsm.br\/cursos\/graduacao\/educacao-a-distancia\/pedagogia\/wp-json\/wp\/v2\/pages"}],"about":[{"href":"https:\/\/www.ufsm.br\/cursos\/graduacao\/educacao-a-distancia\/pedagogia\/wp-json\/wp\/v2\/types\/page"}],"author":[{"embeddable":true,"href":"https:\/\/www.ufsm.br\/cursos\/graduacao\/educacao-a-distancia\/pedagogia\/wp-json\/wp\/v2\/users\/262"}],"replies":[{"embeddable":true,"href":"https:\/\/www.ufsm.br\/cursos\/graduacao\/educacao-a-distancia\/pedagogia\/wp-json\/wp\/v2\/comments?post=185"}],"version-history":[{"count":0,"href":"https:\/\/www.ufsm.br\/cursos\/graduacao\/educacao-a-distancia\/pedagogia\/wp-json\/wp\/v2\/pages\/185\/revisions"}],"wp:attachment":[{"href":"https:\/\/www.ufsm.br\/cursos\/graduacao\/educacao-a-distancia\/pedagogia\/wp-json\/wp\/v2\/media?parent=185"}],"wp:term":[{"taxonomy":"category","embeddable":true,"href":"https:\/\/www.ufsm.br\/cursos\/graduacao\/educacao-a-distancia\/pedagogia\/wp-json\/wp\/v2\/categories?post=185"},{"taxonomy":"post_tag","embeddable":true,"href":"https:\/\/www.ufsm.br\/cursos\/graduacao\/educacao-a-distancia\/pedagogia\/wp-json\/wp\/v2\/tags?post=185"}],"curies":[{"name":"wp","href":"https:\/\/api.w.org\/{rel}","templated":true}]}}