{"id":191,"date":"2019-04-08T16:36:44","date_gmt":"2019-04-08T19:36:44","guid":{"rendered":"https:\/\/www.ufsm.br\/cursos\/graduacao\/educacao-a-distancia\/pedagogia\/?page_id=191"},"modified":"2023-03-20T22:25:31","modified_gmt":"2023-03-21T01:25:31","slug":"tutores-a-distancia","status":"publish","type":"page","link":"https:\/\/www.ufsm.br\/cursos\/graduacao\/educacao-a-distancia\/pedagogia\/tutores-a-distancia","title":{"rendered":"Tutores a Dist\u00e2ncia"},"content":{"rendered":"\t\t<div data-elementor-type=\"wp-post\" data-elementor-id=\"191\" class=\"elementor elementor-191\">\n\t\t\t\t\t\t<section class=\"elementor-section elementor-top-section elementor-element elementor-element-1d6aca9e elementor-section-boxed elementor-section-height-default elementor-section-height-default\" data-id=\"1d6aca9e\" data-element_type=\"section\">\n\t\t\t\t\t\t<div class=\"elementor-container elementor-column-gap-default\">\n\t\t\t\t\t<div class=\"elementor-column elementor-col-100 elementor-top-column elementor-element elementor-element-2d2973dd\" data-id=\"2d2973dd\" data-element_type=\"column\">\n\t\t\t<div class=\"elementor-widget-wrap elementor-element-populated\">\n\t\t\t\t\t\t<div class=\"elementor-element elementor-element-42498c43 elementor-widget elementor-widget-text-editor\" data-id=\"42498c43\" data-element_type=\"widget\" data-widget_type=\"text-editor.default\">\n\t\t\t\t<div class=\"elementor-widget-container\">\n\t\t\t\t\t\t\t<p><\/p>\n<p><!-- wp:tadv\/classic-paragraph --><\/p>\n<p>Os tutores a dist\u00e2ncia s\u00e3o respons\u00e1veis pelo <strong>aux\u00edlio a dist\u00e2ncia<\/strong> dos alunos de determinada(s) disciplina(s) do curso.<\/p>\n<p>As principais atividades dos tutores a dist\u00e2ncia s\u00e3o:<\/p>\n<ol>\n<li>Mediar a comunica\u00e7\u00e3o de conte\u00fados entre o professor e o cursistas;<\/li>\n<li>Acompanhar as atividades discentes;<\/li>\n<li>Apoiar o professor da disciplina na cria\u00e7\u00e3o das atividades;<\/li>\n<li>Estabelecer contato com os alunos e mediar as atividades discentes;<\/li>\n<li>Colaborar com a coordena\u00e7\u00e3o do curso na avalia\u00e7\u00e3o dos estudantes;<\/li>\n<li>Participar das atividades de capacita\u00e7\u00e3o e atualiza\u00e7\u00e3o promovidas pela Institui\u00e7\u00e3o de Ensino;<\/li>\n<li>Elaborar relat\u00f3rios mensais de acompanhamento dos alunos;<\/li>\n<li>Participar do processo de avalia\u00e7\u00e3o da disciplina;<\/li>\n<li>Acessar o Ambiente Virtual de Aprendizagem e dar retorno \u00e0s solicita\u00e7\u00f5es dos cursistas;<\/li>\n<li>Apoiar as atividades presenciais e aplica\u00e7\u00f5es de avalia\u00e7\u00f5es.<\/li>\n<\/ol>\n<h6><strong>Lista de Tutores a Dist\u00e2ncia:<\/strong><\/h6>\n<ul>\n<li><p class=\"Contedodatabela\"><span style=\"color: black;font-family: Calibri, sans-serif;font-weight: var( --e-global-typography-text-font-weight );text-align: var(--bs-body-text-align)\">Agnaldo Mesquita de Lima Junior<\/span><br><\/p><\/li><li><p class=\"Contedodatabela\"><span style=\"font-family: Calibri, sans-serif;font-weight: var( --e-global-typography-text-font-weight );text-align: var(--bs-body-text-align)\">Aline Fernanda Soeiro<\/span><br><\/p><\/li><li><p class=\"Contedodatabela\"><span style=\"font-family: Calibri, sans-serif;font-weight: var( --e-global-typography-text-font-weight );text-align: var(--bs-body-text-align)\">Ana Paula Duso<\/span><br><\/p><\/li><li><p class=\"Contedodatabela\"><span style=\"font-family: Calibri, sans-serif;font-weight: var( --e-global-typography-text-font-weight );text-align: var(--bs-body-text-align)\">Andiara Dewes<\/span><br><\/p><\/li><li><p class=\"Contedodatabela\"><span style=\"color: black;font-family: Calibri, sans-serif;font-weight: var( --e-global-typography-text-font-weight );text-align: var(--bs-body-text-align)\">Andrei Minuzzi Folgearini<\/span><br><\/p><\/li><li><p class=\"Contedodatabela\"><span style=\"color: black;font-family: Calibri, sans-serif;font-weight: var( --e-global-typography-text-font-weight );text-align: var(--bs-body-text-align)\">Andreia Vedoin<\/span><br><\/p><\/li><li><p class=\"Contedodatabela\"><span style=\"font-family: Calibri, sans-serif;font-weight: var( --e-global-typography-text-font-weight );text-align: var(--bs-body-text-align)\">Andressa Wiebusch<\/span><br><\/p><\/li><li><p class=\"Contedodatabela\"><span style=\"font-family: Calibri, sans-serif;font-weight: var( --e-global-typography-text-font-weight );text-align: var(--bs-body-text-align)\">Beatriz de Ara\u00fajo Simon<\/span><br><\/p><\/li><li><p class=\"Contedodatabela\"><span style=\"color: black;font-family: Calibri, sans-serif;font-weight: var( --e-global-typography-text-font-weight );text-align: var(--bs-body-text-align)\">Camila Fleck dos Santos Bau<\/span><br><\/p><\/li><li><p class=\"Contedodatabela\"><span style=\"font-family: Calibri, sans-serif;font-weight: var( --e-global-typography-text-font-weight );text-align: var(--bs-body-text-align)\">Carine Binsfeld<\/span><br><\/p><\/li><li><p class=\"Contedodatabela\"><span style=\"color: black;font-family: Calibri, sans-serif;font-weight: var( --e-global-typography-text-font-weight );text-align: var(--bs-body-text-align)\">Felipe Bragagnolo<\/span><br><\/p><\/li><li><p class=\"Contedodatabela\"><span style=\"font-family: Calibri, sans-serif;font-weight: var( --e-global-typography-text-font-weight );text-align: var(--bs-body-text-align)\">Jana\u00edna Ribeiro Stafford<\/span><br><\/p><\/li><li><p class=\"Contedodatabela\"><span style=\"color: black;font-family: Calibri, sans-serif;font-weight: var( --e-global-typography-text-font-weight );text-align: var(--bs-body-text-align)\">Jo\u00e3o Batista Lima de Souza<\/span><br><\/p><\/li><li><p class=\"Contedodatabela\"><span style=\"color: black;font-family: Calibri, sans-serif;font-weight: var( --e-global-typography-text-font-weight );text-align: var(--bs-body-text-align)\">Lucimara de Castro Bueno<\/span><br><\/p><\/li><li><p class=\"Contedodatabela\"><span style=\"font-family: Calibri, sans-serif;font-weight: var( --e-global-typography-text-font-weight );text-align: var(--bs-body-text-align)\">Manoel Adir Kischener<\/span><br><\/p><\/li><li><p class=\"Contedodatabela\"><span style=\"font-family: Calibri, sans-serif;font-weight: var( --e-global-typography-text-font-weight );text-align: var(--bs-body-text-align)\">Naila Cohen Pomnitz<\/span><br><\/p><\/li><li><p class=\"Contedodatabela\"><span style=\"color: black;font-family: Calibri, sans-serif;font-weight: var( --e-global-typography-text-font-weight );text-align: var(--bs-body-text-align)\">Priscila Silva Linassi Oliveira<\/span><br><\/p><\/li><li><p class=\"Contedodatabela\"><span style=\"color: black;font-family: Calibri, sans-serif;font-weight: var( --e-global-typography-text-font-weight );text-align: var(--bs-body-text-align)\">Rosana Maria dos Santos<\/span><br><\/p><\/li><li><p class=\"Contedodatabela\"><span style=\"color: black;font-family: Calibri, sans-serif;font-weight: var( --e-global-typography-text-font-weight );text-align: var(--bs-body-text-align)\">Sarasvati Yakchini Zridevi Concei\u00e7\u00e3o<\/span><br><\/p><\/li><li><p class=\"Contedodatabela\"><span style=\"color: black;font-family: Calibri, sans-serif;font-weight: var( --e-global-typography-text-font-weight );text-align: var(--bs-body-text-align)\">Taciana Uecker<\/span><br><\/p><\/li><li><p class=\"Contedodatabela\"><span style=\"color: black;font-family: Calibri, sans-serif;font-weight: var( --e-global-typography-text-font-weight );text-align: var(--bs-body-text-align)\">Thais Pulgatti Trindade<\/span><br><\/p><\/li><li>\n<p class=\"Contedodatabela\"><span style=\"font-family: 'Calibri',sans-serif\">Zelmielen Adornes de Souza<\/span><\/p>\n<\/li>\n<\/ul>\n<p><!-- \/wp:tadv\/classic-paragraph --><\/p>\t\t\t\t\t\t<\/div>\n\t\t\t\t<\/div>\n\t\t\t\t\t<\/div>\n\t\t<\/div>\n\t\t\t\t\t<\/div>\n\t\t<\/section>\n\t\t\t\t<\/div>\n\t\t","protected":false},"excerpt":{"rendered":"<p>Os tutores a dist\u00e2ncia s\u00e3o respons\u00e1veis pelo aux\u00edlio a dist\u00e2ncia dos alunos de determinada(s) disciplina(s) do curso. As principais atividades dos tutores a dist\u00e2ncia s\u00e3o: Mediar a comunica\u00e7\u00e3o de conte\u00fados entre o professor e o cursistas; Acompanhar as atividades discentes; Apoiar o professor da disciplina na cria\u00e7\u00e3o das atividades; Estabelecer contato com os alunos e [&hellip;]<\/p>\n","protected":false},"author":262,"featured_media":0,"parent":0,"menu_order":0,"comment_status":"closed","ping_status":"closed","template":"","meta":{"footnotes":""},"categories":[],"tags":[],"class_list":["post-191","page","type-page","status-publish","hentry"],"acf":[],"_links":{"self":[{"href":"https:\/\/www.ufsm.br\/cursos\/graduacao\/educacao-a-distancia\/pedagogia\/wp-json\/wp\/v2\/pages\/191","targetHints":{"allow":["GET"]}}],"collection":[{"href":"https:\/\/www.ufsm.br\/cursos\/graduacao\/educacao-a-distancia\/pedagogia\/wp-json\/wp\/v2\/pages"}],"about":[{"href":"https:\/\/www.ufsm.br\/cursos\/graduacao\/educacao-a-distancia\/pedagogia\/wp-json\/wp\/v2\/types\/page"}],"author":[{"embeddable":true,"href":"https:\/\/www.ufsm.br\/cursos\/graduacao\/educacao-a-distancia\/pedagogia\/wp-json\/wp\/v2\/users\/262"}],"replies":[{"embeddable":true,"href":"https:\/\/www.ufsm.br\/cursos\/graduacao\/educacao-a-distancia\/pedagogia\/wp-json\/wp\/v2\/comments?post=191"}],"version-history":[{"count":0,"href":"https:\/\/www.ufsm.br\/cursos\/graduacao\/educacao-a-distancia\/pedagogia\/wp-json\/wp\/v2\/pages\/191\/revisions"}],"wp:attachment":[{"href":"https:\/\/www.ufsm.br\/cursos\/graduacao\/educacao-a-distancia\/pedagogia\/wp-json\/wp\/v2\/media?parent=191"}],"wp:term":[{"taxonomy":"category","embeddable":true,"href":"https:\/\/www.ufsm.br\/cursos\/graduacao\/educacao-a-distancia\/pedagogia\/wp-json\/wp\/v2\/categories?post=191"},{"taxonomy":"post_tag","embeddable":true,"href":"https:\/\/www.ufsm.br\/cursos\/graduacao\/educacao-a-distancia\/pedagogia\/wp-json\/wp\/v2\/tags?post=191"}],"curies":[{"name":"wp","href":"https:\/\/api.w.org\/{rel}","templated":true}]}}