{"id":214,"date":"2019-04-09T10:57:31","date_gmt":"2019-04-09T13:57:31","guid":{"rendered":"https:\/\/www.ufsm.br\/cursos\/graduacao\/educacao-a-distancia\/pedagogia\/?page_id=214"},"modified":"2022-05-12T16:01:38","modified_gmt":"2022-05-12T19:01:38","slug":"contatos","status":"publish","type":"page","link":"https:\/\/www.ufsm.br\/cursos\/graduacao\/educacao-a-distancia\/pedagogia\/contatos","title":{"rendered":"Contatos"},"content":{"rendered":"\t\t<div data-elementor-type=\"wp-post\" data-elementor-id=\"214\" class=\"elementor elementor-214\">\n\t\t\t\t\t\t<section class=\"elementor-section elementor-top-section elementor-element elementor-element-14c3cce2 elementor-section-boxed elementor-section-height-default elementor-section-height-default\" data-id=\"14c3cce2\" data-element_type=\"section\">\n\t\t\t\t\t\t<div class=\"elementor-container elementor-column-gap-default\">\n\t\t\t\t\t<div class=\"elementor-column elementor-col-100 elementor-top-column elementor-element elementor-element-704fdcfc\" data-id=\"704fdcfc\" data-element_type=\"column\">\n\t\t\t<div class=\"elementor-widget-wrap elementor-element-populated\">\n\t\t\t\t\t\t<div class=\"elementor-element elementor-element-7b091950 elementor-widget elementor-widget-text-editor\" data-id=\"7b091950\" data-element_type=\"widget\" data-widget_type=\"text-editor.default\">\n\t\t\t\t<div class=\"elementor-widget-container\">\n\t\t\t\t\t\t\t<p><!-- wp:tadv\/classic-paragraph --><\/p>\n<table style=\"border-collapse: collapse;width: 99.8236%;height: 1587px\" border=\"1\">\n<tbody>\n<tr style=\"height: 24px\">\n<td style=\"width: 21.164%;height: 24px;text-align: center\"><b>Local<\/b><\/td>\n<td style=\"width: 27.6578%;height: 24px;text-align: center\"><strong>Telefone<\/strong><\/td>\n<td style=\"width: 9.83699%;height: 24px;text-align: center\"><strong>E-mail<\/strong><\/td>\n<td style=\"width: 41.1648%;height: 24px;text-align: center\"><strong>Endere\u00e7o<\/strong><\/td>\n<\/tr>\n<tr style=\"height: 72px\">\n<td style=\"width: 21.164%;height: 72px;text-align: center\"><strong>Coordena\u00e7\u00e3o do Curso<\/strong><\/td>\n<td style=\"width: 27.6578%;height: 72px;text-align: center\">Atualmente, sem contato telef\u00f4nico<\/td>\n<td style=\"width: 9.83699%;height: 72px;text-align: left\"><a href=\"mailto:pedagogiaead@ufsm.br\"><span id=\"cloak83123\">pedagogiaead@ufsm.br<\/span><\/a><\/td>\n<td style=\"width: 41.1648%;height: 72px;text-align: center\">\n<p>Sala 214 &#8211; Pr\u00e9dio 16 B&nbsp;<\/p><p>(anexo ao Centro de Educa\u00e7\u00e3o)<br>Campus Sede<br>Av. Roraima, n. 1000<br>Bairro Camobi&nbsp;<\/p>\n<\/td>\n<\/tr>\n<tr style=\"height: 104px\">\n<td style=\"width: 21.164%;text-align: center;height: 104px\">Polo de Cachoeira do Sul<\/td>\n<td style=\"width: 27.6578%;text-align: center;height: 104px\">(51)3724-6007, (51) 99963-1427&nbsp;<\/td>\n<td style=\"width: 9.83699%;height: 104px;text-align: center\">\n<div class=\"col-md-4 mar10\">\n<div class=\"infotext\" style=\"text-align: left\"><a href=\"mailto:uabcachoeira@gmail.com\">uabcachoeira@gmail.com<\/a><\/div>\n<\/div>\n<\/td>\n<td style=\"width: 41.1648%;text-align: center;height: 104px\">\n<p>Rua J\u00falio de Castilhos, 342, 2\u00ba Andar, Centro<\/p>\n<\/td>\n<\/tr>\n<tr style=\"height: 80px\">\n<td style=\"width: 21.164%;text-align: center;height: 80px\">Polo de Cerro Largo<\/td>\n<td style=\"width: 27.6578%;text-align: center;height: 80px\">(55) 3359-4900, (55) 99155-6578&nbsp;<\/td>\n<td style=\"width: 9.83699%;height: 80px;text-align: center\">\n<div class=\"col-md-4 mar10\">\n<div class=\"infotext\" style=\"text-align: left\"><a href=\"mailto:polouab1cerrolargo@gmail.com\">polouab1cerrolargo@gmail.com<\/a><\/div>\n<\/div>\n<\/td>\n<td style=\"width: 41.1648%;text-align: center;height: 80px\">\n<p>Rua Major Antonio Cardoso, 250, Centro<\/p>\n<\/td>\n<\/tr>\n<tr style=\"height: 80px\">\n<td style=\"width: 21.164%;text-align: center;height: 80px\">Polo de Cruz Alta<\/td>\n<td style=\"width: 27.6578%;text-align: center;height: 80px\">(55) 3324-4547, (55) 98413-7201&nbsp;<\/td>\n<td style=\"width: 9.83699%;height: 80px;text-align: center\">\n<div class=\"col-md-4 mar10\">\n<div class=\"infotext\" style=\"text-align: left\"><a href=\"mailto:uabpolocruzalta@gmail.com\">uabpolocruzalta@gmail.com<\/a><\/div>\n<\/div>\n<\/td>\n<td style=\"width: 41.1648%;text-align: center;height: 80px\">\n<p>R. Pinheiro Machado &#8211; Centro<\/p>\n<\/td>\n<\/tr>\n<tr style=\"height: 72px\">\n<td style=\"width: 21.164%;height: 72px;text-align: center\">Polo de Encantado<\/td>\n<td style=\"width: 27.6578%;height: 72px;text-align: center\">\n<p>(51) 3751-6337<\/p>\n<p>(51) 99235-3519&nbsp;<\/p>\n<\/td>\n<td style=\"width: 9.83699%;height: 72px;text-align: center\">\n<p style=\"text-align: left\"><a href=\"mailto:uab.poloencantado@gmail.com\">uab.poloencantado@gmail.com<\/a><\/p>\n<\/td>\n<td style=\"width: 41.1648%;height: 72px;text-align: center\">\n<p>Centro Municipal de Educa\u00e7\u00e3o Rua Alegrete, 811<br>Bairro Lambari<\/p>\n<\/td>\n<\/tr>\n<tr style=\"height: 104px\">\n<td style=\"width: 21.164%;text-align: center;height: 104px\">Polo de Jacuizinho<\/td>\n<td style=\"width: 27.6578%;text-align: center;height: 104px\">\n<p>(55) 3269-1085, (55) 99707-4753&nbsp;<\/p>\n<\/td>\n<td style=\"width: 9.83699%;height: 104px;text-align: center\">\n<div class=\"col-md-4 mar10\">\n<div class=\"infotext\" style=\"text-align: left\"><a href=\"mailto:jacuizinho.08polo@gmail.com\">jacuizinho.08polo@gmail.com<\/a><\/div>\n<\/div>\n<\/td>\n<td style=\"width: 41.1648%;text-align: center;height: 104px\">\n<p>Rua Nelcindo Muratt S\/N &#8211; Anexo ao CTEP Centro<\/p>\n<\/td>\n<\/tr>\n<tr style=\"height: 128px\">\n<td style=\"width: 21.164%;text-align: center;height: 128px\">Polo de Novo Hamburgo<\/td>\n<td style=\"width: 27.6578%;text-align: center;height: 128px\">\n<p>(51)997556206&nbsp;<\/p>\n<\/td>\n<td style=\"width: 9.83699%;height: 128px;text-align: center\">\n<div class=\"col-md-4 mar10\">\n<div class=\"infotext\" style=\"text-align: left\"><a href=\"mailto:polouab.nh@gmail.com\">polouab.nh@gmail.com<\/a><\/div>\n<\/div>\n<\/td>\n<td style=\"width: 41.1648%;text-align: center;height: 128px\">\n<p>Rua: David Canabarro, 20 7\u00ba andar &#8211; Bairro: Centro&nbsp;<\/p>\n<\/td>\n<\/tr>\n<tr style=\"height: 104px\">\n<td style=\"width: 21.164%;text-align: center;height: 104px\">Polo de Palmeira das Miss\u00f5es<\/td>\n<td style=\"width: 27.6578%;text-align: center;height: 104px\">\n<p>(55) 3742-8834, (55) 999261337&nbsp;<\/p>\n<\/td>\n<td style=\"width: 9.83699%;height: 104px;text-align: center\">\n<div class=\"col-md-4 mar10\">\n<div class=\"infotext\" style=\"text-align: left\"><a href=\"mailto:secretaria.polouabpm@gmail.com\">secretaria.polouabpm@gmail.com<\/a><\/div>\n<\/div>\n<\/td>\n<td style=\"width: 41.1648%;text-align: center;height: 104px\">\n<p>Av. Independ\u00eancia, 3751 CP: 131 Bairro Vista Alegre&nbsp;<\/p>\n<\/td>\n<\/tr>\n<tr style=\"height: 80px\">\n<td style=\"width: 21.164%;text-align: center;height: 80px\">Polo de Panambi<\/td>\n<td style=\"width: 27.6578%;text-align: center;height: 80px\">\n<p>(55)3375-4718 , (55)9949-2853&nbsp;<\/p>\n<\/td>\n<td style=\"width: 9.83699%;height: 80px;text-align: center\">\n<div class=\"col-md-4 mar10\">\n<div class=\"infotext\" style=\"text-align: left\"><a href=\"mailto:polouabpanambi@gmail.com\">polouabpanambi@gmail.com<\/a><\/div>\n<\/div>\n<\/td>\n<td style=\"width: 41.1648%;text-align: center;height: 80px\">\n<p>Rua Hermann Mayer, 43, 2\u00aa Piso Centro&nbsp;<\/p>\n<\/td>\n<\/tr>\n<tr style=\"height: 80px\">\n<td style=\"width: 21.164%;text-align: center;height: 80px\">Polo de Restinga Seca<\/td>\n<td style=\"width: 27.6578%;text-align: center;height: 80px\">\n<p>(55) 3261-4778, (55) 99972-1902&nbsp;<\/p>\n<\/td>\n<td style=\"width: 9.83699%;height: 80px;text-align: center\">\n<div class=\"col-md-4 mar10\">\n<div class=\"infotext\" style=\"text-align: left\"><a href=\"mailto:uabrestingaseca@gmail.com\">uabrestingaseca@gmail.com<\/a><\/div>\n<\/div>\n<\/td>\n<td style=\"width: 41.1648%;text-align: center;height: 80px\">\n<p>Rua Jos\u00e9 Selestrino Alves, 134 Centro&nbsp;<\/p>\n<\/td>\n<\/tr>\n<tr style=\"height: 104px\">\n<td style=\"width: 21.164%;text-align: center;height: 104px\">Polo de Santana da Boa Vista<\/td>\n<td style=\"width: 27.6578%;text-align: center;height: 104px\">\n<p>(53) 3258-1497<\/p>\n<p>(53) 99909-2832&nbsp;<\/p>\n<\/td>\n<td style=\"width: 9.83699%;height: 104px;text-align: left\"><a href=\"mailto:sboavista.gabinete@farrapo.com.br\">sboavista.gabinete@farrapo.com.br<\/a><\/td>\n<td style=\"width: 41.1648%;text-align: center;height: 104px\">\n<p>Rua Apar\u00edcio Freitas<br>Bairro Nossa Senhora do Ros\u00e1rio<\/p>\n<\/td>\n<\/tr>\n<tr style=\"height: 80px\">\n<td style=\"width: 21.164%;text-align: center;height: 80px\">Polo de Santana do Livramento<\/td>\n<td style=\"width: 27.6578%;text-align: center;height: 80px\">\n<p>(55) 99648-4900<\/p>\n<\/td>\n<td style=\"width: 9.83699%;height: 80px;text-align: left\"><a href=\"mailto:polouabliv.rs@gmail.com\">polouabliv.rs@gmail.com<\/a><\/td>\n<td style=\"width: 41.1648%;text-align: center;height: 80px\">\n<p>Rua Rivadavia Correa<br>Centro&nbsp;<\/p>\n<\/td>\n<\/tr>\n<tr style=\"height: 144px\">\n<td style=\"width: 21.164%;height: 67px;text-align: center\">Polo de S\u00e3o Franciso de Paula<\/td>\n<td style=\"width: 27.6578%;height: 67px;text-align: center\">(54) 3244-1665, (54) 99908-4523&nbsp;&nbsp;<\/td>\n<td style=\"width: 9.83699%;height: 67px;text-align: center\">\n<div class=\"col-md-4 mar10\">\n<div class=\"infotext\" style=\"text-align: left\"><a href=\"mailto:andrea.andriolauabsfp@gmail.com\">andrea.andriolauabsfp@gmail.com<\/a><\/div>\n<\/div>\n<\/td>\n<td style=\"width: 41.1648%;height: 67px;text-align: center\">Rua Manuel Vicente Ferreira, 329, Centro<\/td>\n<\/tr>\n<tr style=\"height: 72px\">\n<td style=\"width: 21.164%;text-align: center;height: 72px\">Polo de S\u00e3o Sep\u00e9<\/td>\n<td style=\"width: 27.6578%;text-align: center;height: 72px\">(55) 3233-1924, (55) 99922-4988&nbsp;&nbsp;<\/td>\n<td style=\"width: 9.83699%;height: 72px;text-align: center\">\n<div class=\"col-md-4 mar10\">\n<div class=\"infotext\" style=\"text-align: left\"><a href=\"mailto:uab.saosepe@gmail.com\">uab.saosepe@gmail.com<\/a><\/div>\n<\/div>\n<\/td>\n<td style=\"width: 41.1648%;text-align: center;height: 72px\">Rua Coronel Ver\u00edssimo, 1177, Centro&nbsp;&nbsp;<\/td>\n<\/tr>\n<tr style=\"height: 48px\">\n<td style=\"width: 21.164%;text-align: center;height: 48px\">Polo de Sapucaia do Sul<\/td>\n<td style=\"width: 27.6578%;text-align: center;height: 48px\">(51) 3452-1058, (51) 99980-3104 &nbsp;<\/td>\n<td style=\"width: 9.83699%;height: 48px;text-align: center\">\n<div class=\"col-md-4 mar10\">\n<div class=\"infotext\" style=\"text-align: left\"><a href=\"mailto:uab.polosapucaiadosul2018@gmail.com\" target=\"_blank\" rel=\"noopener\">uab.polosapucaiadosul2018@gmail.com<\/a><a href=\"mailto:uab.sapucaia@gmail.com\">&nbsp;<\/a><\/div>\n<\/div>\n<\/td>\n<td style=\"width: 41.1648%;text-align: center;height: 48px\">Rua Atal\u00edbio Trindade Figueiredo, 4, Para\u00edso<\/td>\n<\/tr>\n<tr style=\"height: 24px\">\n<td style=\"width: 21.164%;text-align: center;height: 24px\">Polo de Sarandi<\/td>\n<td style=\"width: 27.6578%;text-align: center;height: 24px\">(54)3361-1938 , (54) 99118-2687&nbsp;<\/td>\n<td style=\"width: 9.83699%;height: 24px;text-align: center\">\n<div class=\"col-md-4 mar10\">\n<div class=\"infotext\" style=\"text-align: left\"><a href=\"mailto:puuabs@gmail.com\">puuabs@gmail.com<\/a><\/div>\n<\/div>\n<\/td>\n<td style=\"width: 41.1648%;text-align: center;height: 24px\">Avenida Santa Gema, S\/N, Santa Gema<\/td>\n<\/tr>\n<tr style=\"height: 24px\">\n<td style=\"width: 21.164%;text-align: center;height: 24px\">Polo de Seberi<\/td>\n<td style=\"width: 27.6578%;text-align: center;height: 24px\">(55)3746-2011, (55)3746-1216&nbsp;<\/td>\n<td style=\"width: 9.83699%;height: 24px;text-align: center\">\n<div class=\"col-md-4 mar10\">\n<div class=\"infotext\" style=\"text-align: left\"><a href=\"mailto:uabseberi@gmail.com\">uabseberi@gmail.com<\/a><\/div>\n<\/div>\n<\/td>\n<td style=\"width: 41.1648%;text-align: center;height: 24px\">Flores da Cunha,113 &#8211; Centro<\/td>\n<\/tr>\n<tr style=\"height: 48px\">\n<td style=\"width: 21.164%;text-align: center;height: 48px\">Polo de Sobradinho<\/td>\n<td style=\"width: 27.6578%;text-align: center;height: 48px\">(51) 3742-1661, (51) 99866-6554&nbsp;<\/td>\n<td style=\"width: 9.83699%;height: 48px;text-align: center\">\n<div class=\"col-md-4 mar10\">\n<div class=\"infotext\" style=\"text-align: left\"><a href=\"mailto:polouabsobradinho.rs@gmail.com\">polouabsobradinho.rs@gmail.com<\/a><\/div>\n<\/div>\n<\/td>\n<td style=\"width: 41.1648%;text-align: center;height: 48px\">Luiz Hon\u00f3rio Guerreiro, 270, Pr\u00e9dio, Vera Cruz<\/td>\n<\/tr>\n<tr style=\"height: 48px\">\n<td style=\"width: 21.164%;text-align: center;height: 48px\">Polo de Tapejara<\/td>\n<td style=\"width: 27.6578%;text-align: center;height: 48px\">(54)9183-1490, (54)3344-4783&nbsp;<\/td>\n<td style=\"width: 9.83699%;height: 48px;text-align: center\">\n<div class=\"col-md-4 mar10\">\n<div class=\"infotext\" style=\"text-align: left\"><a href=\"mailto:polouabtapejara@prefeituratapejara.com.br\">polouabtapejara@prefeituratapejara.com.br<\/a><\/div>\n<\/div>\n<\/td>\n<td style=\"width: 41.1648%;text-align: center;height: 48px\">Linha Girardi, S\/N, Km 03, Interior&nbsp;<\/td>\n<\/tr>\n<tr style=\"height: 48px\">\n<td style=\"width: 21.164%;text-align: center;height: 48px\">Polo de Tio Hugo<\/td>\n<td style=\"width: 27.6578%;text-align: center;height: 48px\">(54) 3338 9254&nbsp;<\/td>\n<td style=\"width: 9.83699%;height: 48px;text-align: center\">\n<div class=\"col-md-4 mar10\">\n<div class=\"infotext\" style=\"text-align: left\"><a href=\"mailto:polouabth@hotmail.com\">polouabth@hotmail.com<\/a><\/div>\n<\/div>\n<\/td>\n<td style=\"width: 41.1648%;text-align: center;height: 48px\">Rua Louren\u00e7o Gaspar da Silva, S\/N Bairro: Loro<\/td>\n<\/tr>\n<tr style=\"height: 48px\">\n<td style=\"width: 21.164%;text-align: center;height: 48px\">Polo de Tr\u00eas de Maio<\/td>\n<td style=\"width: 27.6578%;text-align: center;height: 48px\">(55)3535-8877, (55)99694-7614&nbsp;<\/td>\n<td style=\"width: 9.83699%;height: 48px;text-align: center\">\n<div class=\"col-md-4 mar10\">\n<div class=\"infotext\" style=\"text-align: left\"><a href=\"mailto:polouabtresdemaio@gmail.com\">polouabtresdemaio@gmail.com<\/a><\/div>\n<\/div>\n<\/td>\n<td style=\"width: 41.1648%;text-align: center;height: 48px\">Rua Padre Cacique N 455, Acesso pela Avenida Ava\u00ed &#8211; Bairro Centro&nbsp;<\/td>\n<\/tr>\n<tr style=\"height: 48px\">\n<td style=\"width: 21.164%;text-align: center;height: 48px\">Polo de Tr\u00eas Passos<\/td>\n<td style=\"width: 27.6578%;text-align: center;height: 48px\">(55) 35220448&nbsp;<\/td>\n<td style=\"width: 9.83699%;height: 48px;text-align: center\">\n<div class=\"col-md-4 mar10\">\n<div class=\"infotext\" style=\"text-align: left\"><a href=\"mailto:coordenacaopolotrespassos@gmail.com\">coordenacaopolotrespassos@gmail.com<\/a><\/div>\n<\/div>\n<\/td>\n<td style=\"width: 41.1648%;text-align: center;height: 48px\">Rua Cipriano Barata \u00c9rico Ver\u00edssimo&nbsp;<\/td>\n<\/tr>\n<\/tbody>\n<\/table>\n<p><!-- \/wp:tadv\/classic-paragraph --><\/p>\t\t\t\t\t\t<\/div>\n\t\t\t\t<\/div>\n\t\t\t\t\t<\/div>\n\t\t<\/div>\n\t\t\t\t\t<\/div>\n\t\t<\/section>\n\t\t\t\t<\/div>\n\t\t","protected":false},"excerpt":{"rendered":"<p>Local Telefone E-mail Endere\u00e7o Coordena\u00e7\u00e3o do Curso Atualmente, sem contato telef\u00f4nico pedagogiaead@ufsm.br Sala 214 &#8211; Pr\u00e9dio 16 B&nbsp; (anexo ao Centro de Educa\u00e7\u00e3o)Campus SedeAv. Roraima, n. 1000Bairro Camobi&nbsp; Polo de Cachoeira do Sul (51)3724-6007, (51) 99963-1427&nbsp; uabcachoeira@gmail.com Rua J\u00falio de Castilhos, 342, 2\u00ba Andar, Centro Polo de Cerro Largo (55) 3359-4900, (55) 99155-6578&nbsp; polouab1cerrolargo@gmail.com Rua [&hellip;]<\/p>\n","protected":false},"author":262,"featured_media":0,"parent":0,"menu_order":0,"comment_status":"closed","ping_status":"closed","template":"","meta":{"footnotes":""},"categories":[],"tags":[],"class_list":["post-214","page","type-page","status-publish","hentry"],"acf":[],"_links":{"self":[{"href":"https:\/\/www.ufsm.br\/cursos\/graduacao\/educacao-a-distancia\/pedagogia\/wp-json\/wp\/v2\/pages\/214","targetHints":{"allow":["GET"]}}],"collection":[{"href":"https:\/\/www.ufsm.br\/cursos\/graduacao\/educacao-a-distancia\/pedagogia\/wp-json\/wp\/v2\/pages"}],"about":[{"href":"https:\/\/www.ufsm.br\/cursos\/graduacao\/educacao-a-distancia\/pedagogia\/wp-json\/wp\/v2\/types\/page"}],"author":[{"embeddable":true,"href":"https:\/\/www.ufsm.br\/cursos\/graduacao\/educacao-a-distancia\/pedagogia\/wp-json\/wp\/v2\/users\/262"}],"replies":[{"embeddable":true,"href":"https:\/\/www.ufsm.br\/cursos\/graduacao\/educacao-a-distancia\/pedagogia\/wp-json\/wp\/v2\/comments?post=214"}],"version-history":[{"count":0,"href":"https:\/\/www.ufsm.br\/cursos\/graduacao\/educacao-a-distancia\/pedagogia\/wp-json\/wp\/v2\/pages\/214\/revisions"}],"wp:attachment":[{"href":"https:\/\/www.ufsm.br\/cursos\/graduacao\/educacao-a-distancia\/pedagogia\/wp-json\/wp\/v2\/media?parent=214"}],"wp:term":[{"taxonomy":"category","embeddable":true,"href":"https:\/\/www.ufsm.br\/cursos\/graduacao\/educacao-a-distancia\/pedagogia\/wp-json\/wp\/v2\/categories?post=214"},{"taxonomy":"post_tag","embeddable":true,"href":"https:\/\/www.ufsm.br\/cursos\/graduacao\/educacao-a-distancia\/pedagogia\/wp-json\/wp\/v2\/tags?post=214"}],"curies":[{"name":"wp","href":"https:\/\/api.w.org\/{rel}","templated":true}]}}