{"id":237,"date":"2019-05-03T09:36:24","date_gmt":"2019-05-03T12:36:24","guid":{"rendered":"https:\/\/www.ufsm.br\/cursos\/graduacao\/educacao-a-distancia\/pedagogia\/?page_id=237"},"modified":"2023-03-20T22:33:39","modified_gmt":"2023-03-21T01:33:39","slug":"historia-do-curso","status":"publish","type":"page","link":"https:\/\/www.ufsm.br\/cursos\/graduacao\/educacao-a-distancia\/pedagogia\/historia-do-curso","title":{"rendered":"Hist\u00f3ria do Curso"},"content":{"rendered":"\n<p>O Curso de Pedagogia EAD foi criado em 2007, com oferta em nove polos do Rio Grande do Sul. Desde sua cria\u00e7\u00e3o, teve novas ofertas em 2009, 2010, 2012, 2013, 2014, 2017, 2018, 2019 e 2022 nos seguintes munic\u00edpios: Agudo, Cacequi, Cachoeira do Sul, Cerro Largo, Cruz Alta, Encantado, Faxinal do Soturno, Jacuizinho, Novo Hamburgo, Panambi, Restinga Seca, Sapucaia do Sul, Santana da Boa Vista, Santana do Livramento, S\u00e3o Francisco de Paula, S\u00e3o Louren\u00e7o do Sul, S\u00e3o Sep\u00e9, Sarandi, Seberi, Sobradinho, Tapejara, Tio Hugo, Tr\u00eas de Maio, Tr\u00eas Passos, Palmeira das Miss\u00f5es. Alguns polos deixaram de ser atendidos e foram substitu\u00eddos por outros.<\/p>\n<p>Em 2011 o Curso foi avaliado pelo INEP e recebeu a nota m\u00e1xima pela comiss\u00e3o externa de avalia\u00e7\u00e3o. Foi reconhecido pela Portaria n. 177\/2013\/MEC, publicada no DOU, de 19 de abril de 2013. Teve sua Renova\u00e7\u00e3o de Reconhecimento pela Portaria 913 SERES\/MEC, publicada no DOU, de 27\/12\/2018.<\/p>\n<p>Atualmente, o curso tem oferta regular em andamento nos polos Jacuizinho, Santana do Livramento, Seberi, Sobradinho, Tr\u00eas Passos, pelo vestibular EAD UFSM 2022.<\/p>\n<p>O curso j\u00e1 formou mais de 1100 estudantes. \u00c9 o curso com o maior n\u00famero de ofertas e que atende o maior n\u00famero de estudantes na gradua\u00e7\u00e3o a dist\u00e2ncia.<\/p>\n","protected":false},"excerpt":{"rendered":"<p>O Curso de Pedagogia EAD foi criado em 2007, com oferta em nove polos do Rio Grande do Sul. Desde sua cria\u00e7\u00e3o, teve novas ofertas em 2009, 2010, 2012, 2013, 2014, 2017, 2018, 2019 e 2022 nos seguintes munic\u00edpios: Agudo, Cacequi, Cachoeira do Sul, Cerro Largo, Cruz Alta, Encantado, Faxinal do Soturno, Jacuizinho, Novo Hamburgo, [&hellip;]<\/p>\n","protected":false},"author":262,"featured_media":0,"parent":0,"menu_order":0,"comment_status":"closed","ping_status":"closed","template":"","meta":{"footnotes":""},"categories":[],"tags":[],"class_list":["post-237","page","type-page","status-publish","hentry"],"acf":[],"_links":{"self":[{"href":"https:\/\/www.ufsm.br\/cursos\/graduacao\/educacao-a-distancia\/pedagogia\/wp-json\/wp\/v2\/pages\/237","targetHints":{"allow":["GET"]}}],"collection":[{"href":"https:\/\/www.ufsm.br\/cursos\/graduacao\/educacao-a-distancia\/pedagogia\/wp-json\/wp\/v2\/pages"}],"about":[{"href":"https:\/\/www.ufsm.br\/cursos\/graduacao\/educacao-a-distancia\/pedagogia\/wp-json\/wp\/v2\/types\/page"}],"author":[{"embeddable":true,"href":"https:\/\/www.ufsm.br\/cursos\/graduacao\/educacao-a-distancia\/pedagogia\/wp-json\/wp\/v2\/users\/262"}],"replies":[{"embeddable":true,"href":"https:\/\/www.ufsm.br\/cursos\/graduacao\/educacao-a-distancia\/pedagogia\/wp-json\/wp\/v2\/comments?post=237"}],"version-history":[{"count":0,"href":"https:\/\/www.ufsm.br\/cursos\/graduacao\/educacao-a-distancia\/pedagogia\/wp-json\/wp\/v2\/pages\/237\/revisions"}],"wp:attachment":[{"href":"https:\/\/www.ufsm.br\/cursos\/graduacao\/educacao-a-distancia\/pedagogia\/wp-json\/wp\/v2\/media?parent=237"}],"wp:term":[{"taxonomy":"category","embeddable":true,"href":"https:\/\/www.ufsm.br\/cursos\/graduacao\/educacao-a-distancia\/pedagogia\/wp-json\/wp\/v2\/categories?post=237"},{"taxonomy":"post_tag","embeddable":true,"href":"https:\/\/www.ufsm.br\/cursos\/graduacao\/educacao-a-distancia\/pedagogia\/wp-json\/wp\/v2\/tags?post=237"}],"curies":[{"name":"wp","href":"https:\/\/api.w.org\/{rel}","templated":true}]}}