{"id":238,"date":"2019-05-03T09:41:21","date_gmt":"2019-05-03T12:41:21","guid":{"rendered":"https:\/\/www.ufsm.br\/cursos\/graduacao\/educacao-a-distancia\/pedagogia\/?page_id=238"},"modified":"2023-03-20T22:37:55","modified_gmt":"2023-03-21T01:37:55","slug":"resolucoes-da-ufsm","status":"publish","type":"page","link":"https:\/\/www.ufsm.br\/cursos\/graduacao\/educacao-a-distancia\/pedagogia\/resolucoes-da-ufsm","title":{"rendered":"Resolu\u00e7\u00f5es da UFSM"},"content":{"rendered":"\t\t<div data-elementor-type=\"wp-page\" data-elementor-id=\"238\" class=\"elementor elementor-238\">\n\t\t\t\t\t\t<section class=\"elementor-section elementor-top-section elementor-element elementor-element-707cafbf elementor-section-boxed elementor-section-height-default elementor-section-height-default\" data-id=\"707cafbf\" data-element_type=\"section\">\n\t\t\t\t\t\t<div class=\"elementor-container elementor-column-gap-default\">\n\t\t\t\t\t<div class=\"elementor-column elementor-col-100 elementor-top-column elementor-element elementor-element-20c1fd3a\" data-id=\"20c1fd3a\" data-element_type=\"column\">\n\t\t\t<div class=\"elementor-widget-wrap elementor-element-populated\">\n\t\t\t\t\t\t<div class=\"elementor-element elementor-element-6e7b5469 elementor-widget elementor-widget-text-editor\" data-id=\"6e7b5469\" data-element_type=\"widget\" data-widget_type=\"text-editor.default\">\n\t\t\t\t<div class=\"elementor-widget-container\">\n\t\t\t\t\t\t\t<p><!-- wp:tadv\/classic-paragraph --><\/p>\n<ul>\n<li>Guia Acad\u00eamico 2019 (<a href=\"https:\/\/www.ufsm.br\/pro-reitorias\/prograd\/wp-content\/uploads\/sites\/342\/2019\/04\/guia_academico_ufsm_2019.pdf\" target=\"_blank\" rel=\"noopener noreferrer\">Publicado conforme Resolu\u00e7\u00e3o 008\/1999<\/a>)<\/li>\n<li>C\u00f3digo de \u00c9tica e Conviv\u00eancia Discente&nbsp;<a href=\"https:\/\/portal.ufsm.br\/documentos\/publico\/documento.html?id=9979135\" target=\"_blank\" rel=\"noopener noreferrer\">(Resolu\u00e7\u00e3o 017\/2018)<\/a><\/li>\n<li>Regime Especial de Avalia\u00e7\u00e3o (<a href=\"https:\/\/portal.ufsm.br\/documentos\/publico\/documento.html?id=7331541\" target=\"_blank\" rel=\"noopener noreferrer\">Resolu\u00e7\u00e3o 032\/2015<\/a>)<\/li>\n<li>Aproveitamento de Disciplinas (<a href=\"https:\/\/portal.ufsm.br\/documentos\/publico\/documento.html?id=8789401\" target=\"_blank\">Resolu\u00e7\u00e3o 025\/2017<\/a>)<\/li>\n<\/ul>\n<p><!-- \/wp:tadv\/classic-paragraph --><\/p>\t\t\t\t\t\t<\/div>\n\t\t\t\t<\/div>\n\t\t\t\t\t<\/div>\n\t\t<\/div>\n\t\t\t\t\t<\/div>\n\t\t<\/section>\n\t\t\t\t<\/div>\n\t\t","protected":false},"excerpt":{"rendered":"<p>Guia Acad\u00eamico 2019 (Publicado conforme Resolu\u00e7\u00e3o 008\/1999) C\u00f3digo de \u00c9tica e Conviv\u00eancia Discente&nbsp;(Resolu\u00e7\u00e3o 017\/2018) Regime Especial de Avalia\u00e7\u00e3o (Resolu\u00e7\u00e3o 032\/2015) Aproveitamento de Disciplinas (Resolu\u00e7\u00e3o 025\/2017)<\/p>\n","protected":false},"author":262,"featured_media":0,"parent":0,"menu_order":0,"comment_status":"closed","ping_status":"closed","template":"","meta":{"footnotes":""},"categories":[],"tags":[],"class_list":["post-238","page","type-page","status-publish","hentry"],"acf":[],"_links":{"self":[{"href":"https:\/\/www.ufsm.br\/cursos\/graduacao\/educacao-a-distancia\/pedagogia\/wp-json\/wp\/v2\/pages\/238","targetHints":{"allow":["GET"]}}],"collection":[{"href":"https:\/\/www.ufsm.br\/cursos\/graduacao\/educacao-a-distancia\/pedagogia\/wp-json\/wp\/v2\/pages"}],"about":[{"href":"https:\/\/www.ufsm.br\/cursos\/graduacao\/educacao-a-distancia\/pedagogia\/wp-json\/wp\/v2\/types\/page"}],"author":[{"embeddable":true,"href":"https:\/\/www.ufsm.br\/cursos\/graduacao\/educacao-a-distancia\/pedagogia\/wp-json\/wp\/v2\/users\/262"}],"replies":[{"embeddable":true,"href":"https:\/\/www.ufsm.br\/cursos\/graduacao\/educacao-a-distancia\/pedagogia\/wp-json\/wp\/v2\/comments?post=238"}],"version-history":[{"count":0,"href":"https:\/\/www.ufsm.br\/cursos\/graduacao\/educacao-a-distancia\/pedagogia\/wp-json\/wp\/v2\/pages\/238\/revisions"}],"wp:attachment":[{"href":"https:\/\/www.ufsm.br\/cursos\/graduacao\/educacao-a-distancia\/pedagogia\/wp-json\/wp\/v2\/media?parent=238"}],"wp:term":[{"taxonomy":"category","embeddable":true,"href":"https:\/\/www.ufsm.br\/cursos\/graduacao\/educacao-a-distancia\/pedagogia\/wp-json\/wp\/v2\/categories?post=238"},{"taxonomy":"post_tag","embeddable":true,"href":"https:\/\/www.ufsm.br\/cursos\/graduacao\/educacao-a-distancia\/pedagogia\/wp-json\/wp\/v2\/tags?post=238"}],"curies":[{"name":"wp","href":"https:\/\/api.w.org\/{rel}","templated":true}]}}