{"id":272,"date":"2019-07-15T16:43:38","date_gmt":"2019-07-15T19:43:38","guid":{"rendered":"https:\/\/www.ufsm.br\/cursos\/graduacao\/educacao-a-distancia\/pedagogia\/?page_id=272"},"modified":"2023-03-20T22:47:29","modified_gmt":"2023-03-21T01:47:29","slug":"formaturas","status":"publish","type":"page","link":"https:\/\/www.ufsm.br\/cursos\/graduacao\/educacao-a-distancia\/pedagogia\/formaturas","title":{"rendered":"Formaturas"},"content":{"rendered":"\n<p>Acompanhe informa\u00e7\u00f5es sobre cola\u00e7\u00e3o de grau no <a href=\"https:\/\/www.ufsm.br\/pro-reitorias\/prograd\/colacao-de-grau\" data-type=\"URL\" data-id=\"https:\/\/www.ufsm.br\/pro-reitorias\/prograd\/colacao-de-grau\" target=\"_blank\" rel=\"noreferrer noopener\">site da PROGRAD<\/a>.<\/p>\n\n\n<div class=\"wp-block-image\">\n<figure class=\"aligncenter size-full\"><img fetchpriority=\"high\" decoding=\"async\" width=\"425\" height=\"193\" src=\"https:\/\/www.ufsm.br\/app\/uploads\/sites\/628\/2023\/03\/image.jpg\" alt=\"\" class=\"wp-image-1420\" srcset=\"https:\/\/www.ufsm.br\/app\/uploads\/sites\/628\/2023\/03\/image.jpg 425w, https:\/\/www.ufsm.br\/app\/uploads\/sites\/628\/2023\/03\/image-300x136.jpg 300w\" sizes=\"(max-width: 425px) 100vw, 425px\" \/><\/figure>\n<\/div>","protected":false},"excerpt":{"rendered":"<p>Acompanhe informa\u00e7\u00f5es sobre cola\u00e7\u00e3o de grau no site da PROGRAD.<\/p>\n","protected":false},"author":115,"featured_media":1243,"parent":0,"menu_order":0,"comment_status":"closed","ping_status":"closed","template":"","meta":{"footnotes":""},"categories":[],"tags":[],"class_list":["post-272","page","type-page","status-publish","has-post-thumbnail","hentry"],"acf":[],"_links":{"self":[{"href":"https:\/\/www.ufsm.br\/cursos\/graduacao\/educacao-a-distancia\/pedagogia\/wp-json\/wp\/v2\/pages\/272","targetHints":{"allow":["GET"]}}],"collection":[{"href":"https:\/\/www.ufsm.br\/cursos\/graduacao\/educacao-a-distancia\/pedagogia\/wp-json\/wp\/v2\/pages"}],"about":[{"href":"https:\/\/www.ufsm.br\/cursos\/graduacao\/educacao-a-distancia\/pedagogia\/wp-json\/wp\/v2\/types\/page"}],"author":[{"embeddable":true,"href":"https:\/\/www.ufsm.br\/cursos\/graduacao\/educacao-a-distancia\/pedagogia\/wp-json\/wp\/v2\/users\/115"}],"replies":[{"embeddable":true,"href":"https:\/\/www.ufsm.br\/cursos\/graduacao\/educacao-a-distancia\/pedagogia\/wp-json\/wp\/v2\/comments?post=272"}],"version-history":[{"count":0,"href":"https:\/\/www.ufsm.br\/cursos\/graduacao\/educacao-a-distancia\/pedagogia\/wp-json\/wp\/v2\/pages\/272\/revisions"}],"wp:featuredmedia":[{"embeddable":true,"href":"https:\/\/www.ufsm.br\/cursos\/graduacao\/educacao-a-distancia\/pedagogia\/wp-json\/wp\/v2\/media\/1243"}],"wp:attachment":[{"href":"https:\/\/www.ufsm.br\/cursos\/graduacao\/educacao-a-distancia\/pedagogia\/wp-json\/wp\/v2\/media?parent=272"}],"wp:term":[{"taxonomy":"category","embeddable":true,"href":"https:\/\/www.ufsm.br\/cursos\/graduacao\/educacao-a-distancia\/pedagogia\/wp-json\/wp\/v2\/categories?post=272"},{"taxonomy":"post_tag","embeddable":true,"href":"https:\/\/www.ufsm.br\/cursos\/graduacao\/educacao-a-distancia\/pedagogia\/wp-json\/wp\/v2\/tags?post=272"}],"curies":[{"name":"wp","href":"https:\/\/api.w.org\/{rel}","templated":true}]}}