{"id":618,"date":"2019-07-16T11:34:01","date_gmt":"2019-07-16T14:34:01","guid":{"rendered":"https:\/\/www.ufsm.br\/cursos\/graduacao\/educacao-a-distancia\/pedagogia\/?page_id=618"},"modified":"2020-10-06T11:00:45","modified_gmt":"2020-10-06T14:00:45","slug":"links-uteis","status":"publish","type":"page","link":"https:\/\/www.ufsm.br\/cursos\/graduacao\/educacao-a-distancia\/pedagogia\/links-uteis","title":{"rendered":"Links \u00fateis"},"content":{"rendered":"\n<p><a href=\"https:\/\/portal.ufsm.br\/aluno\/\">Portal do aluno<\/a><\/p>\n\n\n\n<p><a href=\"https:\/\/ead08.proj.ufsm.br\/login\/\">NTE- UFSM<\/a><\/p>\n\n\n\n<p><a href=\"https:\/\/www.ufsm.br\/unidades-universitarias\/ce\/\">Centro de Educa\u00e7\u00e3o<\/a><\/p>\n\n\n\n<p><a href=\"http:\/\/www.uab.capes.gov.br\/pt\/\">Portal UAB<\/a><\/p>\n\n\n\n<p><a href=\"https:\/\/www.ufsm.br\/cursos\/graduacao\/educacao-a-distancia\/pedagogia\/biblioteca-virtual\/\">Biblioteca Virtual<\/a><\/p>\n\n\n\n<p><a href=\"https:\/\/tvescola.org.br\/\">Tv escola<\/a><\/p>\n\n\n\n<p><a href=\"http:\/\/www.dominiopublico.gov.br\/pesquisa\/PesquisaObraForm.jsp\">Portal Dom\u00ednio P\u00fablico<\/a><\/p>\n\n\n\n<p><a href=\"http:\/\/portaldoprofessor.mec.gov.br\/index.html\">Portal do Professor mec<\/a><\/p>\n\n\n\n<p><a rel=\"noreferrer noopener\" href=\"https:\/\/www.ufsm.br\/orgaos-executivos\/derca\/\" target=\"_blank\">DERCA &#8211; UFSM<\/a><\/p>\n\n\n\n<p><a href=\"https:\/\/www.ufsm.br\/pro-reitorias\/prae\/\" target=\"_blank\" rel=\"noreferrer noopener\">PRAE &#8211; UFSM <\/a><\/p>\n\n\n\n<p><a href=\"https:\/\/www.ufsm.br\/pro-reitorias\/prograd\/\" target=\"_blank\" rel=\"noreferrer noopener\">PROGRAD &#8211; UFSM<\/a><\/p>\n","protected":false},"excerpt":{"rendered":"<p>Portal do aluno NTE- UFSM Centro de Educa\u00e7\u00e3o Portal UAB Biblioteca Virtual Tv escola Portal Dom\u00ednio P\u00fablico Portal do Professor mec DERCA &#8211; UFSM PRAE &#8211; UFSM PROGRAD &#8211; UFSM<\/p>\n","protected":false},"author":115,"featured_media":0,"parent":0,"menu_order":0,"comment_status":"closed","ping_status":"closed","template":"","meta":{"footnotes":""},"categories":[],"tags":[],"class_list":["post-618","page","type-page","status-publish","hentry"],"acf":[],"_links":{"self":[{"href":"https:\/\/www.ufsm.br\/cursos\/graduacao\/educacao-a-distancia\/pedagogia\/wp-json\/wp\/v2\/pages\/618","targetHints":{"allow":["GET"]}}],"collection":[{"href":"https:\/\/www.ufsm.br\/cursos\/graduacao\/educacao-a-distancia\/pedagogia\/wp-json\/wp\/v2\/pages"}],"about":[{"href":"https:\/\/www.ufsm.br\/cursos\/graduacao\/educacao-a-distancia\/pedagogia\/wp-json\/wp\/v2\/types\/page"}],"author":[{"embeddable":true,"href":"https:\/\/www.ufsm.br\/cursos\/graduacao\/educacao-a-distancia\/pedagogia\/wp-json\/wp\/v2\/users\/115"}],"replies":[{"embeddable":true,"href":"https:\/\/www.ufsm.br\/cursos\/graduacao\/educacao-a-distancia\/pedagogia\/wp-json\/wp\/v2\/comments?post=618"}],"version-history":[{"count":0,"href":"https:\/\/www.ufsm.br\/cursos\/graduacao\/educacao-a-distancia\/pedagogia\/wp-json\/wp\/v2\/pages\/618\/revisions"}],"wp:attachment":[{"href":"https:\/\/www.ufsm.br\/cursos\/graduacao\/educacao-a-distancia\/pedagogia\/wp-json\/wp\/v2\/media?parent=618"}],"wp:term":[{"taxonomy":"category","embeddable":true,"href":"https:\/\/www.ufsm.br\/cursos\/graduacao\/educacao-a-distancia\/pedagogia\/wp-json\/wp\/v2\/categories?post=618"},{"taxonomy":"post_tag","embeddable":true,"href":"https:\/\/www.ufsm.br\/cursos\/graduacao\/educacao-a-distancia\/pedagogia\/wp-json\/wp\/v2\/tags?post=618"}],"curies":[{"name":"wp","href":"https:\/\/api.w.org\/{rel}","templated":true}]}}