{"id":621,"date":"2019-07-16T11:36:20","date_gmt":"2019-07-16T14:36:20","guid":{"rendered":"https:\/\/www.ufsm.br\/cursos\/graduacao\/educacao-a-distancia\/pedagogia\/?page_id=621"},"modified":"2019-07-16T11:36:22","modified_gmt":"2019-07-16T14:36:22","slug":"perguntas-frequentes","status":"publish","type":"page","link":"https:\/\/www.ufsm.br\/cursos\/graduacao\/educacao-a-distancia\/pedagogia\/perguntas-frequentes","title":{"rendered":"Perguntas frequentes"},"content":{"rendered":"\n<p><strong>Como ocorre o ingresso para o curso?<\/strong><\/p>\n\n\n\n<p>&nbsp;&nbsp;&nbsp;&nbsp;&nbsp;&nbsp;&nbsp;&nbsp;&nbsp; O ingresso no curso ocorre atrav\u00e9s de vestibular simplificado. O edital do vestibular \u00e9 divulgado no site da UFSM e \u00e9 responsabilidade da COPERVES (Comiss\u00e3o Permanente de Vestibular). O vestibular \u00e9 realizado nos polos de oferta do curso divulgados no edital.<\/p>\n\n\n\n<p>&nbsp;<strong>A partir de 2016 o ingresso ser\u00e1 pelo SISU, sendo obrigat\u00f3rio a realiza\u00e7\u00e3o do ENEM em 2015.<\/strong><\/p>\n\n\n\n<p>Outra forma de ingresso no curso \u00e9 atrav\u00e9s de edital de ingresso\/reingresso.<\/p>\n\n\n\n<p>&nbsp;<strong>Do que se trata o edital de ingresso\/reingresso?<\/strong><\/p>\n\n\n\n<p>&nbsp; &nbsp; &nbsp; &nbsp; &nbsp; &nbsp;&nbsp;&nbsp;Eventualmente, quando h\u00e1 vagas excedentes, o Colegiado do Curso abre um edital de ingresso\/reingresso. Nada garante que o edital saia todos os anos!!!<\/p>\n\n\n\n<p>Este edital tem regras espec\u00edficas, prioridades de sele\u00e7\u00e3o que s\u00e3o definidas pelo Colegiado.<\/p>\n\n\n\n<p><strong>Quem pode participar do edital de ingresso\/reingresso?<\/strong><\/p>\n\n\n\n<p>&nbsp; &nbsp; &nbsp; &nbsp; &nbsp; &nbsp;&nbsp;Geralmente podem participar do edital estudantes que abandonaram o curso e que querem retornar (desde que n\u00e3o tenham sido jubilados); estudantes dos cursos presenciais do Centro de Educa\u00e7\u00e3o que querem transfer\u00eancia para a EAD; estudantes que querem transfer\u00eancia de polo; estudantes vinculados a Cursos de Pedagogia de outras institui\u00e7\u00f5es que desejam transfer\u00eancia e portadores de diploma (pessoas que j\u00e1 se formaram em outro curso superior).<\/p>\n\n\n\n<p><strong>Como funciona o curso (dura\u00e7\u00e3o, encontros presenciais, avalia\u00e7\u00e3o)?<\/strong><\/p>\n\n\n\n<p>&nbsp;&nbsp;&nbsp;&nbsp;&nbsp;&nbsp;&nbsp;&nbsp;&nbsp;&nbsp;&nbsp;&nbsp;O curso de Pedagogia \u00e9 gratuito.<\/p>\n\n\n\n<p>&nbsp;&nbsp;&nbsp;&nbsp;&nbsp;&nbsp;&nbsp;&nbsp; A metodologiado curso consiste em atividades online pela Plataforma Moodle e por&nbsp;<strong>encontros presenciais (aulas e avalia\u00e7\u00f5es)<\/strong><strong>de presen\u00e7a obrigat\u00f3ria por lei<\/strong>, nos polos em que o estudante est\u00e1 vinculado.<\/p>\n\n\n\n<p>&nbsp;&nbsp;&nbsp;&nbsp;&nbsp;&nbsp;&nbsp;&nbsp; O per\u00edodo m\u00ednimo de dura\u00e7\u00e3o do curso (integraliza\u00e7\u00e3o curricular) \u00e9 de 8 semestres (4 anos) e o tempo m\u00e1ximo \u00e9 de 12 semestres (6 anos).<\/p>\n\n\n\n<p><strong>Quais as possibilidades de atua\u00e7\u00e3o para quem se forma neste curso?<\/strong><\/p>\n\n\n\n<p>O Curso de Pedagogia, conforme as Diretrizes Curriculares, forma professores para atuarem prioritariamente na Educa\u00e7\u00e3o Infantil e nos Anos Iniciais do Ensino Fundamental. Al\u00e9m disto, o campo de atua\u00e7\u00e3o do pedagogo envolve a gest\u00e3o educacional, a educa\u00e7\u00e3o de jovens e adultos e a educa\u00e7\u00e3o em espa\u00e7os informais.<\/p>\n\n\n\n<p>&nbsp;<strong>Como funcionam os est\u00e1gios?<\/strong><\/p>\n\n\n\n<p>&nbsp;&nbsp;&nbsp;&nbsp;&nbsp;&nbsp;&nbsp;&nbsp;&nbsp;&nbsp;&nbsp;&nbsp;&nbsp;O estudante precisa dispor de tempo para realiza\u00e7\u00e3o de dois est\u00e1gios curriculares obrigat\u00f3rios: Educa\u00e7\u00e3o Infantil (s\u00e9timo semestre) e Anos Iniciais do Ensino Fundamental (oitavo semestre).<\/p>\n\n\n\n<p>Cada est\u00e1gio envolve, aproximadamente, sete semanas de cada semestre, podendo durar mais.<\/p>\n\n\n\n<p>Al\u00e9 disto existe a disciplina de Inser\u00e7\u00e3o e Monitoria, ofertada no sexto semestre que tamb\u00e9m envolve oito dias de observa\u00e7\u00f5es na escola.<\/p>\n\n\n\n<p><strong>Quem tem direito a licen\u00e7a para tratamento de sa\u00fade?<\/strong><\/p>\n\n\n\n<p>&nbsp;&nbsp;&nbsp;&nbsp;&nbsp;&nbsp;&nbsp;&nbsp;&nbsp; Somente o estudante pode requerer o que chamamos de \u201cregime de exerc\u00edcios domiciliares\u201d. N\u00e3o existe, na UFSM, licen\u00e7a especial para tomar conta de familiares.<\/p>\n\n\n\n<p>O \u201cregime de exerc\u00edcios domiciliares\u201d garante ao estudante a possibilidade de realizar as tarefas do curso em casa. Como a maioria das tarefas da EAD \u00e9 realizada em casa,&nbsp;<strong>os atestados s\u00f3 justificam aus\u00eancia em encontros presenciais.<\/strong><\/p>\n\n\n\n<p>&nbsp;<strong>Como proceder para solicitar o \u201cregime especial de exerc\u00edcios domiciliares\u201d?<\/strong><\/p>\n\n\n\n<p>&nbsp;&nbsp;&nbsp;&nbsp;&nbsp;&nbsp;&nbsp;&nbsp; O estudante precisa encaminhar a coordena\u00e7\u00e3o do curso o atestado que justifica sua aus\u00eancia no encontro presencial para que seja encaminhado aos professores das disciplinas.<\/p>\n\n\n\n<p>&nbsp;<strong>Qual a fun\u00e7\u00e3o do tutor presencial e do tutor a dist\u00e2ncia?<\/strong><\/p>\n\n\n\n<p>&nbsp;&nbsp;&nbsp;&nbsp;&nbsp;&nbsp;&nbsp;&nbsp;&nbsp;&nbsp;&nbsp;O&nbsp;<strong>tutor presencial<\/strong>&nbsp;tem a fun\u00e7\u00e3o de ser o contato do curso no polo e&nbsp;<strong>prestar aux\u00edlio nas d\u00favidas referentes ao ambiente e n\u00e3o ao conte\u00fado das disciplinas.<\/strong>&nbsp;Nem todos os polos tem tutores presenciais. \u00c9 preciso, no m\u00ednimo 25 estudantes no polo para que se tenha este tutor.<\/p>\n\n\n\n<p>Todas as disciplinas tem um&nbsp;<strong>tutor a dist\u00e2ncia<\/strong>&nbsp;respons\u00e1vel pelo seu polo. Este tutor \u00e9&nbsp;<strong>respons\u00e1vel pelo aux\u00edlio com as quest\u00f5es de conte\u00fado (d\u00favidas), pelas explica\u00e7\u00f5es em rela\u00e7\u00e3o a execu\u00e7\u00e3o das tarefas e pelo contato com o professor da disciplina.<\/strong><\/p>\n\n\n\n<p>&nbsp;<strong>Como posso obter o hist\u00f3rico escolar e o comprovante de matr\u00edcula?<\/strong><\/p>\n\n\n\n<p>&nbsp;&nbsp;&nbsp;&nbsp;&nbsp;&nbsp;&nbsp;&nbsp;&nbsp; Esses documentos podem ser obtidos atrav\u00e9s do Portal do Aluno, com certifica\u00e7\u00e3o digital.<\/p>\n\n\n\n<p><strong>Como fa\u00e7o para fazer o meu&nbsp;<\/strong><strong>primeiro acesso<\/strong><strong>&nbsp;ao portal do aluno e ao Moodle?<\/strong><\/p>\n\n\n\n<p>&nbsp;&nbsp;&nbsp;&nbsp;&nbsp;&nbsp;&nbsp;&nbsp; O primeiro acesso ao Portal do Aluno e ao ambiente Moodle \u00e9 feito da seguinte forma: LOGIN \u2013 n\u00ba de matr\u00edcula. SENHA \u2013 data de nascimento, digitada da seguinte forma ddmmaaaa (dia, m\u00eas e ano).<\/p>\n\n\n\n<p><strong>Como solicitar ajuste de matr\u00edcula?<\/strong><\/p>\n\n\n\n<p>&nbsp;&nbsp;&nbsp;&nbsp;&nbsp; Os ajustes de matr\u00edcula pode ser solicitados, no per\u00edodo estabelecido pelo Calend\u00e1rio do Curso, atrav\u00e9s do email&nbsp;<a href=\"mailto:%20%3Cscript%20language='JavaScript'%20type='text\/javascript'%3E%20%3C!--%20var%20prefix%20=%20'ma'%20+%20'il'%20+%20'to';%20var%20path%20=%20'hr'%20+%20'ef'%20+%20'=';%20var%20addy70473%20=%20'pedagogiaead'%20+%20'@';%20addy70473%20=%20addy70473%20+%20'ufsm'%20+%20'.'%20+%20'br';%20document.write(%20'%3Ca%20'%20+%20path%20+%20'\\''%20+%20prefix%20+%20':'%20+%20addy70473%20+%20'\\'%3E'%20);%20document.write(%20addy70473%20);%20document.write(%20'%3C\\\/a%3E'%20);%20\/\/--%3E\\n%20%3C\/script%3E%20%3Cscript%20language='JavaScript'%20type='text\/javascript'%3E%20%3C!--%20document.write(%20'%3Cspan%20style=\\'display:%20none;\\'%3E'%20);%20\/\/--%3E%20%3C\/script%3EEste%20endere%C3%A7o%20de%20e-mail%20est%C3%A1%20protegido%20contra%20spambots.%20Voc%C3%AA%20deve%20habilitar%20o%20JavaScript%20para%20visualiz%C3%A1-lo.%20%3Cscript%20language='JavaScript'%20type='text\/javascript'%3E%20%3C!--%20document.write(%20'%3C\/'%20);%20document.write(%20'span%3E'%20);%20\/\/--%3E%20%3C\/script%3E\"><\/a><a href=\"mailto:pedagogiaead@ufsm.br\">pedagogiaead@ufsm.br<\/a>&nbsp;.<\/p>\n\n\n\n<p>A coordena\u00e7\u00e3o do Curso analisa as solicita\u00e7\u00f5es de ajuste, considerando o cumprimento da sequ\u00eancia aconselhada (ordem de cursar as disciplinas atrav\u00e9s dos semestres) e autoriza, ou n\u00e3o, o ajuste.<\/p>\n\n\n\n<p><strong>O que s\u00e3o ACGs?<\/strong><\/p>\n\n\n\n<p>&nbsp;&nbsp;&nbsp;&nbsp;&nbsp;&nbsp;&nbsp;Para a integraliza\u00e7\u00e3o curricular, todo estudante deve, at\u00e9 o final do curso, computar 105 horas de ACGs (Atividades Complementares de&nbsp;&nbsp;&nbsp;&nbsp;&nbsp;&nbsp;&nbsp;&nbsp;&nbsp;&nbsp; Gradua\u00e7\u00e3o). Estas atividades dizem respeito a participa\u00e7\u00e3o em Semin\u00e1rios, Cursos, Est\u00e1gios Extracurriculares, Comiss\u00f5es, etc.<\/p>\n\n\n\n<p>As normas das ACGs est\u00e3o dispon\u00edveis no site do curso.<\/p>\n\n\n\n<p><strong>O que s\u00e3o DCG&#8217;s?<\/strong><\/p>\n\n\n\n<p>&nbsp;&nbsp;&nbsp;&nbsp;&nbsp;&nbsp; Disciplinas Complementares de Gradua\u00e7\u00e3o s\u00e3o disciplinas optativas oferecidas durante o curso. Cada estudante deve cursar, no m\u00ednimo, duas DCG&#8217;s ao longo do curso.<\/p>\n\n\n\n<p><strong>J\u00e1 cursei algumas disciplinas em outra institui\u00e7\u00e3o. Como posso fazer para solicitar aproveitamento destas disciplinas?<\/strong><\/p>\n\n\n\n<p>&nbsp;&nbsp;&nbsp;&nbsp;&nbsp;&nbsp; A solicita\u00e7\u00e3o de dispensa de disciplina deve ser encaminhada ao curso, por email, no momento do ingresso no mesmo ou, no caso de disciplinas cursadas recentemente em outros cursos, at\u00e9 o segundo m\u00eas letivo de cada semestre.<\/p>\n\n\n\n<p>A documenta\u00e7\u00e3o necess\u00e1ria a ser anexada no email \u00e9 a seguinte: hist\u00f3rico escolar do(s) curso(s) de origem.<\/p>\n\n\n\n<p><strong>Tenho interesse em realizar um est\u00e1gio extracurricular remunerado. Como procedo?<\/strong><\/p>\n\n\n\n<p>O respons\u00e1vel institucional pelo est\u00e1gio extracurricular remunerado \u00e9 o coordenador do curso, ou seja, ao assinar os documentos do est\u00e1gio, este se responsabiliza pelo estudante e por tudo que ele far\u00e1 no local do est\u00e1gio.<\/p>\n\n\n\n<p>Dessa forma, o Colegiado do Curso determinou que s\u00f3 \u00e9 poss\u00edvel realizar est\u00e1gio extracurricular a partir do segundo semestre do curso e que&nbsp;s\u00f3 ser\u00e3o assinados os contratos de estudantes que forem aprovados em 75% das disciplinas em que estava matriculado no semestre anterior.&nbsp;\u00c9 preciso que fique claro: a n\u00e3o assinatura do termo por parte da coordena\u00e7\u00e3o implica o n\u00e3o recebimento da bolsa do est\u00e1gio.<\/p>\n\n\n\n<p><strong>O que acontece com o estudante que n\u00e3o concluir o curso em 12 semestres?<\/strong><\/p>\n\n\n\n<p>&nbsp;&nbsp;&nbsp;&nbsp;&nbsp; O prazo m\u00e1ximo para conclus\u00e3o do curso \u00e9 de 12 meses (6 anos). Aquele estudante que n\u00e3o conclui o curso neste per\u00edodo \u00e9 jubilado (exclu\u00eddo do curso) e s\u00f3 poder\u00e1 retornar ao mesmo atrav\u00e9s de novo vestibular.<\/p>\n","protected":false},"excerpt":{"rendered":"<p>Como ocorre o ingresso para o curso? &nbsp;&nbsp;&nbsp;&nbsp;&nbsp;&nbsp;&nbsp;&nbsp;&nbsp; O ingresso no curso ocorre atrav\u00e9s de vestibular simplificado. O edital do vestibular \u00e9 divulgado no site da UFSM e \u00e9 responsabilidade da COPERVES (Comiss\u00e3o Permanente de Vestibular). O vestibular \u00e9 realizado nos polos de oferta do curso divulgados no edital. &nbsp;A partir de 2016 o ingresso [&hellip;]<\/p>\n","protected":false},"author":115,"featured_media":0,"parent":0,"menu_order":0,"comment_status":"closed","ping_status":"closed","template":"","meta":{"footnotes":""},"categories":[],"tags":[],"class_list":["post-621","page","type-page","status-publish","hentry"],"acf":[],"_links":{"self":[{"href":"https:\/\/www.ufsm.br\/cursos\/graduacao\/educacao-a-distancia\/pedagogia\/wp-json\/wp\/v2\/pages\/621","targetHints":{"allow":["GET"]}}],"collection":[{"href":"https:\/\/www.ufsm.br\/cursos\/graduacao\/educacao-a-distancia\/pedagogia\/wp-json\/wp\/v2\/pages"}],"about":[{"href":"https:\/\/www.ufsm.br\/cursos\/graduacao\/educacao-a-distancia\/pedagogia\/wp-json\/wp\/v2\/types\/page"}],"author":[{"embeddable":true,"href":"https:\/\/www.ufsm.br\/cursos\/graduacao\/educacao-a-distancia\/pedagogia\/wp-json\/wp\/v2\/users\/115"}],"replies":[{"embeddable":true,"href":"https:\/\/www.ufsm.br\/cursos\/graduacao\/educacao-a-distancia\/pedagogia\/wp-json\/wp\/v2\/comments?post=621"}],"version-history":[{"count":0,"href":"https:\/\/www.ufsm.br\/cursos\/graduacao\/educacao-a-distancia\/pedagogia\/wp-json\/wp\/v2\/pages\/621\/revisions"}],"wp:attachment":[{"href":"https:\/\/www.ufsm.br\/cursos\/graduacao\/educacao-a-distancia\/pedagogia\/wp-json\/wp\/v2\/media?parent=621"}],"wp:term":[{"taxonomy":"category","embeddable":true,"href":"https:\/\/www.ufsm.br\/cursos\/graduacao\/educacao-a-distancia\/pedagogia\/wp-json\/wp\/v2\/categories?post=621"},{"taxonomy":"post_tag","embeddable":true,"href":"https:\/\/www.ufsm.br\/cursos\/graduacao\/educacao-a-distancia\/pedagogia\/wp-json\/wp\/v2\/tags?post=621"}],"curies":[{"name":"wp","href":"https:\/\/api.w.org\/{rel}","templated":true}]}}