{"id":166,"date":"2026-01-15T12:33:57","date_gmt":"2026-01-15T15:33:57","guid":{"rendered":"https:\/\/www.ufsm.br\/cursos\/graduacao\/frederico-westphalen\/direito\/?page_id=166"},"modified":"2026-01-15T12:33:58","modified_gmt":"2026-01-15T15:33:58","slug":"informacoes-gerais","status":"publish","type":"page","link":"https:\/\/www.ufsm.br\/cursos\/graduacao\/frederico-westphalen\/direito\/informacoes-gerais","title":{"rendered":"Sobre"},"content":{"rendered":"\n<p>O curso de <strong>Direito<\/strong> est\u00e1 localizado em <strong>Campus Frederico Westphalen<\/strong> na modalidade <strong>Bacharelado \u2013 Presencial<\/strong> sendo <strong>Noturno<\/strong> o seu turno de funcionamento. Atualmente, a coordena\u00e7\u00e3o <em>protempore <\/em>\u00e9 de responsabilidade de <strong>BRAULIO OTOMAR CARON<\/strong> e o setor respons\u00e1vel pela secretaria \u00e9 a <strong>SUGRAD<\/strong>.<\/p>\n\n\n\n<p>O curso \u00e9 ofertado em per\u00edodo <strong>Semestral<\/strong>, sendo <strong>10<\/strong> o n\u00famero de per\u00edodos indicados para sua conclus\u00e3o.<\/p>\n\n\n\n<p>E-mail da coordena\u00e7\u00e3o do curso: <a href=\"mailto:direitofw@ufsm.br\">direitofw@ufsm.br<\/a><\/p>\n","protected":false},"excerpt":{"rendered":"<p>O curso de Direito est\u00e1 localizado em Campus Frederico Westphalen na modalidade Bacharelado \u2013 Presencial sendo Noturno o seu turno de funcionamento. Atualmente, a coordena\u00e7\u00e3o protempore \u00e9 de responsabilidade de BRAULIO OTOMAR CARON e o setor respons\u00e1vel pela secretaria \u00e9 a SUGRAD. O curso \u00e9 ofertado em per\u00edodo Semestral, sendo 10 o n\u00famero de per\u00edodos [&hellip;]<\/p>\n","protected":false},"author":3901,"featured_media":0,"parent":0,"menu_order":0,"comment_status":"closed","ping_status":"closed","template":"","meta":{"footnotes":""},"categories":[],"tags":[],"class_list":["post-166","page","type-page","status-publish","hentry"],"acf":[],"_links":{"self":[{"href":"https:\/\/www.ufsm.br\/cursos\/graduacao\/frederico-westphalen\/direito\/wp-json\/wp\/v2\/pages\/166","targetHints":{"allow":["GET"]}}],"collection":[{"href":"https:\/\/www.ufsm.br\/cursos\/graduacao\/frederico-westphalen\/direito\/wp-json\/wp\/v2\/pages"}],"about":[{"href":"https:\/\/www.ufsm.br\/cursos\/graduacao\/frederico-westphalen\/direito\/wp-json\/wp\/v2\/types\/page"}],"author":[{"embeddable":true,"href":"https:\/\/www.ufsm.br\/cursos\/graduacao\/frederico-westphalen\/direito\/wp-json\/wp\/v2\/users\/3901"}],"replies":[{"embeddable":true,"href":"https:\/\/www.ufsm.br\/cursos\/graduacao\/frederico-westphalen\/direito\/wp-json\/wp\/v2\/comments?post=166"}],"version-history":[{"count":0,"href":"https:\/\/www.ufsm.br\/cursos\/graduacao\/frederico-westphalen\/direito\/wp-json\/wp\/v2\/pages\/166\/revisions"}],"wp:attachment":[{"href":"https:\/\/www.ufsm.br\/cursos\/graduacao\/frederico-westphalen\/direito\/wp-json\/wp\/v2\/media?parent=166"}],"wp:term":[{"taxonomy":"category","embeddable":true,"href":"https:\/\/www.ufsm.br\/cursos\/graduacao\/frederico-westphalen\/direito\/wp-json\/wp\/v2\/categories?post=166"},{"taxonomy":"post_tag","embeddable":true,"href":"https:\/\/www.ufsm.br\/cursos\/graduacao\/frederico-westphalen\/direito\/wp-json\/wp\/v2\/tags?post=166"}],"curies":[{"name":"wp","href":"https:\/\/api.w.org\/{rel}","templated":true}]}}