{"id":284,"date":"2019-06-28T14:36:04","date_gmt":"2019-06-28T17:36:04","guid":{"rendered":"https:\/\/www.ufsm.br\/cursos\/graduacao\/frederico-westphalen\/engenharia-ambiental-e-sanitaria\/?page_id=284"},"modified":"2022-08-15T20:11:37","modified_gmt":"2022-08-15T23:11:37","slug":"laboratorios-de-ensino","status":"publish","type":"page","link":"https:\/\/www.ufsm.br\/cursos\/graduacao\/frederico-westphalen\/engenharia-ambiental-e-sanitaria\/laboratorios-de-ensino","title":{"rendered":"Laborat\u00f3rios de Ensino, Pesquisa e Extens\u00e3o"},"content":{"rendered":"<p>Voc\u00ea confere os laborat\u00f3rios que atendem as demandas de ensino do curso.<\/p>\n<p><a role=\"button\" href=\"https:\/\/www.ufsm.br\/unidades-universitarias\/frederico-westphalen\/departamentos\/deta\/galerias\"><br \/>Laborat\u00f3rios Ofertados<br \/><\/a><\/p>\n\n\n<p><\/p>\n","protected":false},"excerpt":{"rendered":"<p>Voc\u00ea confere os laborat\u00f3rios que atendem as demandas de ensino do curso. Laborat\u00f3rios Ofertados<\/p>\n","protected":false},"author":278,"featured_media":0,"parent":0,"menu_order":0,"comment_status":"closed","ping_status":"closed","template":"","meta":{"footnotes":""},"categories":[],"tags":[],"class_list":["post-284","page","type-page","status-publish","hentry"],"acf":[],"_links":{"self":[{"href":"https:\/\/www.ufsm.br\/cursos\/graduacao\/frederico-westphalen\/engenharia-ambiental-e-sanitaria\/wp-json\/wp\/v2\/pages\/284","targetHints":{"allow":["GET"]}}],"collection":[{"href":"https:\/\/www.ufsm.br\/cursos\/graduacao\/frederico-westphalen\/engenharia-ambiental-e-sanitaria\/wp-json\/wp\/v2\/pages"}],"about":[{"href":"https:\/\/www.ufsm.br\/cursos\/graduacao\/frederico-westphalen\/engenharia-ambiental-e-sanitaria\/wp-json\/wp\/v2\/types\/page"}],"author":[{"embeddable":true,"href":"https:\/\/www.ufsm.br\/cursos\/graduacao\/frederico-westphalen\/engenharia-ambiental-e-sanitaria\/wp-json\/wp\/v2\/users\/278"}],"replies":[{"embeddable":true,"href":"https:\/\/www.ufsm.br\/cursos\/graduacao\/frederico-westphalen\/engenharia-ambiental-e-sanitaria\/wp-json\/wp\/v2\/comments?post=284"}],"version-history":[{"count":0,"href":"https:\/\/www.ufsm.br\/cursos\/graduacao\/frederico-westphalen\/engenharia-ambiental-e-sanitaria\/wp-json\/wp\/v2\/pages\/284\/revisions"}],"wp:attachment":[{"href":"https:\/\/www.ufsm.br\/cursos\/graduacao\/frederico-westphalen\/engenharia-ambiental-e-sanitaria\/wp-json\/wp\/v2\/media?parent=284"}],"wp:term":[{"taxonomy":"category","embeddable":true,"href":"https:\/\/www.ufsm.br\/cursos\/graduacao\/frederico-westphalen\/engenharia-ambiental-e-sanitaria\/wp-json\/wp\/v2\/categories?post=284"},{"taxonomy":"post_tag","embeddable":true,"href":"https:\/\/www.ufsm.br\/cursos\/graduacao\/frederico-westphalen\/engenharia-ambiental-e-sanitaria\/wp-json\/wp\/v2\/tags?post=284"}],"curies":[{"name":"wp","href":"https:\/\/api.w.org\/{rel}","templated":true}]}}