{"id":660,"date":"2023-09-22T09:33:04","date_gmt":"2023-09-22T12:33:04","guid":{"rendered":"https:\/\/www.ufsm.br\/cursos\/graduacao\/frederico-westphalen\/engenharia-ambiental-e-sanitaria\/?page_id=660"},"modified":"2024-07-18T14:29:23","modified_gmt":"2024-07-18T17:29:23","slug":"grupos-de-trabalho","status":"publish","type":"page","link":"https:\/\/www.ufsm.br\/cursos\/graduacao\/frederico-westphalen\/engenharia-ambiental-e-sanitaria\/grupos-de-trabalho","title":{"rendered":"Grupos de Trabalho"},"content":{"rendered":"\t\t<div data-elementor-type=\"wp-page\" data-elementor-id=\"660\" class=\"elementor elementor-660\">\n\t\t\t\t\t\t<section class=\"elementor-section elementor-top-section elementor-element elementor-element-5bf9e08e elementor-section-boxed elementor-section-height-default elementor-section-height-default\" data-id=\"5bf9e08e\" data-element_type=\"section\">\n\t\t\t\t\t\t<div class=\"elementor-container elementor-column-gap-default\">\n\t\t\t\t\t<div class=\"elementor-column elementor-col-100 elementor-top-column elementor-element elementor-element-6e243c7f\" data-id=\"6e243c7f\" data-element_type=\"column\">\n\t\t\t<div class=\"elementor-widget-wrap elementor-element-populated\">\n\t\t\t\t\t\t<div class=\"elementor-element elementor-element-85c3b79 elementor-widget elementor-widget-heading\" data-id=\"85c3b79\" data-element_type=\"widget\" data-widget_type=\"heading.default\">\n\t\t\t\t<div class=\"elementor-widget-container\">\n\t\t\t<h5 class=\"elementor-heading-title elementor-size-default\">Grupo de Trabalho de TCC<\/h5>\t\t<\/div>\n\t\t\t\t<\/div>\n\t\t\t\t<div class=\"elementor-element elementor-element-3f7b284 elementor-widget elementor-widget-text-editor\" data-id=\"3f7b284\" data-element_type=\"widget\" data-widget_type=\"text-editor.default\">\n\t\t\t\t<div class=\"elementor-widget-container\">\n\t\t\t\t\t\t\t<p>Eliane Pereira dos Santos <br \/>Willian Fernando Borba<br \/>Paulo Roberto dos Santos Salbego<br \/><br \/><strong>Email:<\/strong> <a href=\"mailto:tccambiental@ufsm.br\">tccambiental@ufsm.br<\/a><\/p>\t\t\t\t\t\t<\/div>\n\t\t\t\t<\/div>\n\t\t\t\t<div class=\"elementor-element elementor-element-bd2bc6c elementor-widget elementor-widget-heading\" data-id=\"bd2bc6c\" data-element_type=\"widget\" data-widget_type=\"heading.default\">\n\t\t\t\t<div class=\"elementor-widget-container\">\n\t\t\t<h5 class=\"elementor-heading-title elementor-size-default\">Grupo de Trabalho de Est\u00e1gios<\/h5>\t\t<\/div>\n\t\t\t\t<\/div>\n\t\t\t\t<div class=\"elementor-element elementor-element-8728bb4 elementor-widget elementor-widget-text-editor\" data-id=\"8728bb4\" data-element_type=\"widget\" data-widget_type=\"text-editor.default\">\n\t\t\t\t<div class=\"elementor-widget-container\">\n\t\t\t\t\t\t\t<p>Alexandre Couto Rodrigues<br \/>Aline Ferr\u00e3o Cust\u00f3dio Passini<\/p>\n<p><strong>Email:<\/strong> <a href=\"mailto:estagiosambiental@ufsm.br\">estagiosambiental@ufsm.br<\/a><\/p>\t\t\t\t\t\t<\/div>\n\t\t\t\t<\/div>\n\t\t\t\t\t<\/div>\n\t\t<\/div>\n\t\t\t\t\t<\/div>\n\t\t<\/section>\n\t\t\t\t<\/div>\n\t\t","protected":false},"excerpt":{"rendered":"<p>Grupo de Trabalho de TCC Eliane Pereira dos Santos Willian Fernando BorbaPaulo Roberto dos Santos Salbego Email: tccambiental@ufsm.br Grupo de Trabalho de Est\u00e1gios Alexandre Couto RodriguesAline Ferr\u00e3o Cust\u00f3dio Passini Email: estagiosambiental@ufsm.br<\/p>\n","protected":false},"author":3901,"featured_media":0,"parent":0,"menu_order":0,"comment_status":"closed","ping_status":"closed","template":"","meta":{"footnotes":""},"categories":[34],"tags":[],"class_list":["post-660","page","type-page","status-publish","hentry","category-colegiados-e-comissoes"],"acf":[],"_links":{"self":[{"href":"https:\/\/www.ufsm.br\/cursos\/graduacao\/frederico-westphalen\/engenharia-ambiental-e-sanitaria\/wp-json\/wp\/v2\/pages\/660","targetHints":{"allow":["GET"]}}],"collection":[{"href":"https:\/\/www.ufsm.br\/cursos\/graduacao\/frederico-westphalen\/engenharia-ambiental-e-sanitaria\/wp-json\/wp\/v2\/pages"}],"about":[{"href":"https:\/\/www.ufsm.br\/cursos\/graduacao\/frederico-westphalen\/engenharia-ambiental-e-sanitaria\/wp-json\/wp\/v2\/types\/page"}],"author":[{"embeddable":true,"href":"https:\/\/www.ufsm.br\/cursos\/graduacao\/frederico-westphalen\/engenharia-ambiental-e-sanitaria\/wp-json\/wp\/v2\/users\/3901"}],"replies":[{"embeddable":true,"href":"https:\/\/www.ufsm.br\/cursos\/graduacao\/frederico-westphalen\/engenharia-ambiental-e-sanitaria\/wp-json\/wp\/v2\/comments?post=660"}],"version-history":[{"count":0,"href":"https:\/\/www.ufsm.br\/cursos\/graduacao\/frederico-westphalen\/engenharia-ambiental-e-sanitaria\/wp-json\/wp\/v2\/pages\/660\/revisions"}],"wp:attachment":[{"href":"https:\/\/www.ufsm.br\/cursos\/graduacao\/frederico-westphalen\/engenharia-ambiental-e-sanitaria\/wp-json\/wp\/v2\/media?parent=660"}],"wp:term":[{"taxonomy":"category","embeddable":true,"href":"https:\/\/www.ufsm.br\/cursos\/graduacao\/frederico-westphalen\/engenharia-ambiental-e-sanitaria\/wp-json\/wp\/v2\/categories?post=660"},{"taxonomy":"post_tag","embeddable":true,"href":"https:\/\/www.ufsm.br\/cursos\/graduacao\/frederico-westphalen\/engenharia-ambiental-e-sanitaria\/wp-json\/wp\/v2\/tags?post=660"}],"curies":[{"name":"wp","href":"https:\/\/api.w.org\/{rel}","templated":true}]}}