{"id":925,"date":"2024-10-20T22:49:36","date_gmt":"2024-10-21T01:49:36","guid":{"rendered":"https:\/\/www.ufsm.br\/cursos\/graduacao\/frederico-westphalen\/jornalismo-bacharelado\/?page_id=925"},"modified":"2024-11-14T20:38:37","modified_gmt":"2024-11-14T23:38:37","slug":"galeria-de-fotos","status":"publish","type":"page","link":"https:\/\/www.ufsm.br\/cursos\/graduacao\/frederico-westphalen\/jornalismo-bacharelado\/galeria-de-fotos","title":{"rendered":"Galeria de Fotos"},"content":{"rendered":"\t\t<div data-elementor-type=\"wp-page\" data-elementor-id=\"925\" class=\"elementor elementor-925\">\n\t\t\t\t\t\t<section class=\"elementor-section elementor-top-section elementor-element elementor-element-287a461e elementor-section-boxed elementor-section-height-default elementor-section-height-default\" data-id=\"287a461e\" data-element_type=\"section\">\n\t\t\t\t\t\t<div class=\"elementor-container elementor-column-gap-default\">\n\t\t\t\t\t<div class=\"elementor-column elementor-col-100 elementor-top-column elementor-element elementor-element-601b0a12\" data-id=\"601b0a12\" data-element_type=\"column\">\n\t\t\t<div class=\"elementor-widget-wrap elementor-element-populated\">\n\t\t\t\t\t\t<div class=\"elementor-element elementor-element-7acb549d elementor-widget elementor-widget-text-editor\" data-id=\"7acb549d\" data-element_type=\"widget\" data-widget_type=\"text-editor.default\">\n\t\t\t\t<div class=\"elementor-widget-container\">\n\t\t\t\t\t\t\t<p><!-- wp:paragraph --><\/p>\n<p style=\"text-align: center\"><i>Bem-vindos \u00e0 nossa galeria de fotos!\u00a0<\/i><\/p>\n<p style=\"text-align: center\"><i>Esta exposi\u00e7\u00e3o apresenta os trabalhos fotogr\u00e1ficos dos acad\u00eamicos de comunica\u00e7\u00e3o da UFSM\/FW, sob a orienta\u00e7\u00e3o dos professores Paulo Munhoz e Jana\u00edna Gomes. Cada imagem aqui capturada reflete a criatividade e a dedica\u00e7\u00e3o dos alunos, oferecendo uma perspectiva \u00fanica e inspiradora do mundo ao nosso redor.<\/i><\/p>\n<p><!-- \/wp:paragraph --><\/p>\t\t\t\t\t\t<\/div>\n\t\t\t\t<\/div>\n\t\t\t\t\t<\/div>\n\t\t<\/div>\n\t\t\t\t\t<\/div>\n\t\t<\/section>\n\t\t\t\t<section class=\"elementor-section elementor-top-section elementor-element elementor-element-5ce8f36 elementor-section-boxed elementor-section-height-default elementor-section-height-default\" data-id=\"5ce8f36\" data-element_type=\"section\">\n\t\t\t\t\t\t<div class=\"elementor-container elementor-column-gap-default\">\n\t\t\t\t\t<div class=\"elementor-column elementor-col-100 elementor-top-column elementor-element elementor-element-bfa6ab9\" data-id=\"bfa6ab9\" data-element_type=\"column\">\n\t\t\t<div class=\"elementor-widget-wrap elementor-element-populated\">\n\t\t\t\t\t\t<div class=\"elementor-element elementor-element-d524109 elementor-view-framed elementor-widget__width-initial elementor-shape-circle elementor-position-top elementor-mobile-position-top elementor-widget elementor-widget-icon-box\" data-id=\"d524109\" data-element_type=\"widget\" data-widget_type=\"icon-box.default\">\n\t\t\t\t<div class=\"elementor-widget-container\">\n\t\t\t\t\t<div class=\"elementor-icon-box-wrapper\">\n\n\t\t\t\t\t\t<div class=\"elementor-icon-box-icon\">\n\t\t\t\t<a href=\"https:\/\/www.ufsm.br\/cursos\/graduacao\/frederico-westphalen\/jornalismo-bacharelado\/olhar-obliquo\" target=\"_blank\" class=\"elementor-icon elementor-animation-pulse-grow\" tabindex=\"-1\">\n\t\t\t\t<i aria-hidden=\"true\" class=\"far fa-eye\"><\/i>\t\t\t\t<\/a>\n\t\t\t<\/div>\n\t\t\t\n\t\t\t\t\t\t<div class=\"elementor-icon-box-content\">\n\n\t\t\t\t\t\t\t\t\t<h3 class=\"elementor-icon-box-title\">\n\t\t\t\t\t\t<a href=\"https:\/\/www.ufsm.br\/cursos\/graduacao\/frederico-westphalen\/jornalismo-bacharelado\/olhar-obliquo\" target=\"_blank\" >\n\t\t\t\t\t\t\tOlhar Obl\u00edquo\t\t\t\t\t\t<\/a>\n\t\t\t\t\t<\/h3>\n\t\t\t\t\n\t\t\t\t\t\t\t\t\t<p class=\"elementor-icon-box-description\">\n\t\t\t\t\t\tProf. Dr. Paulo Munhoz\t\t\t\t\t<\/p>\n\t\t\t\t\n\t\t\t<\/div>\n\t\t\t\n\t\t<\/div>\n\t\t\t\t<\/div>\n\t\t\t\t<\/div>\n\t\t\t\t<div class=\"elementor-element elementor-element-f7c755f elementor-view-framed elementor-widget__width-initial elementor-shape-circle elementor-position-top elementor-mobile-position-top elementor-widget elementor-widget-icon-box\" data-id=\"f7c755f\" data-element_type=\"widget\" data-widget_type=\"icon-box.default\">\n\t\t\t\t<div class=\"elementor-widget-container\">\n\t\t\t\t\t<div class=\"elementor-icon-box-wrapper\">\n\n\t\t\t\t\t\t<div class=\"elementor-icon-box-icon\">\n\t\t\t\t<a href=\"https:\/\/www.ufsm.br\/cursos\/graduacao\/frederico-westphalen\/jornalismo-bacharelado\/ensaios-fotograficos\" target=\"_blank\" class=\"elementor-icon elementor-animation-pulse-grow\" tabindex=\"-1\">\n\t\t\t\t<i aria-hidden=\"true\" class=\"fas fa-camera\"><\/i>\t\t\t\t<\/a>\n\t\t\t<\/div>\n\t\t\t\n\t\t\t\t\t\t<div class=\"elementor-icon-box-content\">\n\n\t\t\t\t\t\t\t\t\t<h3 class=\"elementor-icon-box-title\">\n\t\t\t\t\t\t<a href=\"https:\/\/www.ufsm.br\/cursos\/graduacao\/frederico-westphalen\/jornalismo-bacharelado\/ensaios-fotograficos\" target=\"_blank\" >\n\t\t\t\t\t\t\tEnsaios Fotogr\u00e1ficos\t\t\t\t\t\t<\/a>\n\t\t\t\t\t<\/h3>\n\t\t\t\t\n\t\t\t\t\t\t\t\t\t<p class=\"elementor-icon-box-description\">\n\t\t\t\t\t\tProfa. Dra. Jana\u00edna Gomes\t\t\t\t\t<\/p>\n\t\t\t\t\n\t\t\t<\/div>\n\t\t\t\n\t\t<\/div>\n\t\t\t\t<\/div>\n\t\t\t\t<\/div>\n\t\t\t\t\t<\/div>\n\t\t<\/div>\n\t\t\t\t\t<\/div>\n\t\t<\/section>\n\t\t\t\t<\/div>\n\t\t","protected":false},"excerpt":{"rendered":"<p>Bem-vindos \u00e0 nossa galeria de fotos!\u00a0 Esta exposi\u00e7\u00e3o apresenta os trabalhos fotogr\u00e1ficos dos acad\u00eamicos de comunica\u00e7\u00e3o da UFSM\/FW, sob a orienta\u00e7\u00e3o dos professores Paulo Munhoz e Jana\u00edna Gomes. Cada imagem aqui capturada reflete a criatividade e a dedica\u00e7\u00e3o dos alunos, oferecendo uma perspectiva \u00fanica e inspiradora do mundo ao nosso redor. Olhar Obl\u00edquo Prof. Dr. [&hellip;]<\/p>\n","protected":false},"author":8354,"featured_media":0,"parent":0,"menu_order":0,"comment_status":"closed","ping_status":"closed","template":"","meta":{"footnotes":""},"categories":[91],"tags":[93,87,75],"class_list":["post-925","page","type-page","status-publish","hentry","category-jornalismo","tag-foto","tag-jornalismo","tag-ufsm-fw"],"acf":[],"_links":{"self":[{"href":"https:\/\/www.ufsm.br\/cursos\/graduacao\/frederico-westphalen\/jornalismo-bacharelado\/wp-json\/wp\/v2\/pages\/925","targetHints":{"allow":["GET"]}}],"collection":[{"href":"https:\/\/www.ufsm.br\/cursos\/graduacao\/frederico-westphalen\/jornalismo-bacharelado\/wp-json\/wp\/v2\/pages"}],"about":[{"href":"https:\/\/www.ufsm.br\/cursos\/graduacao\/frederico-westphalen\/jornalismo-bacharelado\/wp-json\/wp\/v2\/types\/page"}],"author":[{"embeddable":true,"href":"https:\/\/www.ufsm.br\/cursos\/graduacao\/frederico-westphalen\/jornalismo-bacharelado\/wp-json\/wp\/v2\/users\/8354"}],"replies":[{"embeddable":true,"href":"https:\/\/www.ufsm.br\/cursos\/graduacao\/frederico-westphalen\/jornalismo-bacharelado\/wp-json\/wp\/v2\/comments?post=925"}],"version-history":[{"count":0,"href":"https:\/\/www.ufsm.br\/cursos\/graduacao\/frederico-westphalen\/jornalismo-bacharelado\/wp-json\/wp\/v2\/pages\/925\/revisions"}],"wp:attachment":[{"href":"https:\/\/www.ufsm.br\/cursos\/graduacao\/frederico-westphalen\/jornalismo-bacharelado\/wp-json\/wp\/v2\/media?parent=925"}],"wp:term":[{"taxonomy":"category","embeddable":true,"href":"https:\/\/www.ufsm.br\/cursos\/graduacao\/frederico-westphalen\/jornalismo-bacharelado\/wp-json\/wp\/v2\/categories?post=925"},{"taxonomy":"post_tag","embeddable":true,"href":"https:\/\/www.ufsm.br\/cursos\/graduacao\/frederico-westphalen\/jornalismo-bacharelado\/wp-json\/wp\/v2\/tags?post=925"}],"curies":[{"name":"wp","href":"https:\/\/api.w.org\/{rel}","templated":true}]}}