{"id":29,"date":"2018-01-18T09:10:07","date_gmt":"2018-01-18T11:10:07","guid":{"rendered":"https:\/\/www.ufsm.br\/cursos\/graduacao\/relacoes-publicas\/18372\/?page_id=29"},"modified":"2024-10-17T10:48:21","modified_gmt":"2024-10-17T13:48:21","slug":"contato","status":"publish","type":"page","link":"https:\/\/www.ufsm.br\/cursos\/graduacao\/frederico-westphalen\/relacoes-publicas\/contato","title":{"rendered":"Contato"},"content":{"rendered":"\t\t<div data-elementor-type=\"wp-page\" data-elementor-id=\"29\" class=\"elementor elementor-29\">\n\t\t\t\t\t\t<section class=\"elementor-section elementor-top-section elementor-element elementor-element-26b68373 elementor-section-boxed elementor-section-height-default elementor-section-height-default\" data-id=\"26b68373\" data-element_type=\"section\">\n\t\t\t\t\t\t<div class=\"elementor-container elementor-column-gap-default\">\n\t\t\t\t\t<div class=\"elementor-column elementor-col-100 elementor-top-column elementor-element elementor-element-758fa3af\" data-id=\"758fa3af\" data-element_type=\"column\">\n\t\t\t<div class=\"elementor-widget-wrap elementor-element-populated\">\n\t\t\t\t\t\t<div class=\"elementor-element elementor-element-1d55aabf elementor-widget elementor-widget-text-editor\" data-id=\"1d55aabf\" data-element_type=\"widget\" data-widget_type=\"text-editor.default\">\n\t\t\t\t<div class=\"elementor-widget-container\">\n\t\t\t\t\t\t\t<p><strong>Coordenadora:<\/strong> Profa. Dra. Daiane Scheid <br \/><strong>Coordenadora Substituta:<\/strong> Profa. Dra. Patr\u00edcia Milano Persigo<br \/><strong>Fone:<\/strong> 3744-0600 <br \/><strong>Sala:<\/strong> BL 01-104<br \/><strong>E-mail:<\/strong> rpfw@ufsm.br<br \/><strong>Ramal:<\/strong> 625\/661<\/p>\n<p><strong>Secretaria Unificada de Gradua\u00e7\u00e3o (SUGRAD)<\/strong><br \/><strong>Fone:<\/strong> 3744-0620 <br \/><strong>Sala:<\/strong> BL 01-103<br \/><strong>E-mail:<\/strong> sugrad.fw@ufsm.br<br \/><strong>Ramal:<\/strong> 620<\/p>\n<p><strong>N\u00facleo de Assist\u00eancia Estudantil (NAE)<\/strong><br \/><strong>Sala:<\/strong> BL 02-09 <br \/><strong>E-mail:<\/strong> naefw@ufsm.br<br \/><strong>Ramal:<\/strong> 606<\/p>\n<p><strong>N\u00facleo de Apoio Pedag\u00f3gico (NAP)<\/strong><br \/><strong>Fone:<\/strong> 3744-0606 <br \/><strong>Sala:<\/strong> BL 02-11<br \/><strong>E-mail:<\/strong> napfw@ufsm.br<br \/><strong>Ramal:<\/strong> 626<\/p>\n<p><strong>N\u00facleo de Apoio \u00e0 Sa\u00fade (NAS)<\/strong><br \/><strong>Fone:<\/strong> 3744-0741<br \/><strong>Sala:<\/strong> BL 05-106<br \/><strong>E-mail:<\/strong> nasfw@ufsm.br<br \/><strong>Ramal:<\/strong> 741<\/p>\n<!-- wp:tadv\/classic-paragraph \/-->\t\t\t\t\t\t<\/div>\n\t\t\t\t<\/div>\n\t\t\t\t\t<\/div>\n\t\t<\/div>\n\t\t\t\t\t<\/div>\n\t\t<\/section>\n\t\t\t\t<section class=\"elementor-section elementor-top-section elementor-element elementor-element-65bd823 elementor-section-boxed elementor-section-height-default elementor-section-height-default\" data-id=\"65bd823\" data-element_type=\"section\">\n\t\t\t\t\t\t<div class=\"elementor-container elementor-column-gap-default\">\n\t\t\t\t\t<div class=\"elementor-column elementor-col-100 elementor-top-column elementor-element elementor-element-c5d0d19\" data-id=\"c5d0d19\" data-element_type=\"column\">\n\t\t\t<div class=\"elementor-widget-wrap elementor-element-populated\">\n\t\t\t\t\t\t<div class=\"elementor-element elementor-element-b68902f elementor-widget elementor-widget-image\" data-id=\"b68902f\" data-element_type=\"widget\" data-widget_type=\"image.default\">\n\t\t\t\t<div class=\"elementor-widget-container\">\n\t\t\t\t\t\t\t\t\t\t\t\t\t<img fetchpriority=\"high\" decoding=\"async\" width=\"300\" height=\"169\" src=\"https:\/\/www.ufsm.br\/app\/uploads\/sites\/330\/2024\/10\/Identidade-Visual-redes-socias-1-300x169.jpg\" class=\"attachment-medium size-medium wp-image-766\" alt=\"\" srcset=\"https:\/\/www.ufsm.br\/app\/uploads\/sites\/330\/2024\/10\/Identidade-Visual-redes-socias-1-300x169.jpg 300w, https:\/\/www.ufsm.br\/app\/uploads\/sites\/330\/2024\/10\/Identidade-Visual-redes-socias-1-1024x576.jpg 1024w, https:\/\/www.ufsm.br\/app\/uploads\/sites\/330\/2024\/10\/Identidade-Visual-redes-socias-1-768x432.jpg 768w, https:\/\/www.ufsm.br\/app\/uploads\/sites\/330\/2024\/10\/Identidade-Visual-redes-socias-1-1536x864.jpg 1536w, https:\/\/www.ufsm.br\/app\/uploads\/sites\/330\/2024\/10\/Identidade-Visual-redes-socias-1.jpg 1920w\" sizes=\"(max-width: 300px) 100vw, 300px\" \/>\t\t\t\t\t\t\t\t\t\t\t\t\t<\/div>\n\t\t\t\t<\/div>\n\t\t\t\t\t<\/div>\n\t\t<\/div>\n\t\t\t\t\t<\/div>\n\t\t<\/section>\n\t\t\t\t<\/div>\n\t\t","protected":false},"excerpt":{"rendered":"<p>Coordenadora: Profa. Dra. Daiane Scheid Coordenadora Substituta: Profa. Dra. Patr\u00edcia Milano PersigoFone: 3744-0600 Sala: BL 01-104E-mail: rpfw@ufsm.brRamal: 625\/661 Secretaria Unificada de Gradua\u00e7\u00e3o (SUGRAD)Fone: 3744-0620 Sala: BL 01-103E-mail: sugrad.fw@ufsm.brRamal: 620 N\u00facleo de Assist\u00eancia Estudantil (NAE)Sala: BL 02-09 E-mail: naefw@ufsm.brRamal: 606 N\u00facleo de Apoio Pedag\u00f3gico (NAP)Fone: 3744-0606 Sala: BL 02-11E-mail: napfw@ufsm.brRamal: 626 N\u00facleo de Apoio \u00e0 Sa\u00fade [&hellip;]<\/p>\n","protected":false},"author":8,"featured_media":0,"parent":0,"menu_order":0,"comment_status":"closed","ping_status":"closed","template":"","meta":{"footnotes":""},"categories":[],"tags":[],"class_list":["post-29","page","type-page","status-publish","hentry"],"acf":[],"_links":{"self":[{"href":"https:\/\/www.ufsm.br\/cursos\/graduacao\/frederico-westphalen\/relacoes-publicas\/wp-json\/wp\/v2\/pages\/29","targetHints":{"allow":["GET"]}}],"collection":[{"href":"https:\/\/www.ufsm.br\/cursos\/graduacao\/frederico-westphalen\/relacoes-publicas\/wp-json\/wp\/v2\/pages"}],"about":[{"href":"https:\/\/www.ufsm.br\/cursos\/graduacao\/frederico-westphalen\/relacoes-publicas\/wp-json\/wp\/v2\/types\/page"}],"author":[{"embeddable":true,"href":"https:\/\/www.ufsm.br\/cursos\/graduacao\/frederico-westphalen\/relacoes-publicas\/wp-json\/wp\/v2\/users\/8"}],"replies":[{"embeddable":true,"href":"https:\/\/www.ufsm.br\/cursos\/graduacao\/frederico-westphalen\/relacoes-publicas\/wp-json\/wp\/v2\/comments?post=29"}],"version-history":[{"count":0,"href":"https:\/\/www.ufsm.br\/cursos\/graduacao\/frederico-westphalen\/relacoes-publicas\/wp-json\/wp\/v2\/pages\/29\/revisions"}],"wp:attachment":[{"href":"https:\/\/www.ufsm.br\/cursos\/graduacao\/frederico-westphalen\/relacoes-publicas\/wp-json\/wp\/v2\/media?parent=29"}],"wp:term":[{"taxonomy":"category","embeddable":true,"href":"https:\/\/www.ufsm.br\/cursos\/graduacao\/frederico-westphalen\/relacoes-publicas\/wp-json\/wp\/v2\/categories?post=29"},{"taxonomy":"post_tag","embeddable":true,"href":"https:\/\/www.ufsm.br\/cursos\/graduacao\/frederico-westphalen\/relacoes-publicas\/wp-json\/wp\/v2\/tags?post=29"}],"curies":[{"name":"wp","href":"https:\/\/api.w.org\/{rel}","templated":true}]}}