{"id":491,"date":"2022-02-10T15:42:42","date_gmt":"2022-02-10T18:42:42","guid":{"rendered":"https:\/\/www.ufsm.br\/cursos\/graduacao\/frederico-westphalen\/relacoes-publicas\/?page_id=491"},"modified":"2022-02-21T11:45:38","modified_gmt":"2022-02-21T14:45:38","slug":"relatos","status":"publish","type":"page","link":"https:\/\/www.ufsm.br\/cursos\/graduacao\/frederico-westphalen\/relacoes-publicas\/relatos","title":{"rendered":"Relatos dos ex-alunos"},"content":{"rendered":"\t\t<div data-elementor-type=\"wp-page\" data-elementor-id=\"491\" class=\"elementor elementor-491\">\n\t\t\t\t\t\t<section class=\"elementor-section elementor-top-section elementor-element elementor-element-eff1f1e elementor-section-boxed elementor-section-height-default elementor-section-height-default\" data-id=\"eff1f1e\" data-element_type=\"section\">\n\t\t\t\t\t\t<div class=\"elementor-container elementor-column-gap-default\">\n\t\t\t\t\t<div class=\"elementor-column elementor-col-100 elementor-top-column elementor-element elementor-element-8000994\" data-id=\"8000994\" data-element_type=\"column\">\n\t\t\t<div class=\"elementor-widget-wrap elementor-element-populated\">\n\t\t\t\t\t\t<div class=\"elementor-element elementor-element-9bc201e elementor-widget elementor-widget-image\" data-id=\"9bc201e\" data-element_type=\"widget\" data-widget_type=\"image.default\">\n\t\t\t\t<div class=\"elementor-widget-container\">\n\t\t\t\t\t\t\t\t\t\t\t\t\t<img fetchpriority=\"high\" decoding=\"async\" width=\"1024\" height=\"270\" src=\"https:\/\/www.ufsm.br\/app\/uploads\/sites\/330\/2022\/02\/Banners-UFSM-3.jpg\" class=\"attachment-large size-large wp-image-492\" alt=\"\" srcset=\"https:\/\/www.ufsm.br\/app\/uploads\/sites\/330\/2022\/02\/Banners-UFSM-3.jpg 1024w, https:\/\/www.ufsm.br\/app\/uploads\/sites\/330\/2022\/02\/Banners-UFSM-3-300x79.jpg 300w, https:\/\/www.ufsm.br\/app\/uploads\/sites\/330\/2022\/02\/Banners-UFSM-3-768x203.jpg 768w\" sizes=\"(max-width: 1024px) 100vw, 1024px\" \/>\t\t\t\t\t\t\t\t\t\t\t\t\t<\/div>\n\t\t\t\t<\/div>\n\t\t\t\t\t<\/div>\n\t\t<\/div>\n\t\t\t\t\t<\/div>\n\t\t<\/section>\n\t\t\t\t<section class=\"elementor-section elementor-top-section elementor-element elementor-element-3d851fa elementor-section-boxed elementor-section-height-default elementor-section-height-default\" data-id=\"3d851fa\" data-element_type=\"section\">\n\t\t\t\t\t\t<div class=\"elementor-container elementor-column-gap-default\">\n\t\t\t\t\t<div class=\"elementor-column elementor-col-100 elementor-top-column elementor-element elementor-element-6b51106\" data-id=\"6b51106\" data-element_type=\"column\">\n\t\t\t<div class=\"elementor-widget-wrap elementor-element-populated\">\n\t\t\t\t\t\t<div class=\"elementor-element elementor-element-e119f09 elementor-widget elementor-widget-text-editor\" data-id=\"e119f09\" data-element_type=\"widget\" data-widget_type=\"text-editor.default\">\n\t\t\t\t<div class=\"elementor-widget-container\">\n\t\t\t\t\t\t\t<p><span id=\"docs-internal-guid-bdf10539-7fff-7411-2b27-d05b9b71bf7d\"><span style=\"font-size: 12pt;font-family: 'Times New Roman';color: #000000;background-color: transparent;vertical-align: baseline\">Poder\u00edamos elencar v\u00e1rios motivos para voc\u00ea cursar Rela\u00e7\u00f5es P\u00fablicas aqui na UFSM campus de Frederico Westphalen, mas em vez disso, vamos deixar nossos ex-alunos contarem um pouco da sua experi\u00eancia com a gente. <\/span><\/span><\/p>\t\t\t\t\t\t<\/div>\n\t\t\t\t<\/div>\n\t\t\t\t\t<\/div>\n\t\t<\/div>\n\t\t\t\t\t<\/div>\n\t\t<\/section>\n\t\t\t\t<section class=\"elementor-section elementor-top-section elementor-element elementor-element-02862f0 elementor-section-boxed elementor-section-height-default elementor-section-height-default\" data-id=\"02862f0\" data-element_type=\"section\">\n\t\t\t\t\t\t<div class=\"elementor-container elementor-column-gap-default\">\n\t\t\t\t\t<div class=\"elementor-column elementor-col-100 elementor-top-column elementor-element elementor-element-48d586b\" data-id=\"48d586b\" data-element_type=\"column\">\n\t\t\t<div class=\"elementor-widget-wrap elementor-element-populated\">\n\t\t\t\t\t\t<div class=\"elementor-element elementor-element-f482af2 elementor-widget elementor-widget-image\" data-id=\"f482af2\" data-element_type=\"widget\" data-widget_type=\"image.default\">\n\t\t\t\t<div class=\"elementor-widget-container\">\n\t\t\t\t\t\t\t\t\t\t\t\t\t<img decoding=\"async\" width=\"1024\" height=\"320\" src=\"https:\/\/www.ufsm.br\/app\/uploads\/sites\/330\/2022\/02\/Conheca-os-Professores-16-cm-\u00d7-5-cm-1024x320.jpg\" class=\"attachment-large size-large wp-image-493\" alt=\"\" srcset=\"https:\/\/www.ufsm.br\/app\/uploads\/sites\/330\/2022\/02\/Conheca-os-Professores-16-cm-\u00d7-5-cm-1024x320.jpg 1024w, https:\/\/www.ufsm.br\/app\/uploads\/sites\/330\/2022\/02\/Conheca-os-Professores-16-cm-\u00d7-5-cm-300x94.jpg 300w, https:\/\/www.ufsm.br\/app\/uploads\/sites\/330\/2022\/02\/Conheca-os-Professores-16-cm-\u00d7-5-cm-768x240.jpg 768w, https:\/\/www.ufsm.br\/app\/uploads\/sites\/330\/2022\/02\/Conheca-os-Professores-16-cm-\u00d7-5-cm-1536x480.jpg 1536w, https:\/\/www.ufsm.br\/app\/uploads\/sites\/330\/2022\/02\/Conheca-os-Professores-16-cm-\u00d7-5-cm.jpg 1890w\" sizes=\"(max-width: 1024px) 100vw, 1024px\" \/>\t\t\t\t\t\t\t\t\t\t\t\t\t<\/div>\n\t\t\t\t<\/div>\n\t\t\t\t\t<\/div>\n\t\t<\/div>\n\t\t\t\t\t<\/div>\n\t\t<\/section>\n\t\t\t\t<section class=\"elementor-section elementor-top-section elementor-element elementor-element-d2cca36 elementor-section-boxed elementor-section-height-default elementor-section-height-default\" data-id=\"d2cca36\" data-element_type=\"section\">\n\t\t\t\t\t\t<div class=\"elementor-container elementor-column-gap-default\">\n\t\t\t\t\t<div class=\"elementor-column elementor-col-100 elementor-top-column elementor-element elementor-element-c975aa0\" data-id=\"c975aa0\" data-element_type=\"column\">\n\t\t\t<div class=\"elementor-widget-wrap elementor-element-populated\">\n\t\t\t\t\t\t<div class=\"elementor-element elementor-element-1a396d5 elementor-widget elementor-widget-image\" data-id=\"1a396d5\" data-element_type=\"widget\" data-widget_type=\"image.default\">\n\t\t\t\t<div class=\"elementor-widget-container\">\n\t\t\t\t\t\t\t\t\t\t\t\t\t<img decoding=\"async\" width=\"1024\" height=\"320\" src=\"https:\/\/www.ufsm.br\/app\/uploads\/sites\/330\/2022\/02\/Conheca-os-Professores-16-cm-\u00d7-5-cm-1-1024x320.jpg\" class=\"attachment-large size-large wp-image-494\" alt=\"\" srcset=\"https:\/\/www.ufsm.br\/app\/uploads\/sites\/330\/2022\/02\/Conheca-os-Professores-16-cm-\u00d7-5-cm-1-1024x320.jpg 1024w, https:\/\/www.ufsm.br\/app\/uploads\/sites\/330\/2022\/02\/Conheca-os-Professores-16-cm-\u00d7-5-cm-1-300x94.jpg 300w, https:\/\/www.ufsm.br\/app\/uploads\/sites\/330\/2022\/02\/Conheca-os-Professores-16-cm-\u00d7-5-cm-1-768x240.jpg 768w, https:\/\/www.ufsm.br\/app\/uploads\/sites\/330\/2022\/02\/Conheca-os-Professores-16-cm-\u00d7-5-cm-1-1536x480.jpg 1536w, https:\/\/www.ufsm.br\/app\/uploads\/sites\/330\/2022\/02\/Conheca-os-Professores-16-cm-\u00d7-5-cm-1.jpg 1890w\" sizes=\"(max-width: 1024px) 100vw, 1024px\" \/>\t\t\t\t\t\t\t\t\t\t\t\t\t<\/div>\n\t\t\t\t<\/div>\n\t\t\t\t\t<\/div>\n\t\t<\/div>\n\t\t\t\t\t<\/div>\n\t\t<\/section>\n\t\t\t\t<section class=\"elementor-section elementor-top-section elementor-element elementor-element-682d2e7 elementor-section-boxed elementor-section-height-default elementor-section-height-default\" data-id=\"682d2e7\" data-element_type=\"section\">\n\t\t\t\t\t\t<div class=\"elementor-container elementor-column-gap-default\">\n\t\t\t\t\t<div class=\"elementor-column elementor-col-100 elementor-top-column elementor-element elementor-element-c171adc\" data-id=\"c171adc\" data-element_type=\"column\">\n\t\t\t<div class=\"elementor-widget-wrap elementor-element-populated\">\n\t\t\t\t\t\t<div class=\"elementor-element elementor-element-8a0b389 elementor-widget elementor-widget-image\" data-id=\"8a0b389\" data-element_type=\"widget\" data-widget_type=\"image.default\">\n\t\t\t\t<div class=\"elementor-widget-container\">\n\t\t\t\t\t\t\t\t\t\t\t\t\t<img loading=\"lazy\" decoding=\"async\" width=\"1024\" height=\"320\" src=\"https:\/\/www.ufsm.br\/app\/uploads\/sites\/330\/2022\/02\/Conheca-os-Professores-16-cm-\u00d7-5-cm-3-1024x320.jpg\" class=\"attachment-large size-large wp-image-496\" alt=\"\" srcset=\"https:\/\/www.ufsm.br\/app\/uploads\/sites\/330\/2022\/02\/Conheca-os-Professores-16-cm-\u00d7-5-cm-3-1024x320.jpg 1024w, https:\/\/www.ufsm.br\/app\/uploads\/sites\/330\/2022\/02\/Conheca-os-Professores-16-cm-\u00d7-5-cm-3-300x94.jpg 300w, https:\/\/www.ufsm.br\/app\/uploads\/sites\/330\/2022\/02\/Conheca-os-Professores-16-cm-\u00d7-5-cm-3-768x240.jpg 768w, https:\/\/www.ufsm.br\/app\/uploads\/sites\/330\/2022\/02\/Conheca-os-Professores-16-cm-\u00d7-5-cm-3-1536x480.jpg 1536w, https:\/\/www.ufsm.br\/app\/uploads\/sites\/330\/2022\/02\/Conheca-os-Professores-16-cm-\u00d7-5-cm-3.jpg 1890w\" sizes=\"(max-width: 1024px) 100vw, 1024px\" \/>\t\t\t\t\t\t\t\t\t\t\t\t\t<\/div>\n\t\t\t\t<\/div>\n\t\t\t\t\t<\/div>\n\t\t<\/div>\n\t\t\t\t\t<\/div>\n\t\t<\/section>\n\t\t\t\t<\/div>\n\t\t","protected":false},"excerpt":{"rendered":"<p>Poder\u00edamos elencar v\u00e1rios motivos para voc\u00ea cursar Rela\u00e7\u00f5es P\u00fablicas aqui na UFSM campus de Frederico Westphalen, mas em vez disso, vamos deixar nossos ex-alunos contarem um pouco da sua experi\u00eancia com a gente.<\/p>\n","protected":false},"author":4972,"featured_media":0,"parent":0,"menu_order":0,"comment_status":"closed","ping_status":"closed","template":"","meta":{"footnotes":""},"categories":[],"tags":[],"class_list":["post-491","page","type-page","status-publish","hentry"],"acf":[],"_links":{"self":[{"href":"https:\/\/www.ufsm.br\/cursos\/graduacao\/frederico-westphalen\/relacoes-publicas\/wp-json\/wp\/v2\/pages\/491","targetHints":{"allow":["GET"]}}],"collection":[{"href":"https:\/\/www.ufsm.br\/cursos\/graduacao\/frederico-westphalen\/relacoes-publicas\/wp-json\/wp\/v2\/pages"}],"about":[{"href":"https:\/\/www.ufsm.br\/cursos\/graduacao\/frederico-westphalen\/relacoes-publicas\/wp-json\/wp\/v2\/types\/page"}],"author":[{"embeddable":true,"href":"https:\/\/www.ufsm.br\/cursos\/graduacao\/frederico-westphalen\/relacoes-publicas\/wp-json\/wp\/v2\/users\/4972"}],"replies":[{"embeddable":true,"href":"https:\/\/www.ufsm.br\/cursos\/graduacao\/frederico-westphalen\/relacoes-publicas\/wp-json\/wp\/v2\/comments?post=491"}],"version-history":[{"count":0,"href":"https:\/\/www.ufsm.br\/cursos\/graduacao\/frederico-westphalen\/relacoes-publicas\/wp-json\/wp\/v2\/pages\/491\/revisions"}],"wp:attachment":[{"href":"https:\/\/www.ufsm.br\/cursos\/graduacao\/frederico-westphalen\/relacoes-publicas\/wp-json\/wp\/v2\/media?parent=491"}],"wp:term":[{"taxonomy":"category","embeddable":true,"href":"https:\/\/www.ufsm.br\/cursos\/graduacao\/frederico-westphalen\/relacoes-publicas\/wp-json\/wp\/v2\/categories?post=491"},{"taxonomy":"post_tag","embeddable":true,"href":"https:\/\/www.ufsm.br\/cursos\/graduacao\/frederico-westphalen\/relacoes-publicas\/wp-json\/wp\/v2\/tags?post=491"}],"curies":[{"name":"wp","href":"https:\/\/api.w.org\/{rel}","templated":true}]}}