{"id":497,"date":"2022-02-17T20:42:51","date_gmt":"2022-02-17T23:42:51","guid":{"rendered":"https:\/\/www.ufsm.br\/cursos\/graduacao\/frederico-westphalen\/relacoes-publicas\/?page_id=497"},"modified":"2024-10-23T17:18:07","modified_gmt":"2024-10-23T20:18:07","slug":"conheca-o-curso","status":"publish","type":"page","link":"https:\/\/www.ufsm.br\/cursos\/graduacao\/frederico-westphalen\/relacoes-publicas\/conheca-o-curso","title":{"rendered":"Conhe\u00e7a o Curso"},"content":{"rendered":"\t\t<div data-elementor-type=\"wp-page\" data-elementor-id=\"497\" class=\"elementor elementor-497\">\n\t\t\t\t\t\t<section class=\"elementor-section elementor-top-section elementor-element elementor-element-0e36269 elementor-section-boxed elementor-section-height-default elementor-section-height-default\" data-id=\"0e36269\" data-element_type=\"section\">\n\t\t\t\t\t\t<div class=\"elementor-container elementor-column-gap-default\">\n\t\t\t\t\t<div class=\"elementor-column elementor-col-100 elementor-top-column elementor-element elementor-element-2d383ea\" data-id=\"2d383ea\" data-element_type=\"column\">\n\t\t\t<div class=\"elementor-widget-wrap elementor-element-populated\">\n\t\t\t\t\t\t<div class=\"elementor-element elementor-element-214e2a0 elementor-widget elementor-widget-image\" data-id=\"214e2a0\" data-element_type=\"widget\" data-widget_type=\"image.default\">\n\t\t\t\t<div class=\"elementor-widget-container\">\n\t\t\t\t\t\t\t\t\t\t\t\t\t<img fetchpriority=\"high\" decoding=\"async\" width=\"1024\" height=\"270\" src=\"https:\/\/www.ufsm.br\/app\/uploads\/sites\/330\/2022\/02\/Banners-UFSM-4.jpg\" class=\"attachment-large size-large wp-image-498\" alt=\"\" srcset=\"https:\/\/www.ufsm.br\/app\/uploads\/sites\/330\/2022\/02\/Banners-UFSM-4.jpg 1024w, https:\/\/www.ufsm.br\/app\/uploads\/sites\/330\/2022\/02\/Banners-UFSM-4-300x79.jpg 300w, https:\/\/www.ufsm.br\/app\/uploads\/sites\/330\/2022\/02\/Banners-UFSM-4-768x203.jpg 768w\" sizes=\"(max-width: 1024px) 100vw, 1024px\" \/>\t\t\t\t\t\t\t\t\t\t\t\t\t<\/div>\n\t\t\t\t<\/div>\n\t\t\t\t\t<\/div>\n\t\t<\/div>\n\t\t\t\t\t<\/div>\n\t\t<\/section>\n\t\t\t\t<section class=\"elementor-section elementor-top-section elementor-element elementor-element-99eb692 elementor-section-boxed elementor-section-height-default elementor-section-height-default\" data-id=\"99eb692\" data-element_type=\"section\">\n\t\t\t\t\t\t<div class=\"elementor-container elementor-column-gap-default\">\n\t\t\t\t\t<div class=\"elementor-column elementor-col-100 elementor-top-column elementor-element elementor-element-a6eb9f0\" data-id=\"a6eb9f0\" data-element_type=\"column\">\n\t\t\t<div class=\"elementor-widget-wrap elementor-element-populated\">\n\t\t\t\t\t\t<div class=\"elementor-element elementor-element-944d4d1 elementor-widget elementor-widget-text-editor\" data-id=\"944d4d1\" data-element_type=\"widget\" data-widget_type=\"text-editor.default\">\n\t\t\t\t<div class=\"elementor-widget-container\">\n\t\t\t\t\t\t\t<p>O curso de <strong>Rela\u00e7\u00f5es P\u00fablicas<\/strong> est\u00e1 localizado no Campus Frederico Westphalen, cerca de 290 km da sede em Santa Maria. Sua modalidade \u00e9 bacharelado, presencial em per\u00edodo integral, com dura\u00e7\u00e3o de 8 semestres.<\/p><p><strong>Objetivo<\/strong>: preparar os estudantes para atuar no planejamento e na gest\u00e3o estrat\u00e9gica da comunica\u00e7\u00e3o organizacional. As estrat\u00e9gias e t\u00e9cnicas de Rela\u00e7\u00f5es P\u00fablicas contribuem para a constru\u00e7\u00e3o de relacionamentos entre as organiza\u00e7\u00f5es e seus p\u00fablicos. A atua\u00e7\u00e3o desse profissional busca o fortalecimento da imagem e a consolida\u00e7\u00e3o da reputa\u00e7\u00e3o de empresas privadas, organiza\u00e7\u00f5es p\u00fablicas e do terceiro setor, movimentos sociais e\/ou personalidades p\u00fablicas.<\/p>\t\t\t\t\t\t<\/div>\n\t\t\t\t<\/div>\n\t\t\t\t\t<\/div>\n\t\t<\/div>\n\t\t\t\t\t<\/div>\n\t\t<\/section>\n\t\t\t\t<section class=\"elementor-section elementor-top-section elementor-element elementor-element-2592b6a elementor-section-boxed elementor-section-height-default elementor-section-height-default\" data-id=\"2592b6a\" data-element_type=\"section\">\n\t\t\t\t\t\t<div class=\"elementor-container elementor-column-gap-default\">\n\t\t\t\t\t<div class=\"elementor-column elementor-col-100 elementor-top-column elementor-element elementor-element-8be0008\" data-id=\"8be0008\" data-element_type=\"column\">\n\t\t\t<div class=\"elementor-widget-wrap elementor-element-populated\">\n\t\t\t\t\t\t<div class=\"elementor-element elementor-element-067e7f5 elementor-widget elementor-widget-google_maps\" data-id=\"067e7f5\" data-element_type=\"widget\" data-widget_type=\"google_maps.default\">\n\t\t\t\t<div class=\"elementor-widget-container\">\n\t\t\t\t\t<div class=\"elementor-custom-embed\">\n\t\t\t<iframe loading=\"lazy\"\n\t\t\t\t\tsrc=\"https:\/\/maps.google.com\/maps?q=Frederico%20Westphalen%20UFSM&#038;t=m&#038;z=10&#038;output=embed&#038;iwloc=near\"\n\t\t\t\t\ttitle=\"Frederico Westphalen UFSM\"\n\t\t\t\t\taria-label=\"Frederico Westphalen UFSM\"\n\t\t\t><\/iframe>\n\t\t<\/div>\n\t\t\t\t<\/div>\n\t\t\t\t<\/div>\n\t\t\t\t\t<\/div>\n\t\t<\/div>\n\t\t\t\t\t<\/div>\n\t\t<\/section>\n\t\t\t\t<\/div>\n\t\t","protected":false},"excerpt":{"rendered":"<p>O curso de Rela\u00e7\u00f5es P\u00fablicas est\u00e1 localizado no Campus Frederico Westphalen, cerca de 290 km da sede em Santa Maria. Sua modalidade \u00e9 bacharelado, presencial em per\u00edodo integral, com dura\u00e7\u00e3o de 8 semestres. Objetivo: preparar os estudantes para atuar no planejamento e na gest\u00e3o estrat\u00e9gica da comunica\u00e7\u00e3o organizacional. As estrat\u00e9gias e t\u00e9cnicas de Rela\u00e7\u00f5es P\u00fablicas [&hellip;]<\/p>\n","protected":false},"author":4972,"featured_media":0,"parent":0,"menu_order":0,"comment_status":"closed","ping_status":"closed","template":"","meta":{"footnotes":""},"categories":[],"tags":[],"class_list":["post-497","page","type-page","status-publish","hentry"],"acf":[],"_links":{"self":[{"href":"https:\/\/www.ufsm.br\/cursos\/graduacao\/frederico-westphalen\/relacoes-publicas\/wp-json\/wp\/v2\/pages\/497","targetHints":{"allow":["GET"]}}],"collection":[{"href":"https:\/\/www.ufsm.br\/cursos\/graduacao\/frederico-westphalen\/relacoes-publicas\/wp-json\/wp\/v2\/pages"}],"about":[{"href":"https:\/\/www.ufsm.br\/cursos\/graduacao\/frederico-westphalen\/relacoes-publicas\/wp-json\/wp\/v2\/types\/page"}],"author":[{"embeddable":true,"href":"https:\/\/www.ufsm.br\/cursos\/graduacao\/frederico-westphalen\/relacoes-publicas\/wp-json\/wp\/v2\/users\/4972"}],"replies":[{"embeddable":true,"href":"https:\/\/www.ufsm.br\/cursos\/graduacao\/frederico-westphalen\/relacoes-publicas\/wp-json\/wp\/v2\/comments?post=497"}],"version-history":[{"count":0,"href":"https:\/\/www.ufsm.br\/cursos\/graduacao\/frederico-westphalen\/relacoes-publicas\/wp-json\/wp\/v2\/pages\/497\/revisions"}],"wp:attachment":[{"href":"https:\/\/www.ufsm.br\/cursos\/graduacao\/frederico-westphalen\/relacoes-publicas\/wp-json\/wp\/v2\/media?parent=497"}],"wp:term":[{"taxonomy":"category","embeddable":true,"href":"https:\/\/www.ufsm.br\/cursos\/graduacao\/frederico-westphalen\/relacoes-publicas\/wp-json\/wp\/v2\/categories?post=497"},{"taxonomy":"post_tag","embeddable":true,"href":"https:\/\/www.ufsm.br\/cursos\/graduacao\/frederico-westphalen\/relacoes-publicas\/wp-json\/wp\/v2\/tags?post=497"}],"curies":[{"name":"wp","href":"https:\/\/api.w.org\/{rel}","templated":true}]}}