{"id":807,"date":"2024-10-20T18:37:32","date_gmt":"2024-10-20T21:37:32","guid":{"rendered":"https:\/\/www.ufsm.br\/cursos\/graduacao\/frederico-westphalen\/relacoes-publicas\/?page_id=807"},"modified":"2024-11-19T20:54:22","modified_gmt":"2024-11-19T23:54:22","slug":"laboratorios-de-comunicacao","status":"publish","type":"page","link":"https:\/\/www.ufsm.br\/cursos\/graduacao\/frederico-westphalen\/relacoes-publicas\/laboratorios-de-comunicacao","title":{"rendered":"Laborat\u00f3rios de Comunica\u00e7\u00e3o"},"content":{"rendered":"\t\t<div data-elementor-type=\"wp-page\" data-elementor-id=\"807\" class=\"elementor elementor-807\">\n\t\t\t\t\t\t<section class=\"elementor-section elementor-top-section elementor-element elementor-element-27bd546 elementor-section-boxed elementor-section-height-default elementor-section-height-default\" data-id=\"27bd546\" data-element_type=\"section\">\n\t\t\t\t\t\t<div class=\"elementor-container elementor-column-gap-default\">\n\t\t\t\t\t<div class=\"elementor-column elementor-col-100 elementor-top-column elementor-element elementor-element-6b66db9\" data-id=\"6b66db9\" data-element_type=\"column\">\n\t\t\t<div class=\"elementor-widget-wrap elementor-element-populated\">\n\t\t\t\t\t\t<div class=\"elementor-element elementor-element-bc3a6b1 elementor-widget elementor-widget-text-editor\" data-id=\"bc3a6b1\" data-element_type=\"widget\" data-widget_type=\"text-editor.default\">\n\t\t\t\t<div class=\"elementor-widget-container\">\n\t\t\t\t\t\t\t<p><!-- wp:paragraph --><\/p>\n<p>Confira a estrutura dos Laborat\u00f3rios de Comunica\u00e7\u00e3o<\/p>\n<p><!-- \/wp:paragraph --><\/p>\t\t\t\t\t\t<\/div>\n\t\t\t\t<\/div>\n\t\t\t\t\t<\/div>\n\t\t<\/div>\n\t\t\t\t\t<\/div>\n\t\t<\/section>\n\t\t\t\t<section class=\"elementor-section elementor-top-section elementor-element elementor-element-764c57f elementor-section-boxed elementor-section-height-default elementor-section-height-default\" data-id=\"764c57f\" data-element_type=\"section\">\n\t\t\t\t\t\t<div class=\"elementor-container elementor-column-gap-default\">\n\t\t\t\t\t<div class=\"elementor-column elementor-col-100 elementor-top-column elementor-element elementor-element-2beba92\" data-id=\"2beba92\" data-element_type=\"column\">\n\t\t\t<div class=\"elementor-widget-wrap elementor-element-populated\">\n\t\t\t\t\t\t<div class=\"elementor-element elementor-element-e441da2 elementor-widget elementor-widget-text-editor\" data-id=\"e441da2\" data-element_type=\"widget\" data-widget_type=\"text-editor.default\">\n\t\t\t\t<div class=\"elementor-widget-container\">\n\t\t\t\t\t\t\t<h5>Laborat\u00f3rio de Fotografia<\/h5>\t\t\t\t\t\t<\/div>\n\t\t\t\t<\/div>\n\t\t\t\t<div class=\"elementor-element elementor-element-f6e5f67 elementor-widget elementor-widget-text-editor\" data-id=\"f6e5f67\" data-element_type=\"widget\" data-widget_type=\"text-editor.default\">\n\t\t\t\t<div class=\"elementor-widget-container\">\n\t\t\t\t\t\t\t<p><span style=\"font-weight: 400\">O Laborat\u00f3rio de Foto est\u00e1 localizado no 2\u00ba andar do Bloco Principal, em frente ao NAE.<\/span><\/p>\t\t\t\t\t\t<\/div>\n\t\t\t\t<\/div>\n\t\t\t\t<div class=\"elementor-element elementor-element-06ad855 elementor-widget elementor-widget-text-editor\" data-id=\"06ad855\" data-element_type=\"widget\" data-widget_type=\"text-editor.default\">\n\t\t\t\t<div class=\"elementor-widget-container\">\n\t\t\t\t\t\t\t<h5>Laborat\u00f3rio de R\u00e1dio<\/h5>\t\t\t\t\t\t<\/div>\n\t\t\t\t<\/div>\n\t\t\t\t<div class=\"elementor-element elementor-element-bd3c7f8 elementor-widget elementor-widget-image-gallery\" data-id=\"bd3c7f8\" data-element_type=\"widget\" data-widget_type=\"image-gallery.default\">\n\t\t\t\t<div class=\"elementor-widget-container\">\n\t\t\t\t\t<div class=\"elementor-image-gallery\">\n\t\t\t<div id='gallery-1' class='gallery galleryid-807 gallery-columns-6 gallery-size-thumbnail'><figure class='gallery-item'>\n\t\t\t<div class='gallery-icon landscape'>\n\t\t\t\t<a data-elementor-open-lightbox=\"yes\" data-elementor-lightbox-slideshow=\"bd3c7f8\" data-elementor-lightbox-title=\"Mesa de Grava\u00e7\u00e3o\" data-e-action-hash=\"#elementor-action%3Aaction%3Dlightbox%26settings%3DeyJpZCI6MTExNCwidXJsIjoiaHR0cHM6XC9cL3d3dy51ZnNtLmJyXC9hcHBcL3VwbG9hZHNcL3NpdGVzXC8zMzBcLzIwMjRcLzExXC9EZXNpZ24tc2VtLW5vbWUtMTkuanBnIiwic2xpZGVzaG93IjoiYmQzYzdmOCJ9\" href='https:\/\/www.ufsm.br\/app\/uploads\/sites\/330\/2024\/11\/Design-sem-nome-19.jpg'><img decoding=\"async\" width=\"150\" height=\"150\" src=\"https:\/\/www.ufsm.br\/app\/uploads\/sites\/330\/2024\/11\/Design-sem-nome-19-150x150.jpg\" class=\"attachment-thumbnail size-thumbnail\" alt=\"\" \/><\/a>\n\t\t\t<\/div><\/figure><figure class='gallery-item'>\n\t\t\t<div class='gallery-icon landscape'>\n\t\t\t\t<a data-elementor-open-lightbox=\"yes\" data-elementor-lightbox-slideshow=\"bd3c7f8\" data-elementor-lightbox-title=\"Mesa de Grava\u00e7\u00e3o\" data-e-action-hash=\"#elementor-action%3Aaction%3Dlightbox%26settings%3DeyJpZCI6MTExNSwidXJsIjoiaHR0cHM6XC9cL3d3dy51ZnNtLmJyXC9hcHBcL3VwbG9hZHNcL3NpdGVzXC8zMzBcLzIwMjRcLzExXC9EU0NfMDAwMy5qcGciLCJzbGlkZXNob3ciOiJiZDNjN2Y4In0%3D\" href='https:\/\/www.ufsm.br\/app\/uploads\/sites\/330\/2024\/11\/DSC_0003.jpg'><img decoding=\"async\" width=\"150\" height=\"150\" src=\"https:\/\/www.ufsm.br\/app\/uploads\/sites\/330\/2024\/11\/DSC_0003-150x150.jpg\" class=\"attachment-thumbnail size-thumbnail\" alt=\"\" \/><\/a>\n\t\t\t<\/div><\/figure><figure class='gallery-item'>\n\t\t\t<div class='gallery-icon landscape'>\n\t\t\t\t<a data-elementor-open-lightbox=\"yes\" data-elementor-lightbox-slideshow=\"bd3c7f8\" data-elementor-lightbox-title=\"Mesa de Grava\u00e7\u00e3o\" data-e-action-hash=\"#elementor-action%3Aaction%3Dlightbox%26settings%3DeyJpZCI6MTExNiwidXJsIjoiaHR0cHM6XC9cL3d3dy51ZnNtLmJyXC9hcHBcL3VwbG9hZHNcL3NpdGVzXC8zMzBcLzIwMjRcLzExXC9EU0NfMDAwNC5qcGciLCJzbGlkZXNob3ciOiJiZDNjN2Y4In0%3D\" href='https:\/\/www.ufsm.br\/app\/uploads\/sites\/330\/2024\/11\/DSC_0004.jpg'><img decoding=\"async\" width=\"150\" height=\"150\" src=\"https:\/\/www.ufsm.br\/app\/uploads\/sites\/330\/2024\/11\/DSC_0004-150x150.jpg\" class=\"attachment-thumbnail size-thumbnail\" alt=\"\" \/><\/a>\n\t\t\t<\/div><\/figure><figure class='gallery-item'>\n\t\t\t<div class='gallery-icon landscape'>\n\t\t\t\t<a data-elementor-open-lightbox=\"yes\" data-elementor-lightbox-slideshow=\"bd3c7f8\" data-elementor-lightbox-title=\"Mesa de Grava\u00e7\u00e3o\" data-e-action-hash=\"#elementor-action%3Aaction%3Dlightbox%26settings%3DeyJpZCI6MTExOSwidXJsIjoiaHR0cHM6XC9cL3d3dy51ZnNtLmJyXC9hcHBcL3VwbG9hZHNcL3NpdGVzXC8zMzBcLzIwMjRcLzExXC9EU0NfMDAwOS5qcGciLCJzbGlkZXNob3ciOiJiZDNjN2Y4In0%3D\" href='https:\/\/www.ufsm.br\/app\/uploads\/sites\/330\/2024\/11\/DSC_0009.jpg'><img loading=\"lazy\" decoding=\"async\" width=\"150\" height=\"150\" src=\"https:\/\/www.ufsm.br\/app\/uploads\/sites\/330\/2024\/11\/DSC_0009-150x150.jpg\" class=\"attachment-thumbnail size-thumbnail\" alt=\"\" \/><\/a>\n\t\t\t<\/div><\/figure><figure class='gallery-item'>\n\t\t\t<div class='gallery-icon landscape'>\n\t\t\t\t<a data-elementor-open-lightbox=\"yes\" data-elementor-lightbox-slideshow=\"bd3c7f8\" data-elementor-lightbox-title=\"Mesa de Grava\u00e7\u00e3o\" data-e-action-hash=\"#elementor-action%3Aaction%3Dlightbox%26settings%3DeyJpZCI6MTExNywidXJsIjoiaHR0cHM6XC9cL3d3dy51ZnNtLmJyXC9hcHBcL3VwbG9hZHNcL3NpdGVzXC8zMzBcLzIwMjRcLzExXC9EU0NfMDAwNi5qcGciLCJzbGlkZXNob3ciOiJiZDNjN2Y4In0%3D\" href='https:\/\/www.ufsm.br\/app\/uploads\/sites\/330\/2024\/11\/DSC_0006.jpg'><img loading=\"lazy\" decoding=\"async\" width=\"150\" height=\"150\" src=\"https:\/\/www.ufsm.br\/app\/uploads\/sites\/330\/2024\/11\/DSC_0006-150x150.jpg\" class=\"attachment-thumbnail size-thumbnail\" alt=\"\" \/><\/a>\n\t\t\t<\/div><\/figure><figure class='gallery-item'>\n\t\t\t<div class='gallery-icon landscape'>\n\t\t\t\t<a data-elementor-open-lightbox=\"yes\" data-elementor-lightbox-slideshow=\"bd3c7f8\" data-elementor-lightbox-title=\"Mesa de Grava\u00e7\u00e3o\" data-e-action-hash=\"#elementor-action%3Aaction%3Dlightbox%26settings%3DeyJpZCI6MTExOCwidXJsIjoiaHR0cHM6XC9cL3d3dy51ZnNtLmJyXC9hcHBcL3VwbG9hZHNcL3NpdGVzXC8zMzBcLzIwMjRcLzExXC9EU0NfMDAwOC5qcGciLCJzbGlkZXNob3ciOiJiZDNjN2Y4In0%3D\" href='https:\/\/www.ufsm.br\/app\/uploads\/sites\/330\/2024\/11\/DSC_0008.jpg'><img loading=\"lazy\" decoding=\"async\" width=\"150\" height=\"150\" src=\"https:\/\/www.ufsm.br\/app\/uploads\/sites\/330\/2024\/11\/DSC_0008-150x150.jpg\" class=\"attachment-thumbnail size-thumbnail\" alt=\"\" \/><\/a>\n\t\t\t<\/div><\/figure><figure class='gallery-item'>\n\t\t\t<div class='gallery-icon landscape'>\n\t\t\t\t<a data-elementor-open-lightbox=\"yes\" data-elementor-lightbox-slideshow=\"bd3c7f8\" data-elementor-lightbox-title=\"Est\u00fadio de Grava\u00e7\u00e3o\" data-e-action-hash=\"#elementor-action%3Aaction%3Dlightbox%26settings%3DeyJpZCI6MTEyMywidXJsIjoiaHR0cHM6XC9cL3d3dy51ZnNtLmJyXC9hcHBcL3VwbG9hZHNcL3NpdGVzXC8zMzBcLzIwMjRcLzExXC9EU0NfMDAxNi5qcGciLCJzbGlkZXNob3ciOiJiZDNjN2Y4In0%3D\" href='https:\/\/www.ufsm.br\/app\/uploads\/sites\/330\/2024\/11\/DSC_0016.jpg'><img loading=\"lazy\" decoding=\"async\" width=\"150\" height=\"150\" src=\"https:\/\/www.ufsm.br\/app\/uploads\/sites\/330\/2024\/11\/DSC_0016-150x150.jpg\" class=\"attachment-thumbnail size-thumbnail\" alt=\"\" \/><\/a>\n\t\t\t<\/div><\/figure><figure class='gallery-item'>\n\t\t\t<div class='gallery-icon landscape'>\n\t\t\t\t<a data-elementor-open-lightbox=\"yes\" data-elementor-lightbox-slideshow=\"bd3c7f8\" data-elementor-lightbox-title=\"Est\u00fadio de Grava\u00e7\u00e3o\" data-e-action-hash=\"#elementor-action%3Aaction%3Dlightbox%26settings%3DeyJpZCI6MTEyMCwidXJsIjoiaHR0cHM6XC9cL3d3dy51ZnNtLmJyXC9hcHBcL3VwbG9hZHNcL3NpdGVzXC8zMzBcLzIwMjRcLzExXC9EU0NfMDAxMC5qcGciLCJzbGlkZXNob3ciOiJiZDNjN2Y4In0%3D\" href='https:\/\/www.ufsm.br\/app\/uploads\/sites\/330\/2024\/11\/DSC_0010.jpg'><img loading=\"lazy\" decoding=\"async\" width=\"150\" height=\"150\" src=\"https:\/\/www.ufsm.br\/app\/uploads\/sites\/330\/2024\/11\/DSC_0010-150x150.jpg\" class=\"attachment-thumbnail size-thumbnail\" alt=\"\" \/><\/a>\n\t\t\t<\/div><\/figure><figure class='gallery-item'>\n\t\t\t<div class='gallery-icon landscape'>\n\t\t\t\t<a data-elementor-open-lightbox=\"yes\" data-elementor-lightbox-slideshow=\"bd3c7f8\" data-elementor-lightbox-title=\"Est\u00fadio de Grava\u00e7\u00e3o\" data-e-action-hash=\"#elementor-action%3Aaction%3Dlightbox%26settings%3DeyJpZCI6MTEyMiwidXJsIjoiaHR0cHM6XC9cL3d3dy51ZnNtLmJyXC9hcHBcL3VwbG9hZHNcL3NpdGVzXC8zMzBcLzIwMjRcLzExXC9EU0NfMDAxNS5qcGciLCJzbGlkZXNob3ciOiJiZDNjN2Y4In0%3D\" href='https:\/\/www.ufsm.br\/app\/uploads\/sites\/330\/2024\/11\/DSC_0015.jpg'><img loading=\"lazy\" decoding=\"async\" width=\"150\" height=\"150\" src=\"https:\/\/www.ufsm.br\/app\/uploads\/sites\/330\/2024\/11\/DSC_0015-150x150.jpg\" class=\"attachment-thumbnail size-thumbnail\" alt=\"\" \/><\/a>\n\t\t\t<\/div><\/figure><figure class='gallery-item'>\n\t\t\t<div class='gallery-icon landscape'>\n\t\t\t\t<a data-elementor-open-lightbox=\"yes\" data-elementor-lightbox-slideshow=\"bd3c7f8\" data-elementor-lightbox-title=\"Est\u00fadio de Grava\u00e7\u00e3o\" data-e-action-hash=\"#elementor-action%3Aaction%3Dlightbox%26settings%3DeyJpZCI6MTEyMSwidXJsIjoiaHR0cHM6XC9cL3d3dy51ZnNtLmJyXC9hcHBcL3VwbG9hZHNcL3NpdGVzXC8zMzBcLzIwMjRcLzExXC9EU0NfMDAxMy5qcGciLCJzbGlkZXNob3ciOiJiZDNjN2Y4In0%3D\" href='https:\/\/www.ufsm.br\/app\/uploads\/sites\/330\/2024\/11\/DSC_0013.jpg'><img loading=\"lazy\" decoding=\"async\" width=\"150\" height=\"150\" src=\"https:\/\/www.ufsm.br\/app\/uploads\/sites\/330\/2024\/11\/DSC_0013-150x150.jpg\" class=\"attachment-thumbnail size-thumbnail\" alt=\"\" \/><\/a>\n\t\t\t<\/div><\/figure><figure class='gallery-item'>\n\t\t\t<div class='gallery-icon landscape'>\n\t\t\t\t<a data-elementor-open-lightbox=\"yes\" data-elementor-lightbox-slideshow=\"bd3c7f8\" data-elementor-lightbox-title=\"Est\u00fadio de Grava\u00e7\u00e3o\" data-e-action-hash=\"#elementor-action%3Aaction%3Dlightbox%26settings%3DeyJpZCI6MTEyNCwidXJsIjoiaHR0cHM6XC9cL3d3dy51ZnNtLmJyXC9hcHBcL3VwbG9hZHNcL3NpdGVzXC8zMzBcLzIwMjRcLzExXC9XaGF0c0FwcC1JbWFnZS0yMDI0LTExLTE5LWF0LTE5LjQ4LjA1LmpwZWciLCJzbGlkZXNob3ciOiJiZDNjN2Y4In0%3D\" href='https:\/\/www.ufsm.br\/app\/uploads\/sites\/330\/2024\/11\/WhatsApp-Image-2024-11-19-at-19.48.05.jpeg'><img loading=\"lazy\" decoding=\"async\" width=\"150\" height=\"150\" src=\"https:\/\/www.ufsm.br\/app\/uploads\/sites\/330\/2024\/11\/WhatsApp-Image-2024-11-19-at-19.48.05-150x150.jpeg\" class=\"attachment-thumbnail size-thumbnail\" alt=\"\" \/><\/a>\n\t\t\t<\/div><\/figure>\n\t\t<\/div>\n\t\t<\/div>\n\t\t\t\t<\/div>\n\t\t\t\t<\/div>\n\t\t\t\t<div class=\"elementor-element elementor-element-d354f52 elementor-widget elementor-widget-text-editor\" data-id=\"d354f52\" data-element_type=\"widget\" data-widget_type=\"text-editor.default\">\n\t\t\t\t<div class=\"elementor-widget-container\">\n\t\t\t\t\t\t\t<p><span style=\"font-weight: 400\">O Laborat\u00f3rio de R\u00e1dio est\u00e1 localizado na sala 10, no 2\u00ba andar do Bloco Principal, perto do NAE.<\/span><\/p>\t\t\t\t\t\t<\/div>\n\t\t\t\t<\/div>\n\t\t\t\t\t<\/div>\n\t\t<\/div>\n\t\t\t\t\t<\/div>\n\t\t<\/section>\n\t\t\t\t<\/div>\n\t\t","protected":false},"excerpt":{"rendered":"<p>Confira a estrutura dos Laborat\u00f3rios de Comunica\u00e7\u00e3o Laborat\u00f3rio de Fotografia O Laborat\u00f3rio de Foto est\u00e1 localizado no 2\u00ba andar do Bloco Principal, em frente ao NAE. Laborat\u00f3rio de R\u00e1dio O Laborat\u00f3rio de R\u00e1dio est\u00e1 localizado na sala 10, no 2\u00ba andar do Bloco Principal, perto do NAE.<\/p>\n","protected":false},"author":8354,"featured_media":0,"parent":0,"menu_order":0,"comment_status":"closed","ping_status":"closed","template":"","meta":{"footnotes":""},"categories":[96],"tags":[97,36,35],"class_list":["post-807","page","type-page","status-publish","hentry","category-relacoes-publicas","tag-laboratorio","tag-relacoes-publicas","tag-ufsm-fw"],"acf":[],"_links":{"self":[{"href":"https:\/\/www.ufsm.br\/cursos\/graduacao\/frederico-westphalen\/relacoes-publicas\/wp-json\/wp\/v2\/pages\/807","targetHints":{"allow":["GET"]}}],"collection":[{"href":"https:\/\/www.ufsm.br\/cursos\/graduacao\/frederico-westphalen\/relacoes-publicas\/wp-json\/wp\/v2\/pages"}],"about":[{"href":"https:\/\/www.ufsm.br\/cursos\/graduacao\/frederico-westphalen\/relacoes-publicas\/wp-json\/wp\/v2\/types\/page"}],"author":[{"embeddable":true,"href":"https:\/\/www.ufsm.br\/cursos\/graduacao\/frederico-westphalen\/relacoes-publicas\/wp-json\/wp\/v2\/users\/8354"}],"replies":[{"embeddable":true,"href":"https:\/\/www.ufsm.br\/cursos\/graduacao\/frederico-westphalen\/relacoes-publicas\/wp-json\/wp\/v2\/comments?post=807"}],"version-history":[{"count":0,"href":"https:\/\/www.ufsm.br\/cursos\/graduacao\/frederico-westphalen\/relacoes-publicas\/wp-json\/wp\/v2\/pages\/807\/revisions"}],"wp:attachment":[{"href":"https:\/\/www.ufsm.br\/cursos\/graduacao\/frederico-westphalen\/relacoes-publicas\/wp-json\/wp\/v2\/media?parent=807"}],"wp:term":[{"taxonomy":"category","embeddable":true,"href":"https:\/\/www.ufsm.br\/cursos\/graduacao\/frederico-westphalen\/relacoes-publicas\/wp-json\/wp\/v2\/categories?post=807"},{"taxonomy":"post_tag","embeddable":true,"href":"https:\/\/www.ufsm.br\/cursos\/graduacao\/frederico-westphalen\/relacoes-publicas\/wp-json\/wp\/v2\/tags?post=807"}],"curies":[{"name":"wp","href":"https:\/\/api.w.org\/{rel}","templated":true}]}}