{"id":137,"date":"2018-11-20T17:27:33","date_gmt":"2018-11-20T19:27:33","guid":{"rendered":"https:\/\/www.ufsm.br\/cursos\/graduacao\/sistemas-de-informacao-fw\/?page_id=137"},"modified":"2019-03-25T16:26:31","modified_gmt":"2019-03-25T19:26:31","slug":"projeto-pedagogico-do-curso-curriculo-2016","status":"publish","type":"page","link":"https:\/\/www.ufsm.br\/cursos\/graduacao\/frederico-westphalen\/sistemas-de-informacao\/projeto-pedagogico-do-curso-curriculo-2016","title":{"rendered":"Projeto Pedag\u00f3gico do Curso &#8211; Curr\u00edculo 2016"},"content":{"rendered":"<p><a href=\"https:\/\/www.ufsm.br\/cursos\/graduacao\/sistemas-de-informacao-fw\/tramitacao-do-projeto-sistemas-de-informacao-curriculo-2016\/\">00 Tramita\u00e7\u00e3o do Projeto<\/a><\/p>\n<p><a href=\"https:\/\/www.ufsm.br\/cursos\/graduacao\/sistemas-de-informacao-fw\/wp-content\/uploads\/sites\/333\/2018\/11\/Apresenta\u00e7\u00e3o_sistemas_novo.pdf\" target=\"_blank\" rel=\"noopener noreferrer\">01 Apresenta\u00e7\u00e3o<\/a><\/p>\n<p><a href=\"https:\/\/www.ufsm.br\/cursos\/graduacao\/sistemas-de-informacao-fw\/wp-content\/uploads\/sites\/333\/2018\/11\/JUSTIFICATIVAsistemas_novo.pdf\" target=\"_blank\" rel=\"noopener noreferrer\">02 Justificativa<\/a><\/p>\n<p><a href=\"https:\/\/www.ufsm.br\/cursos\/graduacao\/sistemas-de-informacao-fw\/wp-content\/uploads\/sites\/333\/2018\/11\/Objetivossistemas_novo.pdf\" target=\"_blank\" rel=\"noopener noreferrer\">03 Objetivos<\/a><\/p>\n<p><a href=\"https:\/\/www.ufsm.br\/cursos\/graduacao\/sistemas-de-informacao-fw\/wp-content\/uploads\/sites\/333\/2018\/11\/Perfil_dos_Egressossistemas_novo.pdf\" target=\"_blank\" rel=\"noopener noreferrer\">04 Perfil do formando<\/a><\/p>\n<p><a href=\"https:\/\/www.ufsm.br\/cursos\/graduacao\/sistemas-de-informacao-fw\/wp-content\/uploads\/sites\/333\/2018\/11\/areas_de_atua\u00e7aosistemas_novo.pdf\" target=\"_blank\" rel=\"noopener noreferrer\">05 \u00c1reas de atua\u00e7\u00e3o<\/a><\/p>\n<p><a href=\"https:\/\/www.ufsm.br\/cursos\/graduacao\/sistemas-de-informacao-fw\/wp-content\/uploads\/sites\/333\/2018\/11\/Papel_dos_Docentes_sistemas_novo.pdf\" target=\"_blank\" rel=\"noopener noreferrer\">06 Papel dos docentes<\/a><\/p>\n<p><a href=\"https:\/\/www.ufsm.br\/cursos\/graduacao\/sistemas-de-informacao-fw\/estrategias-pedagogicas-sistemas-de-informacao-curriculo-2016\/\">07 Estrat\u00e9gias Pedag\u00f3gicas<\/a><\/p>\n<p><a href=\"https:\/\/www.ufsm.br\/cursos\/graduacao\/sistemas-de-informacao-fw\/curriculo-sistemas-de-informacao-sistemas-de-informacao-curriculo-2016\/\">08 Curriculo Sistemas de Informa\u00e7\u00e3o<\/a><\/p>\n<p><a href=\"https:\/\/www.ufsm.br\/cursos\/graduacao\/sistemas-de-informacao-fw\/wp-content\/uploads\/sites\/333\/2018\/11\/Avaliacaosistemas_novo.pdf\" target=\"_blank\" rel=\"noopener noreferrer\">09 Avalia\u00e7\u00e3o<\/a><\/p>\n<p><a href=\"https:\/\/www.ufsm.br\/cursos\/graduacao\/sistemas-de-informacao-fw\/wp-content\/uploads\/sites\/333\/2018\/11\/Recursos_Humanos_e_Materiais_revisadosistemas_novo.pdf\" target=\"_blank\" rel=\"noopener noreferrer\">10 Recursos Humanos e Materiais<\/a><\/p>\n<p><a href=\"https:\/\/www.ufsm.br\/cursos\/graduacao\/sistemas-de-informacao-fw\/adaptacao-curricular\/\">11 Adapta\u00e7\u00e3o Curricular<\/a><\/p>\n<p><a href=\"https:\/\/www.ufsm.br\/cursos\/graduacao\/sistemas-de-informacao-fw\/legislacao-que-regula-o-curriculo-do-curso-sistemas-de-informacao-curriculo-2016\/\">12 Legisla\u00e7\u00e3o que regula o curr\u00edculo do curso<\/a><\/p>\n<p><a href=\"https:\/\/www.ufsm.br\/cursos\/graduacao\/sistemas-de-informacao-fw\/wp-content\/uploads\/sites\/333\/2018\/11\/25\u00aa_ata_colegiado_-_18.02.2015_sistemas_novo.pdf\" target=\"_blank\" rel=\"noopener noreferrer\">25\u00aa Ata Colegiado &#8211; 18-02-2015<\/a><\/p>\n","protected":false},"excerpt":{"rendered":"<p>00 Tramita\u00e7\u00e3o do Projeto 01 Apresenta\u00e7\u00e3o 02 Justificativa 03 Objetivos 04 Perfil do formando 05 \u00c1reas de atua\u00e7\u00e3o 06 Papel dos docentes 07 Estrat\u00e9gias Pedag\u00f3gicas 08 Curriculo Sistemas de Informa\u00e7\u00e3o 09 Avalia\u00e7\u00e3o 10 Recursos Humanos e Materiais 11 Adapta\u00e7\u00e3o Curricular 12 Legisla\u00e7\u00e3o que regula o curr\u00edculo do curso 25\u00aa Ata Colegiado &#8211; 18-02-2015<\/p>\n","protected":false},"author":194,"featured_media":0,"parent":0,"menu_order":0,"comment_status":"closed","ping_status":"closed","template":"","meta":{"footnotes":""},"categories":[],"tags":[],"class_list":["post-137","page","type-page","status-publish","hentry"],"acf":[],"_links":{"self":[{"href":"https:\/\/www.ufsm.br\/cursos\/graduacao\/frederico-westphalen\/sistemas-de-informacao\/wp-json\/wp\/v2\/pages\/137","targetHints":{"allow":["GET"]}}],"collection":[{"href":"https:\/\/www.ufsm.br\/cursos\/graduacao\/frederico-westphalen\/sistemas-de-informacao\/wp-json\/wp\/v2\/pages"}],"about":[{"href":"https:\/\/www.ufsm.br\/cursos\/graduacao\/frederico-westphalen\/sistemas-de-informacao\/wp-json\/wp\/v2\/types\/page"}],"author":[{"embeddable":true,"href":"https:\/\/www.ufsm.br\/cursos\/graduacao\/frederico-westphalen\/sistemas-de-informacao\/wp-json\/wp\/v2\/users\/194"}],"replies":[{"embeddable":true,"href":"https:\/\/www.ufsm.br\/cursos\/graduacao\/frederico-westphalen\/sistemas-de-informacao\/wp-json\/wp\/v2\/comments?post=137"}],"version-history":[{"count":0,"href":"https:\/\/www.ufsm.br\/cursos\/graduacao\/frederico-westphalen\/sistemas-de-informacao\/wp-json\/wp\/v2\/pages\/137\/revisions"}],"wp:attachment":[{"href":"https:\/\/www.ufsm.br\/cursos\/graduacao\/frederico-westphalen\/sistemas-de-informacao\/wp-json\/wp\/v2\/media?parent=137"}],"wp:term":[{"taxonomy":"category","embeddable":true,"href":"https:\/\/www.ufsm.br\/cursos\/graduacao\/frederico-westphalen\/sistemas-de-informacao\/wp-json\/wp\/v2\/categories?post=137"},{"taxonomy":"post_tag","embeddable":true,"href":"https:\/\/www.ufsm.br\/cursos\/graduacao\/frederico-westphalen\/sistemas-de-informacao\/wp-json\/wp\/v2\/tags?post=137"}],"curies":[{"name":"wp","href":"https:\/\/api.w.org\/{rel}","templated":true}]}}