{"id":148,"date":"2018-11-20T14:22:11","date_gmt":"2018-11-20T16:22:11","guid":{"rendered":"https:\/\/www.ufsm.br\/cursos\/graduacao\/sistemas-de-informacao-fw\/?page_id=148"},"modified":"2018-11-20T14:22:12","modified_gmt":"2018-11-20T16:22:12","slug":"estrategias-pedagogicas-sistemas-de-informacao-curriculo-2016","status":"publish","type":"page","link":"https:\/\/www.ufsm.br\/cursos\/graduacao\/frederico-westphalen\/sistemas-de-informacao\/estrategias-pedagogicas-sistemas-de-informacao-curriculo-2016","title":{"rendered":"Estrat\u00e9gias Pedag\u00f3gicas Sistemas de Informa\u00e7\u00e3o &#8211; Curr\u00edculo 2016"},"content":{"rendered":"<p><a href=\"https:\/\/www.ufsm.br\/cursos\/graduacao\/sistemas-de-informacao-fw\/wp-content\/uploads\/sites\/333\/2018\/11\/Estrat\u00e9gias_Pedag\u00f3ggicassistemas_novo.pdf\" target=\"_blank\" rel=\"noopener\">Estrat\u00e9gias Pedag\u00f3gicas<\/a><\/p>\n<p><a href=\"https:\/\/www.ufsm.br\/cursos\/graduacao\/sistemas-de-informacao-fw\/wp-content\/uploads\/sites\/333\/2018\/11\/PPC_Revisado_-_Normas_para_valida\u00e7\u00e3o_de_carga_hor\u00e1ria_-_atividades_complementares_sistemas_novo.pdf\" target=\"_blank\" rel=\"noopener\">PPC Revisado &#8211; Normas para valida\u00e7\u00e3o de carga hor\u00e1ria &#8211; atividades complementares sistemas novo<\/a><\/p>\n<p><a href=\"https:\/\/www.ufsm.br\/cursos\/graduacao\/sistemas-de-informacao-fw\/wp-content\/uploads\/sites\/333\/2018\/11\/PPC_Revisado-_Crit\u00e9rios_de_Valida\u00e7\u00e3o_das_Horas_Atividades_Complementaressistemas_novo.pdf\" target=\"_blank\" rel=\"noopener\">PPC Revisado- Crit\u00e9rios de Valida\u00e7\u00e3o das Horas (Atividades Complementares)<\/a><\/p>\n<p><a href=\"https:\/\/www.ufsm.br\/cursos\/graduacao\/sistemas-de-informacao-fw\/wp-content\/uploads\/sites\/333\/2018\/11\/Regulamento_-_Exame_de_Extraordinario_Aproveitamentosistemas_novo.pdf\" target=\"_blank\" rel=\"noopener\">Regulamento &#8211; Exame de Extraordinario Aproveitamento<\/a><\/p>\n","protected":false},"excerpt":{"rendered":"<p>Estrat\u00e9gias Pedag\u00f3gicas PPC Revisado &#8211; Normas para valida\u00e7\u00e3o de carga hor\u00e1ria &#8211; atividades complementares sistemas novo PPC Revisado- Crit\u00e9rios de Valida\u00e7\u00e3o das Horas (Atividades Complementares) Regulamento &#8211; Exame de Extraordinario Aproveitamento<\/p>\n","protected":false},"author":194,"featured_media":0,"parent":0,"menu_order":0,"comment_status":"closed","ping_status":"closed","template":"","meta":{"footnotes":""},"categories":[],"tags":[],"class_list":["post-148","page","type-page","status-publish","hentry"],"acf":[],"_links":{"self":[{"href":"https:\/\/www.ufsm.br\/cursos\/graduacao\/frederico-westphalen\/sistemas-de-informacao\/wp-json\/wp\/v2\/pages\/148","targetHints":{"allow":["GET"]}}],"collection":[{"href":"https:\/\/www.ufsm.br\/cursos\/graduacao\/frederico-westphalen\/sistemas-de-informacao\/wp-json\/wp\/v2\/pages"}],"about":[{"href":"https:\/\/www.ufsm.br\/cursos\/graduacao\/frederico-westphalen\/sistemas-de-informacao\/wp-json\/wp\/v2\/types\/page"}],"author":[{"embeddable":true,"href":"https:\/\/www.ufsm.br\/cursos\/graduacao\/frederico-westphalen\/sistemas-de-informacao\/wp-json\/wp\/v2\/users\/194"}],"replies":[{"embeddable":true,"href":"https:\/\/www.ufsm.br\/cursos\/graduacao\/frederico-westphalen\/sistemas-de-informacao\/wp-json\/wp\/v2\/comments?post=148"}],"version-history":[{"count":0,"href":"https:\/\/www.ufsm.br\/cursos\/graduacao\/frederico-westphalen\/sistemas-de-informacao\/wp-json\/wp\/v2\/pages\/148\/revisions"}],"wp:attachment":[{"href":"https:\/\/www.ufsm.br\/cursos\/graduacao\/frederico-westphalen\/sistemas-de-informacao\/wp-json\/wp\/v2\/media?parent=148"}],"wp:term":[{"taxonomy":"category","embeddable":true,"href":"https:\/\/www.ufsm.br\/cursos\/graduacao\/frederico-westphalen\/sistemas-de-informacao\/wp-json\/wp\/v2\/categories?post=148"},{"taxonomy":"post_tag","embeddable":true,"href":"https:\/\/www.ufsm.br\/cursos\/graduacao\/frederico-westphalen\/sistemas-de-informacao\/wp-json\/wp\/v2\/tags?post=148"}],"curies":[{"name":"wp","href":"https:\/\/api.w.org\/{rel}","templated":true}]}}