{"id":154,"date":"2018-11-20T14:34:14","date_gmt":"2018-11-20T16:34:14","guid":{"rendered":"https:\/\/www.ufsm.br\/cursos\/graduacao\/sistemas-de-informacao-fw\/?page_id=154"},"modified":"2018-11-20T14:34:15","modified_gmt":"2018-11-20T16:34:15","slug":"estrutura-curricular-sistemas-de-informacao-curriculo-2016","status":"publish","type":"page","link":"https:\/\/www.ufsm.br\/cursos\/graduacao\/frederico-westphalen\/sistemas-de-informacao\/estrutura-curricular-sistemas-de-informacao-curriculo-2016","title":{"rendered":"Estrutura Curricular &#8211; Sistemas de Informa\u00e7\u00e3o &#8211; Curr\u00edculo 2016"},"content":{"rendered":"<p><a href=\"https:\/\/www.ufsm.br\/cursos\/graduacao\/sistemas-de-informacao-fw\/wp-content\/uploads\/sites\/333\/2018\/11\/CONTE\u00daDOS_1_sistemas_novo.pdf\" target=\"_blank\" rel=\"noopener\">01 Conte\u00fados das Diretrizes Curriculares e Disciplinas da UFSM<\/a><\/p>\n<p><a href=\"https:\/\/www.ufsm.br\/cursos\/graduacao\/sistemas-de-informacao-fw\/sequencia-aconselhada-sistemas-de-informacao-curriculo-2016\/\">02 Sequ\u00eancia Aconselhada<\/a><\/p>\n<p><a href=\"https:\/\/www.ufsm.br\/cursos\/graduacao\/sistemas-de-informacao-fw\/wp-content\/uploads\/sites\/333\/2018\/11\/Integraliza\u00e7\u00e3osistemas_novo.pdf\" target=\"_blank\" rel=\"noopener\">03 Integraliza\u00e7\u00e3o Curricular<\/a><\/p>\n<p><a href=\"https:\/\/www.ufsm.br\/cursos\/graduacao\/sistemas-de-informacao-fw\/wp-content\/uploads\/sites\/333\/2018\/11\/Considera\u00e7\u00f5es_Relevantessistemas_novo.pdf\" target=\"_blank\" rel=\"noopener\">04 Considera\u00e7\u00f5es Relevantes<\/a><\/p>\n","protected":false},"excerpt":{"rendered":"<p>01 Conte\u00fados das Diretrizes Curriculares e Disciplinas da UFSM 02 Sequ\u00eancia Aconselhada 03 Integraliza\u00e7\u00e3o Curricular 04 Considera\u00e7\u00f5es Relevantes<\/p>\n","protected":false},"author":194,"featured_media":0,"parent":0,"menu_order":0,"comment_status":"closed","ping_status":"closed","template":"","meta":{"footnotes":""},"categories":[],"tags":[],"class_list":["post-154","page","type-page","status-publish","hentry"],"acf":[],"_links":{"self":[{"href":"https:\/\/www.ufsm.br\/cursos\/graduacao\/frederico-westphalen\/sistemas-de-informacao\/wp-json\/wp\/v2\/pages\/154","targetHints":{"allow":["GET"]}}],"collection":[{"href":"https:\/\/www.ufsm.br\/cursos\/graduacao\/frederico-westphalen\/sistemas-de-informacao\/wp-json\/wp\/v2\/pages"}],"about":[{"href":"https:\/\/www.ufsm.br\/cursos\/graduacao\/frederico-westphalen\/sistemas-de-informacao\/wp-json\/wp\/v2\/types\/page"}],"author":[{"embeddable":true,"href":"https:\/\/www.ufsm.br\/cursos\/graduacao\/frederico-westphalen\/sistemas-de-informacao\/wp-json\/wp\/v2\/users\/194"}],"replies":[{"embeddable":true,"href":"https:\/\/www.ufsm.br\/cursos\/graduacao\/frederico-westphalen\/sistemas-de-informacao\/wp-json\/wp\/v2\/comments?post=154"}],"version-history":[{"count":0,"href":"https:\/\/www.ufsm.br\/cursos\/graduacao\/frederico-westphalen\/sistemas-de-informacao\/wp-json\/wp\/v2\/pages\/154\/revisions"}],"wp:attachment":[{"href":"https:\/\/www.ufsm.br\/cursos\/graduacao\/frederico-westphalen\/sistemas-de-informacao\/wp-json\/wp\/v2\/media?parent=154"}],"wp:term":[{"taxonomy":"category","embeddable":true,"href":"https:\/\/www.ufsm.br\/cursos\/graduacao\/frederico-westphalen\/sistemas-de-informacao\/wp-json\/wp\/v2\/categories?post=154"},{"taxonomy":"post_tag","embeddable":true,"href":"https:\/\/www.ufsm.br\/cursos\/graduacao\/frederico-westphalen\/sistemas-de-informacao\/wp-json\/wp\/v2\/tags?post=154"}],"curies":[{"name":"wp","href":"https:\/\/api.w.org\/{rel}","templated":true}]}}