{"id":173,"date":"2018-11-20T14:48:26","date_gmt":"2018-11-20T16:48:26","guid":{"rendered":"https:\/\/www.ufsm.br\/cursos\/graduacao\/sistemas-de-informacao-fw\/?page_id=173"},"modified":"2018-11-20T14:48:27","modified_gmt":"2018-11-20T16:48:27","slug":"semestre-01-sistemas-de-informacao-curriculo-2016","status":"publish","type":"page","link":"https:\/\/www.ufsm.br\/cursos\/graduacao\/frederico-westphalen\/sistemas-de-informacao\/semestre-01-sistemas-de-informacao-curriculo-2016","title":{"rendered":"Semestre 01 &#8211; Sistemas de Informa\u00e7\u00e3o &#8211; Curr\u00edculo 2016"},"content":{"rendered":"<p><a href=\"https:\/\/www.ufsm.br\/cursos\/graduacao\/sistemas-de-informacao-fw\/wp-content\/uploads\/sites\/333\/2018\/11\/SIN_1031_BIB_METODOLOGIA_CIENT\u00cdFICA_E_DA_PESQUISA_sistemas_novo.pdf\">SIN 1031 BIB Metodologia Cient\u00edfica e da Pesquisa<\/a><\/p>\n<p><a href=\"https:\/\/www.ufsm.br\/cursos\/graduacao\/sistemas-de-informacao-fw\/wp-content\/uploads\/sites\/333\/2018\/11\/SIN_1031_PRG_METODOLOGIA_CIENT\u00cdFICA_E_DA_PESQUISAsistemas_novo.pdf\">SIN 1031 PRG Metodologia Cient\u00edfica e da Pesquisa<\/a><\/p>\n<p><a href=\"https:\/\/www.ufsm.br\/cursos\/graduacao\/sistemas-de-informacao-fw\/wp-content\/uploads\/sites\/333\/2018\/11\/SIN_1042_BIB_PROGRAMA\u00c7\u00c3O_E_ESTRUTURA_DE_DADOS_Isistemas_novo.pdf\">SIN 1042 BIB Programa\u00e7\u00e3o e Estrutura de Dados I<\/a><\/p>\n<p><a href=\"https:\/\/www.ufsm.br\/cursos\/graduacao\/sistemas-de-informacao-fw\/wp-content\/uploads\/sites\/333\/2018\/11\/SIN_1042_PRG_PROGRAMA\u00c7\u00c3O_E_ESTRUTURA_DE_DADOS_Isistemas_novo.pdf\">SIN 1042 PRG Programa\u00e7\u00e3o e Estrutura de Dados I<\/a><\/p>\n<p><a href=\"https:\/\/www.ufsm.br\/cursos\/graduacao\/sistemas-de-informacao-fw\/wp-content\/uploads\/sites\/333\/2018\/11\/SIN_1044_PRG_MATEM\u00c1TICA_DISCRETAsistemas_novo.pdf\">SIN 1044 PRG Matem\u00e1tica Discreta<\/a><\/p>\n<p><a href=\"https:\/\/www.ufsm.br\/cursos\/graduacao\/sistemas-de-informacao-fw\/wp-content\/uploads\/sites\/333\/2018\/11\/SIN1044_BIB_MATEM\u00c1TICA_DISCRETAsistemas_novo.pdf\">SIN 1044 BIB Matem\u00e1tica Discreta<\/a><\/p>\n<p><a href=\"https:\/\/www.ufsm.br\/cursos\/graduacao\/sistemas-de-informacao-fw\/wp-content\/uploads\/sites\/333\/2018\/11\/SIN_1046_BIB_SISTEMAS_DE_INFORMA\u00c7\u00c3Osistemas_novo.pdf\">SIN 1046 BIB Sistemas de Informa\u00e7\u00e3o<\/a><\/p>\n<p><a href=\"https:\/\/www.ufsm.br\/cursos\/graduacao\/sistemas-de-informacao-fw\/wp-content\/uploads\/sites\/333\/2018\/11\/SIN_1046_PRG_SISTEMAS_DE_INFORMA\u00c7\u00c3Osistemas_novo.pdf\">SIN 1046 PRG Sistemas de Informa\u00e7\u00e3o<\/a><\/p>\n","protected":false},"excerpt":{"rendered":"<p>SIN 1031 BIB Metodologia Cient\u00edfica e da Pesquisa SIN 1031 PRG Metodologia Cient\u00edfica e da Pesquisa SIN 1042 BIB Programa\u00e7\u00e3o e Estrutura de Dados I SIN 1042 PRG Programa\u00e7\u00e3o e Estrutura de Dados I SIN 1044 PRG Matem\u00e1tica Discreta SIN 1044 BIB Matem\u00e1tica Discreta SIN 1046 BIB Sistemas de Informa\u00e7\u00e3o SIN 1046 PRG Sistemas de [&hellip;]<\/p>\n","protected":false},"author":194,"featured_media":0,"parent":0,"menu_order":0,"comment_status":"closed","ping_status":"closed","template":"","meta":{"footnotes":""},"categories":[],"tags":[],"class_list":["post-173","page","type-page","status-publish","hentry"],"acf":[],"_links":{"self":[{"href":"https:\/\/www.ufsm.br\/cursos\/graduacao\/frederico-westphalen\/sistemas-de-informacao\/wp-json\/wp\/v2\/pages\/173","targetHints":{"allow":["GET"]}}],"collection":[{"href":"https:\/\/www.ufsm.br\/cursos\/graduacao\/frederico-westphalen\/sistemas-de-informacao\/wp-json\/wp\/v2\/pages"}],"about":[{"href":"https:\/\/www.ufsm.br\/cursos\/graduacao\/frederico-westphalen\/sistemas-de-informacao\/wp-json\/wp\/v2\/types\/page"}],"author":[{"embeddable":true,"href":"https:\/\/www.ufsm.br\/cursos\/graduacao\/frederico-westphalen\/sistemas-de-informacao\/wp-json\/wp\/v2\/users\/194"}],"replies":[{"embeddable":true,"href":"https:\/\/www.ufsm.br\/cursos\/graduacao\/frederico-westphalen\/sistemas-de-informacao\/wp-json\/wp\/v2\/comments?post=173"}],"version-history":[{"count":0,"href":"https:\/\/www.ufsm.br\/cursos\/graduacao\/frederico-westphalen\/sistemas-de-informacao\/wp-json\/wp\/v2\/pages\/173\/revisions"}],"wp:attachment":[{"href":"https:\/\/www.ufsm.br\/cursos\/graduacao\/frederico-westphalen\/sistemas-de-informacao\/wp-json\/wp\/v2\/media?parent=173"}],"wp:term":[{"taxonomy":"category","embeddable":true,"href":"https:\/\/www.ufsm.br\/cursos\/graduacao\/frederico-westphalen\/sistemas-de-informacao\/wp-json\/wp\/v2\/categories?post=173"},{"taxonomy":"post_tag","embeddable":true,"href":"https:\/\/www.ufsm.br\/cursos\/graduacao\/frederico-westphalen\/sistemas-de-informacao\/wp-json\/wp\/v2\/tags?post=173"}],"curies":[{"name":"wp","href":"https:\/\/api.w.org\/{rel}","templated":true}]}}