{"id":182,"date":"2018-11-20T14:56:15","date_gmt":"2018-11-20T16:56:15","guid":{"rendered":"https:\/\/www.ufsm.br\/cursos\/graduacao\/sistemas-de-informacao-fw\/?page_id=182"},"modified":"2018-11-20T14:56:16","modified_gmt":"2018-11-20T16:56:16","slug":"semestre-02-sistemas-de-informacao-curriculo-2016","status":"publish","type":"page","link":"https:\/\/www.ufsm.br\/cursos\/graduacao\/frederico-westphalen\/sistemas-de-informacao\/semestre-02-sistemas-de-informacao-curriculo-2016","title":{"rendered":"Semestre 02 &#8211; Sistemas de Informa\u00e7\u00e3o &#8211; Curr\u00edculo 2016"},"content":{"rendered":"<p><a href=\"https:\/\/www.ufsm.br\/cursos\/graduacao\/sistemas-de-informacao-fw\/wp-content\/uploads\/sites\/333\/2018\/11\/SIN_1006_BIB_CIRCUITOS_DIGITAIS__sistemas_novo.pdf\">SIN 1006 BIB Circuitos Digitais<\/a><\/p>\n<p><a href=\"https:\/\/www.ufsm.br\/cursos\/graduacao\/sistemas-de-informacao-fw\/wp-content\/uploads\/sites\/333\/2018\/11\/SIN_1006_PRG_CIRCUITOS_DIGITAIS_sistemas_novo.pdf\">SI1006 PRG Circuitos Digitais<\/a><\/p>\n<p><a href=\"https:\/\/www.ufsm.br\/cursos\/graduacao\/sistemas-de-informacao-fw\/wp-content\/uploads\/sites\/333\/2018\/11\/SIN_1013_BIB_TEORIA_GERAL_DA_ADMINISTRA\u00c7\u00c3O_sistemas_novo.pdf\">SIN 1013 BIB Teoria Geral da Administra\u00e7\u00e3o<\/a><\/p>\n<p><a href=\"https:\/\/www.ufsm.br\/cursos\/graduacao\/sistemas-de-informacao-fw\/wp-content\/uploads\/sites\/333\/2018\/11\/SIN_1013_PRG_TEORIA_GERAL_DA_ADMINISTRA\u00c7\u00c3O_sistemas_novo.pdf\">SIN 1013 PRG Teoria Geral da Administra\u00e7\u00e3o<\/a><\/p>\n<p><a href=\"https:\/\/www.ufsm.br\/cursos\/graduacao\/sistemas-de-informacao-fw\/wp-content\/uploads\/sites\/333\/2018\/11\/SIN_1043_BIB_PROGRAMA\u00c7\u00c3O_E_ESTRUTURA_DE_DADOS_II_sistemas_novo.pdf\">SIN 1043 BIB Programa\u00e7\u00e3o e Estrutura de Dados II<\/a><\/p>\n<p><a href=\"https:\/\/www.ufsm.br\/cursos\/graduacao\/sistemas-de-informacao-fw\/wp-content\/uploads\/sites\/333\/2018\/11\/SIN_1043_PRG_PROGRAMA\u00c7\u00c3O_E_ESTRUTURA_DE_DADOS_II_sistemas_novo.pdf\">SIN 1043 PRG Programa\u00e7\u00e3o e Estrutura de Dados II<\/a><\/p>\n<p><a href=\"https:\/\/www.ufsm.br\/cursos\/graduacao\/sistemas-de-informacao-fw\/wp-content\/uploads\/sites\/333\/2018\/11\/SIN_1045_BIB_\u00c1LGEBRA_LINEAR_sistemas_novo.pdf\">SIN 1045 BIB \u00c1lgebra Linear<\/a><\/p>\n<p><a href=\"https:\/\/www.ufsm.br\/cursos\/graduacao\/sistemas-de-informacao-fw\/wp-content\/uploads\/sites\/333\/2018\/11\/SIN_1045_PRG_\u00c1LGEBRA_LINEAR_sistemas_novo.pdf\"> SIN 1045 PRG \u00c1lgebra Linear<\/a><\/p>\n","protected":false},"excerpt":{"rendered":"<p>SIN 1006 BIB Circuitos Digitais SI1006 PRG Circuitos Digitais SIN 1013 BIB Teoria Geral da Administra\u00e7\u00e3o SIN 1013 PRG Teoria Geral da Administra\u00e7\u00e3o SIN 1043 BIB Programa\u00e7\u00e3o e Estrutura de Dados II SIN 1043 PRG Programa\u00e7\u00e3o e Estrutura de Dados II SIN 1045 BIB \u00c1lgebra Linear SIN 1045 PRG \u00c1lgebra Linear<\/p>\n","protected":false},"author":194,"featured_media":0,"parent":0,"menu_order":0,"comment_status":"closed","ping_status":"closed","template":"","meta":{"footnotes":""},"categories":[],"tags":[],"class_list":["post-182","page","type-page","status-publish","hentry"],"acf":[],"_links":{"self":[{"href":"https:\/\/www.ufsm.br\/cursos\/graduacao\/frederico-westphalen\/sistemas-de-informacao\/wp-json\/wp\/v2\/pages\/182","targetHints":{"allow":["GET"]}}],"collection":[{"href":"https:\/\/www.ufsm.br\/cursos\/graduacao\/frederico-westphalen\/sistemas-de-informacao\/wp-json\/wp\/v2\/pages"}],"about":[{"href":"https:\/\/www.ufsm.br\/cursos\/graduacao\/frederico-westphalen\/sistemas-de-informacao\/wp-json\/wp\/v2\/types\/page"}],"author":[{"embeddable":true,"href":"https:\/\/www.ufsm.br\/cursos\/graduacao\/frederico-westphalen\/sistemas-de-informacao\/wp-json\/wp\/v2\/users\/194"}],"replies":[{"embeddable":true,"href":"https:\/\/www.ufsm.br\/cursos\/graduacao\/frederico-westphalen\/sistemas-de-informacao\/wp-json\/wp\/v2\/comments?post=182"}],"version-history":[{"count":0,"href":"https:\/\/www.ufsm.br\/cursos\/graduacao\/frederico-westphalen\/sistemas-de-informacao\/wp-json\/wp\/v2\/pages\/182\/revisions"}],"wp:attachment":[{"href":"https:\/\/www.ufsm.br\/cursos\/graduacao\/frederico-westphalen\/sistemas-de-informacao\/wp-json\/wp\/v2\/media?parent=182"}],"wp:term":[{"taxonomy":"category","embeddable":true,"href":"https:\/\/www.ufsm.br\/cursos\/graduacao\/frederico-westphalen\/sistemas-de-informacao\/wp-json\/wp\/v2\/categories?post=182"},{"taxonomy":"post_tag","embeddable":true,"href":"https:\/\/www.ufsm.br\/cursos\/graduacao\/frederico-westphalen\/sistemas-de-informacao\/wp-json\/wp\/v2\/tags?post=182"}],"curies":[{"name":"wp","href":"https:\/\/api.w.org\/{rel}","templated":true}]}}