{"id":191,"date":"2018-11-20T15:12:22","date_gmt":"2018-11-20T17:12:22","guid":{"rendered":"https:\/\/www.ufsm.br\/cursos\/graduacao\/sistemas-de-informacao-fw\/?page_id=191"},"modified":"2018-11-20T15:12:23","modified_gmt":"2018-11-20T17:12:23","slug":"semestre-03-sistemas-de-informacao-curriculo-2016","status":"publish","type":"page","link":"https:\/\/www.ufsm.br\/cursos\/graduacao\/frederico-westphalen\/sistemas-de-informacao\/semestre-03-sistemas-de-informacao-curriculo-2016","title":{"rendered":"Semestre 03 &#8211; Sistemas de Informa\u00e7\u00e3o &#8211; Curr\u00edculo 2016"},"content":{"rendered":"<p><a href=\"https:\/\/www.ufsm.br\/cursos\/graduacao\/sistemas-de-informacao-fw\/wp-content\/uploads\/sites\/333\/2018\/11\/SIN_1004_BIB_PESQUISA_E_ORDENA\u00c7\u00c3O_DE_DADOS__sistemas_informa\u00e7\u00e3o.pdf\">SIN 1004 BIB Pesquisa e Ordena\u00e7\u00e3o de Dados<\/a><\/p>\n<p><a href=\"https:\/\/www.ufsm.br\/cursos\/graduacao\/sistemas-de-informacao-fw\/wp-content\/uploads\/sites\/333\/2018\/11\/SIN_1004_PRG_PESQUISA_E_ORDENA\u00c7\u00c3O_DE_DADOS_sistemas_de_informa\u00e7\u00e3o.pdf\">SIN 1004 PRG Pesquisa e Ordena\u00e7\u00e3o de Dados<\/a><\/p>\n<p><a href=\"https:\/\/www.ufsm.br\/cursos\/graduacao\/sistemas-de-informacao-fw\/wp-content\/uploads\/sites\/333\/2018\/11\/SIN_1005_BIB_PARADIGMAS_DE_PROGRAMA\u00c7\u00c3Osistemas_de_informa\u00e7\u00e3o.pdf\"> SIN 1005 BIB Paradigmas De Programa\u00e7\u00e3o<\/a><\/p>\n<p><a href=\"https:\/\/www.ufsm.br\/cursos\/graduacao\/sistemas-de-informacao-fw\/wp-content\/uploads\/sites\/333\/2018\/11\/SIN_1005_PRG_PARADIGMAS_DE_PROGRAMA\u00c7\u00c3Osistemas_de_informa\u00e7\u00e3o.pdf\"> SIN 1005 PRG Paradigmas De Programa\u00e7\u00e3o<\/a><\/p>\n<p><a href=\"https:\/\/www.ufsm.br\/cursos\/graduacao\/sistemas-de-informacao-fw\/wp-content\/uploads\/sites\/333\/2018\/11\/SIN_1007_BIB_ORGANIZA\u00c7\u00c3O_COMPUTADORESsistemas_de_informa\u00e7\u00e3o.pdf\"> SIN 1007 BIB Organiza\u00e7\u00e3o Computadores<\/a><\/p>\n<p><a href=\"https:\/\/www.ufsm.br\/cursos\/graduacao\/sistemas-de-informacao-fw\/wp-content\/uploads\/sites\/333\/2018\/11\/SIN_1007_PRG_ORGANIZA\u00c7\u00c3O_COMPUTADORESsistemas_de_informa\u00e7\u00e3o.pdf\"> SIN 1007 PRG Organiza\u00e7\u00e3o Computadores<\/a><\/p>\n<p><a href=\"https:\/\/www.ufsm.br\/cursos\/graduacao\/sistemas-de-informacao-fw\/wp-content\/uploads\/sites\/333\/2018\/11\/SIN_1012_BIB_ESTATISTICAsistemas_de_informa\u00e7\u00e3o.pdf\">SIN 1012 BIB Estat\u00edstica<\/a><\/p>\n<p><a href=\"https:\/\/www.ufsm.br\/cursos\/graduacao\/sistemas-de-informacao-fw\/wp-content\/uploads\/sites\/333\/2018\/11\/SIN_1012_PRG_ESTATISTICAsistemas_de_informa\u00e7\u00e3o.pdf\">SIN 1012 PRG Estat\u00edstica<\/a><\/p>\n<p><a href=\"https:\/\/www.ufsm.br\/cursos\/graduacao\/sistemas-de-informacao-fw\/wp-content\/uploads\/sites\/333\/2018\/11\/SIN_1014_BIB_TEORIA_ECON\u00d4MICAsistemas_de_informa\u00e7\u00e3o.pdf\"> SIN 1014 BIB Teoria Econ\u00f4mica<\/a><\/p>\n<p><a href=\"https:\/\/www.ufsm.br\/cursos\/graduacao\/sistemas-de-informacao-fw\/wp-content\/uploads\/sites\/333\/2018\/11\/SIN_1014_PRG_TEORIA_ECON\u00d4MICAsistemas_de_informa\u00e7\u00e3o.pdf\">SIN 1014 PRG Teoria Econ\u00f4mica<\/a><\/p>\n<p>&nbsp;<\/p>\n","protected":false},"excerpt":{"rendered":"<p>SIN 1004 BIB Pesquisa e Ordena\u00e7\u00e3o de Dados SIN 1004 PRG Pesquisa e Ordena\u00e7\u00e3o de Dados SIN 1005 BIB Paradigmas De Programa\u00e7\u00e3o SIN 1005 PRG Paradigmas De Programa\u00e7\u00e3o SIN 1007 BIB Organiza\u00e7\u00e3o Computadores SIN 1007 PRG Organiza\u00e7\u00e3o Computadores SIN 1012 BIB Estat\u00edstica SIN 1012 PRG Estat\u00edstica SIN 1014 BIB Teoria Econ\u00f4mica SIN 1014 PRG Teoria [&hellip;]<\/p>\n","protected":false},"author":194,"featured_media":0,"parent":0,"menu_order":0,"comment_status":"closed","ping_status":"closed","template":"","meta":{"footnotes":""},"categories":[],"tags":[],"class_list":["post-191","page","type-page","status-publish","hentry"],"acf":[],"_links":{"self":[{"href":"https:\/\/www.ufsm.br\/cursos\/graduacao\/frederico-westphalen\/sistemas-de-informacao\/wp-json\/wp\/v2\/pages\/191","targetHints":{"allow":["GET"]}}],"collection":[{"href":"https:\/\/www.ufsm.br\/cursos\/graduacao\/frederico-westphalen\/sistemas-de-informacao\/wp-json\/wp\/v2\/pages"}],"about":[{"href":"https:\/\/www.ufsm.br\/cursos\/graduacao\/frederico-westphalen\/sistemas-de-informacao\/wp-json\/wp\/v2\/types\/page"}],"author":[{"embeddable":true,"href":"https:\/\/www.ufsm.br\/cursos\/graduacao\/frederico-westphalen\/sistemas-de-informacao\/wp-json\/wp\/v2\/users\/194"}],"replies":[{"embeddable":true,"href":"https:\/\/www.ufsm.br\/cursos\/graduacao\/frederico-westphalen\/sistemas-de-informacao\/wp-json\/wp\/v2\/comments?post=191"}],"version-history":[{"count":0,"href":"https:\/\/www.ufsm.br\/cursos\/graduacao\/frederico-westphalen\/sistemas-de-informacao\/wp-json\/wp\/v2\/pages\/191\/revisions"}],"wp:attachment":[{"href":"https:\/\/www.ufsm.br\/cursos\/graduacao\/frederico-westphalen\/sistemas-de-informacao\/wp-json\/wp\/v2\/media?parent=191"}],"wp:term":[{"taxonomy":"category","embeddable":true,"href":"https:\/\/www.ufsm.br\/cursos\/graduacao\/frederico-westphalen\/sistemas-de-informacao\/wp-json\/wp\/v2\/categories?post=191"},{"taxonomy":"post_tag","embeddable":true,"href":"https:\/\/www.ufsm.br\/cursos\/graduacao\/frederico-westphalen\/sistemas-de-informacao\/wp-json\/wp\/v2\/tags?post=191"}],"curies":[{"name":"wp","href":"https:\/\/api.w.org\/{rel}","templated":true}]}}