{"id":202,"date":"2018-11-20T15:19:57","date_gmt":"2018-11-20T17:19:57","guid":{"rendered":"https:\/\/www.ufsm.br\/cursos\/graduacao\/sistemas-de-informacao-fw\/?page_id=202"},"modified":"2018-11-20T15:19:58","modified_gmt":"2018-11-20T17:19:58","slug":"semestre-04-sistemas-de-informacao-curriculo-2016","status":"publish","type":"page","link":"https:\/\/www.ufsm.br\/cursos\/graduacao\/frederico-westphalen\/sistemas-de-informacao\/semestre-04-sistemas-de-informacao-curriculo-2016","title":{"rendered":"Semestre 04 &#8211; Sistemas de Informa\u00e7\u00e3o &#8211; Curr\u00edculo 2016"},"content":{"rendered":"<p><a href=\"https:\/\/www.ufsm.br\/cursos\/graduacao\/sistemas-de-informacao-fw\/wp-content\/uploads\/sites\/333\/2018\/11\/SIN_1008_BIB_ARQUITETURA_DE_COMPUTADORES_sistemas_novo.pdf\">SIN 1008 BIB Arquitetura De Computadores<\/a><\/p>\n<p><a href=\"https:\/\/www.ufsm.br\/cursos\/graduacao\/sistemas-de-informacao-fw\/wp-content\/uploads\/sites\/333\/2018\/11\/SIN_1015_BIB_GEST\u00c3O_DE_PESSOAS_sistemas_novo.pdf\">SIN 1015 BIB Gest\u00e3o De Pessoas<\/a><\/p>\n<p><a href=\"https:\/\/www.ufsm.br\/cursos\/graduacao\/sistemas-de-informacao-fw\/wp-content\/uploads\/sites\/333\/2018\/11\/SIN_1032_BIB_COMPUTADORES_E_SOCIEDADE_sistemas_novo.pdf\"> SIN 1032 BIB Computadores E Sociedade<\/a><\/p>\n<p><a href=\"https:\/\/www.ufsm.br\/cursos\/graduacao\/sistemas-de-informacao-fw\/wp-content\/uploads\/sites\/333\/2018\/11\/SIN_1032_PRG_COMPUTADORES_E_SOCIEDADE_sistemas_novo.pdf\"> SIN 1032 PRG Computadores E Sociedade<\/a><\/p>\n<p><a href=\"https:\/\/www.ufsm.br\/cursos\/graduacao\/sistemas-de-informacao-fw\/wp-content\/uploads\/sites\/333\/2018\/11\/SIN_1047_BIB_PROGRAMACAO_ORIENTADA_A_OBJETO_I_sistemas_novo.pdf\">SIN 1047 BIB Programacao Orientada A Objeto I<\/a><\/p>\n<p><a href=\"https:\/\/www.ufsm.br\/cursos\/graduacao\/sistemas-de-informacao-fw\/wp-content\/uploads\/sites\/333\/2018\/11\/SIN_1047_PRG_PROGRAMA\u00c7\u00c3O_ORIENTADA_A_OBJETO_sistemas_novo.pdf\">SIN 1047 PRG Programa\u00e7\u00e3o Orientada A Objeto<\/a><\/p>\n<p><a href=\"https:\/\/www.ufsm.br\/cursos\/graduacao\/sistemas-de-informacao-fw\/wp-content\/uploads\/sites\/333\/2018\/11\/SIN_1050_BIB_ENGENHARIA_DE_SOFTWARE_I_sistemas_novo.pdf\"> SIN 1050 BIB Engenharia De Software I<\/a><\/p>\n<p><a href=\"https:\/\/www.ufsm.br\/cursos\/graduacao\/sistemas-de-informacao-fw\/wp-content\/uploads\/sites\/333\/2018\/11\/SIN_1050_PRG_ENGENHARIA_DE_SOFTWARE_I_sistemas_novo.pdf\">SIN 1050 PRG Engenharia De Software I<\/a><\/p>\n","protected":false},"excerpt":{"rendered":"<p>SIN 1008 BIB Arquitetura De Computadores SIN 1015 BIB Gest\u00e3o De Pessoas SIN 1032 BIB Computadores E Sociedade SIN 1032 PRG Computadores E Sociedade SIN 1047 BIB Programacao Orientada A Objeto I SIN 1047 PRG Programa\u00e7\u00e3o Orientada A Objeto SIN 1050 BIB Engenharia De Software I SIN 1050 PRG Engenharia De Software I<\/p>\n","protected":false},"author":194,"featured_media":0,"parent":0,"menu_order":0,"comment_status":"closed","ping_status":"closed","template":"","meta":{"footnotes":""},"categories":[],"tags":[],"class_list":["post-202","page","type-page","status-publish","hentry"],"acf":[],"_links":{"self":[{"href":"https:\/\/www.ufsm.br\/cursos\/graduacao\/frederico-westphalen\/sistemas-de-informacao\/wp-json\/wp\/v2\/pages\/202","targetHints":{"allow":["GET"]}}],"collection":[{"href":"https:\/\/www.ufsm.br\/cursos\/graduacao\/frederico-westphalen\/sistemas-de-informacao\/wp-json\/wp\/v2\/pages"}],"about":[{"href":"https:\/\/www.ufsm.br\/cursos\/graduacao\/frederico-westphalen\/sistemas-de-informacao\/wp-json\/wp\/v2\/types\/page"}],"author":[{"embeddable":true,"href":"https:\/\/www.ufsm.br\/cursos\/graduacao\/frederico-westphalen\/sistemas-de-informacao\/wp-json\/wp\/v2\/users\/194"}],"replies":[{"embeddable":true,"href":"https:\/\/www.ufsm.br\/cursos\/graduacao\/frederico-westphalen\/sistemas-de-informacao\/wp-json\/wp\/v2\/comments?post=202"}],"version-history":[{"count":0,"href":"https:\/\/www.ufsm.br\/cursos\/graduacao\/frederico-westphalen\/sistemas-de-informacao\/wp-json\/wp\/v2\/pages\/202\/revisions"}],"wp:attachment":[{"href":"https:\/\/www.ufsm.br\/cursos\/graduacao\/frederico-westphalen\/sistemas-de-informacao\/wp-json\/wp\/v2\/media?parent=202"}],"wp:term":[{"taxonomy":"category","embeddable":true,"href":"https:\/\/www.ufsm.br\/cursos\/graduacao\/frederico-westphalen\/sistemas-de-informacao\/wp-json\/wp\/v2\/categories?post=202"},{"taxonomy":"post_tag","embeddable":true,"href":"https:\/\/www.ufsm.br\/cursos\/graduacao\/frederico-westphalen\/sistemas-de-informacao\/wp-json\/wp\/v2\/tags?post=202"}],"curies":[{"name":"wp","href":"https:\/\/api.w.org\/{rel}","templated":true}]}}