{"id":211,"date":"2018-11-20T15:31:39","date_gmt":"2018-11-20T17:31:39","guid":{"rendered":"https:\/\/www.ufsm.br\/cursos\/graduacao\/sistemas-de-informacao-fw\/?page_id=211"},"modified":"2018-11-20T15:31:40","modified_gmt":"2018-11-20T17:31:40","slug":"semestre-05-sistemas-de-informacao-curriculo-2016","status":"publish","type":"page","link":"https:\/\/www.ufsm.br\/cursos\/graduacao\/frederico-westphalen\/sistemas-de-informacao\/semestre-05-sistemas-de-informacao-curriculo-2016","title":{"rendered":"Semestre 05 &#8211; Sistemas de Informa\u00e7\u00e3o &#8211; Curr\u00edculo 2016"},"content":{"rendered":"<p><a href=\"https:\/\/www.ufsm.br\/cursos\/graduacao\/sistemas-de-informacao-fw\/wp-content\/uploads\/sites\/333\/2018\/11\/SIN_1009_BIB_SISTEMAS_OPERACIONAIS_sistemas_novo.pdf\">SIN 1009 BIB Sistemas Operacionais<\/a><\/p>\n<p><a href=\"https:\/\/www.ufsm.br\/cursos\/graduacao\/sistemas-de-informacao-fw\/wp-content\/uploads\/sites\/333\/2018\/11\/SIN_1009_PRG_SISTEMAS_OPERACIONAISsistemas_novo.pdf\"> SIN 1009 PRG Sistemas Operacionais<\/a><\/p>\n<p><a href=\"https:\/\/www.ufsm.br\/cursos\/graduacao\/sistemas-de-informacao-fw\/wp-content\/uploads\/sites\/333\/2018\/11\/SIN_1037_BIB_INTRODU\u00c7\u00c3O_A_INTELIG\u00caNCIA_ARTIFICIALsistemas_novo.pdf\">SIN 1037 BIB Introdu\u00e7\u00e3o a Intelig\u00eancia Artificial<\/a><\/p>\n<p><a href=\"https:\/\/www.ufsm.br\/cursos\/graduacao\/sistemas-de-informacao-fw\/wp-content\/uploads\/sites\/333\/2018\/11\/SIN_1037_PRG_INTRODU\u00c7\u00c3O_A_INTELIG\u00caNCIA_ARTICIALsistemas_novo.pdf\"> SIN 1037 PRG Introdu\u00e7\u00e3o a Intelig\u00eancia Artificial<\/a><\/p>\n<p><a href=\"https:\/\/www.ufsm.br\/cursos\/graduacao\/sistemas-de-informacao-fw\/wp-content\/uploads\/sites\/333\/2018\/11\/SIN_1049_BIB_LINGUAGEM_DE_PROGRAMA\u00c7\u00c3O_WEBsistemas_novo.pdf\">SIN 1049 BIB Linguagem de Programa\u00e7\u00e3o Web<\/a><\/p>\n<p><a href=\"https:\/\/www.ufsm.br\/cursos\/graduacao\/sistemas-de-informacao-fw\/wp-content\/uploads\/sites\/333\/2018\/11\/SIN_1049_PRG_LINGUAGEM_DE_PROGRAMA\u00c7\u00c3O_PARA_WEBsistemas_novo.pdf\">SIN 1049 PRG Linguagem de Programa\u00e7\u00e3o Para Web<\/a><\/p>\n<p><a href=\"https:\/\/www.ufsm.br\/cursos\/graduacao\/sistemas-de-informacao-fw\/wp-content\/uploads\/sites\/333\/2018\/11\/SIN_1051_BIB_ENGENHARIA_DE_SOFTWARE_IIsistemas_novo.pdf\">SIN 1051 BIB Engenharia de Software II<\/a><\/p>\n<p><a href=\"https:\/\/www.ufsm.br\/cursos\/graduacao\/sistemas-de-informacao-fw\/wp-content\/uploads\/sites\/333\/2018\/11\/SIN_1051_PRG_ENGENHARIA_DE_SOFTWARE_IIsistemas_novo.pdf\">SSIN 1051 PRG Engenharia de Software II<\/a><\/p>\n<p><a href=\"https:\/\/www.ufsm.br\/cursos\/graduacao\/sistemas-de-informacao-fw\/wp-content\/uploads\/sites\/333\/2018\/11\/SIN_1052_BIB_BANCO_DE_DADOS_Isistemas_novo.pdf\">SIN 1052 BIB Banco de Dados I<\/a><\/p>\n<p><a href=\"https:\/\/www.ufsm.br\/cursos\/graduacao\/sistemas-de-informacao-fw\/wp-content\/uploads\/sites\/333\/2018\/11\/SIN_1052_PRG_BANCO_DE_DADOS_Isistemas_novo.pdf\">SIN 1052 PRG Banco de Dados I<\/a><\/p>\n","protected":false},"excerpt":{"rendered":"<p>SIN 1009 BIB Sistemas Operacionais SIN 1009 PRG Sistemas Operacionais SIN 1037 BIB Introdu\u00e7\u00e3o a Intelig\u00eancia Artificial SIN 1037 PRG Introdu\u00e7\u00e3o a Intelig\u00eancia Artificial SIN 1049 BIB Linguagem de Programa\u00e7\u00e3o Web SIN 1049 PRG Linguagem de Programa\u00e7\u00e3o Para Web SIN 1051 BIB Engenharia de Software II SSIN 1051 PRG Engenharia de Software II SIN 1052 [&hellip;]<\/p>\n","protected":false},"author":194,"featured_media":0,"parent":0,"menu_order":0,"comment_status":"closed","ping_status":"closed","template":"","meta":{"footnotes":""},"categories":[],"tags":[],"class_list":["post-211","page","type-page","status-publish","hentry"],"acf":[],"_links":{"self":[{"href":"https:\/\/www.ufsm.br\/cursos\/graduacao\/frederico-westphalen\/sistemas-de-informacao\/wp-json\/wp\/v2\/pages\/211","targetHints":{"allow":["GET"]}}],"collection":[{"href":"https:\/\/www.ufsm.br\/cursos\/graduacao\/frederico-westphalen\/sistemas-de-informacao\/wp-json\/wp\/v2\/pages"}],"about":[{"href":"https:\/\/www.ufsm.br\/cursos\/graduacao\/frederico-westphalen\/sistemas-de-informacao\/wp-json\/wp\/v2\/types\/page"}],"author":[{"embeddable":true,"href":"https:\/\/www.ufsm.br\/cursos\/graduacao\/frederico-westphalen\/sistemas-de-informacao\/wp-json\/wp\/v2\/users\/194"}],"replies":[{"embeddable":true,"href":"https:\/\/www.ufsm.br\/cursos\/graduacao\/frederico-westphalen\/sistemas-de-informacao\/wp-json\/wp\/v2\/comments?post=211"}],"version-history":[{"count":0,"href":"https:\/\/www.ufsm.br\/cursos\/graduacao\/frederico-westphalen\/sistemas-de-informacao\/wp-json\/wp\/v2\/pages\/211\/revisions"}],"wp:attachment":[{"href":"https:\/\/www.ufsm.br\/cursos\/graduacao\/frederico-westphalen\/sistemas-de-informacao\/wp-json\/wp\/v2\/media?parent=211"}],"wp:term":[{"taxonomy":"category","embeddable":true,"href":"https:\/\/www.ufsm.br\/cursos\/graduacao\/frederico-westphalen\/sistemas-de-informacao\/wp-json\/wp\/v2\/categories?post=211"},{"taxonomy":"post_tag","embeddable":true,"href":"https:\/\/www.ufsm.br\/cursos\/graduacao\/frederico-westphalen\/sistemas-de-informacao\/wp-json\/wp\/v2\/tags?post=211"}],"curies":[{"name":"wp","href":"https:\/\/api.w.org\/{rel}","templated":true}]}}