{"id":241,"date":"2018-11-20T16:55:23","date_gmt":"2018-11-20T18:55:23","guid":{"rendered":"https:\/\/www.ufsm.br\/cursos\/graduacao\/sistemas-de-informacao-fw\/?page_id=241"},"modified":"2018-11-20T16:55:24","modified_gmt":"2018-11-20T18:55:24","slug":"semestre-08-sistemas-de-informacao-curriculo-2016","status":"publish","type":"page","link":"https:\/\/www.ufsm.br\/cursos\/graduacao\/frederico-westphalen\/sistemas-de-informacao\/semestre-08-sistemas-de-informacao-curriculo-2016","title":{"rendered":"Semestre 08 &#8211; Sistemas de Informa\u00e7\u00e3o &#8211; Curr\u00edculo 2016"},"content":{"rendered":"<p><a href=\"https:\/\/www.ufsm.br\/cursos\/graduacao\/sistemas-de-informacao-fw\/wp-content\/uploads\/sites\/333\/2018\/11\/BIB_SIN_1018_CUSTOSsistemas_novo.pdf\">BIB SIN 1018 Custos<\/a><\/p>\n<p><a href=\"https:\/\/www.ufsm.br\/cursos\/graduacao\/sistemas-de-informacao-fw\/wp-content\/uploads\/sites\/333\/2018\/11\/PRG_SIN_1018_CUSTOSsistemas_novo.pdf\"> PRG SIN 1018 Custos<\/a><\/p>\n<p><a href=\"https:\/\/www.ufsm.br\/cursos\/graduacao\/sistemas-de-informacao-fw\/wp-content\/uploads\/sites\/333\/2018\/11\/BIB_SIN_1029_SISTEMA_DE_INFORMA\u00c7\u00c3O_DISTRIBUIDO_BIBsistemas_novo.pdf\">BIB SIN 1029 Sistema de Informa\u00e7\u00e3o Distribuido BIB<\/a><\/p>\n<p><a href=\"https:\/\/www.ufsm.br\/cursos\/graduacao\/sistemas-de-informacao-fw\/wp-content\/uploads\/sites\/333\/2018\/11\/PRG_SIN_1029_SISTEMAS_DE_INFORMA\u00c7\u00c3O_DISTRIBUIDOSsistemas_novo.pdf\"> PRG SIN 1029 Sistemas de Informa\u00e7\u00e3o Distribuidos<\/a><\/p>\n<p><a href=\"https:\/\/www.ufsm.br\/cursos\/graduacao\/sistemas-de-informacao-fw\/wp-content\/uploads\/sites\/333\/2018\/11\/SIN_1026_BIB_Qualidade_de_Softwaresistemas_novo.pdf\">SIN 1026 BIB Qualidade de Software<\/a><\/p>\n<p><a href=\"https:\/\/www.ufsm.br\/cursos\/graduacao\/sistemas-de-informacao-fw\/wp-content\/uploads\/sites\/333\/2018\/11\/PRG_SIN_1026_QUALIDAE_DE_SOFTWAREsistemas_novo.pdf\">PRG SIN 1026 Qualidade de Software<\/a><\/p>\n<p><a href=\"https:\/\/www.ufsm.br\/cursos\/graduacao\/sistemas-de-informacao-fw\/wp-content\/uploads\/sites\/333\/2018\/11\/BIB_SIN_TRABALHO_DE_GRADUA\u00c7\u00c3O_EM_SISTEMAS_DE_INFORMA\u00c7\u00c3O_Isistemas_novo.pdf\">BIB SIN Trabalho De Gradua\u00e7\u00e3o em Sistemas de Informa\u00e7\u00e3o I<\/a><\/p>\n<p><a href=\"https:\/\/www.ufsm.br\/cursos\/graduacao\/sistemas-de-informacao-fw\/wp-content\/uploads\/sites\/333\/2018\/11\/PRG_SIN_1057_TRABALHO_DE_GRADUA\u00c7\u00c3O_EM_SISTEMAS_DE_INFORMA\u00c7\u00c3O_Isistemas_novo.pdf\"> PRG SIN 1057 Trabalho De Gradua\u00e7\u00e3o em Sistemas de Informa\u00e7\u00e3o I <\/a><\/p>\n","protected":false},"excerpt":{"rendered":"<p>BIB SIN 1018 Custos PRG SIN 1018 Custos BIB SIN 1029 Sistema de Informa\u00e7\u00e3o Distribuido BIB PRG SIN 1029 Sistemas de Informa\u00e7\u00e3o Distribuidos SIN 1026 BIB Qualidade de Software PRG SIN 1026 Qualidade de Software BIB SIN Trabalho De Gradua\u00e7\u00e3o em Sistemas de Informa\u00e7\u00e3o I PRG SIN 1057 Trabalho De Gradua\u00e7\u00e3o em Sistemas de Informa\u00e7\u00e3o [&hellip;]<\/p>\n","protected":false},"author":194,"featured_media":0,"parent":0,"menu_order":0,"comment_status":"closed","ping_status":"closed","template":"","meta":{"footnotes":""},"categories":[],"tags":[],"class_list":["post-241","page","type-page","status-publish","hentry"],"acf":[],"_links":{"self":[{"href":"https:\/\/www.ufsm.br\/cursos\/graduacao\/frederico-westphalen\/sistemas-de-informacao\/wp-json\/wp\/v2\/pages\/241","targetHints":{"allow":["GET"]}}],"collection":[{"href":"https:\/\/www.ufsm.br\/cursos\/graduacao\/frederico-westphalen\/sistemas-de-informacao\/wp-json\/wp\/v2\/pages"}],"about":[{"href":"https:\/\/www.ufsm.br\/cursos\/graduacao\/frederico-westphalen\/sistemas-de-informacao\/wp-json\/wp\/v2\/types\/page"}],"author":[{"embeddable":true,"href":"https:\/\/www.ufsm.br\/cursos\/graduacao\/frederico-westphalen\/sistemas-de-informacao\/wp-json\/wp\/v2\/users\/194"}],"replies":[{"embeddable":true,"href":"https:\/\/www.ufsm.br\/cursos\/graduacao\/frederico-westphalen\/sistemas-de-informacao\/wp-json\/wp\/v2\/comments?post=241"}],"version-history":[{"count":0,"href":"https:\/\/www.ufsm.br\/cursos\/graduacao\/frederico-westphalen\/sistemas-de-informacao\/wp-json\/wp\/v2\/pages\/241\/revisions"}],"wp:attachment":[{"href":"https:\/\/www.ufsm.br\/cursos\/graduacao\/frederico-westphalen\/sistemas-de-informacao\/wp-json\/wp\/v2\/media?parent=241"}],"wp:term":[{"taxonomy":"category","embeddable":true,"href":"https:\/\/www.ufsm.br\/cursos\/graduacao\/frederico-westphalen\/sistemas-de-informacao\/wp-json\/wp\/v2\/categories?post=241"},{"taxonomy":"post_tag","embeddable":true,"href":"https:\/\/www.ufsm.br\/cursos\/graduacao\/frederico-westphalen\/sistemas-de-informacao\/wp-json\/wp\/v2\/tags?post=241"}],"curies":[{"name":"wp","href":"https:\/\/api.w.org\/{rel}","templated":true}]}}