{"id":250,"date":"2018-11-20T17:04:31","date_gmt":"2018-11-20T19:04:31","guid":{"rendered":"https:\/\/www.ufsm.br\/cursos\/graduacao\/sistemas-de-informacao-fw\/?page_id=250"},"modified":"2018-11-20T17:04:32","modified_gmt":"2018-11-20T19:04:32","slug":"semestre-09-sistemas-de-informacao-curriculo-2016","status":"publish","type":"page","link":"https:\/\/www.ufsm.br\/cursos\/graduacao\/frederico-westphalen\/sistemas-de-informacao\/semestre-09-sistemas-de-informacao-curriculo-2016","title":{"rendered":"Semestre 09 &#8211; Sistemas de Informa\u00e7\u00e3o &#8211; Curr\u00edculo 2016"},"content":{"rendered":"<p><a href=\"https:\/\/www.ufsm.br\/cursos\/graduacao\/sistemas-de-informacao-fw\/wp-content\/uploads\/sites\/333\/2018\/11\/BIB_SIN_1033_EMPREENDEDORISMOsistemas_novo.pdf\">BIB SIN 1033 Empreendedorismo<\/a><\/p>\n<p><a href=\"https:\/\/www.ufsm.br\/cursos\/graduacao\/sistemas-de-informacao-fw\/wp-content\/uploads\/sites\/333\/2018\/11\/PRG_SIN_1033_EMPREENDEDORISMOsistemas_novo.pdf\"> PRG SIN 1033 Empreendedorismo<\/a><\/p>\n<p><a href=\"https:\/\/www.ufsm.br\/cursos\/graduacao\/sistemas-de-informacao-fw\/wp-content\/uploads\/sites\/333\/2018\/11\/SIN_1058_PRG_TRABALHO_DE_GRADUA\u00c7\u00c3O_EM_SISTEMAS_DE_INFORMA\u00c7\u00c3O_II_PRGsistemas_novo.pdf\"> SIN 1058 PRG Trabalho De Gradua\u00e7\u00e3o Em Sistemas De Informa\u00e7\u00e3o II PRG<\/a><\/p>\n<p><a href=\"https:\/\/www.ufsm.br\/cursos\/graduacao\/sistemas-de-informacao-fw\/wp-content\/uploads\/sites\/333\/2018\/11\/BIB_SIN_1058_TRABALHO_DE_GRADUA\u00c7\u00c3O_EM_SISTEMAS_DE_INFORMA\u00c7\u00c3O_IIsistemas_novo.pdf\">BIB SIN 1058 Trabalho De Gradua\u00e7\u00e3o Em Sistemas De Informa\u00e7\u00e3o II<\/a><\/p>\n","protected":false},"excerpt":{"rendered":"<p>BIB SIN 1033 Empreendedorismo PRG SIN 1033 Empreendedorismo SIN 1058 PRG Trabalho De Gradua\u00e7\u00e3o Em Sistemas De Informa\u00e7\u00e3o II PRG BIB SIN 1058 Trabalho De Gradua\u00e7\u00e3o Em Sistemas De Informa\u00e7\u00e3o II<\/p>\n","protected":false},"author":194,"featured_media":0,"parent":0,"menu_order":0,"comment_status":"closed","ping_status":"closed","template":"","meta":{"footnotes":""},"categories":[],"tags":[],"class_list":["post-250","page","type-page","status-publish","hentry"],"acf":[],"_links":{"self":[{"href":"https:\/\/www.ufsm.br\/cursos\/graduacao\/frederico-westphalen\/sistemas-de-informacao\/wp-json\/wp\/v2\/pages\/250","targetHints":{"allow":["GET"]}}],"collection":[{"href":"https:\/\/www.ufsm.br\/cursos\/graduacao\/frederico-westphalen\/sistemas-de-informacao\/wp-json\/wp\/v2\/pages"}],"about":[{"href":"https:\/\/www.ufsm.br\/cursos\/graduacao\/frederico-westphalen\/sistemas-de-informacao\/wp-json\/wp\/v2\/types\/page"}],"author":[{"embeddable":true,"href":"https:\/\/www.ufsm.br\/cursos\/graduacao\/frederico-westphalen\/sistemas-de-informacao\/wp-json\/wp\/v2\/users\/194"}],"replies":[{"embeddable":true,"href":"https:\/\/www.ufsm.br\/cursos\/graduacao\/frederico-westphalen\/sistemas-de-informacao\/wp-json\/wp\/v2\/comments?post=250"}],"version-history":[{"count":0,"href":"https:\/\/www.ufsm.br\/cursos\/graduacao\/frederico-westphalen\/sistemas-de-informacao\/wp-json\/wp\/v2\/pages\/250\/revisions"}],"wp:attachment":[{"href":"https:\/\/www.ufsm.br\/cursos\/graduacao\/frederico-westphalen\/sistemas-de-informacao\/wp-json\/wp\/v2\/media?parent=250"}],"wp:term":[{"taxonomy":"category","embeddable":true,"href":"https:\/\/www.ufsm.br\/cursos\/graduacao\/frederico-westphalen\/sistemas-de-informacao\/wp-json\/wp\/v2\/categories?post=250"},{"taxonomy":"post_tag","embeddable":true,"href":"https:\/\/www.ufsm.br\/cursos\/graduacao\/frederico-westphalen\/sistemas-de-informacao\/wp-json\/wp\/v2\/tags?post=250"}],"curies":[{"name":"wp","href":"https:\/\/api.w.org\/{rel}","templated":true}]}}