{"id":261,"date":"2018-11-20T17:26:18","date_gmt":"2018-11-20T19:26:18","guid":{"rendered":"https:\/\/www.ufsm.br\/cursos\/graduacao\/sistemas-de-informacao-fw\/?page_id=261"},"modified":"2018-11-20T17:26:19","modified_gmt":"2018-11-20T19:26:19","slug":"legislacao-que-regula-o-curriculo-do-curso-sistemas-de-informacao-curriculo-2016","status":"publish","type":"page","link":"https:\/\/www.ufsm.br\/cursos\/graduacao\/frederico-westphalen\/sistemas-de-informacao\/legislacao-que-regula-o-curriculo-do-curso-sistemas-de-informacao-curriculo-2016","title":{"rendered":"Legisla\u00e7\u00e3o que regula o Curr\u00edculo do curso &#8211; Sistemas de Informa\u00e7\u00e3o &#8211; Curr\u00edculo 2016"},"content":{"rendered":"<p><a href=\"https:\/\/www.ufsm.br\/cursos\/graduacao\/sistemas-de-informacao-fw\/wp-content\/uploads\/sites\/333\/2018\/11\/pces136_11_Sistemas_de_Informao.pdf\">01 Diretriz Curr\u00edcular<\/a><\/p>\n<p>02 Lei do Exerc\u00edcio Profissional<\/p>\n<p>03 Normas de Est\u00e1gio<\/p>\n<p><a href=\"https:\/\/www.ufsm.br\/cursos\/graduacao\/sistemas-de-informacao-fw\/wp-content\/uploads\/sites\/333\/2018\/11\/NORMA_TRABALHO_DE_CONCLUS\u00c3O_DE_CURSO_sistemas_novo.pdf\" target=\"_blank\" rel=\"noopener\">04 Normas do TGSI<\/a><\/p>\n<p><a href=\"https:\/\/www.ufsm.br\/cursos\/graduacao\/sistemas-de-informacao-fw\/normas-das-acgss\/\">05 Normas das ACGSs<\/a><\/p>\n<p><a href=\"https:\/\/www.ufsm.br\/cursos\/graduacao\/sistemas-de-informacao-fw\/wp-content\/uploads\/sites\/333\/2018\/11\/Regulamento_-_Exame_de_Extraordinario_Aproveitamento_sistemas_novo.pdf\" target=\"_blank\" rel=\"noopener\">06 Normas do Exame de Extraordin\u00e1rio Aproveitamento de Estudos<\/a><\/p>\n<p><a href=\"https:\/\/www.ufsm.br\/cursos\/graduacao\/sistemas-de-informacao-fw\/wp-content\/uploads\/sites\/333\/2018\/11\/REGIMENTO_DO_NUCLEO_DOCENTE_ESTRUTURANTE_-_NDE_-_Sistemas_de_Informa\u00e7\u00e3o_sistemas_novo.pdf\" target=\"_blank\" rel=\"noopener\">07 Regimento do NDE<\/a><\/p>\n<p><a href=\"https:\/\/www.ufsm.br\/cursos\/graduacao\/sistemas-de-informacao-fw\/wp-content\/uploads\/sites\/333\/2018\/11\/Pr\u00e9-requisitos_das_disciplinas_do_curso_de_SI_sistemas_novo-1.pdf\" target=\"_blank\" rel=\"noopener\">08 Pr\u00e9-requisitos do Curso<\/a><\/p>\n","protected":false},"excerpt":{"rendered":"<p>01 Diretriz Curr\u00edcular 02 Lei do Exerc\u00edcio Profissional 03 Normas de Est\u00e1gio 04 Normas do TGSI 05 Normas das ACGSs 06 Normas do Exame de Extraordin\u00e1rio Aproveitamento de Estudos 07 Regimento do NDE 08 Pr\u00e9-requisitos do Curso<\/p>\n","protected":false},"author":194,"featured_media":0,"parent":0,"menu_order":0,"comment_status":"closed","ping_status":"closed","template":"","meta":{"footnotes":""},"categories":[],"tags":[],"class_list":["post-261","page","type-page","status-publish","hentry"],"acf":[],"_links":{"self":[{"href":"https:\/\/www.ufsm.br\/cursos\/graduacao\/frederico-westphalen\/sistemas-de-informacao\/wp-json\/wp\/v2\/pages\/261","targetHints":{"allow":["GET"]}}],"collection":[{"href":"https:\/\/www.ufsm.br\/cursos\/graduacao\/frederico-westphalen\/sistemas-de-informacao\/wp-json\/wp\/v2\/pages"}],"about":[{"href":"https:\/\/www.ufsm.br\/cursos\/graduacao\/frederico-westphalen\/sistemas-de-informacao\/wp-json\/wp\/v2\/types\/page"}],"author":[{"embeddable":true,"href":"https:\/\/www.ufsm.br\/cursos\/graduacao\/frederico-westphalen\/sistemas-de-informacao\/wp-json\/wp\/v2\/users\/194"}],"replies":[{"embeddable":true,"href":"https:\/\/www.ufsm.br\/cursos\/graduacao\/frederico-westphalen\/sistemas-de-informacao\/wp-json\/wp\/v2\/comments?post=261"}],"version-history":[{"count":0,"href":"https:\/\/www.ufsm.br\/cursos\/graduacao\/frederico-westphalen\/sistemas-de-informacao\/wp-json\/wp\/v2\/pages\/261\/revisions"}],"wp:attachment":[{"href":"https:\/\/www.ufsm.br\/cursos\/graduacao\/frederico-westphalen\/sistemas-de-informacao\/wp-json\/wp\/v2\/media?parent=261"}],"wp:term":[{"taxonomy":"category","embeddable":true,"href":"https:\/\/www.ufsm.br\/cursos\/graduacao\/frederico-westphalen\/sistemas-de-informacao\/wp-json\/wp\/v2\/categories?post=261"},{"taxonomy":"post_tag","embeddable":true,"href":"https:\/\/www.ufsm.br\/cursos\/graduacao\/frederico-westphalen\/sistemas-de-informacao\/wp-json\/wp\/v2\/tags?post=261"}],"curies":[{"name":"wp","href":"https:\/\/api.w.org\/{rel}","templated":true}]}}