{"id":264,"date":"2018-11-20T17:23:04","date_gmt":"2018-11-20T19:23:04","guid":{"rendered":"https:\/\/www.ufsm.br\/cursos\/graduacao\/sistemas-de-informacao-fw\/?page_id=264"},"modified":"2018-11-20T17:23:05","modified_gmt":"2018-11-20T19:23:05","slug":"normas-das-acgss","status":"publish","type":"page","link":"https:\/\/www.ufsm.br\/cursos\/graduacao\/frederico-westphalen\/sistemas-de-informacao\/normas-das-acgss","title":{"rendered":"Normas das ACGSs"},"content":{"rendered":"<p><a href=\"https:\/\/www.ufsm.br\/cursos\/graduacao\/sistemas-de-informacao-fw\/wp-content\/uploads\/sites\/333\/2018\/11\/PPC_Revisado_-_Normas_para_valida\u00e7\u00e3o_de_carga_hor\u00e1ria_-_atividades_complementaresccsistemas.pdf\" target=\"_blank\" rel=\"noopener\">PPC Revisado &#8211; Normas para valida\u00e7\u00e3o de carga hor\u00e1ria &#8211; atividades complementares<\/a><\/p>\n<p><a href=\"https:\/\/www.ufsm.br\/cursos\/graduacao\/sistemas-de-informacao-fw\/wp-content\/uploads\/sites\/333\/2018\/11\/PPC_Revisado-_Crit\u00e9rios_de_Valida\u00e7\u00e3o_das_Horas_Atividades_Complementaresccsistemas.pdf\" target=\"_blank\" rel=\"noopener\">PPC Revisado- Crit\u00e9rios de Valida\u00e7\u00e3o das Horas (Atividades Complementares)<\/a><\/p>\n","protected":false},"excerpt":{"rendered":"<p>PPC Revisado &#8211; Normas para valida\u00e7\u00e3o de carga hor\u00e1ria &#8211; atividades complementares PPC Revisado- Crit\u00e9rios de Valida\u00e7\u00e3o das Horas (Atividades Complementares)<\/p>\n","protected":false},"author":194,"featured_media":0,"parent":0,"menu_order":0,"comment_status":"closed","ping_status":"closed","template":"","meta":{"footnotes":""},"categories":[],"tags":[],"class_list":["post-264","page","type-page","status-publish","hentry"],"acf":[],"_links":{"self":[{"href":"https:\/\/www.ufsm.br\/cursos\/graduacao\/frederico-westphalen\/sistemas-de-informacao\/wp-json\/wp\/v2\/pages\/264","targetHints":{"allow":["GET"]}}],"collection":[{"href":"https:\/\/www.ufsm.br\/cursos\/graduacao\/frederico-westphalen\/sistemas-de-informacao\/wp-json\/wp\/v2\/pages"}],"about":[{"href":"https:\/\/www.ufsm.br\/cursos\/graduacao\/frederico-westphalen\/sistemas-de-informacao\/wp-json\/wp\/v2\/types\/page"}],"author":[{"embeddable":true,"href":"https:\/\/www.ufsm.br\/cursos\/graduacao\/frederico-westphalen\/sistemas-de-informacao\/wp-json\/wp\/v2\/users\/194"}],"replies":[{"embeddable":true,"href":"https:\/\/www.ufsm.br\/cursos\/graduacao\/frederico-westphalen\/sistemas-de-informacao\/wp-json\/wp\/v2\/comments?post=264"}],"version-history":[{"count":0,"href":"https:\/\/www.ufsm.br\/cursos\/graduacao\/frederico-westphalen\/sistemas-de-informacao\/wp-json\/wp\/v2\/pages\/264\/revisions"}],"wp:attachment":[{"href":"https:\/\/www.ufsm.br\/cursos\/graduacao\/frederico-westphalen\/sistemas-de-informacao\/wp-json\/wp\/v2\/media?parent=264"}],"wp:term":[{"taxonomy":"category","embeddable":true,"href":"https:\/\/www.ufsm.br\/cursos\/graduacao\/frederico-westphalen\/sistemas-de-informacao\/wp-json\/wp\/v2\/categories?post=264"},{"taxonomy":"post_tag","embeddable":true,"href":"https:\/\/www.ufsm.br\/cursos\/graduacao\/frederico-westphalen\/sistemas-de-informacao\/wp-json\/wp\/v2\/tags?post=264"}],"curies":[{"name":"wp","href":"https:\/\/api.w.org\/{rel}","templated":true}]}}