{"id":273,"date":"2018-11-21T08:05:02","date_gmt":"2018-11-21T10:05:02","guid":{"rendered":"https:\/\/www.ufsm.br\/cursos\/graduacao\/sistemas-de-informacao-fw\/?page_id=273"},"modified":"2018-11-21T08:05:02","modified_gmt":"2018-11-21T10:05:02","slug":"sobre","status":"publish","type":"page","link":"https:\/\/www.ufsm.br\/cursos\/graduacao\/frederico-westphalen\/sistemas-de-informacao\/sobre","title":{"rendered":"Sobre"},"content":{"rendered":"<p><strong>Miss\u00e3o<\/strong><\/p>\n<p>O Curso de Sistemas de Informa\u00e7\u00e3o da UFSM campus Frederico Westphalen possui m\u00f3dulo semestral, com modalidade presencial, turno noturno, com disponibilidade de 40 vagas anuais. O Curso possui carga hor\u00e1ria de 3000 horas, de 10 a 15 semestres (no m\u00e1ximo).\u00a0O objetivo geral do Curso \u00e9 formar profissionais de n\u00edvel superior com dom\u00ednio e capacidade para trabalhar na \u00e1rea da Computa\u00e7\u00e3o, desenvolvendo projetos de software e servi\u00e7os de computa\u00e7\u00e3o e informa\u00e7\u00e3o, atentos ao car\u00e1ter ecol\u00f3gico, social, \u00e9tico e respons\u00e1vel no exerc\u00edcio de suas atividades na sociedade.<\/p>\n<p><strong>Perfil do Egresso<\/strong><\/p>\n<p>Os profissionais formados no Curso de Sistemas de Informa\u00e7\u00e3o pela UFSM campus Frederico Westphalen possuir\u00e3o as capacidades de\u00a0resolver as seguintes classes de problemas:\u00a0desenvolvimento de software como produto ou servi\u00e7o usando ambientes de desenvolvimento de sistemas;\u00a0projeto e desenvolvimento de sistemas de estrutura\u00e7\u00e3o de informa\u00e7\u00e3o;\u00a0projeto e desenvolvimento de redes de comunica\u00e7\u00e3o da informa\u00e7\u00e3o;\u00a0dire\u00e7\u00e3o, assessoria, consultoria, planejamento, coordena\u00e7\u00e3o e treinamento na \u00e1rea de inform\u00e1tica nas organiza\u00e7\u00f5es;\u00a0intera\u00e7\u00e3o com especialistas em outras \u00e1reas de modo a desenvolver projetos interdisciplinares;\u00a0reconhecimento do setor produtivo de sua especialidade no que tange ao mercado, processos produtivos, tecnologias empregadas e potencialidades de seu desenvolvimento, principalmente no contexto regional.<\/p>\n<p><strong>Atua\u00e7\u00e3o Profissional<\/strong><\/p>\n<p>A atua\u00e7\u00e3o do bacharel em sistemas de informa\u00e7\u00e3o desenvolve-se nas seguintes dimens\u00f5es: desenvolvimento de sistemas de informa\u00e7\u00e3o: poder\u00e1 desempenhar os pap\u00e9is de analista de sistemas, programador de sistemas, gerente de desenvolvimento de sistemas de informa\u00e7\u00e3o, gerente de projetos de sistemas de informa\u00e7\u00e3o, consultor\/auditor em desenvolvimento de sistemas de informa\u00e7\u00e3o e outras relacionadas com o desenvolvimento de software;\u00a0Infraestrutura de tecnologia da informa\u00e7\u00e3o: poder\u00e1 desempenhar fun\u00e7\u00f5es como a de analista de suporte, administrador de banco de dados, gerente de redes de computadores, gerente de tecnologia da informa\u00e7\u00e3o, consultor\/auditor na \u00e1rea de infraestrutura;\u00a0Gest\u00e3o de sistemas de informa\u00e7\u00e3o: poder\u00e1 atuar como gerente de sistemas de informa\u00e7\u00e3o, consultor\/auditor em gest\u00e3o de sistemas de informa\u00e7\u00e3o, etc, bem como em \u00e1reas como database marketing, minera\u00e7\u00e3o de dados, com\u00e9rcio eletr\u00f4nico, marketing digital, business intelligence e outras fun\u00e7\u00f5es de neg\u00f3cios dependentes da aplica\u00e7\u00e3o da tecnologia de informa\u00e7\u00e3o e comunica\u00e7\u00e3o.<\/p>\n","protected":false},"excerpt":{"rendered":"<p>Miss\u00e3o O Curso de Sistemas de Informa\u00e7\u00e3o da UFSM campus Frederico Westphalen possui m\u00f3dulo semestral, com modalidade presencial, turno noturno, com disponibilidade de 40 vagas anuais. O Curso possui carga hor\u00e1ria de 3000 horas, de 10 a 15 semestres (no m\u00e1ximo).\u00a0O objetivo geral do Curso \u00e9 formar profissionais de n\u00edvel superior com dom\u00ednio e capacidade [&hellip;]<\/p>\n","protected":false},"author":194,"featured_media":0,"parent":0,"menu_order":0,"comment_status":"closed","ping_status":"closed","template":"","meta":{"footnotes":""},"categories":[],"tags":[],"class_list":["post-273","page","type-page","status-publish","hentry"],"acf":[],"_links":{"self":[{"href":"https:\/\/www.ufsm.br\/cursos\/graduacao\/frederico-westphalen\/sistemas-de-informacao\/wp-json\/wp\/v2\/pages\/273","targetHints":{"allow":["GET"]}}],"collection":[{"href":"https:\/\/www.ufsm.br\/cursos\/graduacao\/frederico-westphalen\/sistemas-de-informacao\/wp-json\/wp\/v2\/pages"}],"about":[{"href":"https:\/\/www.ufsm.br\/cursos\/graduacao\/frederico-westphalen\/sistemas-de-informacao\/wp-json\/wp\/v2\/types\/page"}],"author":[{"embeddable":true,"href":"https:\/\/www.ufsm.br\/cursos\/graduacao\/frederico-westphalen\/sistemas-de-informacao\/wp-json\/wp\/v2\/users\/194"}],"replies":[{"embeddable":true,"href":"https:\/\/www.ufsm.br\/cursos\/graduacao\/frederico-westphalen\/sistemas-de-informacao\/wp-json\/wp\/v2\/comments?post=273"}],"version-history":[{"count":0,"href":"https:\/\/www.ufsm.br\/cursos\/graduacao\/frederico-westphalen\/sistemas-de-informacao\/wp-json\/wp\/v2\/pages\/273\/revisions"}],"wp:attachment":[{"href":"https:\/\/www.ufsm.br\/cursos\/graduacao\/frederico-westphalen\/sistemas-de-informacao\/wp-json\/wp\/v2\/media?parent=273"}],"wp:term":[{"taxonomy":"category","embeddable":true,"href":"https:\/\/www.ufsm.br\/cursos\/graduacao\/frederico-westphalen\/sistemas-de-informacao\/wp-json\/wp\/v2\/categories?post=273"},{"taxonomy":"post_tag","embeddable":true,"href":"https:\/\/www.ufsm.br\/cursos\/graduacao\/frederico-westphalen\/sistemas-de-informacao\/wp-json\/wp\/v2\/tags?post=273"}],"curies":[{"name":"wp","href":"https:\/\/api.w.org\/{rel}","templated":true}]}}