{"id":296,"date":"2018-11-21T09:18:09","date_gmt":"2018-11-21T11:18:09","guid":{"rendered":"https:\/\/www.ufsm.br\/cursos\/graduacao\/sistemas-de-informacao-fw\/?page_id=296"},"modified":"2018-11-21T09:18:09","modified_gmt":"2018-11-21T11:18:09","slug":"tgsis-defendidos-em-2015","status":"publish","type":"page","link":"https:\/\/www.ufsm.br\/cursos\/graduacao\/frederico-westphalen\/sistemas-de-informacao\/tgsis-defendidos-em-2015","title":{"rendered":"TGSIs defendidos em 2015"},"content":{"rendered":"<p>1) T\u00edtulo do Trabalho: Um Processo de Classifica\u00e7\u00e3o de Regras de Acessibilidade &#8211;\u00a0<a href=\"https:\/\/www.ufsm.br\/cursos\/graduacao\/sistemas-de-informacao-fw\/wp-content\/uploads\/sites\/333\/2018\/11\/ProcessodeClassificacaodeRegrasdeAcessibilidadeWeb.pdf\" target=\"_blank\" rel=\"noopener\">download<\/a><\/p>\n<p>Aluna: Carine Piovesan Lopes<\/p>\n<p>Orientador: Prof. Dr. Cristiano Bertolini<\/p>\n<p>Co-orientador: Prof. Dr. Guilherme Bernardino da Cunha<\/p>\n<p>&nbsp;<\/p>\n<p>2) T\u00edtulo do Trabalho: Implanta\u00e7\u00e3o de um Ambiente de Seguran\u00e7a de Redes de Computadores: um estudo de caso na Prefeitura de Palmeira das Miss\u00f5es \u2013 RS &#8211;<a href=\"https:\/\/www.ufsm.br\/cursos\/graduacao\/sistemas-de-informacao-fw\/wp-content\/uploads\/sites\/333\/2018\/11\/ImplantacaodeumAmbientedeSegurancadeRedesdeComputadoresUmEstudodeCasonaPrefeituradePalmeiradasMissoes.pdf\" target=\"_blank\" rel=\"noopener\">\u00a0download<\/a><\/p>\n<p>Aluno: Denison Molina<\/p>\n<p>Orientador: Prof. Dr. Sidnei Renato Silveira<\/p>\n<p>Co-orientador: Prof. Ms. Fernando Beux dos Santos (UNICRUZ)<\/p>\n<p>&nbsp;<\/p>\n<p>3) T\u00edtulo do Trabalho: Formal Analysis of a Bio-Inspired Wireless Sensor Network Routing Algorithm &#8211;\u00a0<a href=\"https:\/\/www.ufsm.br\/cursos\/graduacao\/sistemas-de-informacao-fw\/wp-content\/uploads\/sites\/333\/2018\/11\/FormalAnalysisofaBioInspiredWirelessSensorNetworkRoutingAlgorithm.pdf\" target=\"_blank\" rel=\"noopener\">download<\/a><\/p>\n<p>Aluno: Iulisloi Zacarias<\/p>\n<p>Orientador: Prof. Dr. Cristiano Bertolini<\/p>\n<p>Co-orientador: Prof. Dr. Edison Pignaton de Freitas (UFRGS)<\/p>\n<p>&nbsp;<\/p>\n<p>4) T\u00edtulo do Trabalho: Desenvolvimento de um Sistema para Aux\u00edlio ao Diagn\u00f3stico de Diabetes empregando Redes Neurais &#8211;<a href=\"https:\/\/www.ufsm.br\/cursos\/graduacao\/sistemas-de-informacao-fw\/wp-content\/uploads\/sites\/333\/2018\/11\/DesenvolvimentodeumSistemaparaAuxilioaoDiagnosticodeDiabetesempregandoRedesNeurais.pdf\" target=\"_blank\" rel=\"noopener\">download<\/a><\/p>\n<p>Aluno: Jo\u00e3o Paulo Vieira<\/p>\n<p>Orientador: Prof. Dr. F\u00e1bio Jos\u00e9 Parreira<\/p>\n<p>Co-orientador: Prof. Dr. Sidnei Renato Silveira<\/p>\n<p>&nbsp;<\/p>\n<p>5) T\u00edtulo do Trabalho: Aplica\u00e7\u00e3o de Metodologias \u00c1geis para Desenvolvimento de Software: um estudo de caso na empresa Alliance Software &#8211;\u00a0<a href=\"https:\/\/www.ufsm.br\/cursos\/graduacao\/sistemas-de-informacao-fw\/wp-content\/uploads\/sites\/333\/2018\/11\/AplicacaodeMetodologiasAgeisparaDesenvolvimentodeSoftwareumEstudodeCasonaEmpresaAllianceSoftware.pdf\" target=\"_blank\" rel=\"noopener\">download<\/a><\/p>\n<p>Aluno: Juliano da Concei\u00e7\u00e3o<\/p>\n<p>Orientador: Prof. Dr. Sidnei Renato Silveira<\/p>\n<p>&nbsp;<\/p>\n<p>6) T\u00edtulo do Trabalho: Cria\u00e7\u00e3o de Lojas Virtuais por meio de Frameworks: um estudo de caso &#8211;\u00a0<a href=\"https:\/\/www.ufsm.br\/cursos\/graduacao\/sistemas-de-informacao-fw\/wp-content\/uploads\/sites\/333\/2018\/11\/CriacaodeLojasVirtuaispormeiodeFramrworks.pdf\" target=\"_blank\" rel=\"noopener\">download<\/a><\/p>\n<p>Aluno: J\u00falio Wilhelm Moerschb\u00e4cher<\/p>\n<p>Orientador: Prof. Dr. Sidnei Renato Silveira<\/p>\n<p>&nbsp;<\/p>\n<p>7) T\u00edtulo do Trabalho: Implanta\u00e7\u00e3o de um Sistema de Help-Desk: um estudo de caso na Exatus Solu\u00e7\u00f5es Estrat\u00e9gicas &#8211;\u00a0<a href=\"https:\/\/www.ufsm.br\/cursos\/graduacao\/sistemas-de-informacao-fw\/wp-content\/uploads\/sites\/333\/2018\/11\/ImplantacaodeumSistemadeHelpDeskumestudodecasonaExatusSolucoesEstrategicas.pdf\" target=\"_blank\" rel=\"noopener\">download<\/a><\/p>\n<p>Aluno: Leonardo Lavalhos Linke<\/p>\n<p>Orientador: Prof. Dr. Sidnei Renato Silveira<\/p>\n<p>&nbsp;<\/p>\n<p>8) T\u00edtulo do Trabalho: Proposta de Utiliza\u00e7\u00e3o de uma Rede de Sensores sem Fio para Gera\u00e7\u00e3o de Dados visando auxiliar na Determina\u00e7\u00e3o da Qualidade de Vida em uma Regi\u00e3o &#8211;\u00a0<a href=\"https:\/\/www.ufsm.br\/cursos\/graduacao\/sistemas-de-informacao-fw\/wp-content\/uploads\/sites\/333\/2018\/11\/PropostadeUtilizacaodeumaRededeSensoressemFioparaGeracaodeDadosvisandoAuxiliarnaDeterminacaodaQualidadedeVidadeumaRegiao.pdf\" target=\"_blank\" rel=\"noopener\">download<\/a><\/p>\n<p>Aluno: Lu\u00eds Henrique Forchesatto<\/p>\n<p>Orientador: Prof. Dr. Sidnei Renato Silveira<\/p>\n<p>&nbsp;<\/p>\n<p>Co-orientador: Prof. Dr. Edison Pignaton de Freitas (UFRGS)<\/p>\n<p>9) T\u00edtulo do Trabalho: Desenvolvimento de um Jogo Educacional Digital para Aux\u00edlio \u00e0 Alfabetiza\u00e7\u00e3o utilizando Redes Neurais &#8211;<a href=\"https:\/\/www.ufsm.br\/cursos\/graduacao\/sistemas-de-informacao-fw\/wp-content\/uploads\/sites\/333\/2018\/11\/DesenvolvimentodeumJogoEducacionalDigitalparaAuxilioaAlfabetizacaoempregandoRedesNeurais.pdf\" target=\"_blank\" rel=\"noopener\">download<\/a><\/p>\n<p>Aluno: Maik Basso<\/p>\n<p>Orientador: Prof. Dr. F\u00e1bio Jos\u00e9 Parreira<\/p>\n<p>Co-orientador: Prof. Dr. Sidnei Renato Silveira<\/p>\n<p>&nbsp;<\/p>\n<p>10) T\u00edtulo do Trabalho: Tratamento de Requisitos N\u00e3o Funcionais em Sistemas Ciberf\u00edsicos com a Utiliza\u00e7\u00e3o de Orienta\u00e7\u00e3o a Aspectos &#8211;\u00a0<a href=\"https:\/\/www.ufsm.br\/cursos\/graduacao\/sistemas-de-informacao-fw\/wp-content\/uploads\/sites\/333\/2018\/11\/TratamentodeRequisitosNaoFuncionaisemSistemasCiberfisicoscomaUtilizacaodeOrientacaoaAspectos.pdf\" target=\"_blank\" rel=\"noopener\">download<\/a><\/p>\n<p>Aluno: Rafael Ant\u00f4nio Vitalli<\/p>\n<p>Orientador: Prof. Dr. Sidnei Renato Silveira<\/p>\n<p>Co-orientador: Prof. Dr. Edison Pignaton de Freitas (UFRGS)<\/p>\n<p>&nbsp;<\/p>\n<p>11) T\u00edtulo do Trabalho: Ferramenta para Apoio ao Suporte T\u00e9cnico em uma Rede FTTx empregando Racioc\u00ednio Baseado em Casos &#8211;\u00a0<a href=\"https:\/\/www.ufsm.br\/cursos\/graduacao\/sistemas-de-informacao-fw\/wp-content\/uploads\/sites\/333\/2018\/11\/FerramentaparaApoioaoSuporteTecnicoemumaRedeFTTxempregandoRaciocinioBaseadoemCasos.pdf\" target=\"_blank\" rel=\"noopener\">download<\/a><\/p>\n<p>Aluno: Ricardo Augusto Ferrari<\/p>\n<p>Orientador: Prof. Dr. Sidnei Renato Silveira<\/p>\n<p>Co-orientador: Prof. Dr. Edison Pignaton de Freitas (UFRGS)<\/p>\n<p>&nbsp;<\/p>\n<p>12) T\u00edtulo do Trabalho: Jogo Educacional Digital para Apoio ao Aprendizado de Matem\u00e1tica &#8211;\u00a0<a href=\"https:\/\/www.ufsm.br\/cursos\/graduacao\/sistemas-de-informacao-fw\/wp-content\/uploads\/sites\/333\/2018\/11\/JogoEducacionalDigitalparaApoioaoAprendizadodeMatematica.pdf\">download<\/a><\/p>\n<p>Aluna: Silvana Kliszcz<\/p>\n<p>Orientador: Prof. Dr. Sidnei Renato Silveira<\/p>\n<p>Co-orientador: Prof. Dr. F\u00e1bio Jos\u00e9 Parreira<\/p>\n<p>&nbsp;<\/p>\n<p>13) T\u00edtulo do Trabalho: Governan\u00e7a de TI: um Estudo na UFSM campus Frederico Westphalen &#8211;\u00a0<a href=\"https:\/\/www.ufsm.br\/cursos\/graduacao\/sistemas-de-informacao-fw\/wp-content\/uploads\/sites\/333\/2018\/11\/GovernancadeTIumEstudonaUFSMCampusFredericoWestphalen.pdf\" target=\"_blank\" rel=\"noopener\">download<\/a><\/p>\n<p>Aluna: Simone Aparecida Ceratti<\/p>\n<p>Orientador: Prof. Dr. Cristiano Bertolini<\/p>\n","protected":false},"excerpt":{"rendered":"<p>1) T\u00edtulo do Trabalho: Um Processo de Classifica\u00e7\u00e3o de Regras de Acessibilidade &#8211;\u00a0download Aluna: Carine Piovesan Lopes Orientador: Prof. Dr. Cristiano Bertolini Co-orientador: Prof. Dr. Guilherme Bernardino da Cunha &nbsp; 2) T\u00edtulo do Trabalho: Implanta\u00e7\u00e3o de um Ambiente de Seguran\u00e7a de Redes de Computadores: um estudo de caso na Prefeitura de Palmeira das Miss\u00f5es \u2013 [&hellip;]<\/p>\n","protected":false},"author":194,"featured_media":0,"parent":0,"menu_order":0,"comment_status":"closed","ping_status":"closed","template":"","meta":{"footnotes":""},"categories":[],"tags":[],"class_list":["post-296","page","type-page","status-publish","hentry"],"acf":[],"_links":{"self":[{"href":"https:\/\/www.ufsm.br\/cursos\/graduacao\/frederico-westphalen\/sistemas-de-informacao\/wp-json\/wp\/v2\/pages\/296","targetHints":{"allow":["GET"]}}],"collection":[{"href":"https:\/\/www.ufsm.br\/cursos\/graduacao\/frederico-westphalen\/sistemas-de-informacao\/wp-json\/wp\/v2\/pages"}],"about":[{"href":"https:\/\/www.ufsm.br\/cursos\/graduacao\/frederico-westphalen\/sistemas-de-informacao\/wp-json\/wp\/v2\/types\/page"}],"author":[{"embeddable":true,"href":"https:\/\/www.ufsm.br\/cursos\/graduacao\/frederico-westphalen\/sistemas-de-informacao\/wp-json\/wp\/v2\/users\/194"}],"replies":[{"embeddable":true,"href":"https:\/\/www.ufsm.br\/cursos\/graduacao\/frederico-westphalen\/sistemas-de-informacao\/wp-json\/wp\/v2\/comments?post=296"}],"version-history":[{"count":0,"href":"https:\/\/www.ufsm.br\/cursos\/graduacao\/frederico-westphalen\/sistemas-de-informacao\/wp-json\/wp\/v2\/pages\/296\/revisions"}],"wp:attachment":[{"href":"https:\/\/www.ufsm.br\/cursos\/graduacao\/frederico-westphalen\/sistemas-de-informacao\/wp-json\/wp\/v2\/media?parent=296"}],"wp:term":[{"taxonomy":"category","embeddable":true,"href":"https:\/\/www.ufsm.br\/cursos\/graduacao\/frederico-westphalen\/sistemas-de-informacao\/wp-json\/wp\/v2\/categories?post=296"},{"taxonomy":"post_tag","embeddable":true,"href":"https:\/\/www.ufsm.br\/cursos\/graduacao\/frederico-westphalen\/sistemas-de-informacao\/wp-json\/wp\/v2\/tags?post=296"}],"curies":[{"name":"wp","href":"https:\/\/api.w.org\/{rel}","templated":true}]}}