{"id":310,"date":"2018-11-21T09:56:20","date_gmt":"2018-11-21T11:56:20","guid":{"rendered":"https:\/\/www.ufsm.br\/cursos\/graduacao\/sistemas-de-informacao-fw\/?page_id=310"},"modified":"2018-11-21T09:56:20","modified_gmt":"2018-11-21T11:56:20","slug":"tgsis-defendidos-em-2016","status":"publish","type":"page","link":"https:\/\/www.ufsm.br\/cursos\/graduacao\/frederico-westphalen\/sistemas-de-informacao\/tgsis-defendidos-em-2016","title":{"rendered":"TGSIs defendidos em 2016"},"content":{"rendered":"<p>1) Um Estudo de Caso envolvendo a Aplica\u00e7\u00e3o de um Software Educacional de Geometria Espacial &#8211;\u00a0<a href=\"https:\/\/www.ufsm.br\/cursos\/graduacao\/sistemas-de-informacao-fw\/wp-content\/uploads\/sites\/333\/2018\/11\/AdrianaTederke.pdf\" target=\"_blank\" rel=\"noopener\">download<\/a><\/p>\n<p>Aluna: Adriana da Rosa Tederke Volpatto<br \/>\nOrientadora: Profa. Dra. Patr\u00edcia Rodrigues Fortes<br \/>\nCo-orientador: Prof. Dr. Sidnei Renato Silveira<\/p>\n<p>&nbsp;<\/p>\n<p>2) SysPaperAdvice: Desenvolvimento de um Prot\u00f3tipo de Sistema de Recomenda\u00e7\u00e3o de Trabalhos e Artigos Cient\u00edficos\u00a0&#8211;\u00a0<a href=\"https:\/\/www.ufsm.br\/cursos\/graduacao\/sistemas-de-informacao-fw\/wp-content\/uploads\/sites\/333\/2018\/11\/AdrianodeBarros.pdf\" target=\"_blank\" rel=\"noopener\">download<\/a><\/p>\n<p>Aluno: Adriano de Barros<br \/>\nOrientador: Prof. Dr. Sidnei Renato Silveira<br \/>\nCo-orientadora: Profa. Dra. Solange Pertile<\/p>\n<p>&nbsp;<\/p>\n<p>3) Fredi no Mundo da Reciclagem: Desenvolvimento de um Jogo Educacional Digital para Conscientiza\u00e7\u00e3o da Import\u00e2ncia da Reciclagem\u00a0&#8211;\u00a0<a href=\"https:\/\/www.ufsm.br\/cursos\/graduacao\/sistemas-de-informacao-fw\/wp-content\/uploads\/sites\/333\/2018\/11\/AngelicaSkalee.pdf\" target=\"_blank\" rel=\"noopener\">download<\/a><\/p>\n<p>Aluna: Ang\u00e9lica Alessandra Skalee<br \/>\nOrientador: Prof. Dr. F\u00e1bio Jos\u00e9 Parreira<br \/>\nCo-orientador: Prof. Dr. Sidnei Renato Silveira<\/p>\n<p>&nbsp;<\/p>\n<p>4) Super ZID: Desenvolvimento de um Jogo Educacional Digital para apoiar o Combate ao Aedes Aegypti\u00a0&#8211;\u00a0<a href=\"https:\/\/www.ufsm.br\/cursos\/graduacao\/sistemas-de-informacao-fw\/wp-content\/uploads\/sites\/333\/2018\/11\/CarinaZortea.pdf\" target=\"_blank\" rel=\"noopener\">download<\/a><\/p>\n<p>Aluna: Carina Fernanda Zortea<br \/>\nOrientador: Prof. Dr. F\u00e1bio Jos\u00e9 Parreira<br \/>\nCo-orientador: Prof. Dr. Sidnei Renato Silveira<\/p>\n<p>&nbsp;<\/p>\n<p>5) Template para a Interface do Ambiente Virtual de Aprendizagem Moodle: um estudo de caso no Curso de Sistemas de Informa\u00e7\u00e3o da UFSM\/FW\u00a0&#8211;\u00a0<a href=\"https:\/\/www.ufsm.br\/cursos\/graduacao\/sistemas-de-informacao-fw\/wp-content\/uploads\/sites\/333\/2018\/11\/CleomarTheisen.pdf\" target=\"_blank\" rel=\"noopener\">download<\/a><\/p>\n<p>Aluno: Cleomar Jo\u00e3o Theisen<br \/>\nOrientador: Prof. Dr. Guilherme Bernardino da Cunha<br \/>\nCo-orientador: Prof. Dr. Sidnei Renato Silveira<br \/>\nCo-orientadora: Profa. Dra. Adriana Soares Pereira<\/p>\n<p>6) Constru\u00e7\u00e3o de um Ambiente Virtual para Simular a Condu\u00e7\u00e3o de uma Cadeira de Rodas\u00a0&#8211;\u00a0<a href=\"https:\/\/www.ufsm.br\/cursos\/graduacao\/sistemas-de-informacao-fw\/wp-content\/uploads\/sites\/333\/2018\/11\/DanielMalgarinCorrea.pdf\" target=\"_blank\" rel=\"noopener\">download<\/a><\/p>\n<p>Aluno: Daniel Malgarin Correa<br \/>\nOrientador: Prof. Dr. F\u00e1bio Jos\u00e9 Parreira<br \/>\nCo-orientador: Prof. Dr. Cristiano Bertolini<\/p>\n<p>&nbsp;<\/p>\n<p>7) Uma Proposta para o Ensino de Programa\u00e7\u00e3o na Educa\u00e7\u00e3o B\u00e1sica\u00a0&#8211;\u00a0<a href=\"https:\/\/www.ufsm.br\/cursos\/graduacao\/sistemas-de-informacao-fw\/wp-content\/uploads\/sites\/333\/2018\/11\/DanielaGarlet.pdf\" target=\"_blank\" rel=\"noopener\">download<\/a><\/p>\n<p>Aluna: Daniela Garlet<br \/>\nOrientadora: Profa. Dra. Nara Martini Bigolin<br \/>\nCo-Orientador: Prof. Dr. Sidnei Renato Silveira<\/p>\n<p>8) Desenvolvimento de um Agente de Recomenda\u00e7\u00e3o integrado ao Ambiente Virtual Moodle\u00a0&#8211; download<\/p>\n<p>Aluno: Eduardo David Scholle Balbuena<br \/>\nOrientadora: Profa. Dra. Solange Pertile<br \/>\nCo-orientadora: Profa. Dra. Adriana Soares Pereira<\/p>\n<p>9) Sistema de Recomenda\u00e7\u00e3o para S\u00e9ries de TV por Assinatura\u00a0&#8211;\u00a0<a href=\"https:\/\/www.ufsm.br\/cursos\/graduacao\/sistemas-de-informacao-fw\/wp-content\/uploads\/sites\/333\/2018\/11\/FelipeGoncalves.pdf\" target=\"_blank\" rel=\"noopener\">download<\/a><\/p>\n<p>Aluno: Felipe Gon\u00e7alves<br \/>\nOrientador: Prof. Dr. Sidnei Renato Silveira<br \/>\nCo-orientadora: Profa. Dra. Solange Pertile<\/p>\n<p>&nbsp;<\/p>\n<p>10) Implanta\u00e7\u00e3o de um Sistema ERP (Enterprise Resource Planning): um estudo de caso na empresa Ramos e Copini Autope\u00e7as\u00a0&#8211;<a href=\"https:\/\/www.ufsm.br\/cursos\/graduacao\/sistemas-de-informacao-fw\/wp-content\/uploads\/sites\/333\/2018\/11\/JardelBuzatto.pdf\" target=\"_blank\" rel=\"noopener\">download<\/a><\/p>\n<p>Aluno: Jardel Ot\u00e1vio Buzatto<br \/>\nOrientador: Prof. Dr. Sidnei Renato Silveira<\/p>\n<p>&nbsp;<\/p>\n<p>11) Um Estudo de Caso sobre a Utiliza\u00e7\u00e3o de Software Livre em \u00d3rg\u00e3os P\u00fablicos em Frederico Westphalen &#8211; RS\u00a0&#8211;\u00a0<a href=\"https:\/\/www.ufsm.br\/cursos\/graduacao\/sistemas-de-informacao-fw\/wp-content\/uploads\/sites\/333\/2018\/11\/JeffersonDalanhol.pdf\" target=\"_blank\" rel=\"noopener\">download<\/a><\/p>\n<p>Aluno: Jefferson Dalanhol<br \/>\nOrientador: Prof. Dr. Sidnei Renato Silveira<\/p>\n<p>&nbsp;<\/p>\n<p>12) Desenvolvimento de um Aplicativo para Reconhecimento e Sugest\u00e3o de Cores para Deficientes Visuais\u00a0&#8211; download<\/p>\n<p>Aluna: Juliana de F\u00e1tima da Silva<br \/>\nOrientador: Prof. Dr. Cristiano Bertolini<br \/>\nCo-orientador: Prof. Dr. F\u00e1bio Jos\u00e9 Parreira<\/p>\n<p>&nbsp;<\/p>\n<p>13) Um Sistema Web para Visualiza\u00e7\u00e3o de Dados do DATASUS\u00a0\u00a0&#8211;\u00a0<a href=\"https:\/\/www.ufsm.br\/cursos\/graduacao\/sistemas-de-informacao-fw\/wp-content\/uploads\/sites\/333\/2018\/11\/MarceloCasali.pdf\" target=\"_blank\" rel=\"noopener\">download<\/a><\/p>\n<p>Aluno: Marcelo Henrique Casali<br \/>\nOrientador: Prof. Dr. Cristiano Bertolini<br \/>\nCo-orientador: Prof. Dr. Guilherme Bernardino da Cunha<\/p>\n<p>&nbsp;<\/p>\n<p>14) An\u00e1lise de Desempenho e de Dados de um Provedor de Internet\u00a0&#8211; download<\/p>\n<p>Aluno: Marcos Zanon de Mello<br \/>\nOrientador: Prof. Dr. Cristiano Bertolini<br \/>\nCo-Orientador: Prof. Me.\u00a0 Evandro Preuss<\/p>\n<p>&nbsp;<\/p>\n<p>15) Avalia\u00e7\u00e3o dos Brokers Kafka e Apache Flume no Contexto de Big Data\u00a0&#8211;\u00a0<a href=\"https:\/\/www.ufsm.br\/cursos\/graduacao\/sistemas-de-informacao-fw\/wp-content\/uploads\/sites\/333\/2018\/11\/MatheusOrlandideCastro.pdf\" target=\"_blank\" rel=\"noopener\">download<\/a><\/p>\n<p>Aluno: Matheus Orlandi de Castro<br \/>\nOrientador: Prof. Dr. Cristiano Bertolini<br \/>\nCo-orientador: Prof. Me. Evandro Preuss<\/p>\n","protected":false},"excerpt":{"rendered":"<p>1) Um Estudo de Caso envolvendo a Aplica\u00e7\u00e3o de um Software Educacional de Geometria Espacial &#8211;\u00a0download Aluna: Adriana da Rosa Tederke Volpatto Orientadora: Profa. Dra. Patr\u00edcia Rodrigues Fortes Co-orientador: Prof. Dr. Sidnei Renato Silveira &nbsp; 2) SysPaperAdvice: Desenvolvimento de um Prot\u00f3tipo de Sistema de Recomenda\u00e7\u00e3o de Trabalhos e Artigos Cient\u00edficos\u00a0&#8211;\u00a0download Aluno: Adriano de Barros Orientador: [&hellip;]<\/p>\n","protected":false},"author":194,"featured_media":0,"parent":0,"menu_order":0,"comment_status":"closed","ping_status":"closed","template":"","meta":{"footnotes":""},"categories":[],"tags":[],"class_list":["post-310","page","type-page","status-publish","hentry"],"acf":[],"_links":{"self":[{"href":"https:\/\/www.ufsm.br\/cursos\/graduacao\/frederico-westphalen\/sistemas-de-informacao\/wp-json\/wp\/v2\/pages\/310","targetHints":{"allow":["GET"]}}],"collection":[{"href":"https:\/\/www.ufsm.br\/cursos\/graduacao\/frederico-westphalen\/sistemas-de-informacao\/wp-json\/wp\/v2\/pages"}],"about":[{"href":"https:\/\/www.ufsm.br\/cursos\/graduacao\/frederico-westphalen\/sistemas-de-informacao\/wp-json\/wp\/v2\/types\/page"}],"author":[{"embeddable":true,"href":"https:\/\/www.ufsm.br\/cursos\/graduacao\/frederico-westphalen\/sistemas-de-informacao\/wp-json\/wp\/v2\/users\/194"}],"replies":[{"embeddable":true,"href":"https:\/\/www.ufsm.br\/cursos\/graduacao\/frederico-westphalen\/sistemas-de-informacao\/wp-json\/wp\/v2\/comments?post=310"}],"version-history":[{"count":0,"href":"https:\/\/www.ufsm.br\/cursos\/graduacao\/frederico-westphalen\/sistemas-de-informacao\/wp-json\/wp\/v2\/pages\/310\/revisions"}],"wp:attachment":[{"href":"https:\/\/www.ufsm.br\/cursos\/graduacao\/frederico-westphalen\/sistemas-de-informacao\/wp-json\/wp\/v2\/media?parent=310"}],"wp:term":[{"taxonomy":"category","embeddable":true,"href":"https:\/\/www.ufsm.br\/cursos\/graduacao\/frederico-westphalen\/sistemas-de-informacao\/wp-json\/wp\/v2\/categories?post=310"},{"taxonomy":"post_tag","embeddable":true,"href":"https:\/\/www.ufsm.br\/cursos\/graduacao\/frederico-westphalen\/sistemas-de-informacao\/wp-json\/wp\/v2\/tags?post=310"}],"curies":[{"name":"wp","href":"https:\/\/api.w.org\/{rel}","templated":true}]}}