{"id":418,"date":"2023-10-11T12:36:17","date_gmt":"2023-10-11T15:36:17","guid":{"rendered":"https:\/\/www.ufsm.br\/cursos\/graduacao\/frederico-westphalen\/sistemas-de-informacao\/?page_id=418"},"modified":"2026-01-26T16:45:25","modified_gmt":"2026-01-26T19:45:25","slug":"tgsi","status":"publish","type":"page","link":"https:\/\/www.ufsm.br\/cursos\/graduacao\/frederico-westphalen\/sistemas-de-informacao\/tgsi","title":{"rendered":"TGSI &#8211; Trabalho de Gradua\u00e7\u00e3o em Sistemas de Informa\u00e7\u00e3o"},"content":{"rendered":"Cronograma 2026\/1 TGSI I e II\n<ul style=\"color: #000000;font-size: 16px\">\n \t<li style=\"list-style-type: none\">\n<ul>\n \t<li>Entrega dos artigos (TGSI I e TGSI II) para os orientadores revisarem ( Modelo Artigo):\u00a0<em style=\"font-weight: var( --e-global-typography-text-font-weight );text-align: var(--bs-body-text-align)\">at\u00e9 24\/06\/2026<\/em><\/li>\n \t<li>Entrega dos artigos (TGSI I e TGSI II) para a banca:\u00a0<em>at\u00e9 26\/06\/2026<\/em><\/li>\n \t<li>Defesas do TGSI I e TGSI II\u00a0 &#8211; Apresenta\u00e7\u00f5es:\u00a0<em>de 29\/06 a 06\/07\/2026<\/em><\/li>\n \t<li>Data da formatura: <em><strong>11\/07\/2026<\/strong><\/em><\/li>\n<\/ul>\n<\/li>\n<\/ul>\n<strong>Documentos<\/strong>:\n\n<!-- \/wp:post-content --><!-- wp:list -->\n<ul>\n \t<li style=\"list-style-type: none\">\n<ul><!-- wp:list-item --><\/ul>\n<\/li>\n<\/ul>\n<ul>\n \t<li style=\"list-style-type: none\">\n<ul>\n \t<li><a href=\"https:\/\/www.ufsm.br\/app\/uploads\/sites\/333\/2023\/10\/ModeloArtigo.docx\">Modelo Artigo<\/a><\/li>\n \t<li><a href=\"https:\/\/www.ufsm.br\/app\/uploads\/sites\/333\/2023\/10\/ModeloPropostaTGSI-1.doc\">Modelo Proposta<\/a><\/li>\n \t<li><a href=\"https:\/\/www.ufsm.br\/app\/uploads\/sites\/333\/2023\/10\/NormasTGSI.pdf\">Normas do TGSI<\/a><\/li>\n \t<li><a href=\"https:\/\/repositorio.ufsm.br\/handle\/1\/24203\">MDT &#8211; Manual de Disserta\u00e7\u00f5es e Teses da UFSM: Estrutura e Apresenta\u00e7\u00e3o Documental para Trabalhos Acad\u00eamicos<\/a><\/li>\n \t<li>Banca:\n<ul>\n \t<li><a href=\"https:\/\/www.ufsm.br\/app\/uploads\/sites\/333\/2023\/11\/FormularioAvaliacaoTGSI.docx\">Formul\u00e1rio de Avalia\u00e7\u00e3o<\/a><\/li>\n \t<li><a href=\"https:\/\/www.ufsm.br\/app\/uploads\/sites\/333\/2023\/11\/Ata_TGSI.docx\">Ata<\/a><\/li>\n<\/ul>\n<\/li>\n<\/ul>\n<\/li>\n<\/ul>\n<!-- \/wp:list-item --><!-- wp:list-item -->\n<ul>\n \t<li style=\"list-style-type: none\"><\/li>\n<\/ul>\n<!-- \/wp:list-item -->\n\n<!-- \/wp:list -->","protected":false},"excerpt":{"rendered":"<p>Cronograma 2026\/1 TGSI I e II Entrega dos artigos (TGSI I e TGSI II) para os orientadores revisarem ( Modelo Artigo):\u00a0at\u00e9 24\/06\/2026 Entrega dos artigos (TGSI I e TGSI II) para a banca:\u00a0at\u00e9 26\/06\/2026 Defesas do TGSI I e TGSI II\u00a0 &#8211; Apresenta\u00e7\u00f5es:\u00a0de 29\/06 a 06\/07\/2026 Data da formatura: 11\/07\/2026 Documentos: Modelo Artigo Modelo Proposta [&hellip;]<\/p>\n","protected":false},"author":5533,"featured_media":0,"parent":0,"menu_order":0,"comment_status":"closed","ping_status":"closed","template":"","meta":{"footnotes":""},"categories":[],"tags":[],"class_list":["post-418","page","type-page","status-publish","hentry"],"acf":[],"_links":{"self":[{"href":"https:\/\/www.ufsm.br\/cursos\/graduacao\/frederico-westphalen\/sistemas-de-informacao\/wp-json\/wp\/v2\/pages\/418","targetHints":{"allow":["GET"]}}],"collection":[{"href":"https:\/\/www.ufsm.br\/cursos\/graduacao\/frederico-westphalen\/sistemas-de-informacao\/wp-json\/wp\/v2\/pages"}],"about":[{"href":"https:\/\/www.ufsm.br\/cursos\/graduacao\/frederico-westphalen\/sistemas-de-informacao\/wp-json\/wp\/v2\/types\/page"}],"author":[{"embeddable":true,"href":"https:\/\/www.ufsm.br\/cursos\/graduacao\/frederico-westphalen\/sistemas-de-informacao\/wp-json\/wp\/v2\/users\/5533"}],"replies":[{"embeddable":true,"href":"https:\/\/www.ufsm.br\/cursos\/graduacao\/frederico-westphalen\/sistemas-de-informacao\/wp-json\/wp\/v2\/comments?post=418"}],"version-history":[{"count":0,"href":"https:\/\/www.ufsm.br\/cursos\/graduacao\/frederico-westphalen\/sistemas-de-informacao\/wp-json\/wp\/v2\/pages\/418\/revisions"}],"wp:attachment":[{"href":"https:\/\/www.ufsm.br\/cursos\/graduacao\/frederico-westphalen\/sistemas-de-informacao\/wp-json\/wp\/v2\/media?parent=418"}],"wp:term":[{"taxonomy":"category","embeddable":true,"href":"https:\/\/www.ufsm.br\/cursos\/graduacao\/frederico-westphalen\/sistemas-de-informacao\/wp-json\/wp\/v2\/categories?post=418"},{"taxonomy":"post_tag","embeddable":true,"href":"https:\/\/www.ufsm.br\/cursos\/graduacao\/frederico-westphalen\/sistemas-de-informacao\/wp-json\/wp\/v2\/tags?post=418"}],"curies":[{"name":"wp","href":"https:\/\/api.w.org\/{rel}","templated":true}]}}