{"id":194,"date":"2018-11-26T08:01:47","date_gmt":"2018-11-26T10:01:47","guid":{"rendered":"https:\/\/www.ufsm.br\/cursos\/graduacao\/palmeira-das-missoes\/administracao\/?page_id=194"},"modified":"2026-03-18T15:29:50","modified_gmt":"2026-03-18T18:29:50","slug":"documentos-secretaria","status":"publish","type":"page","link":"https:\/\/www.ufsm.br\/cursos\/graduacao\/palmeira-das-missoes\/administracao\/documentos-secretaria","title":{"rendered":"Informa\u00e7\u00f5es do Curso"},"content":{"rendered":"\n<p><img fetchpriority=\"high\" decoding=\"async\" class=\"wp-image-937 alignright\" src=\"https:\/\/www.ufsm.br\/app\/uploads\/sites\/215\/2024\/03\/adm-logo-what-is-1-300x226.jpg\" alt=\"\" width=\"398\" height=\"300\" srcset=\"https:\/\/www.ufsm.br\/app\/uploads\/sites\/215\/2024\/03\/adm-logo-what-is-1-300x226.jpg 300w, https:\/\/www.ufsm.br\/app\/uploads\/sites\/215\/2024\/03\/adm-logo-what-is-1-1024x772.jpg 1024w, https:\/\/www.ufsm.br\/app\/uploads\/sites\/215\/2024\/03\/adm-logo-what-is-1-768x579.jpg 768w, https:\/\/www.ufsm.br\/app\/uploads\/sites\/215\/2024\/03\/adm-logo-what-is-1.jpg 1080w\" sizes=\"(max-width: 398px) 100vw, 398px\" \/>Voc\u00ea conhece o significado e a origem do nosso s\u00edmbolo?<\/p>\n<p>Em 1979, o Conselho Federal de Administra\u00e7\u00e3o promoveu um concurso nacional para a cria\u00e7\u00e3o de um s\u00edmbolo que representasse a profiss\u00e3o. Na ocasi\u00e3o, especialistas da \u00e1rea de design, artes e personalidades ligadas aos Conselhos Regionais de Administra\u00e7\u00e3o foram convocados para compor um corpo de jurados respons\u00e1vel por eleger o melhor s\u00edmbolo.<\/p>\n<p>O concurso recebeu no total 309 artes gr\u00e1ficas. O s\u00edmbolo escolhido foi desenvolvido pelo grupo Oficina de Cria\u00e7\u00e3o, de Curitiba, Paran\u00e1.<\/p>\n<ul>\n<li>Segundo os criadores do s\u00edmbolo, o quadrado foi o ponto de partida para a concep\u00e7\u00e3o do s\u00edmbolo da administra\u00e7\u00e3o.<\/li>\n<li>Flechas laterais (apontadas para o exterior) indicam os caminhos, metas e objetivos almejados pelos profissionais da \u00e1rea de administra\u00e7\u00e3o.<\/li>\n<li>Flechas internas (apontam para o centro) representam algumas caracter\u00edsticas essenciais para os profissionais da \u00e1rea de administra\u00e7\u00e3o, como a organiza\u00e7\u00e3o, planejamento e a coordena\u00e7\u00e3o, a fim de atingir as metas representadas pelas flechas laterais.<\/li>\n<li>A cor escolhida para representar o curso \u00e9 o azul escuro. Esta tonalidade representa a criatividade, a riqueza e a sabedoria. \u00c9 perfeita para representar administradores, j\u00e1 que trabalham com atividades relacionadas ao racioc\u00ednio, an\u00e1lise e cria\u00e7\u00e3o.<\/li>\n<\/ul>\n","protected":false},"excerpt":{"rendered":"<p>Voc\u00ea conhece o significado e a origem do nosso s\u00edmbolo? Em 1979, o Conselho Federal de Administra\u00e7\u00e3o promoveu um concurso nacional para a cria\u00e7\u00e3o de um s\u00edmbolo que representasse a profiss\u00e3o. Na ocasi\u00e3o, especialistas da \u00e1rea de design, artes e personalidades ligadas aos Conselhos Regionais de Administra\u00e7\u00e3o foram convocados para compor um corpo de jurados [&hellip;]<\/p>\n","protected":false},"author":201,"featured_media":0,"parent":0,"menu_order":0,"comment_status":"closed","ping_status":"closed","template":"","meta":{"footnotes":""},"categories":[],"tags":[],"class_list":["post-194","page","type-page","status-publish","hentry"],"acf":[],"_links":{"self":[{"href":"https:\/\/www.ufsm.br\/cursos\/graduacao\/palmeira-das-missoes\/administracao\/wp-json\/wp\/v2\/pages\/194","targetHints":{"allow":["GET"]}}],"collection":[{"href":"https:\/\/www.ufsm.br\/cursos\/graduacao\/palmeira-das-missoes\/administracao\/wp-json\/wp\/v2\/pages"}],"about":[{"href":"https:\/\/www.ufsm.br\/cursos\/graduacao\/palmeira-das-missoes\/administracao\/wp-json\/wp\/v2\/types\/page"}],"author":[{"embeddable":true,"href":"https:\/\/www.ufsm.br\/cursos\/graduacao\/palmeira-das-missoes\/administracao\/wp-json\/wp\/v2\/users\/201"}],"replies":[{"embeddable":true,"href":"https:\/\/www.ufsm.br\/cursos\/graduacao\/palmeira-das-missoes\/administracao\/wp-json\/wp\/v2\/comments?post=194"}],"version-history":[{"count":0,"href":"https:\/\/www.ufsm.br\/cursos\/graduacao\/palmeira-das-missoes\/administracao\/wp-json\/wp\/v2\/pages\/194\/revisions"}],"wp:attachment":[{"href":"https:\/\/www.ufsm.br\/cursos\/graduacao\/palmeira-das-missoes\/administracao\/wp-json\/wp\/v2\/media?parent=194"}],"wp:term":[{"taxonomy":"category","embeddable":true,"href":"https:\/\/www.ufsm.br\/cursos\/graduacao\/palmeira-das-missoes\/administracao\/wp-json\/wp\/v2\/categories?post=194"},{"taxonomy":"post_tag","embeddable":true,"href":"https:\/\/www.ufsm.br\/cursos\/graduacao\/palmeira-das-missoes\/administracao\/wp-json\/wp\/v2\/tags?post=194"}],"curies":[{"name":"wp","href":"https:\/\/api.w.org\/{rel}","templated":true}]}}