{"id":222,"date":"2018-11-28T10:33:13","date_gmt":"2018-11-28T12:33:13","guid":{"rendered":"https:\/\/www.ufsm.br\/cursos\/graduacao\/palmeira-das-missoes\/administracao\/?page_id=222"},"modified":"2024-05-24T09:58:50","modified_gmt":"2024-05-24T12:58:50","slug":"diretorio-academico","status":"publish","type":"page","link":"https:\/\/www.ufsm.br\/cursos\/graduacao\/palmeira-das-missoes\/administracao\/diretorio-academico","title":{"rendered":"Diret\u00f3rio Acad\u00eamico"},"content":{"rendered":"\n<p>O Diret\u00f3rio Acad\u00eamico (DA) \u00e9 o \u00f3rg\u00e3o discente de representa\u00e7\u00e3o dos alunos perante as diversas inst\u00e2ncias da Universidade e mesmo fora dela. <\/p>\n\n\n\n<p>O objetivo do DA, dentre outros, \u00e9 promover uma maior intera\u00e7\u00e3o entre os alunos do curso; promover atividades de cunho social, pol\u00edtico, art\u00edstico, esportivo, voltadas ao aprimoramento intelectual e social al\u00e9m de lutar pela eleva\u00e7\u00e3o do n\u00edvel de ensino e pela constru\u00e7\u00e3o de uma escola humana e democr\u00e1tica.<\/p>\n\n\n\n<p>O DA <strong>&#8220;DA EM A\u00c7\u00c3O&#8221;<\/strong> \u00e9 formado pelos seguintes discentes:<\/p>\n\n\n\n<p><strong>Presid\u00eancia<\/strong><br>Presidente &#8211; Eduarda Fraz\u00e3o Brizola&nbsp;<br>Vice-Presidente &#8211; Gabriela De Souza Lima<\/p>\n\n\n\n<p><strong>Tesouraria<\/strong><br>1\u00ba Tesoureiro(a) &#8211; Pedro Henrique Silveira<br>2\u00ba Tesoureiro(a) &#8211; Maria Eduarda Meneghetti Orlandi&nbsp;<\/p>\n\n\n\n<p><strong>Secretaria Geral<\/strong><br>1\u00ba Secret\u00e1rio(a) &#8211; Bruna Aparecida Soares<br>2\u00ba Secret\u00e1rio(a) &#8211; Gabriel Martins Ferrari<\/p>\n\n\n\n<p><strong>Secretaria de Assuntos Estudantis<\/strong><br>1\u00ba Secret\u00e1rio(a) &#8211; Francesco Dartora Mazocco&nbsp;<br>2\u00ba Secret\u00e1rio(a) &#8211; Evelyn Menegazzo Frois<\/p>\n\n\n\n<p><strong>Secretaria de Eventos<\/strong><br>Secret\u00e1rio(a) &#8211; Elizama Brizola<br>Secret\u00e1rio(a) &#8211; Jo\u00e3o Victor Pereira da Silva<\/p>\n\n\n\n<p><strong>Secretaria de Comunica\u00e7\u00e3o<br><\/strong>Secret\u00e1rio(a) &#8211; Bianca Rohde de Oliveira<\/p>\n\n\n\n<figure class=\"wp-block-image size-full\"><img fetchpriority=\"high\" decoding=\"async\" width=\"846\" height=\"356\" src=\"https:\/\/www.ufsm.br\/app\/uploads\/sites\/215\/2024\/05\/1000252671.jpg\" alt=\"\" class=\"wp-image-963\" srcset=\"https:\/\/www.ufsm.br\/app\/uploads\/sites\/215\/2024\/05\/1000252671.jpg 846w, https:\/\/www.ufsm.br\/app\/uploads\/sites\/215\/2024\/05\/1000252671-300x126.jpg 300w, https:\/\/www.ufsm.br\/app\/uploads\/sites\/215\/2024\/05\/1000252671-768x323.jpg 768w\" sizes=\"(max-width: 846px) 100vw, 846px\" \/><\/figure>\n\n\n\n<p>E-mail de contato: daadmufsmpm@gmail.com<\/p>\n\n\n\n<p>Acompanhe as a\u00e7\u00f5es da equipe pelo Instagram:&nbsp;@daadmufsmpm<\/p>\n\n\n\n<ul class=\"wp-block-social-links has-visible-labels is-style-pill-shape is-layout-flex wp-block-social-links-is-layout-flex\"><li class=\"wp-social-link wp-social-link-instagram  wp-block-social-link\"><a rel=\"noopener nofollow\" target=\"_blank\" href=\"https:\/\/www.instagram.com\/daadmufsmpm\/\" class=\"wp-block-social-link-anchor\"><svg width=\"24\" height=\"24\" viewBox=\"0 0 24 24\" version=\"1.1\" xmlns=\"http:\/\/www.w3.org\/2000\/svg\" aria-hidden=\"true\" focusable=\"false\"><path d=\"M12,4.622c2.403,0,2.688,0.009,3.637,0.052c0.877,0.04,1.354,0.187,1.671,0.31c0.42,0.163,0.72,0.358,1.035,0.673 c0.315,0.315,0.51,0.615,0.673,1.035c0.123,0.317,0.27,0.794,0.31,1.671c0.043,0.949,0.052,1.234,0.052,3.637 s-0.009,2.688-0.052,3.637c-0.04,0.877-0.187,1.354-0.31,1.671c-0.163,0.42-0.358,0.72-0.673,1.035 c-0.315,0.315-0.615,0.51-1.035,0.673c-0.317,0.123-0.794,0.27-1.671,0.31c-0.949,0.043-1.233,0.052-3.637,0.052 s-2.688-0.009-3.637-0.052c-0.877-0.04-1.354-0.187-1.671-0.31c-0.42-0.163-0.72-0.358-1.035-0.673 c-0.315-0.315-0.51-0.615-0.673-1.035c-0.123-0.317-0.27-0.794-0.31-1.671C4.631,14.688,4.622,14.403,4.622,12 s0.009-2.688,0.052-3.637c0.04-0.877,0.187-1.354,0.31-1.671c0.163-0.42,0.358-0.72,0.673-1.035 c0.315-0.315,0.615-0.51,1.035-0.673c0.317-0.123,0.794-0.27,1.671-0.31C9.312,4.631,9.597,4.622,12,4.622 M12,3 C9.556,3,9.249,3.01,8.289,3.054C7.331,3.098,6.677,3.25,6.105,3.472C5.513,3.702,5.011,4.01,4.511,4.511 c-0.5,0.5-0.808,1.002-1.038,1.594C3.25,6.677,3.098,7.331,3.054,8.289C3.01,9.249,3,9.556,3,12c0,2.444,0.01,2.751,0.054,3.711 c0.044,0.958,0.196,1.612,0.418,2.185c0.23,0.592,0.538,1.094,1.038,1.594c0.5,0.5,1.002,0.808,1.594,1.038 c0.572,0.222,1.227,0.375,2.185,0.418C9.249,20.99,9.556,21,12,21s2.751-0.01,3.711-0.054c0.958-0.044,1.612-0.196,2.185-0.418 c0.592-0.23,1.094-0.538,1.594-1.038c0.5-0.5,0.808-1.002,1.038-1.594c0.222-0.572,0.375-1.227,0.418-2.185 C20.99,14.751,21,14.444,21,12s-0.01-2.751-0.054-3.711c-0.044-0.958-0.196-1.612-0.418-2.185c-0.23-0.592-0.538-1.094-1.038-1.594 c-0.5-0.5-1.002-0.808-1.594-1.038c-0.572-0.222-1.227-0.375-2.185-0.418C14.751,3.01,14.444,3,12,3L12,3z M12,7.378 c-2.552,0-4.622,2.069-4.622,4.622S9.448,16.622,12,16.622s4.622-2.069,4.622-4.622S14.552,7.378,12,7.378z M12,15 c-1.657,0-3-1.343-3-3s1.343-3,3-3s3,1.343,3,3S13.657,15,12,15z M16.804,6.116c-0.596,0-1.08,0.484-1.08,1.08 s0.484,1.08,1.08,1.08c0.596,0,1.08-0.484,1.08-1.08S17.401,6.116,16.804,6.116z\"><\/path><\/svg><span class=\"wp-block-social-link-label\">Instagram<\/span><\/a><\/li><\/ul>\n","protected":false},"excerpt":{"rendered":"<p>O Diret\u00f3rio Acad\u00eamico (DA) \u00e9 o \u00f3rg\u00e3o discente de representa\u00e7\u00e3o dos alunos perante as diversas inst\u00e2ncias da Universidade e mesmo fora dela. O objetivo do DA, dentre outros, \u00e9 promover uma maior intera\u00e7\u00e3o entre os alunos do curso; promover atividades de cunho social, pol\u00edtico, art\u00edstico, esportivo, voltadas ao aprimoramento intelectual e social al\u00e9m de lutar [&hellip;]<\/p>\n","protected":false},"author":194,"featured_media":0,"parent":0,"menu_order":0,"comment_status":"closed","ping_status":"closed","template":"","meta":{"footnotes":""},"categories":[],"tags":[],"class_list":["post-222","page","type-page","status-publish","hentry"],"acf":[],"_links":{"self":[{"href":"https:\/\/www.ufsm.br\/cursos\/graduacao\/palmeira-das-missoes\/administracao\/wp-json\/wp\/v2\/pages\/222","targetHints":{"allow":["GET"]}}],"collection":[{"href":"https:\/\/www.ufsm.br\/cursos\/graduacao\/palmeira-das-missoes\/administracao\/wp-json\/wp\/v2\/pages"}],"about":[{"href":"https:\/\/www.ufsm.br\/cursos\/graduacao\/palmeira-das-missoes\/administracao\/wp-json\/wp\/v2\/types\/page"}],"author":[{"embeddable":true,"href":"https:\/\/www.ufsm.br\/cursos\/graduacao\/palmeira-das-missoes\/administracao\/wp-json\/wp\/v2\/users\/194"}],"replies":[{"embeddable":true,"href":"https:\/\/www.ufsm.br\/cursos\/graduacao\/palmeira-das-missoes\/administracao\/wp-json\/wp\/v2\/comments?post=222"}],"version-history":[{"count":0,"href":"https:\/\/www.ufsm.br\/cursos\/graduacao\/palmeira-das-missoes\/administracao\/wp-json\/wp\/v2\/pages\/222\/revisions"}],"wp:attachment":[{"href":"https:\/\/www.ufsm.br\/cursos\/graduacao\/palmeira-das-missoes\/administracao\/wp-json\/wp\/v2\/media?parent=222"}],"wp:term":[{"taxonomy":"category","embeddable":true,"href":"https:\/\/www.ufsm.br\/cursos\/graduacao\/palmeira-das-missoes\/administracao\/wp-json\/wp\/v2\/categories?post=222"},{"taxonomy":"post_tag","embeddable":true,"href":"https:\/\/www.ufsm.br\/cursos\/graduacao\/palmeira-das-missoes\/administracao\/wp-json\/wp\/v2\/tags?post=222"}],"curies":[{"name":"wp","href":"https:\/\/api.w.org\/{rel}","templated":true}]}}