{"id":223,"date":"2018-11-28T10:34:13","date_gmt":"2018-11-28T12:34:13","guid":{"rendered":"https:\/\/www.ufsm.br\/cursos\/graduacao\/palmeira-das-missoes\/administracao\/?page_id=223"},"modified":"2023-07-27T08:35:40","modified_gmt":"2023-07-27T11:35:40","slug":"contato","status":"publish","type":"page","link":"https:\/\/www.ufsm.br\/cursos\/graduacao\/palmeira-das-missoes\/administracao\/contato","title":{"rendered":"Contato"},"content":{"rendered":"<ul>\n<li>Secretaria dos Cursos<\/li>\n<\/ul>\n<p class=\"p1\">\u00a0 \u00a0 \u00a0 \u00a0 \u00a0 \u00a0(55) 3742-8820<\/p>\n<p>\u00a0 \u00a0 \u00a0 \u00a0 \u00a0 \u00a0email: <a href=\"mailto:secpm@ufsm.br\">secpm@ufsm.br<\/a><\/p>\n<ul>\n<li>Coordena\u00e7\u00e3o do Curso de Administra\u00e7\u00e3o Diurno<\/li>\n<\/ul>\n<p class=\"p1\">\u00a0 \u00a0 \u00a0 \u00a0 \u00a0 \u00a0Profa. Gabriela Cappellari (titular) \/ Profa. Greici Sarturi (substituta)<\/p>\n<p class=\"p1\">\u00a0 \u00a0 \u00a0 \u00a0 \u00a0 \u00a0(55) 3742-8821 \u00a0 \u00a0 \u00a0 \u00a0 Sala 104-B<\/p>\n<p class=\"p3\"><span class=\"s1\">\u00a0 \u00a0 \u00a0 \u00a0 \u00a0 \u00a0email:\u00a0<a href=\"mailto:admdiurnopm@gmail.com\">admdiurnopm@ufsm.br<\/a><\/span><\/p>\n<p class=\"p2\">\n<ul>\n<li>Coordena\u00e7\u00e3o do Curso de Administra\u00e7\u00e3o Noturno<\/li>\n<\/ul>\n<p class=\"p1\">\u00a0\u00a0\u00a0\u00a0\u00a0\u00a0\u00a0\u00a0\u00a0\u00a0\u00a0 Profa. Dion\u00e9ia Dalcin\u00a0 (titular) \/ Prof. Luis Carlos Zucatto (substituto)<\/p>\n<p class=\"p1\">\u00a0 \u00a0 \u00a0 \u00a0 \u00a0 \u00a0(55) 3742-8821 \u00a0 \u00a0 \u00a0 \u00a0 Sala 104-B<\/p>\n<p class=\"p3\"><span class=\"s1\">\u00a0 \u00a0 \u00a0 \u00a0 \u00a0 \u00a0email:\u00a0<span class=\"s2\"><a href=\"mailto:admnoturnopm@ufsm.br\">admnoturnopm@ufsm.br<\/a>\u00a0<a href=\"mailto:cursoadmcesnors@gmail.com\">\u00a0<\/a><\/span><\/span><\/p>\n<p class=\"p3\">\n<ul>\n<li>Coordena\u00e7\u00e3o de Est\u00e1gios<\/li>\n<\/ul>\n<p class=\"p1\">\u00a0 \u00a0 \u00a0 \u00a0 \u00a0<span class=\"s1\">\u00a0 email:\u00a0\u00a0<a href=\"mailto:estagiosadmpm@gmail.com\">estagiosadmpm@gmail.com<\/a><\/span><\/p>\n<ul>\n<li>Professores do Departamento de Administra\u00e7\u00e3o<\/li>\n<\/ul>\n<div dir=\"ltr\">Adriano Lago &#8211; adrianolago@yahoo.com.br<\/div>\n<div dir=\"ltr\">Ana Elizabeth Moiseichyk &#8211; anamoiseichyk@hotmail.com<br \/>\nAnt\u00f4nio Joreci Flores &#8211; flores.antonio@ufsm.br<br \/>\nBianca Bigolin Liszbinski &#8211; bianca.bigolin@ufsm.br<br \/>\nClaudio Eduardo Ramos Camfield &#8211; claudio.camfield@ufsm.br<br \/>\nCristiane Moreira &#8211; crisrmoreira@hotmail.com<br \/>\nDion\u00e9ia Dalcin &#8211; dioneia.dalcin@ufsm.br<br \/>\nGabriela Cappelari &#8211; gabriela.cappellari@ufsm.br<br \/>\nGilberto Martins Santos &#8211; professorgilberto@ufsm.br<br \/>\nGreici Sarturi &#8211; greici.sarturi@ufsm.br<br \/>\nJos\u00e9 De Pietro Neto &#8211; jpietron@gmail.com<\/div>\n<div dir=\"ltr\">Leonardo Minelli &#8211; minelli.leonardo@ufsm.br<\/div>\n<div dir=\"ltr\">Luis Carlos Zucatto &#8211; luis.zucatto@ufsm.br<br \/>\nNelson Guilherme Machado Pinto &#8211; nelson.pinto@ufsm.br<br \/>\nPaloma De Mattos Fagundes &#8211; palomattos@gmail.com<br \/>\nS\u00edlvia Patr\u00edcia Cavalheiro de Andrade &#8211; silviapcandrade@yahoo.com.br<\/div>\n<div dir=\"ltr\">Taise F\u00e1tima Mattei &#8211; taise.mattei@ufsm.br<\/div>\n<div dir=\"ltr\">Tiago Zardin Patias &#8211; tiago.patias@ufsm.br<\/div>\n<div dir=\"ltr\">Vanessa Faoro &#8211; vanessa.faoro@ufsm.br<br \/>\nVania Beatriz Rey Paz &#8211; vaniareypaz@gmail.com<\/div>\n","protected":false},"excerpt":{"rendered":"<p>Secretaria dos Cursos \u00a0 \u00a0 \u00a0 \u00a0 \u00a0 \u00a0(55) 3742-8820 \u00a0 \u00a0 \u00a0 \u00a0 \u00a0 \u00a0email: secpm@ufsm.br Coordena\u00e7\u00e3o do Curso de Administra\u00e7\u00e3o Diurno \u00a0 \u00a0 \u00a0 \u00a0 \u00a0 \u00a0Profa. Gabriela Cappellari (titular) \/ Profa. Greici Sarturi (substituta) \u00a0 \u00a0 \u00a0 \u00a0 \u00a0 \u00a0(55) 3742-8821 \u00a0 \u00a0 \u00a0 \u00a0 Sala 104-B \u00a0 \u00a0 \u00a0 \u00a0 \u00a0 [&hellip;]<\/p>\n","protected":false},"author":194,"featured_media":0,"parent":0,"menu_order":0,"comment_status":"closed","ping_status":"closed","template":"","meta":{"footnotes":""},"categories":[],"tags":[],"class_list":["post-223","page","type-page","status-publish","hentry"],"acf":[],"_links":{"self":[{"href":"https:\/\/www.ufsm.br\/cursos\/graduacao\/palmeira-das-missoes\/administracao\/wp-json\/wp\/v2\/pages\/223","targetHints":{"allow":["GET"]}}],"collection":[{"href":"https:\/\/www.ufsm.br\/cursos\/graduacao\/palmeira-das-missoes\/administracao\/wp-json\/wp\/v2\/pages"}],"about":[{"href":"https:\/\/www.ufsm.br\/cursos\/graduacao\/palmeira-das-missoes\/administracao\/wp-json\/wp\/v2\/types\/page"}],"author":[{"embeddable":true,"href":"https:\/\/www.ufsm.br\/cursos\/graduacao\/palmeira-das-missoes\/administracao\/wp-json\/wp\/v2\/users\/194"}],"replies":[{"embeddable":true,"href":"https:\/\/www.ufsm.br\/cursos\/graduacao\/palmeira-das-missoes\/administracao\/wp-json\/wp\/v2\/comments?post=223"}],"version-history":[{"count":0,"href":"https:\/\/www.ufsm.br\/cursos\/graduacao\/palmeira-das-missoes\/administracao\/wp-json\/wp\/v2\/pages\/223\/revisions"}],"wp:attachment":[{"href":"https:\/\/www.ufsm.br\/cursos\/graduacao\/palmeira-das-missoes\/administracao\/wp-json\/wp\/v2\/media?parent=223"}],"wp:term":[{"taxonomy":"category","embeddable":true,"href":"https:\/\/www.ufsm.br\/cursos\/graduacao\/palmeira-das-missoes\/administracao\/wp-json\/wp\/v2\/categories?post=223"},{"taxonomy":"post_tag","embeddable":true,"href":"https:\/\/www.ufsm.br\/cursos\/graduacao\/palmeira-das-missoes\/administracao\/wp-json\/wp\/v2\/tags?post=223"}],"curies":[{"name":"wp","href":"https:\/\/api.w.org\/{rel}","templated":true}]}}