{"id":227,"date":"2018-11-28T10:57:00","date_gmt":"2018-11-28T12:57:00","guid":{"rendered":"https:\/\/www.ufsm.br\/cursos\/graduacao\/palmeira-das-missoes\/administracao\/?page_id=227"},"modified":"2026-03-18T14:56:50","modified_gmt":"2026-03-18T17:56:50","slug":"estagio","status":"publish","type":"page","link":"https:\/\/www.ufsm.br\/cursos\/graduacao\/palmeira-das-missoes\/administracao\/estagio","title":{"rendered":"Est\u00e1gios"},"content":{"rendered":"<p><span style=\"background-color: #000080;color: #ffffff\"><strong>PPC 2023<\/strong><\/span><\/p>\n<p><strong>C<\/strong><strong>alend\u00e1rio de Est\u00e1gio<\/strong><\/p>\n<p><a href=\"https:\/\/www.ufsm.br\/app\/uploads\/sites\/215\/2026\/02\/Estagio-Supervisionado-em-Administracao-1.pdf\">Calend\u00e1rio de Est\u00e1gio 2026\/1 (90h)<\/a><\/p>\n<p><b>Modelo de Relat\u00f3rio de Est\u00e1gio<\/b><\/p>\n<p><a href=\"https:\/\/www.ufsm.br\/app\/uploads\/sites\/215\/2025\/05\/Relatorio-de-Estagio-Modelo.pdf\">Modelo de Relat\u00f3rio de Est\u00e1gio<\/a><\/p>\n<p><strong>Instru\u00e7\u00e3o Normativa de Est\u00e1gio<\/strong><\/p>\n<p><a href=\"https:\/\/www.ufsm.br\/app\/uploads\/sites\/215\/2023\/12\/Instrucao-Normativa-Estagio-PPC-v.2023.pdf\">Instru\u00e7\u00e3o Normativa de Est\u00e1gio<\/a><\/p>\n<p><strong>Solicita\u00e7\u00e3o de Est\u00e1gio<\/strong><\/p>\n<p><a href=\"https:\/\/ntetube.nte.ufsm.br\/v\/1759941155\">Tutorial da PROGRAD e CPD<\/a><\/p>\n<p><strong>Documentos<\/strong><\/p>\n<p><a href=\"https:\/\/www.ufsm.br\/app\/uploads\/sites\/215\/2025\/07\/ANEXO-01_-Estagio_Solicitacao-de-orientacao-2-1-3-1.docx\">ANEXO 01 &#8211; Formul\u00e1rio solicita\u00e7\u00e3o orienta\u00e7\u00e3o<\/a><\/p>\n<p><a href=\"https:\/\/www.ufsm.br\/app\/uploads\/sites\/215\/2024\/01\/ANEXO-02_-Declaracao-75-horas.docx\">ANEXO 02 &#8211; Declara\u00e7\u00e3o de entrega<\/a><\/p>\n<p><a href=\"https:\/\/www.ufsm.br\/app\/uploads\/sites\/215\/2024\/01\/ANEXO-03_-Formulario-aproveitamento-estagio-nao-obrigatorio.docx\">ANEXO 03 &#8211; Formul\u00e1rio de aproveitamento (Est\u00e1gio n\u00e3o obrigat\u00f3rio)<\/a><\/p>\n<p><a href=\"https:\/\/www.ufsm.br\/app\/uploads\/sites\/215\/2024\/01\/ANEXO-04_-Aproveitamento-experiencia-profissional.docx\">ANEXO 04 &#8211; Formul\u00e1rio solicita\u00e7\u00e3o aproveitamento carga hor\u00e1ria (experi\u00eancia profissional)<\/a><\/p>\n<p><a href=\"https:\/\/www.ufsm.br\/app\/uploads\/sites\/215\/2026\/03\/Anexo-VII.docx\">ANEXO 05 &#8211; Declara\u00e7\u00e3o de uso de Intelig\u00eancia Artificial<\/a><\/p>\n<hr \/>\n<p><span style=\"background-color: #3366ff;color: #ffffff\"><strong>OUTROS DOCUMENTOS<\/strong><\/span><\/p>\n<p><strong>Carta de apresenta\u00e7\u00e3o para empresas<\/strong><\/p>\n<p><a href=\"https:\/\/www.ufsm.br\/app\/uploads\/sites\/215\/2024\/01\/Carta_de_Apresentacao_Diurno.doc\">Carta de apresenta\u00e7\u00e3o para as empresas &#8211; Diurno<\/a><\/p>\n<p><a href=\"https:\/\/www.ufsm.br\/app\/uploads\/sites\/215\/2024\/01\/Carta_de_Apresentacao_Noturno.doc\">Carta de apresenta\u00e7\u00e3o para as empresas &#8211; Noturno<\/a><\/p>\n<p><strong>Conv\u00eanio entre UFSM e empresas:<\/strong><\/p>\n<p><a href=\"http:\/\/w3.ufsm.br\/proplan\/index.php\/em-vigencia\" target=\"_blank\" rel=\"noopener noreferrer\">Empresas conveniadas<\/a><\/p>\n<p><a href=\"https:\/\/www.ufsm.br\/app\/uploads\/sites\/215\/2022\/09\/Minuta-de-Convenio-de-Estagio.docx\">Modelo de Conv\u00eanio de Est\u00e1gio Obrigat\u00f3rio<\/a><\/p>\n<p><strong>Modelo de Termo de Compromisso de Est\u00e1gio N\u00e3o Obrigat\u00f3rio (O seguro deve ser contratado pela empresa concedente)<\/strong><\/p>\n<p><a href=\"https:\/\/www.ufsm.br\/app\/uploads\/sites\/342\/2023\/08\/TCE-Estagio_Nao_Obrigatorio_Externo_protegido_18_08_2023-Apolice.docx\">Modelo de Termo de Compromisso de Est\u00e1gio N\u00e3o Obrigat\u00f3rio<\/a><\/p>\n<p><strong>Modelo de Termo de Compromisso de Est\u00e1gio Obrigat\u00f3rio (para discentes COM e SEM v\u00ednculo empregat\u00edcio):<\/strong><\/p>\n<p><a href=\"https:\/\/www.ufsm.br\/app\/uploads\/sites\/342\/2023\/08\/TCE-Estagio_Obrigatorio_Externo_protegido_18_08_23-Apolice.docx\">Modelo de Termo de Compromisso de Est\u00e1gio Obrigat\u00f3rio<\/a><\/p>\n<hr \/>\n<p><span style=\"background-color: #3366ff;color: #ffffff\"><strong>TUTORIAIS<\/strong><\/span><\/p>\n<p><a href=\"https:\/\/www.ufsm.br\/pro-reitorias\/prograd\/code\/estagios\/tutorial-estagio-obrigatorio\/\">Tutorial 1 &#8211; processo de homologa\u00e7\u00e3o de est\u00e1gio via PEN-SIE.<\/a><\/p>\n<p><a href=\"https:\/\/www.ufsm.br\/pro-reitorias\/prograd\/code\/estagios\/tutorial-de-processos-de-estagio-para-estudantes-de-graduacao\/\">Tutorial 2 &#8211; envio e assinatura digital dos documentos via PEN-SIE<\/a><\/p>\n<p><a href=\"https:\/\/www.ufsm.br\/orgaos-suplementares\/dag\/pen\/apoio-ao-usuario\" target=\"_blank\" rel=\"noreferrer noopener\" data-type=\"URL\" data-id=\"https:\/\/www.ufsm.br\/app\/uploads\/sites\/416\/2021\/04\/Manual-usuario-externo.pdf\">Tutorial 3 &#8211; apoio ao usu\u00e1rio PEN-SIE<\/a><\/p>\n<p><span style=\"background-color: #000080;color: #ffffff\"><strong>CONTATO<\/strong><\/span><\/p>\n<p>Coordena\u00e7\u00e3o de Est\u00e1gios<\/p>\n<p>email:\u00a0\u00a0<a href=\"mailto:estagiosadmpm@gmail.com\">estagiosadmpm@gmail.com<\/a><\/p>\n\n\n<p><\/p>\n","protected":false},"excerpt":{"rendered":"<p>PPC 2023 Calend\u00e1rio de Est\u00e1gio Calend\u00e1rio de Est\u00e1gio 2026\/1 (90h) Modelo de Relat\u00f3rio de Est\u00e1gio Modelo de Relat\u00f3rio de Est\u00e1gio Instru\u00e7\u00e3o Normativa de Est\u00e1gio Instru\u00e7\u00e3o Normativa de Est\u00e1gio Solicita\u00e7\u00e3o de Est\u00e1gio Tutorial da PROGRAD e CPD Documentos ANEXO 01 &#8211; Formul\u00e1rio solicita\u00e7\u00e3o orienta\u00e7\u00e3o ANEXO 02 &#8211; Declara\u00e7\u00e3o de entrega ANEXO 03 &#8211; Formul\u00e1rio de aproveitamento [&hellip;]<\/p>\n","protected":false},"author":194,"featured_media":0,"parent":0,"menu_order":0,"comment_status":"closed","ping_status":"closed","template":"","meta":{"footnotes":""},"categories":[],"tags":[],"class_list":["post-227","page","type-page","status-publish","hentry"],"acf":[],"_links":{"self":[{"href":"https:\/\/www.ufsm.br\/cursos\/graduacao\/palmeira-das-missoes\/administracao\/wp-json\/wp\/v2\/pages\/227","targetHints":{"allow":["GET"]}}],"collection":[{"href":"https:\/\/www.ufsm.br\/cursos\/graduacao\/palmeira-das-missoes\/administracao\/wp-json\/wp\/v2\/pages"}],"about":[{"href":"https:\/\/www.ufsm.br\/cursos\/graduacao\/palmeira-das-missoes\/administracao\/wp-json\/wp\/v2\/types\/page"}],"author":[{"embeddable":true,"href":"https:\/\/www.ufsm.br\/cursos\/graduacao\/palmeira-das-missoes\/administracao\/wp-json\/wp\/v2\/users\/194"}],"replies":[{"embeddable":true,"href":"https:\/\/www.ufsm.br\/cursos\/graduacao\/palmeira-das-missoes\/administracao\/wp-json\/wp\/v2\/comments?post=227"}],"version-history":[{"count":0,"href":"https:\/\/www.ufsm.br\/cursos\/graduacao\/palmeira-das-missoes\/administracao\/wp-json\/wp\/v2\/pages\/227\/revisions"}],"wp:attachment":[{"href":"https:\/\/www.ufsm.br\/cursos\/graduacao\/palmeira-das-missoes\/administracao\/wp-json\/wp\/v2\/media?parent=227"}],"wp:term":[{"taxonomy":"category","embeddable":true,"href":"https:\/\/www.ufsm.br\/cursos\/graduacao\/palmeira-das-missoes\/administracao\/wp-json\/wp\/v2\/categories?post=227"},{"taxonomy":"post_tag","embeddable":true,"href":"https:\/\/www.ufsm.br\/cursos\/graduacao\/palmeira-das-missoes\/administracao\/wp-json\/wp\/v2\/tags?post=227"}],"curies":[{"name":"wp","href":"https:\/\/api.w.org\/{rel}","templated":true}]}}