{"id":910,"date":"2023-12-20T09:46:23","date_gmt":"2023-12-20T12:46:23","guid":{"rendered":"https:\/\/www.ufsm.br\/cursos\/graduacao\/palmeira-das-missoes\/administracao\/?page_id=910"},"modified":"2024-03-07T16:22:16","modified_gmt":"2024-03-07T19:22:16","slug":"professores","status":"publish","type":"page","link":"https:\/\/www.ufsm.br\/cursos\/graduacao\/palmeira-das-missoes\/administracao\/professores","title":{"rendered":"Professores"},"content":{"rendered":"\n<p><a href=\"https:\/\/tinyurl.com\/4c96p94\" data-type=\"link\" data-id=\"https:\/\/tinyurl.com\/4c96p94\"><strong><span style=\"background-color: #000080;color: #ffffff\">Temas de interesse docente para Orienta\u00e7\u00e3o (Est\u00e1gio e TCC) e Consultoria &#8211; clique aqui<\/span><\/strong><\/a><\/p>\n\n\n\n<p>Adriano Lago &#8211; adrianolago@yahoo.com.br<br>Ana Elizabeth Moiseichyk &#8211; anamoiseichyk@hotmail.com<br>Ant\u00f4nio Joreci Flores &#8211; flores.antonio@ufsm.br<br>Bianca Bigolin Liszbinski &#8211; bianca.bigolin@ufsm.br<br>Claudio Eduardo Ramos Camfield &#8211; claudio.camfield@ufsm.br<br>Cristiane Moreira &#8211; crisrmoreira@hotmail.com<br>Dion\u00e9ia Dalcin &#8211; dioneia.dalcin@ufsm.br<br>Gabriela Cappelari &#8211; gabriela.cappellari@ufsm.br<br>Greici Sarturi &#8211; greici.sarturi@ufsm.br<br>Jos\u00e9 De Pietro Neto &#8211; jpietron@gmail.com<br>Leonardo Minelli &#8211; minelli.leonardo@ufsm.br<br>Luis Carlos Zucatto &#8211; luis.zucatto@ufsm.br<br>Nelson Guilherme Machado Pinto &#8211; nelson.pinto@ufsm.br<br>Paloma De Mattos Fagundes &#8211; palomattos@gmail.com<br>S\u00edlvia Patr\u00edcia Cavalheiro de Andrade &#8211; silviapcandrade@yahoo.com.br<br>Taise F\u00e1tima Mattei &#8211; taise.mattei@ufsm.br<br>Tiago Zardin Patias &#8211; tiago.patias@ufsm.br<br>Vanessa Faoro &#8211; vanessa.faoro@ufsm.br<br>Vania Beatriz Rey Paz &#8211; vaniareypaz@gmail.com<\/p>\n","protected":false},"excerpt":{"rendered":"<p>Temas de interesse docente para Orienta\u00e7\u00e3o (Est\u00e1gio e TCC) e Consultoria &#8211; clique aqui Adriano Lago &#8211; adrianolago@yahoo.com.brAna Elizabeth Moiseichyk &#8211; anamoiseichyk@hotmail.comAnt\u00f4nio Joreci Flores &#8211; flores.antonio@ufsm.brBianca Bigolin Liszbinski &#8211; bianca.bigolin@ufsm.brClaudio Eduardo Ramos Camfield &#8211; claudio.camfield@ufsm.brCristiane Moreira &#8211; crisrmoreira@hotmail.comDion\u00e9ia Dalcin &#8211; dioneia.dalcin@ufsm.brGabriela Cappelari &#8211; gabriela.cappellari@ufsm.brGreici Sarturi &#8211; greici.sarturi@ufsm.brJos\u00e9 De Pietro Neto &#8211; jpietron@gmail.comLeonardo Minelli &#8211; minelli.leonardo@ufsm.brLuis [&hellip;]<\/p>\n","protected":false},"author":5780,"featured_media":0,"parent":0,"menu_order":0,"comment_status":"closed","ping_status":"closed","template":"","meta":{"footnotes":""},"categories":[],"tags":[],"class_list":["post-910","page","type-page","status-publish","hentry"],"acf":[],"_links":{"self":[{"href":"https:\/\/www.ufsm.br\/cursos\/graduacao\/palmeira-das-missoes\/administracao\/wp-json\/wp\/v2\/pages\/910","targetHints":{"allow":["GET"]}}],"collection":[{"href":"https:\/\/www.ufsm.br\/cursos\/graduacao\/palmeira-das-missoes\/administracao\/wp-json\/wp\/v2\/pages"}],"about":[{"href":"https:\/\/www.ufsm.br\/cursos\/graduacao\/palmeira-das-missoes\/administracao\/wp-json\/wp\/v2\/types\/page"}],"author":[{"embeddable":true,"href":"https:\/\/www.ufsm.br\/cursos\/graduacao\/palmeira-das-missoes\/administracao\/wp-json\/wp\/v2\/users\/5780"}],"replies":[{"embeddable":true,"href":"https:\/\/www.ufsm.br\/cursos\/graduacao\/palmeira-das-missoes\/administracao\/wp-json\/wp\/v2\/comments?post=910"}],"version-history":[{"count":0,"href":"https:\/\/www.ufsm.br\/cursos\/graduacao\/palmeira-das-missoes\/administracao\/wp-json\/wp\/v2\/pages\/910\/revisions"}],"wp:attachment":[{"href":"https:\/\/www.ufsm.br\/cursos\/graduacao\/palmeira-das-missoes\/administracao\/wp-json\/wp\/v2\/media?parent=910"}],"wp:term":[{"taxonomy":"category","embeddable":true,"href":"https:\/\/www.ufsm.br\/cursos\/graduacao\/palmeira-das-missoes\/administracao\/wp-json\/wp\/v2\/categories?post=910"},{"taxonomy":"post_tag","embeddable":true,"href":"https:\/\/www.ufsm.br\/cursos\/graduacao\/palmeira-das-missoes\/administracao\/wp-json\/wp\/v2\/tags?post=910"}],"curies":[{"name":"wp","href":"https:\/\/api.w.org\/{rel}","templated":true}]}}