{"id":924,"date":"2024-01-09T15:32:59","date_gmt":"2024-01-09T18:32:59","guid":{"rendered":"https:\/\/www.ufsm.br\/cursos\/graduacao\/palmeira-das-missoes\/administracao\/?page_id=924"},"modified":"2026-03-18T14:58:29","modified_gmt":"2026-03-18T17:58:29","slug":"tcc","status":"publish","type":"page","link":"https:\/\/www.ufsm.br\/cursos\/graduacao\/palmeira-das-missoes\/administracao\/tcc","title":{"rendered":"TCC"},"content":{"rendered":"\n<p><a href=\"https:\/\/www.ufsm.br\/app\/uploads\/sites\/215\/2025\/08\/Instrucao-Normativa-TCCs-PPC-v.2023-11_08_2025-.docx.pdf\">Instru\u00e7\u00e3o Normativa<\/a><\/p>\n<p><span style=\"background-color: #000080;color: #ffffff\"><strong>TCC I<\/strong><\/span><\/p>\n<p><a href=\"https:\/\/www.ufsm.br\/app\/uploads\/sites\/215\/2026\/02\/Calendario_TCCI_1_2026.pdf\">Calend\u00e1rio 1\/2026<\/a><\/p>\n<p><a href=\"https:\/\/www.ufsm.br\/app\/uploads\/sites\/215\/2025\/07\/ANEXO-01_-TCCI_Solicitacao-de-orientacao_v2-3-3.docx\">Solicita\u00e7\u00e3o de orienta\u00e7\u00e3o<\/a><\/p>\n<p><span style=\"background-color: #000080;color: #ffffff\"><strong>TCC II<\/strong><\/span><\/p>\n<p><a href=\"https:\/\/www.ufsm.br\/app\/uploads\/sites\/215\/2026\/02\/Calendario_TCCII_1_2026.pdf\">Calend\u00e1rio 1\/2026<\/a><\/p>\n<p><a href=\"https:\/\/www.ufsm.br\/app\/uploads\/sites\/215\/2025\/06\/Modelo_-Capa-e-Folha-de-Aprovacao.docx\">Modelo de capa e ficha de aprova\u00e7\u00e3o de TCC<\/a><\/p>\n<p><a href=\"https:\/\/www.ufsm.br\/app\/uploads\/sites\/215\/2024\/08\/Autorizacao_para_publicacao_biblioteca.doc\">Autoriza\u00e7\u00e3o para publica\u00e7\u00e3o<\/a><\/p>\n<p><a href=\"https:\/\/www.ufsm.br\/app\/uploads\/sites\/215\/2026\/03\/Anexo-VII.docx\">Declara\u00e7\u00e3o de uso de Intelig\u00eancia Artificial<\/a><\/p>\n\n\n\n<p><\/p>\n","protected":false},"excerpt":{"rendered":"<p>Instru\u00e7\u00e3o Normativa TCC I Calend\u00e1rio 1\/2026 Solicita\u00e7\u00e3o de orienta\u00e7\u00e3o TCC II Calend\u00e1rio 1\/2026 Modelo de capa e ficha de aprova\u00e7\u00e3o de TCC Autoriza\u00e7\u00e3o para publica\u00e7\u00e3o Declara\u00e7\u00e3o de uso de Intelig\u00eancia Artificial<\/p>\n","protected":false},"author":5780,"featured_media":0,"parent":0,"menu_order":0,"comment_status":"closed","ping_status":"closed","template":"","meta":{"footnotes":""},"categories":[],"tags":[],"class_list":["post-924","page","type-page","status-publish","hentry"],"acf":[],"_links":{"self":[{"href":"https:\/\/www.ufsm.br\/cursos\/graduacao\/palmeira-das-missoes\/administracao\/wp-json\/wp\/v2\/pages\/924","targetHints":{"allow":["GET"]}}],"collection":[{"href":"https:\/\/www.ufsm.br\/cursos\/graduacao\/palmeira-das-missoes\/administracao\/wp-json\/wp\/v2\/pages"}],"about":[{"href":"https:\/\/www.ufsm.br\/cursos\/graduacao\/palmeira-das-missoes\/administracao\/wp-json\/wp\/v2\/types\/page"}],"author":[{"embeddable":true,"href":"https:\/\/www.ufsm.br\/cursos\/graduacao\/palmeira-das-missoes\/administracao\/wp-json\/wp\/v2\/users\/5780"}],"replies":[{"embeddable":true,"href":"https:\/\/www.ufsm.br\/cursos\/graduacao\/palmeira-das-missoes\/administracao\/wp-json\/wp\/v2\/comments?post=924"}],"version-history":[{"count":0,"href":"https:\/\/www.ufsm.br\/cursos\/graduacao\/palmeira-das-missoes\/administracao\/wp-json\/wp\/v2\/pages\/924\/revisions"}],"wp:attachment":[{"href":"https:\/\/www.ufsm.br\/cursos\/graduacao\/palmeira-das-missoes\/administracao\/wp-json\/wp\/v2\/media?parent=924"}],"wp:term":[{"taxonomy":"category","embeddable":true,"href":"https:\/\/www.ufsm.br\/cursos\/graduacao\/palmeira-das-missoes\/administracao\/wp-json\/wp\/v2\/categories?post=924"},{"taxonomy":"post_tag","embeddable":true,"href":"https:\/\/www.ufsm.br\/cursos\/graduacao\/palmeira-das-missoes\/administracao\/wp-json\/wp\/v2\/tags?post=924"}],"curies":[{"name":"wp","href":"https:\/\/api.w.org\/{rel}","templated":true}]}}